{"id":1340,"date":"2024-11-16T11:19:26","date_gmt":"2024-11-16T10:19:26","guid":{"rendered":"https:\/\/nein-zur-bezahlkarte.de\/le-brandebourg-dit-non-a-la-carte-de-paiement\/"},"modified":"2025-04-30T07:45:13","modified_gmt":"2025-04-30T05:45:13","slug":"le-brandebourg-dit-non-a-la-carte-de-paiement","status":"publish","type":"page","link":"https:\/\/nein-zur-bezahlkarte.de\/fr\/","title":{"rendered":"Le Brandebourg et Berlin disent NON \u00e0 la carte de paiement !"},"content":{"rendered":"\n<p class=\"has-large-font-size\">En avril 2024, le gouvernement f\u00e9d\u00e9ral a d\u00e9cid\u00e9 d&rsquo;introduire la carte de paiement dans toute l&rsquo;Allemagne. Au lieu de payer par ch\u00e8que, en esp\u00e8ces ou par virement direct sur leur propre compte, les personnes en fuite sont d\u00e9sormais oblig\u00e9es de payer avec leur carte de paiement. Dans le Brandebourg, la carte de paiement a d\u00e9j\u00e0 \u00e9t\u00e9 mise en \u0153uvre dans le district de M\u00e4rkisch-Oderland. De plus en plus de comt\u00e9s et de municipalit\u00e9s pr\u00e9parent \u00e9galement l&rsquo;introduction de la carte de paiement.   <\/p>\n\n<p><\/p>\n\n<p class=\"has-large-font-size\">Avec ce site web, nous souhaitons cr\u00e9er une plateforme pour s&rsquo;<strong>informer, \u00e9changer<\/strong> et <strong>partager des informations.<\/strong> <strong><a href=\"https:\/\/nein-zur-bezahlkarte.de\/fr\/devenir-actif\/\">activement<\/a><\/strong> de devenir des acteurs.<\/p>\n\n<div style=\"height:35px\" aria-hidden=\"true\" class=\"wp-block-spacer\"><\/div>\n\n<div class=\"wp-block-columns is-layout-flex wp-container-core-columns-is-layout-87beb0d0 wp-block-columns-is-layout-flex\">\n<div class=\"wp-block-column is-style-section-1 has-accent-1-background-color has-background is-layout-flow wp-container-core-column-is-layout-a5362266 wp-block-column-is-layout-flow is-style-section-1--1\" style=\"padding-top:var(--wp--preset--spacing--30);padding-right:var(--wp--preset--spacing--30);padding-bottom:var(--wp--preset--spacing--30);padding-left:var(--wp--preset--spacing--30);flex-basis:33.33%\">\n<h2 class=\"wp-block-heading\">Devenir actif<\/h2>\n\n\n\n<p class=\"has-contrast-color has-text-color has-link-color has-large-font-size wp-elements-d1c1381e29c2a3f229662d19f2e8aea3\">Vous trouverez ici des moyens pratiques d&rsquo;agir contre la carte de paiement. <br\/><br\/><strong>\u00c9changez le cr\u00e9dit de la carte de paiement contre de l&rsquo;argent liquide<\/strong>:<\/p>\n\n\n\n<div class=\"wp-block-buttons is-layout-flex wp-block-buttons-is-layout-flex\">\n<div class=\"wp-block-button is-style-fill\"><a class=\"wp-block-button__link has-base-color has-text-color has-link-color has-large-font-size has-text-align-left has-custom-font-size wp-element-button\" href=\"https:\/\/nein-zur-bezahlkarte.de\/fr\/comment-faire\/\" style=\"border-style:none;border-width:0px;border-radius:0px;padding-top:var(--wp--preset--spacing--20);padding-right:var(--wp--preset--spacing--30);padding-bottom:var(--wp--preset--spacing--20);padding-left:var(--wp--preset--spacing--30)\">Comment faire<\/a><\/div>\n<\/div>\n<\/div>\n\n\n\n<div class=\"wp-block-column is-style-section-1 has-accent-1-background-color has-background is-layout-flow wp-container-core-column-is-layout-a5362266 wp-block-column-is-layout-flow is-style-section-1--2\" style=\"padding-top:var(--wp--preset--spacing--30);padding-right:var(--wp--preset--spacing--30);padding-bottom:var(--wp--preset--spacing--30);padding-left:var(--wp--preset--spacing--30);flex-basis:33.33%\">\n<h2 class=\"wp-block-heading\">Infos<\/h2>\n\n\n\n<p class=\"has-large-font-size\">Vous trouverez ici des informations sur la carte de paiement, le contexte juridique et une mise en perspective historique. Vous y trouverez \u00e9galement des liens utiles vers d&rsquo;autres acteurs, des articles de presse et des recherches de fond. <\/p>\n\n\n\n<div class=\"wp-block-buttons is-layout-flex wp-block-buttons-is-layout-flex\">\n<div class=\"wp-block-button\"><a class=\"wp-block-button__link has-large-font-size has-custom-font-size wp-element-button\" href=\"https:\/\/nein-zur-bezahlkarte.de\/fr\/informations-sur-la-carte-de-paiement\/\" style=\"padding-top:var(--wp--preset--spacing--20);padding-right:var(--wp--preset--spacing--30);padding-bottom:var(--wp--preset--spacing--20);padding-left:var(--wp--preset--spacing--30)\">FAQ<\/a><\/div>\n\n\n\n<div class=\"wp-block-button\"><a class=\"wp-block-button__link has-large-font-size has-text-align-left has-custom-font-size wp-element-button\" href=\"https:\/\/nein-zur-bezahlkarte.de\/fr\/informations-juridiques\/\" style=\"border-style:none;border-width:0px;padding-top:var(--wp--preset--spacing--20);padding-right:var(--wp--preset--spacing--30);padding-bottom:var(--wp--preset--spacing--20);padding-left:var(--wp--preset--spacing--30)\">Informations juridiques<\/a><\/div>\n\n\n\n<div class=\"wp-block-button\"><a class=\"wp-block-button__link has-large-font-size has-custom-font-size wp-element-button\" href=\"https:\/\/nein-zur-bezahlkarte.de\/fr\/tendances-autoritaires\/\" style=\"padding-top:var(--wp--preset--spacing--20);padding-right:var(--wp--preset--spacing--30);padding-bottom:var(--wp--preset--spacing--20);padding-left:var(--wp--preset--spacing--30)\">Historique<\/a><\/div>\n\n\n\n<div class=\"wp-block-button\"><a class=\"wp-block-button__link has-large-font-size has-custom-font-size wp-element-button\" href=\"https:\/\/nein-zur-bezahlkarte.de\/fr\/collection-de-liens\/\" style=\"padding-top:var(--wp--preset--spacing--20);padding-right:var(--wp--preset--spacing--30);padding-bottom:var(--wp--preset--spacing--20);padding-left:var(--wp--preset--spacing--30)\">Collection de liens<\/a><\/div>\n<\/div>\n<\/div>\n\n\n\n<div class=\"wp-block-column is-style-section-3 has-accent-1-background-color has-background is-layout-flow wp-container-core-column-is-layout-a5362266 wp-block-column-is-layout-flow is-style-section-3--3\" style=\"padding-top:var(--wp--preset--spacing--30);padding-right:var(--wp--preset--spacing--30);padding-bottom:var(--wp--preset--spacing--30);padding-left:var(--wp--preset--spacing--30);flex-basis:33.33%\">\n<h2 class=\"wp-block-heading\">Mise en r\u00e9seau<\/h2>\n\n\n\n<p class=\"has-large-font-size\">Ici, vous pouvez nous \u00e9crire et partager votre exp\u00e9rience de la carte de paiement sur ce site.<\/p>\n\n\n\n<div class=\"wp-block-buttons is-layout-flex wp-block-buttons-is-layout-flex\">\n<div class=\"wp-block-button\"><a class=\"wp-block-button__link has-large-font-size has-text-align-left has-custom-font-size wp-element-button\" href=\"https:\/\/nein-zur-bezahlkarte.de\/fr\/temoignages\/\" style=\"padding-top:var(--wp--preset--spacing--20);padding-right:var(--wp--preset--spacing--30);padding-bottom:var(--wp--preset--spacing--20);padding-left:var(--wp--preset--spacing--30)\">T\u00e9moignages<\/a><\/div>\n<\/div>\n<\/div>\n<\/div>\n\n<div style=\"height:35px\" aria-hidden=\"true\" class=\"wp-block-spacer\"><\/div>\n\n<p class=\"has-large-font-size\">La carte de paiement limite les personnes dans leur vie quotidienne et est discriminatoire. Elle emp\u00eache les personnes concern\u00e9es de disposer librement de leur argent et leur complique inutilement la vie. Avec l&rsquo;introduction, on mise sur une<strong> politique symbolique raciste <\/strong>. Celle-ci r\u00e9pond \u00e0 des exigences populistes de droite et va \u00e0 l&rsquo;encontre de la dignit\u00e9 humaine.   <\/p>\n\n<p><\/p>\n\n<p class=\"has-large-font-size\">Au lieu de proposer des solutions, la carte de paiement cr\u00e9e un syst\u00e8me de <strong>contr\u00f4le et de surveillance<\/strong>. C&rsquo;est pr\u00e9cis\u00e9ment ce que nous voulons \u00e9viter, avec beaucoup d&rsquo;autres, et c&rsquo;est pourquoi nous disons clairement : <strong>non \u00e0 la carte de bizutage !<\/strong> <\/p>\n\n<div class=\"wp-block-group has-global-padding is-layout-constrained wp-block-group-is-layout-constrained\">\n<p class=\"has-border-color has-accent-1-border-color has-contrast-color has-base-background-color has-text-color has-background has-link-color has-large-font-size wp-elements-1537f46e0554a5192da84a363afd3d7e\" style=\"border-width:15px;border-radius:0px\">Nous exigeons des comptes et de l&rsquo;argent liquide pour tous ! Assez d&rsquo;argent pour vivre, le d\u00e9penser pour n&rsquo;importe quoi et sans que les autorit\u00e9s n&rsquo;y aient acc\u00e8s. <br\/><br\/>Nous demandons l&rsquo;abrogation de la loi discriminatoire sur les allocations des demandeurs d&rsquo;asile et l&rsquo;\u00e9galit\u00e9 des droits sociaux pour tous !<br\/><br\/>Nous vous appelons tous \u00e0 \u00eatre solidaires les uns des autres et \u00e0 laisser la politique symbolique raciste tomber \u00e0 l&rsquo;eau. Organisez-vous pour \u00e9changer des bons d&rsquo;achat et lutter contre le syst\u00e8me de discrimination et d&rsquo;exclusion. <\/p>\n<\/div>\n\n<p><\/p>\n","protected":false},"excerpt":{"rendered":"<p>En avril 2024, le gouvernement f\u00e9d\u00e9ral a d\u00e9cid\u00e9 d&rsquo;introduire la carte de paiement dans toute l&rsquo;Allemagne. Au lieu de payer par ch\u00e8que, en esp\u00e8ces ou par virement direct sur leur propre compte, les personnes en fuite sont d\u00e9sormais oblig\u00e9es de payer avec leur carte de paiement. Dans le Brandebourg, la carte de paiement a d\u00e9j\u00e0 [&hellip;]<\/p>\n","protected":false},"author":2,"featured_media":802,"parent":0,"menu_order":0,"comment_status":"closed","ping_status":"closed","template":"","meta":{"footnotes":""},"class_list":["post-1340","page","type-page","status-publish","has-post-thumbnail","hentry"],"yoast_head":"<!-- This site is optimized with the Yoast SEO plugin v26.4 - https:\/\/yoast.com\/wordpress\/plugins\/seo\/ -->\n<title>Le Brandebourg et Berlin disent NON \u00e0 la carte de paiement ! - Wir sagen Nein zur Bezahlkarte<\/title>\n<meta name=\"description\" content=\"Au lieu de proposer des solutions, la carte de paiement cr\u00e9e un syst\u00e8me de contr\u00f4le et de surveillance. C&#039;est pr\u00e9cis\u00e9ment ce que nous voulons \u00e9viter, avec beaucoup d&#039;autres, et c&#039;est pourquoi nous disons clairement : non \u00e0 la carte de paiement dans le Brandebourg et \u00e0 Berlin ! Vous trouverez ici des faits, des \u00e9changes et des informations sur la mani\u00e8re dont vous pouvez agir.\" \/>\n<meta name=\"robots\" content=\"index, follow, max-snippet:-1, max-image-preview:large, max-video-preview:-1\" \/>\n<link rel=\"canonical\" href=\"https:\/\/nein-zur-bezahlkarte.de\/fr\/\" \/>\n<meta property=\"og:locale\" content=\"fr_FR\" \/>\n<meta property=\"og:type\" content=\"article\" \/>\n<meta property=\"og:title\" content=\"Le Brandebourg et Berlin disent NON \u00e0 la carte de paiement ! - Wir sagen Nein zur Bezahlkarte\" \/>\n<meta property=\"og:description\" content=\"Au lieu de proposer des solutions, la carte de paiement cr\u00e9e un syst\u00e8me de contr\u00f4le et de surveillance. C&#039;est pr\u00e9cis\u00e9ment ce que nous voulons \u00e9viter, avec beaucoup d&#039;autres, et c&#039;est pourquoi nous disons clairement : non \u00e0 la carte de paiement dans le Brandebourg et \u00e0 Berlin ! Vous trouverez ici des faits, des \u00e9changes et des informations sur la mani\u00e8re dont vous pouvez agir.\" \/>\n<meta property=\"og:url\" content=\"https:\/\/nein-zur-bezahlkarte.de\/fr\/\" \/>\n<meta property=\"og:site_name\" content=\"Wir sagen Nein zur Bezahlkarte\" \/>\n<meta property=\"article:modified_time\" content=\"2025-04-30T05:45:13+00:00\" \/>\n<meta property=\"og:image\" content=\"https:\/\/nein-zur-bezahlkarte.de\/wp-content\/uploads\/2024\/11\/1798384_1_detaillg2x_image_132de6ea1a23e9aa.webp\" \/>\n\t<meta property=\"og:image:width\" content=\"1920\" \/>\n\t<meta property=\"og:image:height\" content=\"1280\" \/>\n\t<meta property=\"og:image:type\" content=\"image\/webp\" \/>\n<meta name=\"twitter:card\" content=\"summary_large_image\" \/>\n<meta name=\"twitter:label1\" content=\"Dur\u00e9e de lecture estim\u00e9e\" \/>\n\t<meta name=\"twitter:data1\" content=\"2 minutes\" \/>\n<script type=\"application\/ld+json\" class=\"yoast-schema-graph\">{\"@context\":\"https:\/\/schema.org\",\"@graph\":[{\"@type\":\"WebPage\",\"@id\":\"https:\/\/nein-zur-bezahlkarte.de\/fr\/\",\"url\":\"https:\/\/nein-zur-bezahlkarte.de\/fr\/\",\"name\":\"Le Brandebourg et Berlin disent NON \u00e0 la carte de paiement ! - Wir sagen Nein zur Bezahlkarte\",\"isPartOf\":{\"@id\":\"https:\/\/nein-zur-bezahlkarte.de\/fr\/#website\"},\"primaryImageOfPage\":{\"@id\":\"https:\/\/nein-zur-bezahlkarte.de\/fr\/#primaryimage\"},\"image\":{\"@id\":\"https:\/\/nein-zur-bezahlkarte.de\/fr\/#primaryimage\"},\"thumbnailUrl\":\"https:\/\/nein-zur-bezahlkarte.de\/wp-content\/uploads\/2024\/11\/1798384_1_detaillg2x_image_132de6ea1a23e9aa.webp\",\"datePublished\":\"2024-11-16T10:19:26+00:00\",\"dateModified\":\"2025-04-30T05:45:13+00:00\",\"description\":\"Au lieu de proposer des solutions, la carte de paiement cr\u00e9e un syst\u00e8me de contr\u00f4le et de surveillance. C'est pr\u00e9cis\u00e9ment ce que nous voulons \u00e9viter, avec beaucoup d'autres, et c'est pourquoi nous disons clairement : non \u00e0 la carte de paiement dans le Brandebourg et \u00e0 Berlin ! Vous trouverez ici des faits, des \u00e9changes et des informations sur la mani\u00e8re dont vous pouvez agir.\",\"breadcrumb\":{\"@id\":\"https:\/\/nein-zur-bezahlkarte.de\/fr\/#breadcrumb\"},\"inLanguage\":\"fr-FR\",\"potentialAction\":[{\"@type\":\"ReadAction\",\"target\":[\"https:\/\/nein-zur-bezahlkarte.de\/fr\/\"]}]},{\"@type\":\"ImageObject\",\"inLanguage\":\"fr-FR\",\"@id\":\"https:\/\/nein-zur-bezahlkarte.de\/fr\/#primaryimage\",\"url\":\"https:\/\/nein-zur-bezahlkarte.de\/wp-content\/uploads\/2024\/11\/1798384_1_detaillg2x_image_132de6ea1a23e9aa.webp\",\"contentUrl\":\"https:\/\/nein-zur-bezahlkarte.de\/wp-content\/uploads\/2024\/11\/1798384_1_detaillg2x_image_132de6ea1a23e9aa.webp\",\"width\":1920,\"height\":1280},{\"@type\":\"BreadcrumbList\",\"@id\":\"https:\/\/nein-zur-bezahlkarte.de\/fr\/#breadcrumb\",\"itemListElement\":[{\"@type\":\"ListItem\",\"position\":1,\"name\":\"Startseite\",\"item\":\"https:\/\/nein-zur-bezahlkarte.de\/fr\/\"},{\"@type\":\"ListItem\",\"position\":2,\"name\":\"Le Brandebourg et Berlin disent NON \u00e0 la carte de paiement !\"}]},{\"@type\":\"WebSite\",\"@id\":\"https:\/\/nein-zur-bezahlkarte.de\/fr\/#website\",\"url\":\"https:\/\/nein-zur-bezahlkarte.de\/fr\/\",\"name\":\"Wir sagen Nein zur Bezahlkarte\",\"description\":\"Impressum\",\"publisher\":{\"@id\":\"https:\/\/nein-zur-bezahlkarte.de\/fr\/#organization\"},\"potentialAction\":[{\"@type\":\"SearchAction\",\"target\":{\"@type\":\"EntryPoint\",\"urlTemplate\":\"https:\/\/nein-zur-bezahlkarte.de\/fr\/?s={search_term_string}\"},\"query-input\":{\"@type\":\"PropertyValueSpecification\",\"valueRequired\":true,\"valueName\":\"search_term_string\"}}],\"inLanguage\":\"fr-FR\"},{\"@type\":\"Organization\",\"@id\":\"https:\/\/nein-zur-bezahlkarte.de\/fr\/#organization\",\"name\":\"Wir sagen Nein zur Bezahlkarte\",\"url\":\"https:\/\/nein-zur-bezahlkarte.de\/fr\/\",\"logo\":{\"@type\":\"ImageObject\",\"inLanguage\":\"fr-FR\",\"@id\":\"https:\/\/nein-zur-bezahlkarte.de\/fr\/#\/schema\/logo\/image\/\",\"url\":\"https:\/\/nein-zur-bezahlkarte.de\/wp-content\/uploads\/2024\/11\/BZHLKRT_Logo_Vektoren_BRNDNBRG_Gelb.png\",\"contentUrl\":\"https:\/\/nein-zur-bezahlkarte.de\/wp-content\/uploads\/2024\/11\/BZHLKRT_Logo_Vektoren_BRNDNBRG_Gelb.png\",\"width\":5000,\"height\":5000,\"caption\":\"Wir sagen Nein zur Bezahlkarte\"},\"image\":{\"@id\":\"https:\/\/nein-zur-bezahlkarte.de\/fr\/#\/schema\/logo\/image\/\"}}]}<\/script>\n<!-- \/ Yoast SEO plugin. -->","yoast_head_json":{"title":"Le Brandebourg et Berlin disent NON \u00e0 la carte de paiement ! - Wir sagen Nein zur Bezahlkarte","description":"Au lieu de proposer des solutions, la carte de paiement cr\u00e9e un syst\u00e8me de contr\u00f4le et de surveillance. C'est pr\u00e9cis\u00e9ment ce que nous voulons \u00e9viter, avec beaucoup d'autres, et c'est pourquoi nous disons clairement : non \u00e0 la carte de paiement dans le Brandebourg et \u00e0 Berlin ! Vous trouverez ici des faits, des \u00e9changes et des informations sur la mani\u00e8re dont vous pouvez agir.","robots":{"index":"index","follow":"follow","max-snippet":"max-snippet:-1","max-image-preview":"max-image-preview:large","max-video-preview":"max-video-preview:-1"},"canonical":"https:\/\/nein-zur-bezahlkarte.de\/fr\/","og_locale":"fr_FR","og_type":"article","og_title":"Le Brandebourg et Berlin disent NON \u00e0 la carte de paiement ! - Wir sagen Nein zur Bezahlkarte","og_description":"Au lieu de proposer des solutions, la carte de paiement cr\u00e9e un syst\u00e8me de contr\u00f4le et de surveillance. C'est pr\u00e9cis\u00e9ment ce que nous voulons \u00e9viter, avec beaucoup d'autres, et c'est pourquoi nous disons clairement : non \u00e0 la carte de paiement dans le Brandebourg et \u00e0 Berlin ! Vous trouverez ici des faits, des \u00e9changes et des informations sur la mani\u00e8re dont vous pouvez agir.","og_url":"https:\/\/nein-zur-bezahlkarte.de\/fr\/","og_site_name":"Wir sagen Nein zur Bezahlkarte","article_modified_time":"2025-04-30T05:45:13+00:00","og_image":[{"width":1920,"height":1280,"url":"https:\/\/nein-zur-bezahlkarte.de\/wp-content\/uploads\/2024\/11\/1798384_1_detaillg2x_image_132de6ea1a23e9aa.webp","type":"image\/webp"}],"twitter_card":"summary_large_image","twitter_misc":{"Dur\u00e9e de lecture estim\u00e9e":"2 minutes"},"schema":{"@context":"https:\/\/schema.org","@graph":[{"@type":"WebPage","@id":"https:\/\/nein-zur-bezahlkarte.de\/fr\/","url":"https:\/\/nein-zur-bezahlkarte.de\/fr\/","name":"Le Brandebourg et Berlin disent NON \u00e0 la carte de paiement ! - Wir sagen Nein zur Bezahlkarte","isPartOf":{"@id":"https:\/\/nein-zur-bezahlkarte.de\/fr\/#website"},"primaryImageOfPage":{"@id":"https:\/\/nein-zur-bezahlkarte.de\/fr\/#primaryimage"},"image":{"@id":"https:\/\/nein-zur-bezahlkarte.de\/fr\/#primaryimage"},"thumbnailUrl":"https:\/\/nein-zur-bezahlkarte.de\/wp-content\/uploads\/2024\/11\/1798384_1_detaillg2x_image_132de6ea1a23e9aa.webp","datePublished":"2024-11-16T10:19:26+00:00","dateModified":"2025-04-30T05:45:13+00:00","description":"Au lieu de proposer des solutions, la carte de paiement cr\u00e9e un syst\u00e8me de contr\u00f4le et de surveillance. C'est pr\u00e9cis\u00e9ment ce que nous voulons \u00e9viter, avec beaucoup d'autres, et c'est pourquoi nous disons clairement : non \u00e0 la carte de paiement dans le Brandebourg et \u00e0 Berlin ! Vous trouverez ici des faits, des \u00e9changes et des informations sur la mani\u00e8re dont vous pouvez agir.","breadcrumb":{"@id":"https:\/\/nein-zur-bezahlkarte.de\/fr\/#breadcrumb"},"inLanguage":"fr-FR","potentialAction":[{"@type":"ReadAction","target":["https:\/\/nein-zur-bezahlkarte.de\/fr\/"]}]},{"@type":"ImageObject","inLanguage":"fr-FR","@id":"https:\/\/nein-zur-bezahlkarte.de\/fr\/#primaryimage","url":"https:\/\/nein-zur-bezahlkarte.de\/wp-content\/uploads\/2024\/11\/1798384_1_detaillg2x_image_132de6ea1a23e9aa.webp","contentUrl":"https:\/\/nein-zur-bezahlkarte.de\/wp-content\/uploads\/2024\/11\/1798384_1_detaillg2x_image_132de6ea1a23e9aa.webp","width":1920,"height":1280},{"@type":"BreadcrumbList","@id":"https:\/\/nein-zur-bezahlkarte.de\/fr\/#breadcrumb","itemListElement":[{"@type":"ListItem","position":1,"name":"Startseite","item":"https:\/\/nein-zur-bezahlkarte.de\/fr\/"},{"@type":"ListItem","position":2,"name":"Le Brandebourg et Berlin disent NON \u00e0 la carte de paiement !"}]},{"@type":"WebSite","@id":"https:\/\/nein-zur-bezahlkarte.de\/fr\/#website","url":"https:\/\/nein-zur-bezahlkarte.de\/fr\/","name":"Wir sagen Nein zur Bezahlkarte","description":"Impressum","publisher":{"@id":"https:\/\/nein-zur-bezahlkarte.de\/fr\/#organization"},"potentialAction":[{"@type":"SearchAction","target":{"@type":"EntryPoint","urlTemplate":"https:\/\/nein-zur-bezahlkarte.de\/fr\/?s={search_term_string}"},"query-input":{"@type":"PropertyValueSpecification","valueRequired":true,"valueName":"search_term_string"}}],"inLanguage":"fr-FR"},{"@type":"Organization","@id":"https:\/\/nein-zur-bezahlkarte.de\/fr\/#organization","name":"Wir sagen Nein zur Bezahlkarte","url":"https:\/\/nein-zur-bezahlkarte.de\/fr\/","logo":{"@type":"ImageObject","inLanguage":"fr-FR","@id":"https:\/\/nein-zur-bezahlkarte.de\/fr\/#\/schema\/logo\/image\/","url":"https:\/\/nein-zur-bezahlkarte.de\/wp-content\/uploads\/2024\/11\/BZHLKRT_Logo_Vektoren_BRNDNBRG_Gelb.png","contentUrl":"https:\/\/nein-zur-bezahlkarte.de\/wp-content\/uploads\/2024\/11\/BZHLKRT_Logo_Vektoren_BRNDNBRG_Gelb.png","width":5000,"height":5000,"caption":"Wir sagen Nein zur Bezahlkarte"},"image":{"@id":"https:\/\/nein-zur-bezahlkarte.de\/fr\/#\/schema\/logo\/image\/"}}]}},"_links":{"self":[{"href":"https:\/\/nein-zur-bezahlkarte.de\/fr\/wp-json\/wp\/v2\/pages\/1340","targetHints":{"allow":["GET"]}}],"collection":[{"href":"https:\/\/nein-zur-bezahlkarte.de\/fr\/wp-json\/wp\/v2\/pages"}],"about":[{"href":"https:\/\/nein-zur-bezahlkarte.de\/fr\/wp-json\/wp\/v2\/types\/page"}],"author":[{"embeddable":true,"href":"https:\/\/nein-zur-bezahlkarte.de\/fr\/wp-json\/wp\/v2\/users\/2"}],"replies":[{"embeddable":true,"href":"https:\/\/nein-zur-bezahlkarte.de\/fr\/wp-json\/wp\/v2\/comments?post=1340"}],"version-history":[{"count":6,"href":"https:\/\/nein-zur-bezahlkarte.de\/fr\/wp-json\/wp\/v2\/pages\/1340\/revisions"}],"predecessor-version":[{"id":2935,"href":"https:\/\/nein-zur-bezahlkarte.de\/fr\/wp-json\/wp\/v2\/pages\/1340\/revisions\/2935"}],"wp:featuredmedia":[{"embeddable":true,"href":"https:\/\/nein-zur-bezahlkarte.de\/fr\/wp-json\/wp\/v2\/media\/802"}],"wp:attachment":[{"href":"https:\/\/nein-zur-bezahlkarte.de\/fr\/wp-json\/wp\/v2\/media?parent=1340"}],"curies":[{"name":"wp","href":"https:\/\/api.w.org\/{rel}","templated":true}]}}