{"id":1528,"date":"2025-02-03T18:16:47","date_gmt":"2025-02-03T17:16:47","guid":{"rendered":"https:\/\/nein-zur-bezahlkarte.de\/temoignages\/"},"modified":"2025-02-04T19:12:53","modified_gmt":"2025-02-04T18:12:53","slug":"temoignages","status":"publish","type":"page","link":"https:\/\/nein-zur-bezahlkarte.de\/fr\/temoignages\/","title":{"rendered":"T\u00e9moignages"},"content":{"rendered":"\n<p>Ici, nous publions des exp\u00e9riences avec la carte de paiement, des actions d&rsquo;\u00e9change et d&rsquo;autres luttes contre la politique symbolique raciste. Si vous souhaitez publier du texte, de la vid\u00e9o ou de l&rsquo;audio, n&rsquo;h\u00e9sitez pas \u00e0 le faire. <a href=\"https:\/\/nein-zur-bezahlkarte.de\/fr\/temoignages\/partager-son-experience\/\"><mark style=\"background-color:rgba(0, 0, 0, 0)\" class=\"has-inline-color has-accent-2-color\">ici<\/mark><\/a> Soumettez votre demande.   <\/p>\n\n<div class=\"wp-block-group is-style-default has-medium-font-size has-global-padding is-layout-constrained wp-container-core-group-is-layout-52009084 wp-block-group-is-layout-constrained\" style=\"padding-top:var(--wp--preset--spacing--40);padding-right:var(--wp--preset--spacing--40);padding-bottom:var(--wp--preset--spacing--40);padding-left:var(--wp--preset--spacing--40)\">\n<div class=\"wp-block-group has-border-color has-accent-1-border-color has-medium-font-size has-global-padding is-layout-constrained wp-container-core-group-is-layout-80fb368b wp-block-group-is-layout-constrained\" style=\"border-style:dotted;border-width:5px;padding-top:var(--wp--preset--spacing--30);padding-right:var(--wp--preset--spacing--30);padding-bottom:var(--wp--preset--spacing--30);padding-left:var(--wp--preset--spacing--30);font-style:normal;font-weight:400\">\n<p class=\"has-medium-font-size\" style=\"padding-top:0;padding-right:0;padding-bottom:0;padding-left:0;font-style:normal;font-weight:400\">\u00ab\u00a0Il y a quelques mois, j&rsquo;ai rencontr\u00e9 une personne de la r\u00e9gion de M\u00e4rkisch-Oderland qui a une carte de paiement depuis l&rsquo;ann\u00e9e derni\u00e8re. Nous nous sommes rencontr\u00e9s lors d&rsquo;un atelier et nous nous sommes ensuite donn\u00e9 rendez-vous pour \u00e9changer des bons contre de l&rsquo;argent liquide. Il est venu \u00e0 Berlin pour cela et nous nous sommes rencontr\u00e9s dans un supermarch\u00e9 Rewe. Au d\u00e9but, nous avons eu du mal \u00e0 trouver les bons d&rsquo;achat Rewe, mais ensuite, c&rsquo;est devenu tr\u00e8s facile : il a utilis\u00e9 sa carte de paiement \u00e0 la caisse pour cr\u00e9diter les bons d&rsquo;achat, 50 euros par bon, et je lui ai ensuite donn\u00e9 l&rsquo;argent liquide correspondant. Il \u00e9tait content de pouvoir payer son avocate, car le transfert vers elle n&rsquo;avait pas encore \u00e9t\u00e9 activ\u00e9. Nous nous sommes \u00e9galement rencontr\u00e9s le mois suivant. Mais entre-temps, il peut aussi \u00e9changer ses bons dans un bureau de change \u00e0 Seelow et il est content de ne pas devoir aller si loin\u00a0\u00bb.      <\/p>\n\n\n\n<p><a href=\"#\">anonyme, <\/a>3.02.25<\/p>\n<\/div>\n<\/div>\n\n<p><\/p>\n","protected":false},"excerpt":{"rendered":"<p>Ici, nous publions des exp\u00e9riences avec la carte de paiement, des actions d&rsquo;\u00e9change et d&rsquo;autres luttes contre la politique symbolique raciste. Si vous souhaitez publier du texte, de la vid\u00e9o ou de l&rsquo;audio, n&rsquo;h\u00e9sitez pas \u00e0 le faire. ici Soumettez votre demande. \u00ab\u00a0Il y a quelques mois, j&rsquo;ai rencontr\u00e9 une personne de la r\u00e9gion de [&hellip;]<\/p>\n","protected":false},"author":3,"featured_media":0,"parent":0,"menu_order":0,"comment_status":"closed","ping_status":"closed","template":"","meta":{"footnotes":""},"class_list":["post-1528","page","type-page","status-publish","hentry"],"yoast_head":"<!-- This site is optimized with the Yoast SEO plugin v26.4 - https:\/\/yoast.com\/wordpress\/plugins\/seo\/ -->\n<title>T\u00e9moignages - Wir sagen Nein zur Bezahlkarte<\/title>\n<meta name=\"robots\" content=\"index, follow, max-snippet:-1, max-image-preview:large, max-video-preview:-1\" \/>\n<link rel=\"canonical\" href=\"https:\/\/nein-zur-bezahlkarte.de\/fr\/temoignages\/\" \/>\n<meta property=\"og:locale\" content=\"fr_FR\" \/>\n<meta property=\"og:type\" content=\"article\" \/>\n<meta property=\"og:title\" content=\"T\u00e9moignages - Wir sagen Nein zur Bezahlkarte\" \/>\n<meta property=\"og:description\" content=\"Ici, nous publions des exp\u00e9riences avec la carte de paiement, des actions d&rsquo;\u00e9change et d&rsquo;autres luttes contre la politique symbolique raciste. Si vous souhaitez publier du texte, de la vid\u00e9o ou de l&rsquo;audio, n&rsquo;h\u00e9sitez pas \u00e0 le faire. ici Soumettez votre demande. \u00ab\u00a0Il y a quelques mois, j&rsquo;ai rencontr\u00e9 une personne de la r\u00e9gion de [&hellip;]\" \/>\n<meta property=\"og:url\" content=\"https:\/\/nein-zur-bezahlkarte.de\/fr\/temoignages\/\" \/>\n<meta property=\"og:site_name\" content=\"Wir sagen Nein zur Bezahlkarte\" \/>\n<meta property=\"article:modified_time\" content=\"2025-02-04T18:12:53+00:00\" \/>\n<meta name=\"twitter:card\" content=\"summary_large_image\" \/>\n<meta name=\"twitter:label1\" content=\"Dur\u00e9e de lecture estim\u00e9e\" \/>\n\t<meta name=\"twitter:data1\" content=\"1 minute\" \/>\n<script type=\"application\/ld+json\" class=\"yoast-schema-graph\">{\"@context\":\"https:\/\/schema.org\",\"@graph\":[{\"@type\":\"WebPage\",\"@id\":\"https:\/\/nein-zur-bezahlkarte.de\/fr\/temoignages\/\",\"url\":\"https:\/\/nein-zur-bezahlkarte.de\/fr\/temoignages\/\",\"name\":\"T\u00e9moignages - Wir sagen Nein zur Bezahlkarte\",\"isPartOf\":{\"@id\":\"https:\/\/nein-zur-bezahlkarte.de\/fr\/#website\"},\"datePublished\":\"2025-02-03T17:16:47+00:00\",\"dateModified\":\"2025-02-04T18:12:53+00:00\",\"breadcrumb\":{\"@id\":\"https:\/\/nein-zur-bezahlkarte.de\/fr\/temoignages\/#breadcrumb\"},\"inLanguage\":\"fr-FR\",\"potentialAction\":[{\"@type\":\"ReadAction\",\"target\":[\"https:\/\/nein-zur-bezahlkarte.de\/fr\/temoignages\/\"]}]},{\"@type\":\"BreadcrumbList\",\"@id\":\"https:\/\/nein-zur-bezahlkarte.de\/fr\/temoignages\/#breadcrumb\",\"itemListElement\":[{\"@type\":\"ListItem\",\"position\":1,\"name\":\"Startseite\",\"item\":\"https:\/\/nein-zur-bezahlkarte.de\/fr\/\"},{\"@type\":\"ListItem\",\"position\":2,\"name\":\"T\u00e9moignages\"}]},{\"@type\":\"WebSite\",\"@id\":\"https:\/\/nein-zur-bezahlkarte.de\/fr\/#website\",\"url\":\"https:\/\/nein-zur-bezahlkarte.de\/fr\/\",\"name\":\"Wir sagen Nein zur Bezahlkarte\",\"description\":\"Impressum\",\"publisher\":{\"@id\":\"https:\/\/nein-zur-bezahlkarte.de\/fr\/#organization\"},\"potentialAction\":[{\"@type\":\"SearchAction\",\"target\":{\"@type\":\"EntryPoint\",\"urlTemplate\":\"https:\/\/nein-zur-bezahlkarte.de\/fr\/?s={search_term_string}\"},\"query-input\":{\"@type\":\"PropertyValueSpecification\",\"valueRequired\":true,\"valueName\":\"search_term_string\"}}],\"inLanguage\":\"fr-FR\"},{\"@type\":\"Organization\",\"@id\":\"https:\/\/nein-zur-bezahlkarte.de\/fr\/#organization\",\"name\":\"Wir sagen Nein zur Bezahlkarte\",\"url\":\"https:\/\/nein-zur-bezahlkarte.de\/fr\/\",\"logo\":{\"@type\":\"ImageObject\",\"inLanguage\":\"fr-FR\",\"@id\":\"https:\/\/nein-zur-bezahlkarte.de\/fr\/#\/schema\/logo\/image\/\",\"url\":\"https:\/\/nein-zur-bezahlkarte.de\/wp-content\/uploads\/2024\/11\/BZHLKRT_Logo_Vektoren_BRNDNBRG_Gelb.png\",\"contentUrl\":\"https:\/\/nein-zur-bezahlkarte.de\/wp-content\/uploads\/2024\/11\/BZHLKRT_Logo_Vektoren_BRNDNBRG_Gelb.png\",\"width\":5000,\"height\":5000,\"caption\":\"Wir sagen Nein zur Bezahlkarte\"},\"image\":{\"@id\":\"https:\/\/nein-zur-bezahlkarte.de\/fr\/#\/schema\/logo\/image\/\"}}]}<\/script>\n<!-- \/ Yoast SEO plugin. -->","yoast_head_json":{"title":"T\u00e9moignages - Wir sagen Nein zur Bezahlkarte","robots":{"index":"index","follow":"follow","max-snippet":"max-snippet:-1","max-image-preview":"max-image-preview:large","max-video-preview":"max-video-preview:-1"},"canonical":"https:\/\/nein-zur-bezahlkarte.de\/fr\/temoignages\/","og_locale":"fr_FR","og_type":"article","og_title":"T\u00e9moignages - Wir sagen Nein zur Bezahlkarte","og_description":"Ici, nous publions des exp\u00e9riences avec la carte de paiement, des actions d&rsquo;\u00e9change et d&rsquo;autres luttes contre la politique symbolique raciste. Si vous souhaitez publier du texte, de la vid\u00e9o ou de l&rsquo;audio, n&rsquo;h\u00e9sitez pas \u00e0 le faire. ici Soumettez votre demande. \u00ab\u00a0Il y a quelques mois, j&rsquo;ai rencontr\u00e9 une personne de la r\u00e9gion de [&hellip;]","og_url":"https:\/\/nein-zur-bezahlkarte.de\/fr\/temoignages\/","og_site_name":"Wir sagen Nein zur Bezahlkarte","article_modified_time":"2025-02-04T18:12:53+00:00","twitter_card":"summary_large_image","twitter_misc":{"Dur\u00e9e de lecture estim\u00e9e":"1 minute"},"schema":{"@context":"https:\/\/schema.org","@graph":[{"@type":"WebPage","@id":"https:\/\/nein-zur-bezahlkarte.de\/fr\/temoignages\/","url":"https:\/\/nein-zur-bezahlkarte.de\/fr\/temoignages\/","name":"T\u00e9moignages - Wir sagen Nein zur Bezahlkarte","isPartOf":{"@id":"https:\/\/nein-zur-bezahlkarte.de\/fr\/#website"},"datePublished":"2025-02-03T17:16:47+00:00","dateModified":"2025-02-04T18:12:53+00:00","breadcrumb":{"@id":"https:\/\/nein-zur-bezahlkarte.de\/fr\/temoignages\/#breadcrumb"},"inLanguage":"fr-FR","potentialAction":[{"@type":"ReadAction","target":["https:\/\/nein-zur-bezahlkarte.de\/fr\/temoignages\/"]}]},{"@type":"BreadcrumbList","@id":"https:\/\/nein-zur-bezahlkarte.de\/fr\/temoignages\/#breadcrumb","itemListElement":[{"@type":"ListItem","position":1,"name":"Startseite","item":"https:\/\/nein-zur-bezahlkarte.de\/fr\/"},{"@type":"ListItem","position":2,"name":"T\u00e9moignages"}]},{"@type":"WebSite","@id":"https:\/\/nein-zur-bezahlkarte.de\/fr\/#website","url":"https:\/\/nein-zur-bezahlkarte.de\/fr\/","name":"Wir sagen Nein zur Bezahlkarte","description":"Impressum","publisher":{"@id":"https:\/\/nein-zur-bezahlkarte.de\/fr\/#organization"},"potentialAction":[{"@type":"SearchAction","target":{"@type":"EntryPoint","urlTemplate":"https:\/\/nein-zur-bezahlkarte.de\/fr\/?s={search_term_string}"},"query-input":{"@type":"PropertyValueSpecification","valueRequired":true,"valueName":"search_term_string"}}],"inLanguage":"fr-FR"},{"@type":"Organization","@id":"https:\/\/nein-zur-bezahlkarte.de\/fr\/#organization","name":"Wir sagen Nein zur Bezahlkarte","url":"https:\/\/nein-zur-bezahlkarte.de\/fr\/","logo":{"@type":"ImageObject","inLanguage":"fr-FR","@id":"https:\/\/nein-zur-bezahlkarte.de\/fr\/#\/schema\/logo\/image\/","url":"https:\/\/nein-zur-bezahlkarte.de\/wp-content\/uploads\/2024\/11\/BZHLKRT_Logo_Vektoren_BRNDNBRG_Gelb.png","contentUrl":"https:\/\/nein-zur-bezahlkarte.de\/wp-content\/uploads\/2024\/11\/BZHLKRT_Logo_Vektoren_BRNDNBRG_Gelb.png","width":5000,"height":5000,"caption":"Wir sagen Nein zur Bezahlkarte"},"image":{"@id":"https:\/\/nein-zur-bezahlkarte.de\/fr\/#\/schema\/logo\/image\/"}}]}},"_links":{"self":[{"href":"https:\/\/nein-zur-bezahlkarte.de\/fr\/wp-json\/wp\/v2\/pages\/1528","targetHints":{"allow":["GET"]}}],"collection":[{"href":"https:\/\/nein-zur-bezahlkarte.de\/fr\/wp-json\/wp\/v2\/pages"}],"about":[{"href":"https:\/\/nein-zur-bezahlkarte.de\/fr\/wp-json\/wp\/v2\/types\/page"}],"author":[{"embeddable":true,"href":"https:\/\/nein-zur-bezahlkarte.de\/fr\/wp-json\/wp\/v2\/users\/3"}],"replies":[{"embeddable":true,"href":"https:\/\/nein-zur-bezahlkarte.de\/fr\/wp-json\/wp\/v2\/comments?post=1528"}],"version-history":[{"count":3,"href":"https:\/\/nein-zur-bezahlkarte.de\/fr\/wp-json\/wp\/v2\/pages\/1528\/revisions"}],"predecessor-version":[{"id":1790,"href":"https:\/\/nein-zur-bezahlkarte.de\/fr\/wp-json\/wp\/v2\/pages\/1528\/revisions\/1790"}],"wp:attachment":[{"href":"https:\/\/nein-zur-bezahlkarte.de\/fr\/wp-json\/wp\/v2\/media?parent=1528"}],"curies":[{"name":"wp","href":"https:\/\/api.w.org\/{rel}","templated":true}]}}