{"id":1532,"date":"2025-01-15T11:21:07","date_gmt":"2025-01-15T10:21:07","guid":{"rendered":"https:\/\/nein-zur-bezahlkarte.de\/devenir-actif\/"},"modified":"2025-12-16T18:45:23","modified_gmt":"2025-12-16T17:45:23","slug":"devenir-actif","status":"publish","type":"page","link":"https:\/\/nein-zur-bezahlkarte.de\/fr\/devenir-actif\/","title":{"rendered":"Devenir actif"},"content":{"rendered":"\n<p>Il existe de nombreuses raisons de s&rsquo;opposer \u00e0 la carte de paiement. Mais il existe aussi diff\u00e9rentes mani\u00e8res de s&rsquo;y opposer et d&rsquo;agir. <\/p>\n\n<div class=\"wp-block-group has-accent-1-background-color has-background is-layout-flow wp-block-group-is-layout-flow\" style=\"padding-top:var(--wp--preset--spacing--30);padding-right:var(--wp--preset--spacing--30);padding-bottom:var(--wp--preset--spacing--30);padding-left:var(--wp--preset--spacing--30)\">\n<h3 class=\"wp-block-heading has-x-large-font-size\"><strong>\u00c9changes<\/strong><\/h3>\n\n\n\n<p class=\"has-large-font-size\"><a href=\"https:\/\/nein-zur-bezahlkarte.de\/fr\/comment-faire\/\">Vous trouverez toutes les informations sur l&rsquo;\u00e9change de bons ici<\/a>.<\/p>\n\n\n\n<p>Pour agir ensemble, il est important d&rsquo;\u00e9changer et de collaborer avec d&rsquo;autres. Organisez-vous avec vos amis*, votre famille, vos voisins ou d&rsquo;autres militants pour lutter contre la carte de paiement et la supprimer. <\/p>\n<\/div>\n\n<h3 class=\"wp-block-heading has-x-large-font-size\" style=\"padding-top:0;padding-right:0;padding-bottom:0;padding-left:0\"><strong>Campagne de dons<\/strong><\/h3>\n\n<p><\/p>\n\n<details class=\"wp-block-details is-layout-flow wp-block-details-is-layout-flow\"><summary>Avec votre don, vous nous permettez d&rsquo;organiser des manifestations, d&rsquo;imprimer du mat\u00e9riel d&rsquo;information et de soutenir directement les personnes concern\u00e9es. Chaque contribution compte ! Vous trouverez toutes les informations sur la campagne ici <a href=\"https:\/\/www.goodcrowd.org\/nein-zur-bezahlkarte-berlin-oder-brandenburg92\">: https:\/\/www.goodcrowd.org\/nein-zur-bezahlkarte-berlin-oder-brandenburg92<\/a>    <\/summary>\n<figure class=\"wp-block-image size-large\"><a href=\"https:\/\/www.goodcrowd.org\/nein-zur-bezahlkarte-berlin-oder-brandenburg92\"><img loading=\"lazy\" decoding=\"async\" width=\"1024\" height=\"699\" src=\"https:\/\/nein-zur-bezahlkarte.de\/wp-content\/uploads\/2025\/06\/image-1024x699.png\" alt=\"\" class=\"wp-image-3235\" srcset=\"https:\/\/nein-zur-bezahlkarte.de\/wp-content\/uploads\/2025\/06\/image-1024x699.png 1024w, https:\/\/nein-zur-bezahlkarte.de\/wp-content\/uploads\/2025\/06\/image-300x205.png 300w, https:\/\/nein-zur-bezahlkarte.de\/wp-content\/uploads\/2025\/06\/image-768x524.png 768w, https:\/\/nein-zur-bezahlkarte.de\/wp-content\/uploads\/2025\/06\/image-1536x1049.png 1536w, https:\/\/nein-zur-bezahlkarte.de\/wp-content\/uploads\/2025\/06\/image-2048x1398.png 2048w\" sizes=\"auto, (max-width: 1024px) 100vw, 1024px\" \/><\/a><\/figure>\n<\/details>\n\n<h3 class=\"wp-block-heading is-style-default has-x-large-font-size\" style=\"border-style:none;border-width:0px;border-radius:0px;padding-top:0;padding-right:0;padding-bottom:0;padding-left:0\"><strong>Actions en justice contre la carte de paiement<\/strong><\/h3>\n\n<p>Pour en <a href=\"https:\/\/nein-zur-bezahlkarte.de\/fr\/actions-en-justice-contre-la-carte-de-paiement\/\">savoir plus, cliquez ici.<\/a><\/p>\n\n<h3 class=\"wp-block-heading is-style-default has-x-large-font-size\" style=\"padding-top:0;padding-right:0;padding-bottom:0;padding-left:0\"><strong>Rendre les critiques publiques<\/strong><\/h3>\n\n<p>Une grande partie de la protestation concerne les relations publiques. Partagez vos exp\u00e9riences et vos critiques sur la carte de paiement : <\/p>\n\n<ul class=\"wp-block-list\">\n<li><strong><a href=\"https:\/\/nein-zur-bezahlkarte.de\/fr\/temoignages\/partager-son-experience\/\">T\u00e9moignages<\/a><\/strong>Vous pouvez partager vos exp\u00e9riences sur notre site web et les soumettre ici.<\/li>\n\n\n\n<li><strong>Prenez position contre le discours raciste<\/strong>: parlez des probl\u00e8mes li\u00e9s \u00e0 la carte de paiement - contr\u00f4le, discrimination, d\u00e9responsabilisation - et expliquez pourquoi cela fait partie d&rsquo;une politique raciste. Utilisez notre outil de v\u00e9rification des faits (lien suivant) pour r\u00e9futer les faux arguments. <\/li>\n<\/ul>\n\n<p>Si vous avez du mal \u00e0 d\u00e9fendre votre opinion dans les conversations, entra\u00eenez-vous au pr\u00e9alable avec des amis* ou suivez un <a href=\"https:\/\/www.aufstehen-gegen-rassismus.de\/kampagne\/stammtischkaempferinnen\/\">s\u00e9minaire de combattants de la table des habitu\u00e9s<\/a>.<\/p>\n\n<h3 class=\"wp-block-heading has-x-large-font-size\" style=\"padding-top:0;padding-right:0;padding-bottom:0;padding-left:0\"><strong>Faire pression sur les politiques<\/strong><\/h3>\n\n<p>La pression politique est \u00e9galement importante. Il y a d\u00e9j\u00e0 des villes et des comt\u00e9s qui s&rsquo;opposent \u00e0 la carte de paiement, par exemple Potsdam, mais aussi d&rsquo;autres communes du territoire f\u00e9d\u00e9ral. <\/p>\n\n<ul class=\"wp-block-list\">\n<li><strong>P\u00e9titions<\/strong><strong>:<\/strong> Signez et partagez les p\u00e9titions en cours contre la carte de paiement. Vous pouvez \u00e9galement lancer vous-m\u00eame une p\u00e9tition s&rsquo;il n&rsquo;y en a pas (encore) dans votre r\u00e9gion. <\/li>\n\n\n\n<li><strong>Les manifestations :<\/strong> Informez-vous sur les actions de protestation et allez-y ensemble. Rassemblez-vous, contactez des groupes d\u00e9j\u00e0 actifs et organisez vous-m\u00eame une manifestation, un rassemblement ou une autre action \u00e0 forte visibilit\u00e9. <\/li>\n\n\n\n<li><strong>\u00c9crivez<\/strong> (par exemple par e-mail)<strong> aux politiciens<\/strong> de votre r\u00e9gion ou parlez-leur. Demandez-leur de prendre position et de s&rsquo;opposer \u00e0 la carte de paiement. <\/li>\n<\/ul>\n\n<h3 class=\"wp-block-heading has-x-large-font-size\" style=\"padding-top:0;padding-right:0;padding-bottom:0;padding-left:0\"><strong>d&rsquo;autres questions ?  <\/strong><\/h3>\n\n<p>Vous trouverez <a href=\"https:\/\/nein-zur-bezahlkarte.de\/fr\/foire-aux-questions\/\">ici<\/a> les r\u00e9ponses \u00e0 certaines des questions les plus fr\u00e9quemment pos\u00e9es. <\/p>\n","protected":false},"excerpt":{"rendered":"<p>Il existe de nombreuses raisons de s&rsquo;opposer \u00e0 la carte de paiement. Mais il existe aussi diff\u00e9rentes mani\u00e8res de s&rsquo;y opposer et d&rsquo;agir. \u00c9changes Vous trouverez toutes les informations sur l&rsquo;\u00e9change de bons ici. Pour agir ensemble, il est important d&rsquo;\u00e9changer et de collaborer avec d&rsquo;autres. Organisez-vous avec vos amis*, votre famille, vos voisins ou [&hellip;]<\/p>\n","protected":false},"author":4,"featured_media":0,"parent":0,"menu_order":0,"comment_status":"closed","ping_status":"closed","template":"","meta":{"footnotes":""},"class_list":["post-1532","page","type-page","status-publish","hentry"],"yoast_head":"<!-- This site is optimized with the Yoast SEO plugin v26.4 - https:\/\/yoast.com\/wordpress\/plugins\/seo\/ -->\n<title>Devenir actif - Wir sagen Nein zur Bezahlkarte<\/title>\n<meta name=\"robots\" content=\"index, follow, max-snippet:-1, max-image-preview:large, max-video-preview:-1\" \/>\n<link rel=\"canonical\" href=\"https:\/\/nein-zur-bezahlkarte.de\/fr\/devenir-actif\/\" \/>\n<meta property=\"og:locale\" content=\"fr_FR\" \/>\n<meta property=\"og:type\" content=\"article\" \/>\n<meta property=\"og:title\" content=\"Devenir actif - Wir sagen Nein zur Bezahlkarte\" \/>\n<meta property=\"og:description\" content=\"Il existe de nombreuses raisons de s&rsquo;opposer \u00e0 la carte de paiement. Mais il existe aussi diff\u00e9rentes mani\u00e8res de s&rsquo;y opposer et d&rsquo;agir. \u00c9changes Vous trouverez toutes les informations sur l&rsquo;\u00e9change de bons ici. Pour agir ensemble, il est important d&rsquo;\u00e9changer et de collaborer avec d&rsquo;autres. Organisez-vous avec vos amis*, votre famille, vos voisins ou [&hellip;]\" \/>\n<meta property=\"og:url\" content=\"https:\/\/nein-zur-bezahlkarte.de\/fr\/devenir-actif\/\" \/>\n<meta property=\"og:site_name\" content=\"Wir sagen Nein zur Bezahlkarte\" \/>\n<meta property=\"article:modified_time\" content=\"2025-12-16T17:45:23+00:00\" \/>\n<meta property=\"og:image\" content=\"https:\/\/nein-zur-bezahlkarte.de\/wp-content\/uploads\/2025\/06\/image-scaled.png\" \/>\n\t<meta property=\"og:image:width\" content=\"2560\" \/>\n\t<meta property=\"og:image:height\" content=\"1748\" \/>\n\t<meta property=\"og:image:type\" content=\"image\/png\" \/>\n<meta name=\"twitter:card\" content=\"summary_large_image\" \/>\n<meta name=\"twitter:label1\" content=\"Dur\u00e9e de lecture estim\u00e9e\" \/>\n\t<meta name=\"twitter:data1\" content=\"2 minutes\" \/>\n<script type=\"application\/ld+json\" class=\"yoast-schema-graph\">{\"@context\":\"https:\/\/schema.org\",\"@graph\":[{\"@type\":\"WebPage\",\"@id\":\"https:\/\/nein-zur-bezahlkarte.de\/fr\/devenir-actif\/\",\"url\":\"https:\/\/nein-zur-bezahlkarte.de\/fr\/devenir-actif\/\",\"name\":\"Devenir actif - Wir sagen Nein zur Bezahlkarte\",\"isPartOf\":{\"@id\":\"https:\/\/nein-zur-bezahlkarte.de\/fr\/#website\"},\"primaryImageOfPage\":{\"@id\":\"https:\/\/nein-zur-bezahlkarte.de\/fr\/devenir-actif\/#primaryimage\"},\"image\":{\"@id\":\"https:\/\/nein-zur-bezahlkarte.de\/fr\/devenir-actif\/#primaryimage\"},\"thumbnailUrl\":\"https:\/\/nein-zur-bezahlkarte.de\/wp-content\/uploads\/2025\/06\/image-1024x699.png\",\"datePublished\":\"2025-01-15T10:21:07+00:00\",\"dateModified\":\"2025-12-16T17:45:23+00:00\",\"breadcrumb\":{\"@id\":\"https:\/\/nein-zur-bezahlkarte.de\/fr\/devenir-actif\/#breadcrumb\"},\"inLanguage\":\"fr-FR\",\"potentialAction\":[{\"@type\":\"ReadAction\",\"target\":[\"https:\/\/nein-zur-bezahlkarte.de\/fr\/devenir-actif\/\"]}]},{\"@type\":\"ImageObject\",\"inLanguage\":\"fr-FR\",\"@id\":\"https:\/\/nein-zur-bezahlkarte.de\/fr\/devenir-actif\/#primaryimage\",\"url\":\"https:\/\/nein-zur-bezahlkarte.de\/wp-content\/uploads\/2025\/06\/image-1024x699.png\",\"contentUrl\":\"https:\/\/nein-zur-bezahlkarte.de\/wp-content\/uploads\/2025\/06\/image-1024x699.png\"},{\"@type\":\"BreadcrumbList\",\"@id\":\"https:\/\/nein-zur-bezahlkarte.de\/fr\/devenir-actif\/#breadcrumb\",\"itemListElement\":[{\"@type\":\"ListItem\",\"position\":1,\"name\":\"Startseite\",\"item\":\"https:\/\/nein-zur-bezahlkarte.de\/fr\/\"},{\"@type\":\"ListItem\",\"position\":2,\"name\":\"Devenir actif\"}]},{\"@type\":\"WebSite\",\"@id\":\"https:\/\/nein-zur-bezahlkarte.de\/fr\/#website\",\"url\":\"https:\/\/nein-zur-bezahlkarte.de\/fr\/\",\"name\":\"Wir sagen Nein zur Bezahlkarte\",\"description\":\"Impressum\",\"publisher\":{\"@id\":\"https:\/\/nein-zur-bezahlkarte.de\/fr\/#organization\"},\"potentialAction\":[{\"@type\":\"SearchAction\",\"target\":{\"@type\":\"EntryPoint\",\"urlTemplate\":\"https:\/\/nein-zur-bezahlkarte.de\/fr\/?s={search_term_string}\"},\"query-input\":{\"@type\":\"PropertyValueSpecification\",\"valueRequired\":true,\"valueName\":\"search_term_string\"}}],\"inLanguage\":\"fr-FR\"},{\"@type\":\"Organization\",\"@id\":\"https:\/\/nein-zur-bezahlkarte.de\/fr\/#organization\",\"name\":\"Wir sagen Nein zur Bezahlkarte\",\"url\":\"https:\/\/nein-zur-bezahlkarte.de\/fr\/\",\"logo\":{\"@type\":\"ImageObject\",\"inLanguage\":\"fr-FR\",\"@id\":\"https:\/\/nein-zur-bezahlkarte.de\/fr\/#\/schema\/logo\/image\/\",\"url\":\"https:\/\/nein-zur-bezahlkarte.de\/wp-content\/uploads\/2024\/11\/BZHLKRT_Logo_Vektoren_BRNDNBRG_Gelb.png\",\"contentUrl\":\"https:\/\/nein-zur-bezahlkarte.de\/wp-content\/uploads\/2024\/11\/BZHLKRT_Logo_Vektoren_BRNDNBRG_Gelb.png\",\"width\":5000,\"height\":5000,\"caption\":\"Wir sagen Nein zur Bezahlkarte\"},\"image\":{\"@id\":\"https:\/\/nein-zur-bezahlkarte.de\/fr\/#\/schema\/logo\/image\/\"}}]}<\/script>\n<!-- \/ Yoast SEO plugin. -->","yoast_head_json":{"title":"Devenir actif - Wir sagen Nein zur Bezahlkarte","robots":{"index":"index","follow":"follow","max-snippet":"max-snippet:-1","max-image-preview":"max-image-preview:large","max-video-preview":"max-video-preview:-1"},"canonical":"https:\/\/nein-zur-bezahlkarte.de\/fr\/devenir-actif\/","og_locale":"fr_FR","og_type":"article","og_title":"Devenir actif - Wir sagen Nein zur Bezahlkarte","og_description":"Il existe de nombreuses raisons de s&rsquo;opposer \u00e0 la carte de paiement. Mais il existe aussi diff\u00e9rentes mani\u00e8res de s&rsquo;y opposer et d&rsquo;agir. \u00c9changes Vous trouverez toutes les informations sur l&rsquo;\u00e9change de bons ici. Pour agir ensemble, il est important d&rsquo;\u00e9changer et de collaborer avec d&rsquo;autres. Organisez-vous avec vos amis*, votre famille, vos voisins ou [&hellip;]","og_url":"https:\/\/nein-zur-bezahlkarte.de\/fr\/devenir-actif\/","og_site_name":"Wir sagen Nein zur Bezahlkarte","article_modified_time":"2025-12-16T17:45:23+00:00","og_image":[{"width":2560,"height":1748,"url":"https:\/\/nein-zur-bezahlkarte.de\/wp-content\/uploads\/2025\/06\/image-scaled.png","type":"image\/png"}],"twitter_card":"summary_large_image","twitter_misc":{"Dur\u00e9e de lecture estim\u00e9e":"2 minutes"},"schema":{"@context":"https:\/\/schema.org","@graph":[{"@type":"WebPage","@id":"https:\/\/nein-zur-bezahlkarte.de\/fr\/devenir-actif\/","url":"https:\/\/nein-zur-bezahlkarte.de\/fr\/devenir-actif\/","name":"Devenir actif - Wir sagen Nein zur Bezahlkarte","isPartOf":{"@id":"https:\/\/nein-zur-bezahlkarte.de\/fr\/#website"},"primaryImageOfPage":{"@id":"https:\/\/nein-zur-bezahlkarte.de\/fr\/devenir-actif\/#primaryimage"},"image":{"@id":"https:\/\/nein-zur-bezahlkarte.de\/fr\/devenir-actif\/#primaryimage"},"thumbnailUrl":"https:\/\/nein-zur-bezahlkarte.de\/wp-content\/uploads\/2025\/06\/image-1024x699.png","datePublished":"2025-01-15T10:21:07+00:00","dateModified":"2025-12-16T17:45:23+00:00","breadcrumb":{"@id":"https:\/\/nein-zur-bezahlkarte.de\/fr\/devenir-actif\/#breadcrumb"},"inLanguage":"fr-FR","potentialAction":[{"@type":"ReadAction","target":["https:\/\/nein-zur-bezahlkarte.de\/fr\/devenir-actif\/"]}]},{"@type":"ImageObject","inLanguage":"fr-FR","@id":"https:\/\/nein-zur-bezahlkarte.de\/fr\/devenir-actif\/#primaryimage","url":"https:\/\/nein-zur-bezahlkarte.de\/wp-content\/uploads\/2025\/06\/image-1024x699.png","contentUrl":"https:\/\/nein-zur-bezahlkarte.de\/wp-content\/uploads\/2025\/06\/image-1024x699.png"},{"@type":"BreadcrumbList","@id":"https:\/\/nein-zur-bezahlkarte.de\/fr\/devenir-actif\/#breadcrumb","itemListElement":[{"@type":"ListItem","position":1,"name":"Startseite","item":"https:\/\/nein-zur-bezahlkarte.de\/fr\/"},{"@type":"ListItem","position":2,"name":"Devenir actif"}]},{"@type":"WebSite","@id":"https:\/\/nein-zur-bezahlkarte.de\/fr\/#website","url":"https:\/\/nein-zur-bezahlkarte.de\/fr\/","name":"Wir sagen Nein zur Bezahlkarte","description":"Impressum","publisher":{"@id":"https:\/\/nein-zur-bezahlkarte.de\/fr\/#organization"},"potentialAction":[{"@type":"SearchAction","target":{"@type":"EntryPoint","urlTemplate":"https:\/\/nein-zur-bezahlkarte.de\/fr\/?s={search_term_string}"},"query-input":{"@type":"PropertyValueSpecification","valueRequired":true,"valueName":"search_term_string"}}],"inLanguage":"fr-FR"},{"@type":"Organization","@id":"https:\/\/nein-zur-bezahlkarte.de\/fr\/#organization","name":"Wir sagen Nein zur Bezahlkarte","url":"https:\/\/nein-zur-bezahlkarte.de\/fr\/","logo":{"@type":"ImageObject","inLanguage":"fr-FR","@id":"https:\/\/nein-zur-bezahlkarte.de\/fr\/#\/schema\/logo\/image\/","url":"https:\/\/nein-zur-bezahlkarte.de\/wp-content\/uploads\/2024\/11\/BZHLKRT_Logo_Vektoren_BRNDNBRG_Gelb.png","contentUrl":"https:\/\/nein-zur-bezahlkarte.de\/wp-content\/uploads\/2024\/11\/BZHLKRT_Logo_Vektoren_BRNDNBRG_Gelb.png","width":5000,"height":5000,"caption":"Wir sagen Nein zur Bezahlkarte"},"image":{"@id":"https:\/\/nein-zur-bezahlkarte.de\/fr\/#\/schema\/logo\/image\/"}}]}},"_links":{"self":[{"href":"https:\/\/nein-zur-bezahlkarte.de\/fr\/wp-json\/wp\/v2\/pages\/1532","targetHints":{"allow":["GET"]}}],"collection":[{"href":"https:\/\/nein-zur-bezahlkarte.de\/fr\/wp-json\/wp\/v2\/pages"}],"about":[{"href":"https:\/\/nein-zur-bezahlkarte.de\/fr\/wp-json\/wp\/v2\/types\/page"}],"author":[{"embeddable":true,"href":"https:\/\/nein-zur-bezahlkarte.de\/fr\/wp-json\/wp\/v2\/users\/4"}],"replies":[{"embeddable":true,"href":"https:\/\/nein-zur-bezahlkarte.de\/fr\/wp-json\/wp\/v2\/comments?post=1532"}],"version-history":[{"count":9,"href":"https:\/\/nein-zur-bezahlkarte.de\/fr\/wp-json\/wp\/v2\/pages\/1532\/revisions"}],"predecessor-version":[{"id":3602,"href":"https:\/\/nein-zur-bezahlkarte.de\/fr\/wp-json\/wp\/v2\/pages\/1532\/revisions\/3602"}],"wp:attachment":[{"href":"https:\/\/nein-zur-bezahlkarte.de\/fr\/wp-json\/wp\/v2\/media?parent=1532"}],"curies":[{"name":"wp","href":"https:\/\/api.w.org\/{rel}","templated":true}]}}