{"id":1596,"date":"2024-11-22T23:35:00","date_gmt":"2024-11-22T22:35:00","guid":{"rendered":"https:\/\/nein-zur-bezahlkarte.de\/avec-carte-de-paiement\/"},"modified":"2025-04-29T19:01:57","modified_gmt":"2025-04-29T17:01:57","slug":"avec-carte-de-paiement","status":"publish","type":"page","link":"https:\/\/nein-zur-bezahlkarte.de\/fr\/avec-carte-de-paiement\/","title":{"rendered":"Avec carte de paiement"},"content":{"rendered":"\n<p><strong>Remarque : <\/strong>l&rsquo;Institut Weizenbaum est actuellement \u00e0 la recherche de personnes ayant une exp\u00e9rience en tant qu&rsquo;utilisateur de la carte de paiement pour une \u00e9tude. Les personnes int\u00e9ress\u00e9es peuvent s&rsquo;adresser directement par e-mail \u00e0 studie [\u00e4t] weizenbaum-institut.de. <\/p>\n\n<p class=\"has-x-large-font-size\"><strong>Actions de troc - de l&rsquo;argent liquide au lieu d&rsquo;une carte<\/strong><\/p>\n\n<p class=\"has-large-font-size\"><br\/>Vous avez une carte de paiement et vous avez besoin de plus d&rsquo;argent liquide ? Faisons un \u00e9change ! Il existe plusieurs fa\u00e7ons d&rsquo;\u00e9changer du cr\u00e9dit de votre carte de paiement contre de l&rsquo;argent liquide :  <\/p>\n\n<div class=\"wp-block-columns is-layout-flex wp-container-core-columns-is-layout-28f84493 wp-block-columns-is-layout-flex\">\n<div class=\"wp-block-column has-accent-1-background-color has-background is-layout-flow wp-block-column-is-layout-flow\" style=\"padding-top:var(--wp--preset--spacing--30);padding-right:var(--wp--preset--spacing--30);padding-bottom:var(--wp--preset--spacing--30);padding-left:var(--wp--preset--spacing--30)\">\n<p class=\"has-x-large-font-size\"><strong>Achats en tandem<\/strong><\/p>\n\n\n\n<p class=\"has-large-font-size\">Vous pouvez accompagner une personne sans carte de paiement au supermarch\u00e9 et payer ses achats avec votre carte de paiement. La personne sans carte de paiement vous rendra alors le montant de ses achats en esp\u00e8ces. <\/p>\n\n\n\n<figure class=\"wp-block-image size-full\"><img loading=\"lazy\" decoding=\"async\" width=\"951\" height=\"780\" src=\"https:\/\/nein-zur-bezahlkarte.de\/wp-content\/uploads\/2024\/11\/Kartentausch.png\" alt=\"Deux mains. Une main tient une carte &#xE0; puce de bon d'achat, l'autre un billet de 50 euros.&#10;Les mains se tendent la carte et le billet pour l'&#xE9;change. \" class=\"wp-image-253\" srcset=\"https:\/\/nein-zur-bezahlkarte.de\/wp-content\/uploads\/2024\/11\/Kartentausch.png 951w, https:\/\/nein-zur-bezahlkarte.de\/wp-content\/uploads\/2024\/11\/Kartentausch-300x246.png 300w, https:\/\/nein-zur-bezahlkarte.de\/wp-content\/uploads\/2024\/11\/Kartentausch-768x630.png 768w\" sizes=\"auto, (max-width: 951px) 100vw, 951px\" \/><\/figure>\n<\/div>\n\n\n\n<div class=\"wp-block-column has-accent-1-background-color has-background is-layout-flow wp-block-column-is-layout-flow\" style=\"padding-top:var(--wp--preset--spacing--30);padding-right:var(--wp--preset--spacing--30);padding-bottom:var(--wp--preset--spacing--30);padding-left:var(--wp--preset--spacing--30)\">\n<p class=\"has-x-large-font-size\"><strong><strong>\u00c9change de bons<\/strong><\/strong><\/p>\n\n\n\n<p class=\"has-large-font-size\">Dans les supermarch\u00e9s, vous pouvez acheter des bons d&rsquo;achat avec la carte de paiement. Ces bons peuvent ensuite \u00eatre \u00e9chang\u00e9s contre de l&rsquo;argent liquide par les personnes ne poss\u00e9dant pas de carte de paiement. <\/p>\n\n\n\n<p class=\"has-large-font-size\">C&rsquo;est ainsi que cela fonctionne :<\/p>\n\n\n\n<ol class=\"wp-block-list\">\n<li class=\"has-large-font-size\">Achetez un bon d&rsquo;achat de 50\u20ac dans un supermarch\u00e9. Emportez le ticket de caisse. <\/li>\n<\/ol>\n\n\n\n<figure class=\"wp-block-gallery has-nested-images columns-6 wp-block-gallery-1 is-layout-flex wp-block-gallery-is-layout-flex\" style=\"border-style:none;border-width:0px\">\n<figure class=\"wp-block-image size-full\"><img loading=\"lazy\" decoding=\"async\" width=\"2560\" height=\"1695\" data-id=\"236\" src=\"https:\/\/nein-zur-bezahlkarte.de\/wp-content\/uploads\/2024\/11\/2560px-Dm_Logo.svg_.png\" alt=\"Logo dm\" class=\"wp-image-236\" srcset=\"https:\/\/nein-zur-bezahlkarte.de\/wp-content\/uploads\/2024\/11\/2560px-Dm_Logo.svg_.png 2560w, https:\/\/nein-zur-bezahlkarte.de\/wp-content\/uploads\/2024\/11\/2560px-Dm_Logo.svg_-300x199.png 300w, https:\/\/nein-zur-bezahlkarte.de\/wp-content\/uploads\/2024\/11\/2560px-Dm_Logo.svg_-1024x678.png 1024w, https:\/\/nein-zur-bezahlkarte.de\/wp-content\/uploads\/2024\/11\/2560px-Dm_Logo.svg_-768x509.png 768w, https:\/\/nein-zur-bezahlkarte.de\/wp-content\/uploads\/2024\/11\/2560px-Dm_Logo.svg_-1536x1017.png 1536w, https:\/\/nein-zur-bezahlkarte.de\/wp-content\/uploads\/2024\/11\/2560px-Dm_Logo.svg_-2048x1356.png 2048w\" sizes=\"auto, (max-width: 2560px) 100vw, 2560px\" \/><\/figure>\n\n\n\n<figure class=\"wp-block-image size-full\"><img loading=\"lazy\" decoding=\"async\" width=\"1696\" height=\"2048\" data-id=\"235\" src=\"https:\/\/nein-zur-bezahlkarte.de\/wp-content\/uploads\/2024\/11\/Aldi_Sued_2017_logo.svg_.png\" alt=\"ALDI&#10;sud\" class=\"wp-image-235\" srcset=\"https:\/\/nein-zur-bezahlkarte.de\/wp-content\/uploads\/2024\/11\/Aldi_Sued_2017_logo.svg_.png 1696w, https:\/\/nein-zur-bezahlkarte.de\/wp-content\/uploads\/2024\/11\/Aldi_Sued_2017_logo.svg_-248x300.png 248w, https:\/\/nein-zur-bezahlkarte.de\/wp-content\/uploads\/2024\/11\/Aldi_Sued_2017_logo.svg_-848x1024.png 848w, https:\/\/nein-zur-bezahlkarte.de\/wp-content\/uploads\/2024\/11\/Aldi_Sued_2017_logo.svg_-768x927.png 768w, https:\/\/nein-zur-bezahlkarte.de\/wp-content\/uploads\/2024\/11\/Aldi_Sued_2017_logo.svg_-1272x1536.png 1272w\" sizes=\"auto, (max-width: 1696px) 100vw, 1696px\" \/><\/figure>\n\n\n\n<figure class=\"wp-block-image size-full\"><img loading=\"lazy\" decoding=\"async\" width=\"321\" height=\"157\" data-id=\"231\" src=\"https:\/\/nein-zur-bezahlkarte.de\/wp-content\/uploads\/2024\/11\/images.png\" alt=\"Alnatura\" class=\"wp-image-231\" srcset=\"https:\/\/nein-zur-bezahlkarte.de\/wp-content\/uploads\/2024\/11\/images.png 321w, https:\/\/nein-zur-bezahlkarte.de\/wp-content\/uploads\/2024\/11\/images-300x147.png 300w\" sizes=\"auto, (max-width: 321px) 100vw, 321px\" \/><\/figure>\n\n\n\n<figure class=\"wp-block-image size-full\"><img loading=\"lazy\" decoding=\"async\" width=\"2048\" height=\"2048\" data-id=\"234\" src=\"https:\/\/nein-zur-bezahlkarte.de\/wp-content\/uploads\/2024\/11\/Lidl-Logo.svg_.webp\" alt=\"LIDL\" class=\"wp-image-234\" srcset=\"https:\/\/nein-zur-bezahlkarte.de\/wp-content\/uploads\/2024\/11\/Lidl-Logo.svg_.webp 2048w, https:\/\/nein-zur-bezahlkarte.de\/wp-content\/uploads\/2024\/11\/Lidl-Logo.svg_-300x300.webp 300w, https:\/\/nein-zur-bezahlkarte.de\/wp-content\/uploads\/2024\/11\/Lidl-Logo.svg_-1024x1024.webp 1024w, https:\/\/nein-zur-bezahlkarte.de\/wp-content\/uploads\/2024\/11\/Lidl-Logo.svg_-150x150.webp 150w, https:\/\/nein-zur-bezahlkarte.de\/wp-content\/uploads\/2024\/11\/Lidl-Logo.svg_-768x768.webp 768w, https:\/\/nein-zur-bezahlkarte.de\/wp-content\/uploads\/2024\/11\/Lidl-Logo.svg_-1536x1536.webp 1536w\" sizes=\"auto, (max-width: 2048px) 100vw, 2048px\" \/><\/figure>\n\n\n\n<figure class=\"wp-block-image size-full\"><img loading=\"lazy\" decoding=\"async\" width=\"1693\" height=\"2047\" data-id=\"232\" src=\"https:\/\/nein-zur-bezahlkarte.de\/wp-content\/uploads\/2024\/11\/Logo_Edeka.svg_-1.png\" alt=\"EDEKA\" class=\"wp-image-232\" srcset=\"https:\/\/nein-zur-bezahlkarte.de\/wp-content\/uploads\/2024\/11\/Logo_Edeka.svg_-1.png 1693w, https:\/\/nein-zur-bezahlkarte.de\/wp-content\/uploads\/2024\/11\/Logo_Edeka.svg_-1-248x300.png 248w, https:\/\/nein-zur-bezahlkarte.de\/wp-content\/uploads\/2024\/11\/Logo_Edeka.svg_-1-847x1024.png 847w, https:\/\/nein-zur-bezahlkarte.de\/wp-content\/uploads\/2024\/11\/Logo_Edeka.svg_-1-768x929.png 768w, https:\/\/nein-zur-bezahlkarte.de\/wp-content\/uploads\/2024\/11\/Logo_Edeka.svg_-1-1270x1536.png 1270w\" sizes=\"auto, (max-width: 1693px) 100vw, 1693px\" \/><\/figure>\n\n\n\n<figure class=\"wp-block-image size-full\"><img loading=\"lazy\" decoding=\"async\" width=\"2560\" height=\"887\" data-id=\"233\" src=\"https:\/\/nein-zur-bezahlkarte.de\/wp-content\/uploads\/2024\/11\/Logo_REWE.svg_-1.png\" alt=\"REWE\" class=\"wp-image-233\" srcset=\"https:\/\/nein-zur-bezahlkarte.de\/wp-content\/uploads\/2024\/11\/Logo_REWE.svg_-1.png 2560w, https:\/\/nein-zur-bezahlkarte.de\/wp-content\/uploads\/2024\/11\/Logo_REWE.svg_-1-300x104.png 300w, https:\/\/nein-zur-bezahlkarte.de\/wp-content\/uploads\/2024\/11\/Logo_REWE.svg_-1-1024x355.png 1024w, https:\/\/nein-zur-bezahlkarte.de\/wp-content\/uploads\/2024\/11\/Logo_REWE.svg_-1-768x266.png 768w, https:\/\/nein-zur-bezahlkarte.de\/wp-content\/uploads\/2024\/11\/Logo_REWE.svg_-1-1536x532.png 1536w, https:\/\/nein-zur-bezahlkarte.de\/wp-content\/uploads\/2024\/11\/Logo_REWE.svg_-1-2048x710.png 2048w\" sizes=\"auto, (max-width: 2560px) 100vw, 2560px\" \/><\/figure>\n<\/figure>\n\n\n\n<ol start=\"2\" class=\"wp-block-list\">\n<li class=\"has-large-font-size\">Apportez le bon et le re\u00e7u \u00e0 un point d&rsquo;\u00e9change. Vous pourrez alors \u00e9changer la valeur du bon contre de l&rsquo;argent liquide. <\/li>\n<\/ol>\n<\/div>\n<\/div>\n\n<div class=\"wp-block-group has-base-background-color has-background has-small-font-size has-global-padding is-layout-constrained wp-container-core-group-is-layout-2e617a40 wp-block-group-is-layout-constrained\" style=\"border-style:none;border-width:0px;min-height:100vh;margin-top:0;margin-bottom:0;padding-top:var(--wp--preset--spacing--70);padding-right:var(--wp--preset--spacing--50);padding-bottom:var(--wp--preset--spacing--70);padding-left:var(--wp--preset--spacing--50)\">\n<h2 class=\"wp-block-heading alignfull has-x-large-font-size\"><strong>Lieux d&rsquo;\u00e9change dans le Brandebourg et \u00e0 Berlin :<\/strong><\/h2>\n\n\n\n<div class=\"wp-block-group alignfull has-global-padding is-layout-constrained wp-block-group-is-layout-constrained\">\n<iframe loading=\"lazy\" style=\"max-width: none;\" width=\"100%\" height=\"450px\" frameborder=\"0\" allowfullscreen=\"\" allow=\"geolocation\" src=\"\/\/umap.openstreetmap.de\/en\/map\/tauschorte-bezahlkarte_84085?scaleControl=false&#038;miniMap=false&#038;scrollWheelZoom=false&#038;zoomControl=true&#038;editMode=disabled&#038;moreControl=true&#038;searchControl=null&#038;tilelayersControl=null&#038;embedControl=null&#038;datalayersControl=true&#038;onLoadPanel=none&#038;captionBar=false&#038;captionMenus=true\"><\/iframe><p><a href=\"\/\/umap.openstreetmap.de\/de\/map\/tauschorte-brandenburgberlin_76502?scaleControl=false&#038;miniMap=false&#038;scrollWheelZoom=true&#038;zoomControl=true&#038;editMode=disabled&#038;moreControl=true&#038;searchControl=null&#038;tilelayersControl=null&#038;embedControl=null&#038;datalayersControl=true&#038;onLoadPanel=none&#038;captionBar=false&#038;captionMenus=true\">Affichage plein \u00e9cran<\/a><\/p>\n<\/div>\n<\/div>\n\n<p class=\"has-large-font-size\"><strong>Adresses\/contacts pour les lieux d&rsquo;\u00e9change :<\/strong><\/p>\n\n<figure class=\"wp-block-table is-style-stripes has-medium-font-size\" style=\"line-height:2\"><table class=\"has-fixed-layout\" style=\"border-style:none;border-width:0px\"><tbody><tr><td><strong>O\u00f9 ?<\/strong><\/td><td><strong>Quand ?<\/strong><\/td><td><strong>Qui ?<\/strong><\/td><td><strong>Derni\u00e8res infos<\/strong><\/td><\/tr><tr><td><strong>BRANDENBURG<\/strong><\/td><td><\/td><td><\/td><td><\/td><\/tr><tr><td>August-Bebel-Sr. 20a, 15344 Strausberg <\/td><td>chaque 2e mercredi du mois 16:00-18:00<\/td><td>bezahlkarte-strausberg@gmx.de<\/td><td><\/td><\/tr><tr><td>Seelow<\/td><td>13.05. 10.06. 15.07. 12.08. 09.09. 14.10. 11.11. 09.12.<\/td><td>s&rsquo;inscrire \u00e0 : tauschen@freenet.de<\/td><td><\/td><\/tr><tr><td>Schmatzkammer, <br\/>Coppistr. 3, 16227 Eberswalde <\/td><td>chaque 2e jeudi du mois \u00e0 partir de 17:00<\/td><td>nein-zur-bezahlkarte-barnim@posteo.de<\/td><td><a href=\"https:\/\/whatsapp.com\/channel\/0029Vb4LSD54CrfnKy1cfG0r\" target=\"_blank\" rel=\"noreferrer noopener\">https:\/\/whatsapp.com\/channel\/0029Vb4LSD54CrfnKy1cfG0r<\/a><\/td><\/tr><tr><td><strong>BERLIN<\/strong><\/td><td><\/td><td><\/td><td><\/td><\/tr><tr><td>Kreuzberg : <a href=\"https:\/\/osm.org\/go\/0MbE4sG3M?m=&amp;node=2520313547\">Reichenbergerstra\u00dfe 73, 10999 Berlin<\/a><\/td><td>lun-jeu 17h-24h, ven-sam 17h-02h  <\/td><td><a href=\"https:\/\/www.bistro-spumante.org\/\">Bistro Spumante<\/a> <\/td><td>Transfert de bon d&rsquo;achat uniquement<\/td><\/tr><tr><td>Kreuzberg : Lausitzerstrasse 21a, 10999 Berlin<\/td><td>Vendredi 18h-20h<\/td><td>Solicaf\u00e9 et K\u00fcfa Usine arc-en-ciel<\/td><td>\u00c9change de bons :<br\/> toujours possible<br\/><br\/>Transmission de bons :<br\/>02.05. : nombreux bons \u00e0 transmettre<\/td><\/tr><tr><td>Kreuzberg : Oranienstra\u00dfe 21, 10999 Berlin<\/td><td>Lu-Ve 12-18 h<br\/>Sa 12-16 h<\/td><td>Librairie OH21  <br\/><\/td><td>Transfert de bon d&rsquo;achat uniquement<\/td><\/tr><tr><td>Friedrichshain : Rigaerstrasse 94, 10247 Berlin<\/td><td>Mercredi de 20h \u00e0&#8230;.<\/td><td>K\u00fcfa at Kadterschmiede<br\/><\/td><td><a href=\"http:\/\/rigaer94.squat.net\/bezahlkartenborse\">http:\/\/rigaer94.squat.net\/bezahlkartenborse<\/a><\/td><\/tr><tr><td><\/td><td><\/td><td><\/td><td><\/td><\/tr><\/tbody><\/table><\/figure>\n\n<p><\/p>\n","protected":false},"excerpt":{"rendered":"<p>Remarque : l&rsquo;Institut Weizenbaum est actuellement \u00e0 la recherche de personnes ayant une exp\u00e9rience en tant qu&rsquo;utilisateur de la carte de paiement pour une \u00e9tude. Les personnes int\u00e9ress\u00e9es peuvent s&rsquo;adresser directement par e-mail \u00e0 studie [\u00e4t] weizenbaum-institut.de. Actions de troc - de l&rsquo;argent liquide au lieu d&rsquo;une carte Vous avez une carte de paiement et [&hellip;]<\/p>\n","protected":false},"author":5,"featured_media":0,"parent":0,"menu_order":0,"comment_status":"closed","ping_status":"closed","template":"","meta":{"footnotes":""},"class_list":["post-1596","page","type-page","status-publish","hentry"],"yoast_head":"<!-- This site is optimized with the Yoast SEO plugin v26.4 - https:\/\/yoast.com\/wordpress\/plugins\/seo\/ -->\n<title>Avec carte de paiement - Wir sagen Nein zur Bezahlkarte<\/title>\n<meta name=\"robots\" content=\"index, follow, max-snippet:-1, max-image-preview:large, max-video-preview:-1\" \/>\n<link rel=\"canonical\" href=\"https:\/\/nein-zur-bezahlkarte.de\/fr\/avec-carte-de-paiement\/\" \/>\n<meta property=\"og:locale\" content=\"fr_FR\" \/>\n<meta property=\"og:type\" content=\"article\" \/>\n<meta property=\"og:title\" content=\"Avec carte de paiement - Wir sagen Nein zur Bezahlkarte\" \/>\n<meta property=\"og:description\" content=\"Remarque : l&rsquo;Institut Weizenbaum est actuellement \u00e0 la recherche de personnes ayant une exp\u00e9rience en tant qu&rsquo;utilisateur de la carte de paiement pour une \u00e9tude. Les personnes int\u00e9ress\u00e9es peuvent s&rsquo;adresser directement par e-mail \u00e0 studie [\u00e4t] weizenbaum-institut.de. Actions de troc - de l&rsquo;argent liquide au lieu d&rsquo;une carte Vous avez une carte de paiement et [&hellip;]\" \/>\n<meta property=\"og:url\" content=\"https:\/\/nein-zur-bezahlkarte.de\/fr\/avec-carte-de-paiement\/\" \/>\n<meta property=\"og:site_name\" content=\"Wir sagen Nein zur Bezahlkarte\" \/>\n<meta property=\"article:modified_time\" content=\"2025-04-29T17:01:57+00:00\" \/>\n<meta property=\"og:image\" content=\"https:\/\/nein-zur-bezahlkarte.de\/wp-content\/uploads\/2024\/11\/Kartentausch.png\" \/>\n\t<meta property=\"og:image:width\" content=\"951\" \/>\n\t<meta property=\"og:image:height\" content=\"780\" \/>\n\t<meta property=\"og:image:type\" content=\"image\/png\" \/>\n<meta name=\"twitter:card\" content=\"summary_large_image\" \/>\n<meta name=\"twitter:label1\" content=\"Dur\u00e9e de lecture estim\u00e9e\" \/>\n\t<meta name=\"twitter:data1\" content=\"2 minutes\" \/>\n<script type=\"application\/ld+json\" class=\"yoast-schema-graph\">{\"@context\":\"https:\/\/schema.org\",\"@graph\":[{\"@type\":\"WebPage\",\"@id\":\"https:\/\/nein-zur-bezahlkarte.de\/fr\/avec-carte-de-paiement\/\",\"url\":\"https:\/\/nein-zur-bezahlkarte.de\/fr\/avec-carte-de-paiement\/\",\"name\":\"Avec carte de paiement - Wir sagen Nein zur Bezahlkarte\",\"isPartOf\":{\"@id\":\"https:\/\/nein-zur-bezahlkarte.de\/fr\/#website\"},\"primaryImageOfPage\":{\"@id\":\"https:\/\/nein-zur-bezahlkarte.de\/fr\/avec-carte-de-paiement\/#primaryimage\"},\"image\":{\"@id\":\"https:\/\/nein-zur-bezahlkarte.de\/fr\/avec-carte-de-paiement\/#primaryimage\"},\"thumbnailUrl\":\"https:\/\/nein-zur-bezahlkarte.de\/wp-content\/uploads\/2024\/11\/Kartentausch.png\",\"datePublished\":\"2024-11-22T22:35:00+00:00\",\"dateModified\":\"2025-04-29T17:01:57+00:00\",\"breadcrumb\":{\"@id\":\"https:\/\/nein-zur-bezahlkarte.de\/fr\/avec-carte-de-paiement\/#breadcrumb\"},\"inLanguage\":\"fr-FR\",\"potentialAction\":[{\"@type\":\"ReadAction\",\"target\":[\"https:\/\/nein-zur-bezahlkarte.de\/fr\/avec-carte-de-paiement\/\"]}]},{\"@type\":\"ImageObject\",\"inLanguage\":\"fr-FR\",\"@id\":\"https:\/\/nein-zur-bezahlkarte.de\/fr\/avec-carte-de-paiement\/#primaryimage\",\"url\":\"https:\/\/nein-zur-bezahlkarte.de\/wp-content\/uploads\/2024\/11\/Kartentausch.png\",\"contentUrl\":\"https:\/\/nein-zur-bezahlkarte.de\/wp-content\/uploads\/2024\/11\/Kartentausch.png\"},{\"@type\":\"BreadcrumbList\",\"@id\":\"https:\/\/nein-zur-bezahlkarte.de\/fr\/avec-carte-de-paiement\/#breadcrumb\",\"itemListElement\":[{\"@type\":\"ListItem\",\"position\":1,\"name\":\"Startseite\",\"item\":\"https:\/\/nein-zur-bezahlkarte.de\/fr\/\"},{\"@type\":\"ListItem\",\"position\":2,\"name\":\"Avec carte de paiement\"}]},{\"@type\":\"WebSite\",\"@id\":\"https:\/\/nein-zur-bezahlkarte.de\/fr\/#website\",\"url\":\"https:\/\/nein-zur-bezahlkarte.de\/fr\/\",\"name\":\"Wir sagen Nein zur Bezahlkarte\",\"description\":\"Impressum\",\"publisher\":{\"@id\":\"https:\/\/nein-zur-bezahlkarte.de\/fr\/#organization\"},\"potentialAction\":[{\"@type\":\"SearchAction\",\"target\":{\"@type\":\"EntryPoint\",\"urlTemplate\":\"https:\/\/nein-zur-bezahlkarte.de\/fr\/?s={search_term_string}\"},\"query-input\":{\"@type\":\"PropertyValueSpecification\",\"valueRequired\":true,\"valueName\":\"search_term_string\"}}],\"inLanguage\":\"fr-FR\"},{\"@type\":\"Organization\",\"@id\":\"https:\/\/nein-zur-bezahlkarte.de\/fr\/#organization\",\"name\":\"Wir sagen Nein zur Bezahlkarte\",\"url\":\"https:\/\/nein-zur-bezahlkarte.de\/fr\/\",\"logo\":{\"@type\":\"ImageObject\",\"inLanguage\":\"fr-FR\",\"@id\":\"https:\/\/nein-zur-bezahlkarte.de\/fr\/#\/schema\/logo\/image\/\",\"url\":\"https:\/\/nein-zur-bezahlkarte.de\/wp-content\/uploads\/2024\/11\/BZHLKRT_Logo_Vektoren_BRNDNBRG_Gelb.png\",\"contentUrl\":\"https:\/\/nein-zur-bezahlkarte.de\/wp-content\/uploads\/2024\/11\/BZHLKRT_Logo_Vektoren_BRNDNBRG_Gelb.png\",\"width\":5000,\"height\":5000,\"caption\":\"Wir sagen Nein zur Bezahlkarte\"},\"image\":{\"@id\":\"https:\/\/nein-zur-bezahlkarte.de\/fr\/#\/schema\/logo\/image\/\"}}]}<\/script>\n<!-- \/ Yoast SEO plugin. -->","yoast_head_json":{"title":"Avec carte de paiement - Wir sagen Nein zur Bezahlkarte","robots":{"index":"index","follow":"follow","max-snippet":"max-snippet:-1","max-image-preview":"max-image-preview:large","max-video-preview":"max-video-preview:-1"},"canonical":"https:\/\/nein-zur-bezahlkarte.de\/fr\/avec-carte-de-paiement\/","og_locale":"fr_FR","og_type":"article","og_title":"Avec carte de paiement - Wir sagen Nein zur Bezahlkarte","og_description":"Remarque : l&rsquo;Institut Weizenbaum est actuellement \u00e0 la recherche de personnes ayant une exp\u00e9rience en tant qu&rsquo;utilisateur de la carte de paiement pour une \u00e9tude. Les personnes int\u00e9ress\u00e9es peuvent s&rsquo;adresser directement par e-mail \u00e0 studie [\u00e4t] weizenbaum-institut.de. Actions de troc - de l&rsquo;argent liquide au lieu d&rsquo;une carte Vous avez une carte de paiement et [&hellip;]","og_url":"https:\/\/nein-zur-bezahlkarte.de\/fr\/avec-carte-de-paiement\/","og_site_name":"Wir sagen Nein zur Bezahlkarte","article_modified_time":"2025-04-29T17:01:57+00:00","og_image":[{"width":951,"height":780,"url":"https:\/\/nein-zur-bezahlkarte.de\/wp-content\/uploads\/2024\/11\/Kartentausch.png","type":"image\/png"}],"twitter_card":"summary_large_image","twitter_misc":{"Dur\u00e9e de lecture estim\u00e9e":"2 minutes"},"schema":{"@context":"https:\/\/schema.org","@graph":[{"@type":"WebPage","@id":"https:\/\/nein-zur-bezahlkarte.de\/fr\/avec-carte-de-paiement\/","url":"https:\/\/nein-zur-bezahlkarte.de\/fr\/avec-carte-de-paiement\/","name":"Avec carte de paiement - Wir sagen Nein zur Bezahlkarte","isPartOf":{"@id":"https:\/\/nein-zur-bezahlkarte.de\/fr\/#website"},"primaryImageOfPage":{"@id":"https:\/\/nein-zur-bezahlkarte.de\/fr\/avec-carte-de-paiement\/#primaryimage"},"image":{"@id":"https:\/\/nein-zur-bezahlkarte.de\/fr\/avec-carte-de-paiement\/#primaryimage"},"thumbnailUrl":"https:\/\/nein-zur-bezahlkarte.de\/wp-content\/uploads\/2024\/11\/Kartentausch.png","datePublished":"2024-11-22T22:35:00+00:00","dateModified":"2025-04-29T17:01:57+00:00","breadcrumb":{"@id":"https:\/\/nein-zur-bezahlkarte.de\/fr\/avec-carte-de-paiement\/#breadcrumb"},"inLanguage":"fr-FR","potentialAction":[{"@type":"ReadAction","target":["https:\/\/nein-zur-bezahlkarte.de\/fr\/avec-carte-de-paiement\/"]}]},{"@type":"ImageObject","inLanguage":"fr-FR","@id":"https:\/\/nein-zur-bezahlkarte.de\/fr\/avec-carte-de-paiement\/#primaryimage","url":"https:\/\/nein-zur-bezahlkarte.de\/wp-content\/uploads\/2024\/11\/Kartentausch.png","contentUrl":"https:\/\/nein-zur-bezahlkarte.de\/wp-content\/uploads\/2024\/11\/Kartentausch.png"},{"@type":"BreadcrumbList","@id":"https:\/\/nein-zur-bezahlkarte.de\/fr\/avec-carte-de-paiement\/#breadcrumb","itemListElement":[{"@type":"ListItem","position":1,"name":"Startseite","item":"https:\/\/nein-zur-bezahlkarte.de\/fr\/"},{"@type":"ListItem","position":2,"name":"Avec carte de paiement"}]},{"@type":"WebSite","@id":"https:\/\/nein-zur-bezahlkarte.de\/fr\/#website","url":"https:\/\/nein-zur-bezahlkarte.de\/fr\/","name":"Wir sagen Nein zur Bezahlkarte","description":"Impressum","publisher":{"@id":"https:\/\/nein-zur-bezahlkarte.de\/fr\/#organization"},"potentialAction":[{"@type":"SearchAction","target":{"@type":"EntryPoint","urlTemplate":"https:\/\/nein-zur-bezahlkarte.de\/fr\/?s={search_term_string}"},"query-input":{"@type":"PropertyValueSpecification","valueRequired":true,"valueName":"search_term_string"}}],"inLanguage":"fr-FR"},{"@type":"Organization","@id":"https:\/\/nein-zur-bezahlkarte.de\/fr\/#organization","name":"Wir sagen Nein zur Bezahlkarte","url":"https:\/\/nein-zur-bezahlkarte.de\/fr\/","logo":{"@type":"ImageObject","inLanguage":"fr-FR","@id":"https:\/\/nein-zur-bezahlkarte.de\/fr\/#\/schema\/logo\/image\/","url":"https:\/\/nein-zur-bezahlkarte.de\/wp-content\/uploads\/2024\/11\/BZHLKRT_Logo_Vektoren_BRNDNBRG_Gelb.png","contentUrl":"https:\/\/nein-zur-bezahlkarte.de\/wp-content\/uploads\/2024\/11\/BZHLKRT_Logo_Vektoren_BRNDNBRG_Gelb.png","width":5000,"height":5000,"caption":"Wir sagen Nein zur Bezahlkarte"},"image":{"@id":"https:\/\/nein-zur-bezahlkarte.de\/fr\/#\/schema\/logo\/image\/"}}]}},"_links":{"self":[{"href":"https:\/\/nein-zur-bezahlkarte.de\/fr\/wp-json\/wp\/v2\/pages\/1596","targetHints":{"allow":["GET"]}}],"collection":[{"href":"https:\/\/nein-zur-bezahlkarte.de\/fr\/wp-json\/wp\/v2\/pages"}],"about":[{"href":"https:\/\/nein-zur-bezahlkarte.de\/fr\/wp-json\/wp\/v2\/types\/page"}],"author":[{"embeddable":true,"href":"https:\/\/nein-zur-bezahlkarte.de\/fr\/wp-json\/wp\/v2\/users\/5"}],"replies":[{"embeddable":true,"href":"https:\/\/nein-zur-bezahlkarte.de\/fr\/wp-json\/wp\/v2\/comments?post=1596"}],"version-history":[{"count":17,"href":"https:\/\/nein-zur-bezahlkarte.de\/fr\/wp-json\/wp\/v2\/pages\/1596\/revisions"}],"predecessor-version":[{"id":2895,"href":"https:\/\/nein-zur-bezahlkarte.de\/fr\/wp-json\/wp\/v2\/pages\/1596\/revisions\/2895"}],"wp:attachment":[{"href":"https:\/\/nein-zur-bezahlkarte.de\/fr\/wp-json\/wp\/v2\/media?parent=1596"}],"curies":[{"name":"wp","href":"https:\/\/api.w.org\/{rel}","templated":true}]}}