{"id":1606,"date":"2024-11-22T23:40:36","date_gmt":"2024-11-22T22:40:36","guid":{"rendered":"https:\/\/nein-zur-bezahlkarte.de\/foire-aux-questions\/"},"modified":"2025-02-04T09:39:19","modified_gmt":"2025-02-04T08:39:19","slug":"foire-aux-questions","status":"publish","type":"page","link":"https:\/\/nein-zur-bezahlkarte.de\/fr\/foire-aux-questions\/","title":{"rendered":"Foire aux questions"},"content":{"rendered":"\n<h2 class=\"wp-block-heading\">Pour tous<\/h2>\n\n<details class=\"wp-block-details has-border-color has-accent-1-border-color has-base-background-color has-background has-large-font-size is-layout-flow wp-container-core-details-is-layout-5ee245bb wp-block-details-is-layout-flow\" style=\"border-style:solid;border-width:4px;padding-top:var(--wp--preset--spacing--30);padding-right:var(--wp--preset--spacing--40);padding-bottom:var(--wp--preset--spacing--30);padding-left:var(--wp--preset--spacing--40);line-height:1.5\"><summary><strong>Les \u00e9changes sont-ils l\u00e9gaux ?<\/strong><\/summary>\n<p>Oui, elles sont l\u00e9gales !<br\/>Il n&rsquo;existe \u00e0 ce jour aucune jurisprudence interdisant les collectes de fonds d\u00e9crites.<br\/>A Munich, tant de personnes ont pos\u00e9 cette question \u00e0 la police que le parquet a \u00e9t\u00e9 contraint de s&rsquo;exprimer \u00e0 ce sujet : Ce n&rsquo;est pas souhait\u00e9, mais c&rsquo;est l\u00e9gal, et il n&rsquo;y a rien \u00e0 faire \u00e0 ce sujet.<br\/>La radio bavaroise a <a href=\"https:\/\/www.br.de\/nachrichten\/bayern\/buendnis-umgeht-bargeldlimit-bei-bezahlkarte-fuer-gefluechtete,UImJph1\">fait un reportage<\/a> \u00e0 ce sujet le 23.07.24. La <a href=\"https:\/\/x.com\/PolizeiMuenchen\/status\/1812782804259737929\">police de Munich<\/a> s&rsquo;est \u00e9galement exprim\u00e9e \u00e0 ce sujet.<br\/>De m\u00eame, la demande actuelle de la CSU de criminaliser le troc n&rsquo;est rien de plus que du populisme. Une avocate a d\u00e9clar\u00e9 dans une <a href=\"https:\/\/www.nd-aktuell.de\/artikel\/1187082.asylpolitik-csu-moechte-bezahlkarten-tausch-verbieten.html\">interview accord\u00e9e<\/a> au <em>\u00ab\u00a0neue deutschland\u00a0\u00bb<\/em> le 26\/11\/24 que l'(\u00e9change) n&rsquo;est pas p\u00e9nalement r\u00e9pr\u00e9hensible ou ne peut \u00eatre sanctionn\u00e9 d&rsquo;une autre mani\u00e8re.  <\/p>\n<\/details>\n\n<details class=\"wp-block-details has-border-color has-accent-1-border-color has-base-background-color has-background has-large-font-size is-layout-flow wp-container-core-details-is-layout-5ee245bb wp-block-details-is-layout-flow\" style=\"border-style:solid;border-width:4px;padding-top:var(--wp--preset--spacing--30);padding-right:var(--wp--preset--spacing--40);padding-bottom:var(--wp--preset--spacing--30);padding-left:var(--wp--preset--spacing--40);line-height:1.5\"><summary><strong>Que sont ces bons ?  <\/strong><\/summary>\n<p>Il s&rsquo;agit g\u00e9n\u00e9ralement de cartes en plastique accroch\u00e9es \u00e0 la caisse. Vous pouvez charger un certain montant sur ces cartes \u00e0 la caisse. Nous vous recommandons de ne pas charger plus de 50 euros sur une carte, car cela facilite l&rsquo;\u00e9change.<br\/>Apr\u00e8s l&rsquo;\u00e9change, vous pouvez payer normalement avec ces cartes dans le magasin d&rsquo;o\u00f9 elles proviennent.  <\/p>\n<\/details>\n\n<details class=\"wp-block-details has-border-color has-accent-1-border-color has-base-background-color has-background has-large-font-size is-layout-flow wp-container-core-details-is-layout-5ee245bb wp-block-details-is-layout-flow\" style=\"border-style:solid;border-width:4px;padding-top:var(--wp--preset--spacing--30);padding-right:var(--wp--preset--spacing--40);padding-bottom:var(--wp--preset--spacing--30);padding-left:var(--wp--preset--spacing--40);line-height:1.5\"><summary><strong>Dans ce cas, la possibilit\u00e9 d&rsquo;acheter des bons d&rsquo;achat ne peut-elle pas \u00eatre simplement bloqu\u00e9e ?<\/strong><\/summary>\n<p class=\"has-large-font-size\">M\u00eame s&rsquo;ils le voulaient, ce ne serait pas techniquement possible.<\/p>\n\n\n\n<p>Les op\u00e9rateurs de cartes ne peuvent pas voir exactement ce qui a \u00e9t\u00e9 achet\u00e9.<\/p>\n\n\n\n<p>Un blocage de l&rsquo;achat de bons ne serait actuellement possible que si l&rsquo;ensemble du supermarch\u00e9 \u00e9tait bloqu\u00e9 pour les achats. Cela ne peut pas arriver, car les personnes utilisant des cartes de paiement seraient ainsi coup\u00e9es de toute possibilit\u00e9 d&rsquo;achat. <\/p>\n\n\n\n<p>N\u00e9anmoins, la politique peut faire pression sur les cha\u00eenes de supermarch\u00e9s et donc sur les employ\u00e9s.<\/p>\n\n\n\n<p class=\"has-large-font-size\">Il existe \u00e9galement des directeurs de magasins racistes*. Si vous \u00eates t\u00e9moin d&rsquo;une telle situation, signalez-la au conseil des r\u00e9fugi\u00e9s, au d\u00e9l\u00e9gu\u00e9 \u00e0 l&rsquo;int\u00e9gration ou au conseil anti-discrimination. <\/p>\n\n\n\n<details class=\"wp-block-details has-border-color has-accent-1-border-color has-base-background-color has-background has-large-font-size is-layout-flow wp-container-core-details-is-layout-5ee245bb wp-block-details-is-layout-flow\" style=\"border-style:solid;border-width:4px;padding-top:var(--wp--preset--spacing--30);padding-right:var(--wp--preset--spacing--40);padding-bottom:var(--wp--preset--spacing--30);padding-left:var(--wp--preset--spacing--40);line-height:1.5\"><summary><strong>Comment cela fonctionne-t-il plus pr\u00e9cis\u00e9ment d&rsquo;un point de vue technique ?  <\/strong><\/summary>\n<p class=\"has-large-font-size\">La cat\u00e9gorisation des achats sur la carte de paiement se fait \u00e0 l&rsquo;aide de num\u00e9ros MCC. Les supermarch\u00e9s, par exemple, ont le code MCC 5411. Peu importe ce qui est achet\u00e9 dans le supermarch\u00e9, ce code appara\u00eet toujours. De cette mani\u00e8re, des secteurs tels que le jeu ou le transfert d&rsquo;argent peuvent \u00eatre exclus, mais pas des produits sp\u00e9cifiques.   <\/p>\n\n\n\n<p class=\"has-large-font-size\">Les fournisseurs affirment travailler sur des m\u00e9thodes suppl\u00e9mentaires pour identifier les achats de coupons. On ne sait pas encore si cela est r\u00e9aliste. <\/p>\n<\/details>\n<\/details>\n\n<p><\/p>\n\n<p><\/p>\n\n<h2 class=\"wp-block-heading\">Pour les personnes disposant d&rsquo;une carte de paiement<\/h2>\n\n<details class=\"wp-block-details has-border-color has-accent-1-border-color has-base-background-color has-background has-large-font-size is-layout-flow wp-container-core-details-is-layout-5ee245bb wp-block-details-is-layout-flow\" style=\"border-style:solid;border-width:4px;padding-top:var(--wp--preset--spacing--30);padding-right:var(--wp--preset--spacing--40);padding-bottom:var(--wp--preset--spacing--30);padding-left:var(--wp--preset--spacing--40);line-height:1.5\"><summary><strong>J&rsquo;ai une carte de paiement et je ne connais personne avec qui \u00e9changer.<\/strong><\/summary>\n<p class=\"has-large-font-size\">Nous souhaitons cr\u00e9er des lieux de dons centralis\u00e9s. Si vous souhaitez nous aider \u00e0 faire de ce projet une r\u00e9alit\u00e9, n&rsquo;h\u00e9sitez pas \u00e0 nous contacter. <\/p>\n\n\n\n<p class=\"has-large-font-size\">Sinon, gardez l&rsquo;\u0153il ouvert et demandez aux gens que vous connaissez - peut-\u00eatre qu&rsquo;il y a d\u00e9j\u00e0 une initiative d&rsquo;\u00e9change dans votre r\u00e9gion. Sinon, envoyez-nous un e-mail.   <\/p>\n\n\n\n<p>Vous trouverez ici des lieux d&rsquo;\u00e9change ou des initiatives qui organisent ce genre de choses.<\/p>\n<\/details>\n\n<details class=\"wp-block-details has-border-color has-accent-1-border-color has-base-background-color has-background has-large-font-size is-layout-flow wp-container-core-details-is-layout-5ee245bb wp-block-details-is-layout-flow\" style=\"border-style:solid;border-width:4px;padding-top:var(--wp--preset--spacing--30);padding-right:var(--wp--preset--spacing--40);padding-bottom:var(--wp--preset--spacing--30);padding-left:var(--wp--preset--spacing--40);line-height:1.5\"><summary><strong>Pourquoi dois-je apporter le re\u00e7u du bon ?<\/strong><\/summary>\n<p class=\"has-large-font-size\">Il y a toujours des erreurs lors de la r\u00e9servation des bons. Avec le re\u00e7u, il y a une preuve et l&rsquo;argent n&rsquo;est pas perdu. <\/p>\n<\/details>\n\n<details class=\"wp-block-details has-border-color has-accent-1-border-color has-base-background-color has-background has-large-font-size is-layout-flow wp-container-core-details-is-layout-5ee245bb wp-block-details-is-layout-flow\" style=\"border-style:solid;border-width:4px;padding-top:var(--wp--preset--spacing--30);padding-right:var(--wp--preset--spacing--40);padding-bottom:var(--wp--preset--spacing--30);padding-left:var(--wp--preset--spacing--40);line-height:1.5\"><summary><strong>Dans quels supermarch\u00e9s puis-je acheter des bons ?<\/strong><\/summary>\n<p class=\"has-large-font-size\">Vous pouvez acheter des bons d&rsquo;achat dans la plupart des magasins d&rsquo;alimentation. Nous vous recommandons d&rsquo;acheter des bons d&rsquo;achat dans les supermarch\u00e9s les plus courants : Lidl, Aldi, Edeka, Penny, Rewe, Kaufland, DM, Alnatura. <\/p>\n<\/details>\n\n<p><\/p>\n\n<p><\/p>\n\n<h2 class=\"wp-block-heading\">Pour les personnes sans carte de paiement<\/h2>\n\n<details class=\"wp-block-details has-border-color has-accent-1-border-color has-base-background-color has-background has-large-font-size is-layout-flow wp-container-core-details-is-layout-5ee245bb wp-block-details-is-layout-flow\" style=\"border-style:solid;border-width:4px;padding-top:var(--wp--preset--spacing--30);padding-right:var(--wp--preset--spacing--40);padding-bottom:var(--wp--preset--spacing--30);padding-left:var(--wp--preset--spacing--40);line-height:1.5\"><summary><strong>Je ne connais pas de personnes r\u00e9fugi\u00e9es qui doivent payer avec une carte de paiement.<\/strong><\/summary>\n<p class=\"has-large-font-size\">Nous souhaitons cr\u00e9er des points de collecte centralis\u00e9s. Si vous souhaitez nous aider \u00e0 faire de ce projet une r\u00e9alit\u00e9, n&rsquo;h\u00e9sitez pas \u00e0 nous contacter. <\/p>\n\n\n\n<p class=\"has-large-font-size\">Ouvrez l&rsquo;\u0153il et parlez \u00e0 des personnes que vous connaissez - il y a peut-\u00eatre d\u00e9j\u00e0 une initiative dans votre r\u00e9gion dont vous n&rsquo;aviez pas connaissance auparavant. Vous pouvez \u00e9galement vous adresser \u00e0 des militants locaux, des centres d&rsquo;aide, des r\u00e9unions de quartier ou des responsables de l&rsquo;int\u00e9gration pour entrer en contact avec des personnes ayant une carte de paiement. <\/p>\n<\/details>\n\n<details class=\"wp-block-details has-border-color has-accent-1-border-color has-base-background-color has-background has-large-font-size is-layout-flow wp-container-core-details-is-layout-5ee245bb wp-block-details-is-layout-flow\" style=\"border-style:solid;border-width:4px;padding-top:var(--wp--preset--spacing--30);padding-right:var(--wp--preset--spacing--40);padding-bottom:var(--wp--preset--spacing--30);padding-left:var(--wp--preset--spacing--40);line-height:1.5\"><summary><strong>Comment puis-je savoir combien d&rsquo;argent il y a sur le bon ?  <\/strong><\/summary>\n<p class=\"has-large-font-size\">Sur les cartes cadeaux, vous trouverez une case argent\u00e9e \u00e0 gratter. Le num\u00e9ro qui se trouve en dessous vous permet de voir en ligne combien d&rsquo;argent il y a sur le bon. <\/p>\n\n\n\n<p>Lors de l&rsquo;\u00e9change, vous recevez g\u00e9n\u00e9ralement un re\u00e7u pour le bon. Le montant y est \u00e9galement indiqu\u00e9. <\/p>\n<\/details>\n\n<details class=\"wp-block-details has-border-color has-accent-1-border-color has-base-background-color has-background has-large-font-size is-layout-flow wp-container-core-details-is-layout-5ee245bb wp-block-details-is-layout-flow\" style=\"border-style:solid;border-width:4px;padding-top:var(--wp--preset--spacing--30);padding-right:var(--wp--preset--spacing--40);padding-bottom:var(--wp--preset--spacing--30);padding-left:var(--wp--preset--spacing--40);line-height:1.5\"><summary><strong>Quelle est la dur\u00e9e de validit\u00e9 du bon d&rsquo;achat ?  <\/strong><\/summary>\n<p class=\"has-large-font-size\">Les bons d&rsquo;achat sont g\u00e9n\u00e9ralement valables pendant 3 ans.  <\/p>\n<\/details>\n\n<p class=\"has-large-font-size\">Vous ne trouvez pas la r\u00e9ponse \u00e0 votre question ? N&rsquo;h\u00e9sitez pas \u00e0 nous envoyer un e-mail. <\/p>\n\n<p><\/p>\n\n<p><\/p>\n\n<p><\/p>\n\n<p><\/p>\n\n<p><\/p>\n","protected":false},"excerpt":{"rendered":"<p>Pour tous Pour les personnes disposant d&rsquo;une carte de paiement Pour les personnes sans carte de paiement Vous ne trouvez pas la r\u00e9ponse \u00e0 votre question ? N&rsquo;h\u00e9sitez pas \u00e0 nous envoyer un e-mail.<\/p>\n","protected":false},"author":3,"featured_media":963,"parent":0,"menu_order":0,"comment_status":"closed","ping_status":"closed","template":"","meta":{"footnotes":""},"class_list":["post-1606","page","type-page","status-publish","has-post-thumbnail","hentry"],"yoast_head":"<!-- This site is optimized with the Yoast SEO plugin v26.4 - https:\/\/yoast.com\/wordpress\/plugins\/seo\/ -->\n<title>Foire aux questions - Wir sagen Nein zur Bezahlkarte<\/title>\n<meta name=\"robots\" content=\"index, follow, max-snippet:-1, max-image-preview:large, max-video-preview:-1\" \/>\n<link rel=\"canonical\" href=\"https:\/\/nein-zur-bezahlkarte.de\/fr\/foire-aux-questions\/\" \/>\n<meta property=\"og:locale\" content=\"fr_FR\" \/>\n<meta property=\"og:type\" content=\"article\" \/>\n<meta property=\"og:title\" content=\"Foire aux questions - Wir sagen Nein zur Bezahlkarte\" \/>\n<meta property=\"og:description\" content=\"Pour tous Pour les personnes disposant d&rsquo;une carte de paiement Pour les personnes sans carte de paiement Vous ne trouvez pas la r\u00e9ponse \u00e0 votre question ? N&rsquo;h\u00e9sitez pas \u00e0 nous envoyer un e-mail.\" \/>\n<meta property=\"og:url\" content=\"https:\/\/nein-zur-bezahlkarte.de\/fr\/foire-aux-questions\/\" \/>\n<meta property=\"og:site_name\" content=\"Wir sagen Nein zur Bezahlkarte\" \/>\n<meta property=\"article:modified_time\" content=\"2025-02-04T08:39:19+00:00\" \/>\n<meta property=\"og:image\" content=\"https:\/\/nein-zur-bezahlkarte.de\/wp-content\/uploads\/2024\/12\/Vector_WikiAnswers_Orange_Avatar_Question_Man.svg_.png\" \/>\n\t<meta property=\"og:image:width\" content=\"600\" \/>\n\t<meta property=\"og:image:height\" content=\"600\" \/>\n\t<meta property=\"og:image:type\" content=\"image\/png\" \/>\n<meta name=\"twitter:card\" content=\"summary_large_image\" \/>\n<meta name=\"twitter:label1\" content=\"Dur\u00e9e de lecture estim\u00e9e\" \/>\n\t<meta name=\"twitter:data1\" content=\"4 minutes\" \/>\n<script type=\"application\/ld+json\" class=\"yoast-schema-graph\">{\"@context\":\"https:\/\/schema.org\",\"@graph\":[{\"@type\":\"WebPage\",\"@id\":\"https:\/\/nein-zur-bezahlkarte.de\/fr\/foire-aux-questions\/\",\"url\":\"https:\/\/nein-zur-bezahlkarte.de\/fr\/foire-aux-questions\/\",\"name\":\"Foire aux questions - Wir sagen Nein zur Bezahlkarte\",\"isPartOf\":{\"@id\":\"https:\/\/nein-zur-bezahlkarte.de\/fr\/#website\"},\"primaryImageOfPage\":{\"@id\":\"https:\/\/nein-zur-bezahlkarte.de\/fr\/foire-aux-questions\/#primaryimage\"},\"image\":{\"@id\":\"https:\/\/nein-zur-bezahlkarte.de\/fr\/foire-aux-questions\/#primaryimage\"},\"thumbnailUrl\":\"https:\/\/nein-zur-bezahlkarte.de\/wp-content\/uploads\/2024\/12\/Vector_WikiAnswers_Orange_Avatar_Question_Man.svg_.png\",\"datePublished\":\"2024-11-22T22:40:36+00:00\",\"dateModified\":\"2025-02-04T08:39:19+00:00\",\"breadcrumb\":{\"@id\":\"https:\/\/nein-zur-bezahlkarte.de\/fr\/foire-aux-questions\/#breadcrumb\"},\"inLanguage\":\"fr-FR\",\"potentialAction\":[{\"@type\":\"ReadAction\",\"target\":[\"https:\/\/nein-zur-bezahlkarte.de\/fr\/foire-aux-questions\/\"]}]},{\"@type\":\"ImageObject\",\"inLanguage\":\"fr-FR\",\"@id\":\"https:\/\/nein-zur-bezahlkarte.de\/fr\/foire-aux-questions\/#primaryimage\",\"url\":\"https:\/\/nein-zur-bezahlkarte.de\/wp-content\/uploads\/2024\/12\/Vector_WikiAnswers_Orange_Avatar_Question_Man.svg_.png\",\"contentUrl\":\"https:\/\/nein-zur-bezahlkarte.de\/wp-content\/uploads\/2024\/12\/Vector_WikiAnswers_Orange_Avatar_Question_Man.svg_.png\",\"width\":600,\"height\":600},{\"@type\":\"BreadcrumbList\",\"@id\":\"https:\/\/nein-zur-bezahlkarte.de\/fr\/foire-aux-questions\/#breadcrumb\",\"itemListElement\":[{\"@type\":\"ListItem\",\"position\":1,\"name\":\"Startseite\",\"item\":\"https:\/\/nein-zur-bezahlkarte.de\/fr\/\"},{\"@type\":\"ListItem\",\"position\":2,\"name\":\"Foire aux questions\"}]},{\"@type\":\"WebSite\",\"@id\":\"https:\/\/nein-zur-bezahlkarte.de\/fr\/#website\",\"url\":\"https:\/\/nein-zur-bezahlkarte.de\/fr\/\",\"name\":\"Wir sagen Nein zur Bezahlkarte\",\"description\":\"Impressum\",\"publisher\":{\"@id\":\"https:\/\/nein-zur-bezahlkarte.de\/fr\/#organization\"},\"potentialAction\":[{\"@type\":\"SearchAction\",\"target\":{\"@type\":\"EntryPoint\",\"urlTemplate\":\"https:\/\/nein-zur-bezahlkarte.de\/fr\/?s={search_term_string}\"},\"query-input\":{\"@type\":\"PropertyValueSpecification\",\"valueRequired\":true,\"valueName\":\"search_term_string\"}}],\"inLanguage\":\"fr-FR\"},{\"@type\":\"Organization\",\"@id\":\"https:\/\/nein-zur-bezahlkarte.de\/fr\/#organization\",\"name\":\"Wir sagen Nein zur Bezahlkarte\",\"url\":\"https:\/\/nein-zur-bezahlkarte.de\/fr\/\",\"logo\":{\"@type\":\"ImageObject\",\"inLanguage\":\"fr-FR\",\"@id\":\"https:\/\/nein-zur-bezahlkarte.de\/fr\/#\/schema\/logo\/image\/\",\"url\":\"https:\/\/nein-zur-bezahlkarte.de\/wp-content\/uploads\/2024\/11\/BZHLKRT_Logo_Vektoren_BRNDNBRG_Gelb.png\",\"contentUrl\":\"https:\/\/nein-zur-bezahlkarte.de\/wp-content\/uploads\/2024\/11\/BZHLKRT_Logo_Vektoren_BRNDNBRG_Gelb.png\",\"width\":5000,\"height\":5000,\"caption\":\"Wir sagen Nein zur Bezahlkarte\"},\"image\":{\"@id\":\"https:\/\/nein-zur-bezahlkarte.de\/fr\/#\/schema\/logo\/image\/\"}}]}<\/script>\n<!-- \/ Yoast SEO plugin. -->","yoast_head_json":{"title":"Foire aux questions - Wir sagen Nein zur Bezahlkarte","robots":{"index":"index","follow":"follow","max-snippet":"max-snippet:-1","max-image-preview":"max-image-preview:large","max-video-preview":"max-video-preview:-1"},"canonical":"https:\/\/nein-zur-bezahlkarte.de\/fr\/foire-aux-questions\/","og_locale":"fr_FR","og_type":"article","og_title":"Foire aux questions - Wir sagen Nein zur Bezahlkarte","og_description":"Pour tous Pour les personnes disposant d&rsquo;une carte de paiement Pour les personnes sans carte de paiement Vous ne trouvez pas la r\u00e9ponse \u00e0 votre question ? N&rsquo;h\u00e9sitez pas \u00e0 nous envoyer un e-mail.","og_url":"https:\/\/nein-zur-bezahlkarte.de\/fr\/foire-aux-questions\/","og_site_name":"Wir sagen Nein zur Bezahlkarte","article_modified_time":"2025-02-04T08:39:19+00:00","og_image":[{"width":600,"height":600,"url":"https:\/\/nein-zur-bezahlkarte.de\/wp-content\/uploads\/2024\/12\/Vector_WikiAnswers_Orange_Avatar_Question_Man.svg_.png","type":"image\/png"}],"twitter_card":"summary_large_image","twitter_misc":{"Dur\u00e9e de lecture estim\u00e9e":"4 minutes"},"schema":{"@context":"https:\/\/schema.org","@graph":[{"@type":"WebPage","@id":"https:\/\/nein-zur-bezahlkarte.de\/fr\/foire-aux-questions\/","url":"https:\/\/nein-zur-bezahlkarte.de\/fr\/foire-aux-questions\/","name":"Foire aux questions - Wir sagen Nein zur Bezahlkarte","isPartOf":{"@id":"https:\/\/nein-zur-bezahlkarte.de\/fr\/#website"},"primaryImageOfPage":{"@id":"https:\/\/nein-zur-bezahlkarte.de\/fr\/foire-aux-questions\/#primaryimage"},"image":{"@id":"https:\/\/nein-zur-bezahlkarte.de\/fr\/foire-aux-questions\/#primaryimage"},"thumbnailUrl":"https:\/\/nein-zur-bezahlkarte.de\/wp-content\/uploads\/2024\/12\/Vector_WikiAnswers_Orange_Avatar_Question_Man.svg_.png","datePublished":"2024-11-22T22:40:36+00:00","dateModified":"2025-02-04T08:39:19+00:00","breadcrumb":{"@id":"https:\/\/nein-zur-bezahlkarte.de\/fr\/foire-aux-questions\/#breadcrumb"},"inLanguage":"fr-FR","potentialAction":[{"@type":"ReadAction","target":["https:\/\/nein-zur-bezahlkarte.de\/fr\/foire-aux-questions\/"]}]},{"@type":"ImageObject","inLanguage":"fr-FR","@id":"https:\/\/nein-zur-bezahlkarte.de\/fr\/foire-aux-questions\/#primaryimage","url":"https:\/\/nein-zur-bezahlkarte.de\/wp-content\/uploads\/2024\/12\/Vector_WikiAnswers_Orange_Avatar_Question_Man.svg_.png","contentUrl":"https:\/\/nein-zur-bezahlkarte.de\/wp-content\/uploads\/2024\/12\/Vector_WikiAnswers_Orange_Avatar_Question_Man.svg_.png","width":600,"height":600},{"@type":"BreadcrumbList","@id":"https:\/\/nein-zur-bezahlkarte.de\/fr\/foire-aux-questions\/#breadcrumb","itemListElement":[{"@type":"ListItem","position":1,"name":"Startseite","item":"https:\/\/nein-zur-bezahlkarte.de\/fr\/"},{"@type":"ListItem","position":2,"name":"Foire aux questions"}]},{"@type":"WebSite","@id":"https:\/\/nein-zur-bezahlkarte.de\/fr\/#website","url":"https:\/\/nein-zur-bezahlkarte.de\/fr\/","name":"Wir sagen Nein zur Bezahlkarte","description":"Impressum","publisher":{"@id":"https:\/\/nein-zur-bezahlkarte.de\/fr\/#organization"},"potentialAction":[{"@type":"SearchAction","target":{"@type":"EntryPoint","urlTemplate":"https:\/\/nein-zur-bezahlkarte.de\/fr\/?s={search_term_string}"},"query-input":{"@type":"PropertyValueSpecification","valueRequired":true,"valueName":"search_term_string"}}],"inLanguage":"fr-FR"},{"@type":"Organization","@id":"https:\/\/nein-zur-bezahlkarte.de\/fr\/#organization","name":"Wir sagen Nein zur Bezahlkarte","url":"https:\/\/nein-zur-bezahlkarte.de\/fr\/","logo":{"@type":"ImageObject","inLanguage":"fr-FR","@id":"https:\/\/nein-zur-bezahlkarte.de\/fr\/#\/schema\/logo\/image\/","url":"https:\/\/nein-zur-bezahlkarte.de\/wp-content\/uploads\/2024\/11\/BZHLKRT_Logo_Vektoren_BRNDNBRG_Gelb.png","contentUrl":"https:\/\/nein-zur-bezahlkarte.de\/wp-content\/uploads\/2024\/11\/BZHLKRT_Logo_Vektoren_BRNDNBRG_Gelb.png","width":5000,"height":5000,"caption":"Wir sagen Nein zur Bezahlkarte"},"image":{"@id":"https:\/\/nein-zur-bezahlkarte.de\/fr\/#\/schema\/logo\/image\/"}}]}},"_links":{"self":[{"href":"https:\/\/nein-zur-bezahlkarte.de\/fr\/wp-json\/wp\/v2\/pages\/1606","targetHints":{"allow":["GET"]}}],"collection":[{"href":"https:\/\/nein-zur-bezahlkarte.de\/fr\/wp-json\/wp\/v2\/pages"}],"about":[{"href":"https:\/\/nein-zur-bezahlkarte.de\/fr\/wp-json\/wp\/v2\/types\/page"}],"author":[{"embeddable":true,"href":"https:\/\/nein-zur-bezahlkarte.de\/fr\/wp-json\/wp\/v2\/users\/3"}],"replies":[{"embeddable":true,"href":"https:\/\/nein-zur-bezahlkarte.de\/fr\/wp-json\/wp\/v2\/comments?post=1606"}],"version-history":[{"count":1,"href":"https:\/\/nein-zur-bezahlkarte.de\/fr\/wp-json\/wp\/v2\/pages\/1606\/revisions"}],"predecessor-version":[{"id":1607,"href":"https:\/\/nein-zur-bezahlkarte.de\/fr\/wp-json\/wp\/v2\/pages\/1606\/revisions\/1607"}],"wp:featuredmedia":[{"embeddable":true,"href":"https:\/\/nein-zur-bezahlkarte.de\/fr\/wp-json\/wp\/v2\/media\/963"}],"wp:attachment":[{"href":"https:\/\/nein-zur-bezahlkarte.de\/fr\/wp-json\/wp\/v2\/media?parent=1606"}],"curies":[{"name":"wp","href":"https:\/\/api.w.org\/{rel}","templated":true}]}}