{"id":1718,"date":"2024-12-09T09:07:59","date_gmt":"2024-12-09T08:07:59","guid":{"rendered":"https:\/\/nein-zur-bezahlkarte.de\/declaration-de-confidentialite\/"},"modified":"2025-02-04T09:39:51","modified_gmt":"2025-02-04T08:39:51","slug":"declaration-de-confidentialite","status":"publish","type":"page","link":"https:\/\/nein-zur-bezahlkarte.de\/fr\/declaration-de-confidentialite\/","title":{"rendered":"D\u00e9claration de confidentialit\u00e9"},"content":{"rendered":"\n<p>Par la pr\u00e9sente note d&rsquo;information, nous vous informons sur le traitement de vos donn\u00e9es \u00e0 caract\u00e8re personnel par le site non-payant.fr et sur les droits dont vous disposez en vertu de la nouvelle l\u00e9gislation sur la protection des donn\u00e9es. Les donn\u00e9es personnelles sont des informations qui permettent de vous identifier.   <\/p>\n\n<h3 class=\"wp-block-heading\"><strong>Finalit\u00e9s et bases juridiques du traitement des donn\u00e9es<\/strong> <\/h3>\n\n<p>Nous traitons vos donn\u00e9es personnelles dans le respect du R\u00e8glement g\u00e9n\u00e9ral sur la protection des donn\u00e9es (RGPD) de l&rsquo;UE, de la nouvelle loi f\u00e9d\u00e9rale sur la protection des donn\u00e9es (BDSG) et de toutes les autres lois applicables.<\/p>\n\n<p>En outre, nous avons besoin de vos donn\u00e9es personnelles pour \u00e9tablir des statistiques anonymes.<\/p>\n\n<p>Un consentement donn\u00e9 \u00e0 cet effet peut \u00eatre r\u00e9voqu\u00e9 \u00e0 tout moment. Cela s&rsquo;applique \u00e9galement \u00e0 la r\u00e9vocation des d\u00e9clarations de consentement qui nous ont \u00e9t\u00e9 \u00e9ventuellement accord\u00e9es avant l&rsquo;entr\u00e9e en vigueur du RGPD, c&rsquo;est-\u00e0-dire avant le 25 mai 2018. <\/p>\n\n<p>Nous traitons \u00e9galement vos donn\u00e9es afin de prot\u00e9ger nos int\u00e9r\u00eats l\u00e9gitimes ou ceux de tiers (article 6, paragraphe 1, point f) du RGPD). Cela peut notamment \u00eatre n\u00e9cessaire <\/p>\n\n<ul class=\"wp-block-list\">\n<li>  pour assurer la s\u00e9curit\u00e9 informatique,<\/li>\n\n\n\n<li>  pour vous informer sur nos services de conseil<\/li>\n<\/ul>\n\n<p>En outre, nous traitons vos donn\u00e9es personnelles pour satisfaire aux obligations l\u00e9gales, telles que les obligations de conservation en vertu du droit commercial et fiscal. Dans ce cas, la base juridique du traitement est constitu\u00e9e par les dispositions l\u00e9gales respectives en relation avec l&rsquo;article 6, paragraphe 1, point c) du RGPD.    <\/p>\n\n<p>Si nous souhaitons traiter vos donn\u00e9es personnelles pour une finalit\u00e9 non mentionn\u00e9e ci-dessus, nous vous en informerons au pr\u00e9alable dans le cadre des dispositions l\u00e9gales et nous vous demanderons votre consentement.<\/p>\n\n<h3 class=\"wp-block-heading\"><strong>Cat\u00e9gories de destinataires des donn\u00e9es \u00e0 caract\u00e8re personnel<\/strong> <\/h3>\n\n<h4 class=\"wp-block-heading\"><em>Traitement des donn\u00e9es\/fournisseurs de services externes :<\/em><\/h4>\n\n<p>Nous faisons parfois appel \u00e0 des entreprises externes sp\u00e9cialis\u00e9es pour remplir nos obligations associatives, contractuelles et l\u00e9gales.  <\/p>\n\n<h4 class=\"wp-block-heading\"><em>Autres destinataires :<\/em><\/h4>\n\n<p>En outre, nous pouvons transmettre vos donn\u00e9es \u00e0 caract\u00e8re personnel \u00e0 d&rsquo;autres destinataires, tels que les autorit\u00e9s publiques, afin de satisfaire aux obligations l\u00e9gales de notification.<\/p>\n\n<h3 class=\"wp-block-heading\"><strong>Dur\u00e9e de conservation des donn\u00e9es<\/strong>  <\/h3>\n\n<p>Nous supprimons\/anonymisons vos donn\u00e9es personnelles d\u00e8s qu&rsquo;elles ne sont plus n\u00e9cessaires aux fins susmentionn\u00e9es. Dans ce contexte, il peut arriver que des donn\u00e9es \u00e0 caract\u00e8re personnel soient conserv\u00e9es pendant la p\u00e9riode au cours de laquelle des droits peuvent \u00eatre exerc\u00e9s contre l&rsquo;association (d\u00e9lai de prescription l\u00e9gal de trois ou jusqu&rsquo;\u00e0 trente ans). En outre, nous conservons vos donn\u00e9es personnelles dans la mesure o\u00f9 la loi nous y oblige. Les obligations de preuve et de conservation correspondantes d\u00e9coulent entre autres du code fiscal et de la loi sur le blanchiment d&rsquo;argent. Les d\u00e9lais de conservation s&rsquo;\u00e9l\u00e8vent alors \u00e0 dix ans maximum.    <\/p>\n\n<h3 class=\"wp-block-heading\"><strong>Droits des personnes concern\u00e9es<\/strong><\/h3>\n\n<p>Vous pouvez demander des informations sur les donn\u00e9es enregistr\u00e9es vous concernant. En outre, vous pouvez, sous certaines conditions, demander la rectification ou l&rsquo;effacement de vos donn\u00e9es. Vous pouvez \u00e9galement avoir un droit \u00e0 la limitation du traitement des donn\u00e9es ainsi qu&rsquo;un droit \u00e0 la remise des donn\u00e9es que vous avez fournies dans un format structur\u00e9, couramment utilis\u00e9 et lisible par machine.  <\/p>\n\n<h3 class=\"wp-block-heading\"><strong>Droit d&rsquo;opposition<\/strong><\/h3>\n\n<p>Si nous traitons vos donn\u00e9es pour pr\u00e9server des int\u00e9r\u00eats l\u00e9gitimes, vous pouvez vous opposer \u00e0 ce traitement si votre situation particuli\u00e8re justifie des raisons qui s&rsquo;opposent au traitement des donn\u00e9es.<\/p>\n\n<h3 class=\"wp-block-heading\"><strong>Site web de protection des donn\u00e9es<\/strong><\/h3>\n\n<p>Nous collectons et utilisons vos donn\u00e9es personnelles exclusivement dans le cadre des dispositions de la loi sur la protection des donn\u00e9es de la R\u00e9publique f\u00e9d\u00e9rale d&rsquo;Allemagne. Nous vous informons ci-apr\u00e8s de la nature, de l&rsquo;\u00e9tendue et des finalit\u00e9s de la collecte et de l&rsquo;utilisation des donn\u00e9es \u00e0 caract\u00e8re personnel. Vous pouvez consulter cette information \u00e0 tout moment sur notre site web.    <\/p>\n\n<p>Transfert et enregistrement de donn\u00e9es \u00e0 des fins internes et statistiques  <\/p>\n\n<p>Pour des raisons techniques, votre navigateur Internet transmet automatiquement des donn\u00e9es \u00e0 notre serveur Web lorsque vous acc\u00e9dez \u00e0 notre site Web. Il s&rsquo;agit entre autres de la date et de l&rsquo;heure de l&rsquo;acc\u00e8s, de l&rsquo;URL du site web r\u00e9f\u00e9rent, du fichier consult\u00e9, de la quantit\u00e9 de donn\u00e9es envoy\u00e9es, du type et de la version du navigateur, du syst\u00e8me d&rsquo;exploitation et de votre adresse IP. Ces donn\u00e9es sont enregistr\u00e9es s\u00e9par\u00e9ment des autres donn\u00e9es que vous saisissez dans le cadre de l&rsquo;utilisation de notre offre. Il ne nous est pas possible d&rsquo;attribuer ces donn\u00e9es \u00e0 une personne en particulier. Ces donn\u00e9es sont analys\u00e9es \u00e0 des fins statistiques et sont ensuite supprim\u00e9es.    <\/p>\n\n<h3 class=\"wp-block-heading\"><strong>Liens vers d&rsquo;autres sites web<\/strong>   <\/h3>\n\n<p>Notre offre en ligne contient des liens vers d&rsquo;autres sites web. Nous n&rsquo;avons aucune influence sur ces sites et ne pouvons pas garantir que leurs exploitants respectent int\u00e9gralement les dispositions l\u00e9gales en mati\u00e8re de protection des donn\u00e9es. Nous vous invitons \u00e0 consulter les sites web des exploitants pour conna\u00eetre leur politique de confidentialit\u00e9.    <\/p>\n\n<h4 class=\"wp-block-heading\">Donn\u00e9es d&rsquo;inventaire<\/h4>\n\n<p>Dans la mesure o\u00f9 une relation contractuelle entre vous et nous doit \u00eatre fond\u00e9e, am\u00e9nag\u00e9e dans son contenu ou modifi\u00e9e, nous collectons et utilisons vos donn\u00e9es personnelles dans la mesure o\u00f9 cela est n\u00e9cessaire \u00e0 ces fins. Sur ordre des autorit\u00e9s comp\u00e9tentes, nous devons dans certains cas fournir des informations sur ces donn\u00e9es (donn\u00e9es d&rsquo;inventaire) dans la mesure o\u00f9 cela est n\u00e9cessaire \u00e0 des fins de poursuite p\u00e9nale, de pr\u00e9vention des risques, d&rsquo;ex\u00e9cution des t\u00e2ches l\u00e9gales des autorit\u00e9s de protection de la constitution ou du service de contre-espionnage militaire ou d&rsquo;application des droits de propri\u00e9t\u00e9 intellectuelle. <\/p>\n\n<h4 class=\"wp-block-heading\">Donn\u00e9es d&rsquo;utilisation  <\/h4>\n\n<p>Nous collectons et utilisons vos donn\u00e9es personnelles dans la mesure o\u00f9 cela est n\u00e9cessaire pour permettre l&rsquo;utilisation de notre offre Internet ou pour la facturation (donn\u00e9es d&rsquo;utilisation). Il s&rsquo;agit notamment des caract\u00e9ristiques permettant de vous identifier et des informations relatives au d\u00e9but et \u00e0 la fin ainsi qu&rsquo;\u00e0 l&rsquo;\u00e9tendue de l&rsquo;utilisation de notre offre. Vous avez le droit de vous opposer \u00e0 cette utilisation de vos donn\u00e9es.  <\/p>\n\n<h4 class=\"wp-block-heading\">Suivi<\/h4>\n\n<p>Nous n&rsquo;aimons pas le tracking. Et nous ne pensons pas que les cookies ou le suivi pr\u00e9cis contribuent d&rsquo;une quelconque mani\u00e8re \u00e0 l&rsquo;am\u00e9lioration de nos sites web. Les seules informations que nous conservons sont les journaux d&rsquo;acc\u00e8s de nos serveurs pour le d\u00e9pannage, ainsi que les nombres de visites anonymes. Ces donn\u00e9es contiennent des parties de votre adresse IP.   <\/p>\n\n<h4 class=\"wp-block-heading\">Protection des donn\u00e9es lors de la saisie de formulaires<\/h4>\n\n<p>Lorsque vous saisissez vos donn\u00e9es dans des formulaires sur le site, celles-ci sont transmises par d\u00e9faut via une connexion crypt\u00e9e par SSL afin d&#8217;emp\u00eacher l&rsquo;acc\u00e8s de tiers \u00e0 vos donn\u00e9es. Cependant, nous attirons votre attention sur le fait que la transmission de donn\u00e9es sur Internet peut pr\u00e9senter des failles de s\u00e9curit\u00e9 - une protection compl\u00e8te des donn\u00e9es contre l&rsquo;acc\u00e8s par des tiers n&rsquo;est pas possible.   <\/p>\n\n<p>Dans la mesure o\u00f9 nous confions l&rsquo;ex\u00e9cution de travaux \u00e0 des prestataires de services, ceux-ci sont tenus par contrat de respecter nos normes de protection des donn\u00e9es. En particulier, les dispositions de l&rsquo;article 11 de la loi f\u00e9d\u00e9rale sur la protection des donn\u00e9es (collecte, traitement ou utilisation de donn\u00e9es personnelles sur ordre) doivent \u00eatre respect\u00e9es et mises en \u0153uvre. Vos donn\u00e9es ne seront pas transmises \u00e0 des tiers. Les donn\u00e9es personnelles enregistr\u00e9es sont utilis\u00e9es exclusivement dans le but indiqu\u00e9.     <\/p>\n\n<p>Nous ne cr\u00e9ons pas de profils d&rsquo;utilisateurs en combinant les donn\u00e9es personnelles et les donn\u00e9es d&rsquo;utilisation.<\/p>\n\n<p>Nous serons heureux de vous fournir \u00e0 tout moment des informations sur les donn\u00e9es personnelles que nous d\u00e9tenons \u00e0 votre sujet. Pour ce faire, envoyez-nous votre demande par e-mail \u00e0 l&rsquo;adresse suivante : nein-zur-bezahlkarte@mailbox.org. <\/p>\n\n<p><\/p>\n","protected":false},"excerpt":{"rendered":"<p>Par la pr\u00e9sente note d&rsquo;information, nous vous informons sur le traitement de vos donn\u00e9es \u00e0 caract\u00e8re personnel par le site non-payant.fr et sur les droits dont vous disposez en vertu de la nouvelle l\u00e9gislation sur la protection des donn\u00e9es. Les donn\u00e9es personnelles sont des informations qui permettent de vous identifier. Finalit\u00e9s et bases juridiques du [&hellip;]<\/p>\n","protected":false},"author":5,"featured_media":0,"parent":0,"menu_order":0,"comment_status":"closed","ping_status":"closed","template":"","meta":{"footnotes":""},"class_list":["post-1718","page","type-page","status-publish","hentry"],"yoast_head":"<!-- This site is optimized with the Yoast SEO plugin v26.4 - https:\/\/yoast.com\/wordpress\/plugins\/seo\/ -->\n<title>D\u00e9claration de confidentialit\u00e9 - Wir sagen Nein zur Bezahlkarte<\/title>\n<meta name=\"robots\" content=\"index, follow, max-snippet:-1, max-image-preview:large, max-video-preview:-1\" \/>\n<link rel=\"canonical\" href=\"https:\/\/nein-zur-bezahlkarte.de\/fr\/declaration-de-confidentialite\/\" \/>\n<meta property=\"og:locale\" content=\"fr_FR\" \/>\n<meta property=\"og:type\" content=\"article\" \/>\n<meta property=\"og:title\" content=\"D\u00e9claration de confidentialit\u00e9 - Wir sagen Nein zur Bezahlkarte\" \/>\n<meta property=\"og:description\" content=\"Par la pr\u00e9sente note d&rsquo;information, nous vous informons sur le traitement de vos donn\u00e9es \u00e0 caract\u00e8re personnel par le site non-payant.fr et sur les droits dont vous disposez en vertu de la nouvelle l\u00e9gislation sur la protection des donn\u00e9es. Les donn\u00e9es personnelles sont des informations qui permettent de vous identifier. Finalit\u00e9s et bases juridiques du [&hellip;]\" \/>\n<meta property=\"og:url\" content=\"https:\/\/nein-zur-bezahlkarte.de\/fr\/declaration-de-confidentialite\/\" \/>\n<meta property=\"og:site_name\" content=\"Wir sagen Nein zur Bezahlkarte\" \/>\n<meta property=\"article:modified_time\" content=\"2025-02-04T08:39:51+00:00\" \/>\n<meta name=\"twitter:card\" content=\"summary_large_image\" \/>\n<meta name=\"twitter:label1\" content=\"Dur\u00e9e de lecture estim\u00e9e\" \/>\n\t<meta name=\"twitter:data1\" content=\"7 minutes\" \/>\n<script type=\"application\/ld+json\" class=\"yoast-schema-graph\">{\"@context\":\"https:\/\/schema.org\",\"@graph\":[{\"@type\":\"WebPage\",\"@id\":\"https:\/\/nein-zur-bezahlkarte.de\/fr\/declaration-de-confidentialite\/\",\"url\":\"https:\/\/nein-zur-bezahlkarte.de\/fr\/declaration-de-confidentialite\/\",\"name\":\"D\u00e9claration de confidentialit\u00e9 - Wir sagen Nein zur Bezahlkarte\",\"isPartOf\":{\"@id\":\"https:\/\/nein-zur-bezahlkarte.de\/fr\/#website\"},\"datePublished\":\"2024-12-09T08:07:59+00:00\",\"dateModified\":\"2025-02-04T08:39:51+00:00\",\"breadcrumb\":{\"@id\":\"https:\/\/nein-zur-bezahlkarte.de\/fr\/declaration-de-confidentialite\/#breadcrumb\"},\"inLanguage\":\"fr-FR\",\"potentialAction\":[{\"@type\":\"ReadAction\",\"target\":[\"https:\/\/nein-zur-bezahlkarte.de\/fr\/declaration-de-confidentialite\/\"]}]},{\"@type\":\"BreadcrumbList\",\"@id\":\"https:\/\/nein-zur-bezahlkarte.de\/fr\/declaration-de-confidentialite\/#breadcrumb\",\"itemListElement\":[{\"@type\":\"ListItem\",\"position\":1,\"name\":\"Startseite\",\"item\":\"https:\/\/nein-zur-bezahlkarte.de\/fr\/\"},{\"@type\":\"ListItem\",\"position\":2,\"name\":\"D\u00e9claration de confidentialit\u00e9\"}]},{\"@type\":\"WebSite\",\"@id\":\"https:\/\/nein-zur-bezahlkarte.de\/fr\/#website\",\"url\":\"https:\/\/nein-zur-bezahlkarte.de\/fr\/\",\"name\":\"Wir sagen Nein zur Bezahlkarte\",\"description\":\"Impressum\",\"publisher\":{\"@id\":\"https:\/\/nein-zur-bezahlkarte.de\/fr\/#organization\"},\"potentialAction\":[{\"@type\":\"SearchAction\",\"target\":{\"@type\":\"EntryPoint\",\"urlTemplate\":\"https:\/\/nein-zur-bezahlkarte.de\/fr\/?s={search_term_string}\"},\"query-input\":{\"@type\":\"PropertyValueSpecification\",\"valueRequired\":true,\"valueName\":\"search_term_string\"}}],\"inLanguage\":\"fr-FR\"},{\"@type\":\"Organization\",\"@id\":\"https:\/\/nein-zur-bezahlkarte.de\/fr\/#organization\",\"name\":\"Wir sagen Nein zur Bezahlkarte\",\"url\":\"https:\/\/nein-zur-bezahlkarte.de\/fr\/\",\"logo\":{\"@type\":\"ImageObject\",\"inLanguage\":\"fr-FR\",\"@id\":\"https:\/\/nein-zur-bezahlkarte.de\/fr\/#\/schema\/logo\/image\/\",\"url\":\"https:\/\/nein-zur-bezahlkarte.de\/wp-content\/uploads\/2024\/11\/BZHLKRT_Logo_Vektoren_BRNDNBRG_Gelb.png\",\"contentUrl\":\"https:\/\/nein-zur-bezahlkarte.de\/wp-content\/uploads\/2024\/11\/BZHLKRT_Logo_Vektoren_BRNDNBRG_Gelb.png\",\"width\":5000,\"height\":5000,\"caption\":\"Wir sagen Nein zur Bezahlkarte\"},\"image\":{\"@id\":\"https:\/\/nein-zur-bezahlkarte.de\/fr\/#\/schema\/logo\/image\/\"}}]}<\/script>\n<!-- \/ Yoast SEO plugin. -->","yoast_head_json":{"title":"D\u00e9claration de confidentialit\u00e9 - Wir sagen Nein zur Bezahlkarte","robots":{"index":"index","follow":"follow","max-snippet":"max-snippet:-1","max-image-preview":"max-image-preview:large","max-video-preview":"max-video-preview:-1"},"canonical":"https:\/\/nein-zur-bezahlkarte.de\/fr\/declaration-de-confidentialite\/","og_locale":"fr_FR","og_type":"article","og_title":"D\u00e9claration de confidentialit\u00e9 - Wir sagen Nein zur Bezahlkarte","og_description":"Par la pr\u00e9sente note d&rsquo;information, nous vous informons sur le traitement de vos donn\u00e9es \u00e0 caract\u00e8re personnel par le site non-payant.fr et sur les droits dont vous disposez en vertu de la nouvelle l\u00e9gislation sur la protection des donn\u00e9es. Les donn\u00e9es personnelles sont des informations qui permettent de vous identifier. Finalit\u00e9s et bases juridiques du [&hellip;]","og_url":"https:\/\/nein-zur-bezahlkarte.de\/fr\/declaration-de-confidentialite\/","og_site_name":"Wir sagen Nein zur Bezahlkarte","article_modified_time":"2025-02-04T08:39:51+00:00","twitter_card":"summary_large_image","twitter_misc":{"Dur\u00e9e de lecture estim\u00e9e":"7 minutes"},"schema":{"@context":"https:\/\/schema.org","@graph":[{"@type":"WebPage","@id":"https:\/\/nein-zur-bezahlkarte.de\/fr\/declaration-de-confidentialite\/","url":"https:\/\/nein-zur-bezahlkarte.de\/fr\/declaration-de-confidentialite\/","name":"D\u00e9claration de confidentialit\u00e9 - Wir sagen Nein zur Bezahlkarte","isPartOf":{"@id":"https:\/\/nein-zur-bezahlkarte.de\/fr\/#website"},"datePublished":"2024-12-09T08:07:59+00:00","dateModified":"2025-02-04T08:39:51+00:00","breadcrumb":{"@id":"https:\/\/nein-zur-bezahlkarte.de\/fr\/declaration-de-confidentialite\/#breadcrumb"},"inLanguage":"fr-FR","potentialAction":[{"@type":"ReadAction","target":["https:\/\/nein-zur-bezahlkarte.de\/fr\/declaration-de-confidentialite\/"]}]},{"@type":"BreadcrumbList","@id":"https:\/\/nein-zur-bezahlkarte.de\/fr\/declaration-de-confidentialite\/#breadcrumb","itemListElement":[{"@type":"ListItem","position":1,"name":"Startseite","item":"https:\/\/nein-zur-bezahlkarte.de\/fr\/"},{"@type":"ListItem","position":2,"name":"D\u00e9claration de confidentialit\u00e9"}]},{"@type":"WebSite","@id":"https:\/\/nein-zur-bezahlkarte.de\/fr\/#website","url":"https:\/\/nein-zur-bezahlkarte.de\/fr\/","name":"Wir sagen Nein zur Bezahlkarte","description":"Impressum","publisher":{"@id":"https:\/\/nein-zur-bezahlkarte.de\/fr\/#organization"},"potentialAction":[{"@type":"SearchAction","target":{"@type":"EntryPoint","urlTemplate":"https:\/\/nein-zur-bezahlkarte.de\/fr\/?s={search_term_string}"},"query-input":{"@type":"PropertyValueSpecification","valueRequired":true,"valueName":"search_term_string"}}],"inLanguage":"fr-FR"},{"@type":"Organization","@id":"https:\/\/nein-zur-bezahlkarte.de\/fr\/#organization","name":"Wir sagen Nein zur Bezahlkarte","url":"https:\/\/nein-zur-bezahlkarte.de\/fr\/","logo":{"@type":"ImageObject","inLanguage":"fr-FR","@id":"https:\/\/nein-zur-bezahlkarte.de\/fr\/#\/schema\/logo\/image\/","url":"https:\/\/nein-zur-bezahlkarte.de\/wp-content\/uploads\/2024\/11\/BZHLKRT_Logo_Vektoren_BRNDNBRG_Gelb.png","contentUrl":"https:\/\/nein-zur-bezahlkarte.de\/wp-content\/uploads\/2024\/11\/BZHLKRT_Logo_Vektoren_BRNDNBRG_Gelb.png","width":5000,"height":5000,"caption":"Wir sagen Nein zur Bezahlkarte"},"image":{"@id":"https:\/\/nein-zur-bezahlkarte.de\/fr\/#\/schema\/logo\/image\/"}}]}},"_links":{"self":[{"href":"https:\/\/nein-zur-bezahlkarte.de\/fr\/wp-json\/wp\/v2\/pages\/1718","targetHints":{"allow":["GET"]}}],"collection":[{"href":"https:\/\/nein-zur-bezahlkarte.de\/fr\/wp-json\/wp\/v2\/pages"}],"about":[{"href":"https:\/\/nein-zur-bezahlkarte.de\/fr\/wp-json\/wp\/v2\/types\/page"}],"author":[{"embeddable":true,"href":"https:\/\/nein-zur-bezahlkarte.de\/fr\/wp-json\/wp\/v2\/users\/5"}],"replies":[{"embeddable":true,"href":"https:\/\/nein-zur-bezahlkarte.de\/fr\/wp-json\/wp\/v2\/comments?post=1718"}],"version-history":[{"count":1,"href":"https:\/\/nein-zur-bezahlkarte.de\/fr\/wp-json\/wp\/v2\/pages\/1718\/revisions"}],"predecessor-version":[{"id":1719,"href":"https:\/\/nein-zur-bezahlkarte.de\/fr\/wp-json\/wp\/v2\/pages\/1718\/revisions\/1719"}],"wp:attachment":[{"href":"https:\/\/nein-zur-bezahlkarte.de\/fr\/wp-json\/wp\/v2\/media?parent=1718"}],"curies":[{"name":"wp","href":"https:\/\/api.w.org\/{rel}","templated":true}]}}