{"id":1902,"date":"2024-11-22T23:48:08","date_gmt":"2024-11-22T22:48:08","guid":{"rendered":"https:\/\/nein-zur-bezahlkarte.de\/informations-juridiques\/"},"modified":"2025-02-10T12:24:35","modified_gmt":"2025-02-10T11:24:35","slug":"informations-juridiques","status":"publish","type":"page","link":"https:\/\/nein-zur-bezahlkarte.de\/fr\/informations-juridiques\/","title":{"rendered":"Informations juridiques"},"content":{"rendered":"\n<p>Vous y trouverez des bases l\u00e9gales, telles que des lois, des d\u00e9crets et des ordonnances, mais aussi des d\u00e9cisions et des questions parlementaires, ainsi que des d\u00e9cisions de justice et les premi\u00e8res voix de l&rsquo;administration.<\/p>\n\n<p class=\"has-large-font-size\"><strong>Bases l\u00e9gales :<\/strong><\/p>\n\n<p><strong>Bund :<\/strong> <br\/>- <a href=\"https:\/\/www.bundestag.de\/dokumente\/textarchiv\/2024\/kw15-de-duev-anpassunggesetz-997400\">Modifications<\/a> de la loi AsylbLG et DEUV, textes de loi complets sous <a href=\"https:\/\/www.gesetze-im-internet.de\/\">Gesetze im Internet<\/a>.<br\/>- Aper\u00e7u de la <a href=\"https:\/\/www.ggua.de\/fileadmin\/downloads\/Bezahlkarte\/Tabelle_Bezahlkarte.pdf\">mise en \u0153uvre dans les diff\u00e9rents L\u00e4nder<\/a> de l&rsquo;association d&rsquo;utilit\u00e9 publique GGUA (Gemeinn\u00fctzige Gesellschaft zur Unterst\u00fctzung Asylsuchender e.V.)<br\/><strong>Berlin :<\/strong><br\/>- Jusqu&rsquo;\u00e0 pr\u00e9sent, seule <a href=\"https:\/\/www.berlin.de\/rbmskzl\/aktuelles\/pressemitteilungen\/2024\/pressemitteilung.1514371.php\">une d\u00e9cision sur l&rsquo;introduction de la carte de paiement a \u00e9t\u00e9 prise<\/a>, il n&rsquo;existe pas encore de d\u00e9cret de droit r\u00e9gional. Points cl\u00e9s : Uniquement les demandeurs d&rsquo;asile dans les centres de premier accueil (niveau du Land), limitation des esp\u00e8ces \u00e0 50 euros par personne pendant six mois, apr\u00e8s quoi la limitation des esp\u00e8ces dispara\u00eet. <br\/><strong>Brandebourg :<\/strong><br\/>- Au niveau du Land <a href=\"https:\/\/brandenburg.de\/cms\/detail.php\/brandenburg_06.c.841088.de\">, d\u00e9claration d&rsquo;intention pour l&rsquo;introduction de la carte de paiement<\/a>. Points cl\u00e9s : Chaque demandeur d&rsquo;asile adulte re\u00e7oit une carte de paiement, limitation des esp\u00e8ces \u00e0 50 euros pour les adultes et 25 euros pour les mineurs. Le district de M\u00e4rkisch Oderland a d\u00e9j\u00e0 <a href=\"https:\/\/www.nd-aktuell.de\/artikel\/1180712.bezahlkarten-fuer-gefluechtete-bezahlkarten-fuer-asylbewerber-ein-landkreis-prescht-vor.html\">introduit sa propre carte de paiement<\/a>, la ville de Potsdam, qui n&rsquo;a pas de district, refuse de l&rsquo;introduire.  <\/p>\n\n<p class=\"has-large-font-size\"><strong>R\u00e9solutions &amp; questions parlementaires :<\/strong><\/p>\n\n<p><strong>Berlin :<\/strong><br\/>- <a href=\"https:\/\/elif-eralp.de\/schriftliche-anfragen\/\">Questions \u00e9crites d&rsquo;Elif Eralp<\/a>, DIE LINKE, membre de la Chambre des repr\u00e9sentants, entre autres, sur la carte de paiement (voir 03.01.2025, 23.10.2024, 09.07.2024, 26.03.2024).<br\/><strong>Brandebourg :<\/strong><br\/>- <a href=\"https:\/\/egov.potsdam.de\/public\/vo020?VOLFDNR=2002352&amp;refresh=false\">D\u00e9cision du conseil municipal<\/a> <strong>de Potsdam<\/strong> contre l&rsquo;introduction d&rsquo;une carte de paiement et <a href=\"https:\/\/egov.potsdam.de\/public\/wicket\/resource\/org.apache.wicket.Application\/doc2678387.pdf\">rejet du projet de r\u00e9solution du maire<\/a> visant \u00e0 introduire malgr\u00e9 tout la carte de paiement.<\/p>\n\n<p class=\"has-large-font-size\"><strong>D\u00e9cisions de justice :<\/strong><\/p>\n\n<p><strong>Nuremberg :<\/strong><br\/>- En juillet 2024, la 11e chambre du tribunal social de Nuremberg constate dans deux proc\u00e9dures d&rsquo;urgence<a href=\"https:\/\/freiheitsrechte.org\/uploads\/documents\/Soziale-Teilhabe\/Bezahlkarte\/Beschluss_SG-Nuernberg-1.pdf\">(S 11 AY 15\/24 ER<\/a> et <a href=\"https:\/\/freiheitsrechte.org\/uploads\/documents\/Soziale-Teilhabe\/Bezahlkarte\/30.-Juli-2024-Beschluss-vom-Sozialgericht-Nuernberg-S-11-AY-1824-ER.pdf\"><br\/>S 11 AY 18\/24 ER<\/a>) que les demandeurs* sont consid\u00e9rablement limit\u00e9s dans leur libert\u00e9 de disposition par la carte de paiement et que leur minimum vital est menac\u00e9.<br\/><br\/><strong>Hambourg :<\/strong> <br\/>- En juillet 2024, le tribunal social de Hambourg<a href=\"https:\/\/freiheitsrechte.org\/uploads\/documents\/Soziale-Teilhabe\/Bezahlkarte\/18.-Juli-2024-Beschluss-vom-Sozialgericht-Hamburg-S-7-AY-41024-ER.pdf\">(SG Hamburg, S 7 AY 410\/24 ER<\/a>) accorde d&rsquo;abord un montant en esp\u00e8ces de pr\u00e8s de 270 euros au lieu de 110 euros \u00e0 une famille requ\u00e9rante dans le cadre d&rsquo;une proc\u00e9dure d&rsquo;urgence. Le tribunal social r\u00e9gional de Hambourg<a href=\"https:\/\/freiheitsrechte.org\/uploads\/files\/Import\/Bezahlkarte-LSG-Hamburg-L-4-AY-1124-B-ER-Beschwerdebeschluss-vom-21.9.2024.pdf\">(LSG Hamburg, L 4 AY 11\/24 B ER<\/a>) annule la d\u00e9cision suite \u00e0 un recours de l&rsquo;administration. La proc\u00e9dure au fond n&rsquo;a pas encore eu lieu.  <br\/>- Dans une autre affaire concernant la l\u00e9galit\u00e9 de la carte de paiement, la proc\u00e9dure d&rsquo;urgence devant le tribunal social de Hambourg n&rsquo;a pas encore abouti. Le tribunal social r\u00e9gional de Hambourg<a href=\"https:\/\/freiheitsrechte.org\/uploads\/documents\/Soziale-Teilhabe\/Bezahlkarte\/24.-Juli-2024-Beschluss-vom-LSG-Hamburg-L-4-AY-824-B-ER.pdf\">(LSG Hamburg, L 4 AY 8\/24 ER<\/a>) n&rsquo;a pas non plus consid\u00e9r\u00e9 qu&rsquo;il y avait urgence. Une longue proc\u00e9dure au fond est donc n\u00e9cessaire pour obtenir une d\u00e9cision.<br\/>- En d\u00e9cembre 2024, une famille a engag\u00e9 une <a href=\"https:\/\/freiheitsrechte.org\/uploads\/documents\/Soziale-Teilhabe\/Bezahlkarte\/Bezahlkartenverfahren-Hamburg-Klageschrift.pdf\">action en justice<\/a> avec l&rsquo;Association pour les droits des libert\u00e9s afin de mettre fin \u00e0 la conception ill\u00e9gale de la carte de paiement. La proc\u00e9dure est en cours.   <br\/><br\/><strong>Chemnitz :<\/strong><br\/>- Le tribunal social de Chemnitz a donn\u00e9 raison \u00e0 un homme c\u00e9libataire vivant en Allemagne depuis sept ans dans une proc\u00e9dure d&rsquo;urgence<a href=\"https:\/\/freiheitsrechte.org\/uploads\/documents\/Soziale-Teilhabe\/Bezahlkarte\/5.-September-2024-Eilantrag-an-das-Sozialgericht-Chemnitz.pdf\">(S 20 AY 35\/24 ER<\/a>). L&rsquo;administration a transf\u00e9r\u00e9 sa prestation sociale sur une carte de paiement sans possibilit\u00e9 de transfert.<br\/>- Dans la proc\u00e9dure d&rsquo;urgence<a href=\"https:\/\/freiheitsrechte.org\/uploads\/documents\/Soziale-Teilhabe\/Bezahlkarte\/19.-August-2024-Eilantrag-an-das-Sozialgerichts-Chemnitz-S-19-AY-3024-ER.pdf\">(S 19 AY 30\/24 ER<\/a>), une famille vivant en Allemagne depuis cinq ans re\u00e7oit un montant en esp\u00e8ces plus \u00e9lev\u00e9 pour les enfants ainsi que plus qu&rsquo;une carte de paiement, mais le montant en esp\u00e8ces allou\u00e9 reste insuffisant. Une action a donc \u00e9t\u00e9 intent\u00e9e en d\u00e9cembre 2024 devant le tribunal social de Chemnitz.  <\/p>\n\n<p><strong>Remarque : <\/strong>les d\u00e9cisions prises dans le cadre de proc\u00e9dures d&rsquo;urgence et les d\u00e9cisions des tribunaux d&rsquo;autres L\u00e4nder n&rsquo;ont pas d&rsquo;effet juridiquement contraignant \u00e0 Berlin et dans le Brandebourg. Elles donnent cependant un aper\u00e7u de la mani\u00e8re dont les autres proc\u00e9dures se sont d\u00e9roul\u00e9es et des arguments que les diff\u00e9rents tribunaux sociaux ont reconnus ou utilis\u00e9s eux-m\u00eames. <br\/>Il n&rsquo;existe pas encore de jurisprudence sur la carte de paiement au niveau f\u00e9d\u00e9ral (Cour f\u00e9d\u00e9rale sociale, Cour constitutionnelle f\u00e9d\u00e9rale).<br\/>Pour savoir comment porter plainte vous-m\u00eame, <a href=\"https:\/\/nein-zur-bezahlkarte.de\/fr\/actions-en-justice-contre-la-carte-de-paiement\/\">cliquez ici<\/a>. <\/p>\n\n<p class=\"has-large-font-size\"><strong>Voix des administrations :<\/strong><\/p>\n\n<ul class=\"wp-block-list\">\n<li><a href=\"https:\/\/www.nds-fluerat.org\/wp-content\/uploads\/2024\/12\/Antwort_Verwaltung_BS_27-11-2024.pdf\">Question du groupe B\u00fcndnis90\/die Gr\u00fcnen in <strong>Braunschweig<\/strong><\/a>: \u00ab\u00a0L&rsquo;administration s&rsquo;attend \u00e0 une charge de travail suppl\u00e9mentaire consid\u00e9rable r\u00e9sultant des \u00e9tapes de traitement d\u00e9crites ci-dessous\u00a0\u00bb.  <\/li>\n\n\n\n<li>Petite <a href=\"https:\/\/egov.potsdam.de\/public\/vo020?VOLFDNR=2004407&amp;refresh=false\">question sur la charge administrative attendue<\/a> par le groupe DIE aNDERE \u00e0 <strong>Potsdam<\/strong>: \u00ab\u00a0L&rsquo;introduction de la carte de paiement, en particulier, entra\u00eenera une charge de travail suppl\u00e9mentaire unique. En outre, une charge de travail suppl\u00e9mentaire est attendue en raison de l&rsquo;absence actuelle d&rsquo;interface avec la proc\u00e9dure sp\u00e9cialis\u00e9e utilis\u00e9e, ainsi que dans le domaine de l&rsquo;exercice du pouvoir discr\u00e9tionnaire et de l&rsquo;examen des conditions de vie individuelles\u00a0\u00bb. <\/li>\n\n\n\n<li><a href=\"https:\/\/ris.leverkusen.de\/getfile.asp?id=175891&amp;type=do\">Avis de la municipalit\u00e9 <strong>de Leverkusen<\/strong><\/a>: \u00ab\u00a0L&rsquo;introduction entra\u00eene une augmentation consid\u00e9rable de la charge administrative, [&#8230;]. En outre, de nouvelles exigences apparaissent en raison des modifications apport\u00e9es aux prestations. [&#8230;] entra\u00eene une charge financi\u00e8re suppl\u00e9mentaire qui n&rsquo;est compens\u00e9e ni par le Land ni par d&rsquo;autres subventions.<br\/>L&rsquo;introduction de la carte de paiement supprime un syst\u00e8me d&rsquo;octroi de prestations qui existe d\u00e9j\u00e0 et qui fonctionne. Actuellement, environ 97% des demandeurs d&rsquo;asile* \u00e0 Leverkusen poss\u00e8dent un compte courant\u00a0\u00bb.   <\/li>\n<\/ul>\n\n<p><\/p>\n","protected":false},"excerpt":{"rendered":"<p>Vous y trouverez des bases l\u00e9gales, telles que des lois, des d\u00e9crets et des ordonnances, mais aussi des d\u00e9cisions et des questions parlementaires, ainsi que des d\u00e9cisions de justice et les premi\u00e8res voix de l&rsquo;administration. Bases l\u00e9gales : Bund : - Modifications de la loi AsylbLG et DEUV, textes de loi complets sous Gesetze im [&hellip;]<\/p>\n","protected":false},"author":5,"featured_media":0,"parent":0,"menu_order":0,"comment_status":"closed","ping_status":"closed","template":"","meta":{"footnotes":""},"class_list":["post-1902","page","type-page","status-publish","hentry"],"yoast_head":"<!-- This site is optimized with the Yoast SEO plugin v26.4 - https:\/\/yoast.com\/wordpress\/plugins\/seo\/ -->\n<title>Informations juridiques - Wir sagen Nein zur Bezahlkarte<\/title>\n<meta name=\"robots\" content=\"index, follow, max-snippet:-1, max-image-preview:large, max-video-preview:-1\" \/>\n<link rel=\"canonical\" href=\"https:\/\/nein-zur-bezahlkarte.de\/fr\/informations-juridiques\/\" \/>\n<meta property=\"og:locale\" content=\"fr_FR\" \/>\n<meta property=\"og:type\" content=\"article\" \/>\n<meta property=\"og:title\" content=\"Informations juridiques - Wir sagen Nein zur Bezahlkarte\" \/>\n<meta property=\"og:description\" content=\"Vous y trouverez des bases l\u00e9gales, telles que des lois, des d\u00e9crets et des ordonnances, mais aussi des d\u00e9cisions et des questions parlementaires, ainsi que des d\u00e9cisions de justice et les premi\u00e8res voix de l&rsquo;administration. Bases l\u00e9gales : Bund : - Modifications de la loi AsylbLG et DEUV, textes de loi complets sous Gesetze im [&hellip;]\" \/>\n<meta property=\"og:url\" content=\"https:\/\/nein-zur-bezahlkarte.de\/fr\/informations-juridiques\/\" \/>\n<meta property=\"og:site_name\" content=\"Wir sagen Nein zur Bezahlkarte\" \/>\n<meta property=\"article:modified_time\" content=\"2025-02-10T11:24:35+00:00\" \/>\n<meta name=\"twitter:card\" content=\"summary_large_image\" \/>\n<meta name=\"twitter:label1\" content=\"Dur\u00e9e de lecture estim\u00e9e\" \/>\n\t<meta name=\"twitter:data1\" content=\"5 minutes\" \/>\n<script type=\"application\/ld+json\" class=\"yoast-schema-graph\">{\"@context\":\"https:\/\/schema.org\",\"@graph\":[{\"@type\":\"WebPage\",\"@id\":\"https:\/\/nein-zur-bezahlkarte.de\/fr\/informations-juridiques\/\",\"url\":\"https:\/\/nein-zur-bezahlkarte.de\/fr\/informations-juridiques\/\",\"name\":\"Informations juridiques - Wir sagen Nein zur Bezahlkarte\",\"isPartOf\":{\"@id\":\"https:\/\/nein-zur-bezahlkarte.de\/fr\/#website\"},\"datePublished\":\"2024-11-22T22:48:08+00:00\",\"dateModified\":\"2025-02-10T11:24:35+00:00\",\"breadcrumb\":{\"@id\":\"https:\/\/nein-zur-bezahlkarte.de\/fr\/informations-juridiques\/#breadcrumb\"},\"inLanguage\":\"fr-FR\",\"potentialAction\":[{\"@type\":\"ReadAction\",\"target\":[\"https:\/\/nein-zur-bezahlkarte.de\/fr\/informations-juridiques\/\"]}]},{\"@type\":\"BreadcrumbList\",\"@id\":\"https:\/\/nein-zur-bezahlkarte.de\/fr\/informations-juridiques\/#breadcrumb\",\"itemListElement\":[{\"@type\":\"ListItem\",\"position\":1,\"name\":\"Startseite\",\"item\":\"https:\/\/nein-zur-bezahlkarte.de\/fr\/\"},{\"@type\":\"ListItem\",\"position\":2,\"name\":\"Informations juridiques\"}]},{\"@type\":\"WebSite\",\"@id\":\"https:\/\/nein-zur-bezahlkarte.de\/fr\/#website\",\"url\":\"https:\/\/nein-zur-bezahlkarte.de\/fr\/\",\"name\":\"Wir sagen Nein zur Bezahlkarte\",\"description\":\"Impressum\",\"publisher\":{\"@id\":\"https:\/\/nein-zur-bezahlkarte.de\/fr\/#organization\"},\"potentialAction\":[{\"@type\":\"SearchAction\",\"target\":{\"@type\":\"EntryPoint\",\"urlTemplate\":\"https:\/\/nein-zur-bezahlkarte.de\/fr\/?s={search_term_string}\"},\"query-input\":{\"@type\":\"PropertyValueSpecification\",\"valueRequired\":true,\"valueName\":\"search_term_string\"}}],\"inLanguage\":\"fr-FR\"},{\"@type\":\"Organization\",\"@id\":\"https:\/\/nein-zur-bezahlkarte.de\/fr\/#organization\",\"name\":\"Wir sagen Nein zur Bezahlkarte\",\"url\":\"https:\/\/nein-zur-bezahlkarte.de\/fr\/\",\"logo\":{\"@type\":\"ImageObject\",\"inLanguage\":\"fr-FR\",\"@id\":\"https:\/\/nein-zur-bezahlkarte.de\/fr\/#\/schema\/logo\/image\/\",\"url\":\"https:\/\/nein-zur-bezahlkarte.de\/wp-content\/uploads\/2024\/11\/BZHLKRT_Logo_Vektoren_BRNDNBRG_Gelb.png\",\"contentUrl\":\"https:\/\/nein-zur-bezahlkarte.de\/wp-content\/uploads\/2024\/11\/BZHLKRT_Logo_Vektoren_BRNDNBRG_Gelb.png\",\"width\":5000,\"height\":5000,\"caption\":\"Wir sagen Nein zur Bezahlkarte\"},\"image\":{\"@id\":\"https:\/\/nein-zur-bezahlkarte.de\/fr\/#\/schema\/logo\/image\/\"}}]}<\/script>\n<!-- \/ Yoast SEO plugin. -->","yoast_head_json":{"title":"Informations juridiques - Wir sagen Nein zur Bezahlkarte","robots":{"index":"index","follow":"follow","max-snippet":"max-snippet:-1","max-image-preview":"max-image-preview:large","max-video-preview":"max-video-preview:-1"},"canonical":"https:\/\/nein-zur-bezahlkarte.de\/fr\/informations-juridiques\/","og_locale":"fr_FR","og_type":"article","og_title":"Informations juridiques - Wir sagen Nein zur Bezahlkarte","og_description":"Vous y trouverez des bases l\u00e9gales, telles que des lois, des d\u00e9crets et des ordonnances, mais aussi des d\u00e9cisions et des questions parlementaires, ainsi que des d\u00e9cisions de justice et les premi\u00e8res voix de l&rsquo;administration. Bases l\u00e9gales : Bund : - Modifications de la loi AsylbLG et DEUV, textes de loi complets sous Gesetze im [&hellip;]","og_url":"https:\/\/nein-zur-bezahlkarte.de\/fr\/informations-juridiques\/","og_site_name":"Wir sagen Nein zur Bezahlkarte","article_modified_time":"2025-02-10T11:24:35+00:00","twitter_card":"summary_large_image","twitter_misc":{"Dur\u00e9e de lecture estim\u00e9e":"5 minutes"},"schema":{"@context":"https:\/\/schema.org","@graph":[{"@type":"WebPage","@id":"https:\/\/nein-zur-bezahlkarte.de\/fr\/informations-juridiques\/","url":"https:\/\/nein-zur-bezahlkarte.de\/fr\/informations-juridiques\/","name":"Informations juridiques - Wir sagen Nein zur Bezahlkarte","isPartOf":{"@id":"https:\/\/nein-zur-bezahlkarte.de\/fr\/#website"},"datePublished":"2024-11-22T22:48:08+00:00","dateModified":"2025-02-10T11:24:35+00:00","breadcrumb":{"@id":"https:\/\/nein-zur-bezahlkarte.de\/fr\/informations-juridiques\/#breadcrumb"},"inLanguage":"fr-FR","potentialAction":[{"@type":"ReadAction","target":["https:\/\/nein-zur-bezahlkarte.de\/fr\/informations-juridiques\/"]}]},{"@type":"BreadcrumbList","@id":"https:\/\/nein-zur-bezahlkarte.de\/fr\/informations-juridiques\/#breadcrumb","itemListElement":[{"@type":"ListItem","position":1,"name":"Startseite","item":"https:\/\/nein-zur-bezahlkarte.de\/fr\/"},{"@type":"ListItem","position":2,"name":"Informations juridiques"}]},{"@type":"WebSite","@id":"https:\/\/nein-zur-bezahlkarte.de\/fr\/#website","url":"https:\/\/nein-zur-bezahlkarte.de\/fr\/","name":"Wir sagen Nein zur Bezahlkarte","description":"Impressum","publisher":{"@id":"https:\/\/nein-zur-bezahlkarte.de\/fr\/#organization"},"potentialAction":[{"@type":"SearchAction","target":{"@type":"EntryPoint","urlTemplate":"https:\/\/nein-zur-bezahlkarte.de\/fr\/?s={search_term_string}"},"query-input":{"@type":"PropertyValueSpecification","valueRequired":true,"valueName":"search_term_string"}}],"inLanguage":"fr-FR"},{"@type":"Organization","@id":"https:\/\/nein-zur-bezahlkarte.de\/fr\/#organization","name":"Wir sagen Nein zur Bezahlkarte","url":"https:\/\/nein-zur-bezahlkarte.de\/fr\/","logo":{"@type":"ImageObject","inLanguage":"fr-FR","@id":"https:\/\/nein-zur-bezahlkarte.de\/fr\/#\/schema\/logo\/image\/","url":"https:\/\/nein-zur-bezahlkarte.de\/wp-content\/uploads\/2024\/11\/BZHLKRT_Logo_Vektoren_BRNDNBRG_Gelb.png","contentUrl":"https:\/\/nein-zur-bezahlkarte.de\/wp-content\/uploads\/2024\/11\/BZHLKRT_Logo_Vektoren_BRNDNBRG_Gelb.png","width":5000,"height":5000,"caption":"Wir sagen Nein zur Bezahlkarte"},"image":{"@id":"https:\/\/nein-zur-bezahlkarte.de\/fr\/#\/schema\/logo\/image\/"}}]}},"_links":{"self":[{"href":"https:\/\/nein-zur-bezahlkarte.de\/fr\/wp-json\/wp\/v2\/pages\/1902","targetHints":{"allow":["GET"]}}],"collection":[{"href":"https:\/\/nein-zur-bezahlkarte.de\/fr\/wp-json\/wp\/v2\/pages"}],"about":[{"href":"https:\/\/nein-zur-bezahlkarte.de\/fr\/wp-json\/wp\/v2\/types\/page"}],"author":[{"embeddable":true,"href":"https:\/\/nein-zur-bezahlkarte.de\/fr\/wp-json\/wp\/v2\/users\/5"}],"replies":[{"embeddable":true,"href":"https:\/\/nein-zur-bezahlkarte.de\/fr\/wp-json\/wp\/v2\/comments?post=1902"}],"version-history":[{"count":2,"href":"https:\/\/nein-zur-bezahlkarte.de\/fr\/wp-json\/wp\/v2\/pages\/1902\/revisions"}],"predecessor-version":[{"id":1919,"href":"https:\/\/nein-zur-bezahlkarte.de\/fr\/wp-json\/wp\/v2\/pages\/1902\/revisions\/1919"}],"wp:attachment":[{"href":"https:\/\/nein-zur-bezahlkarte.de\/fr\/wp-json\/wp\/v2\/media?parent=1902"}],"curies":[{"name":"wp","href":"https:\/\/api.w.org\/{rel}","templated":true}]}}