{"id":2036,"date":"2024-11-22T23:45:39","date_gmt":"2024-11-22T22:45:39","guid":{"rendered":"https:\/\/nein-zur-bezahlkarte.de\/tendances-autoritaires\/"},"modified":"2025-03-01T09:32:14","modified_gmt":"2025-03-01T08:32:14","slug":"tendances-autoritaires","status":"publish","type":"page","link":"https:\/\/nein-zur-bezahlkarte.de\/fr\/tendances-autoritaires\/","title":{"rendered":"Tendances autoritaires"},"content":{"rendered":"\n<h2 class=\"wp-block-heading is-style-text-subtitle is-style-text-subtitle--1\">Droit d&rsquo;asile - Syst\u00e8mes de bons - Cartes de paiement  <\/h2>\n\n<p class=\"is-style-text-subtitle is-style-text-subtitle--2\"><br\/>Le retour du syst\u00e8me de bons en tant que carte de paiement - Un (r\u00e9tro)regard sur l&rsquo;histoire et la continuit\u00e9 du syst\u00e8me de bons et au-del\u00e0  <\/p>\n\n<hr class=\"wp-block-separator has-text-color has-accent-1-color has-alpha-channel-opacity has-accent-1-background-color has-background is-style-dots\"\/>\n\n<h2 class=\"wp-block-heading has-text-align-center is-style-text-subtitle has-contrast-color has-accent-1-background-color has-text-color has-background has-link-color has-large-font-size wp-elements-7be2f39d04d44429ff908ac67e7edeb0 is-style-text-subtitle--3\" style=\"border-radius:100px\"><strong>Abolition du droit d&rsquo;asile et introduction de la loi sur les prestations aux demandeurs d&rsquo;asile (Asylbewerberleistungsgesetz)<\/strong><\/h2>\n\n<p><br\/>Dans les ann\u00e9es 1990, une vague de violence raciste a d\u00e9ferl\u00e9 sur l&rsquo;Allemagne. Encourag\u00e9s par Bild &amp; Co, les attentats racistes et les pogroms se sont multipli\u00e9s, les plus connus \u00e9tant ceux de M\u00f6lln et de Rostock Lichtenhagen. Dans ce climat, la CDU\/CSU, le SPD et le FDP se sont mis d&rsquo;accord sur une abolition de fait du droit d&rsquo;asile et ont introduit dans la foul\u00e9e la loi sur les prestations aux demandeurs d&rsquo;asile (Asylbewerberleistungsgesetz, AsylbLG) en 1993. <sup> [<a href=\"https:\/\/www.deutschlandfunk.de\/die-de-facto-abschaffung-des-asylrechts-100.html\">1]<\/a> [<a href=\"https:\/\/www.bpb.de\/kurz-knapp\/hintergrund-aktuell\/160780\/vor-zwanzig-jahren-einschraenkung-des-asylrechts-1993\/\">2]<\/a> [<a href=\"https:\/\/www.proasyl.de\/news\/30-jahre-asylkompromiss-ein-grundrecht-wird-ausgehoehlt\/)\">3<\/a>]<\/sup>  <\/p>\n\n<p><br\/>En 1997, la loi sur l&rsquo;asile (AsylbLG) a \u00e9galement limit\u00e9 l&rsquo;acc\u00e8s des demandeurs d&rsquo;asile aux ressources financi\u00e8res en introduisant le principe des prestations en nature. Au lieu de recevoir de l&rsquo;argent liquide, de nombreuses personnes ne recevaient plus que des bons ou des cartes \u00e0 puce qui ne pouvaient \u00eatre utilis\u00e9s que dans certains magasins et pour certains produits. Cette r\u00e9glementation n&rsquo;\u00e9tait pas seulement une restriction massive de l&rsquo;autod\u00e9termination, mais aussi un signe d&rsquo;exclusion sociale. La stigmatisation \u00e9tait in\u00e9vitable - quiconque payait avec un bon \u00e9tait imm\u00e9diatement identifi\u00e9 comme un \u00ab\u00a0\u00e9tranger*\u00a0\u00bb.   <\/p>\n\n<p>C&rsquo;est ainsi que l&rsquo;on a administr\u00e9, priv\u00e9 de droits et estampill\u00e9 avec des cartes \u00e0 puce, et ce <a href=\"https:\/\/userpage.fu-berlin.de\/~wolfseif\/verwaltet-entrechtet-abgestempelt\/texte\/chipini_chipkarten.pdf\">il y a d\u00e9j\u00e0 une bonne vingtaine d&rsquo;ann\u00e9es<\/a>.  <\/p>\n\n<p>Par-dessus le march\u00e9, une <a href=\"https:\/\/akj.rewi.hu-berlin.de\/zeitung\/03-1\/residenz.html\">obligation de r\u00e9sidence<\/a> beaucoup plus restrictive. Plus restrictive que celle qui est mise en \u0153uvre aujourd&rsquo;hui avec les obligations de r\u00e9sidence.   <\/p>\n\n<h2 class=\"wp-block-heading has-text-align-center is-style-text-subtitle has-contrast-color has-accent-1-background-color has-text-color has-background has-link-color has-large-font-size wp-elements-6b8ea28b70abdabafb2a06e213a7e9c5 is-style-text-subtitle--4\" style=\"border-radius:100px\"><strong>Achats antiracistes<\/strong><\/h2>\n\n<div class=\"wp-block-columns is-layout-flex wp-container-core-columns-is-layout-28f84493 wp-block-columns-is-layout-flex\">\n<div class=\"wp-block-column is-layout-flow wp-block-column-is-layout-flow\" style=\"flex-basis:100%\">\n<div class=\"wp-block-group has-global-padding is-layout-constrained wp-block-group-is-layout-constrained\">\n<figure class=\"wp-block-image aligncenter size-full is-resized\"><img loading=\"lazy\" decoding=\"async\" width=\"720\" height=\"576\" src=\"https:\/\/nein-zur-bezahlkarte.de\/wp-content\/uploads\/2025\/01\/p_002.bmp\" alt=\"\" class=\"wp-image-644\" style=\"aspect-ratio:1.3333333333333333;object-fit:contain;width:458px;height:auto\" srcset=\"https:\/\/nein-zur-bezahlkarte.de\/wp-content\/uploads\/2025\/01\/p_002.bmp 720w, https:\/\/nein-zur-bezahlkarte.de\/wp-content\/uploads\/2025\/01\/p_002-300x240.jpg 300w\" sizes=\"auto, (max-width: 720px) 100vw, 720px\" \/><figcaption class=\"wp-element-caption\">Photo : Archives photographiques Umbruch  <\/figcaption><\/figure>\n<\/div>\n<\/div>\n<\/div>\n\n<p>Un large mouvement d&rsquo;initiatives a organis\u00e9 des \u00ab\u00a0achats antiracistes\u00a0\u00bb, o\u00f9 des personnes solidaires et des r\u00e9fugi\u00e9s se sont rencontr\u00e9s \u00e0 des heures convenues devant des magasins pour faire des achats ensemble. Nous nous souvenons encore des S-Bahn et des Regio pleins \u00e0 craquer de Berlin vers le Brandebourg et des lourds sacs \u00e0 dos remplis de courses pour la colocation ou le projet de maison. <\/p>\n\n<p>L&rsquo;engagement politique des personnes concern\u00e9es, des militants solidaires* et des institutions sociales, les protestations dans la rue, au sein des organes politiques, les proc\u00e9dures judiciaires, la \u00ab\u00a0mar\u00e9e libre\u00a0\u00bb de la RZ, la \u00ab\u00a0Caravane pour les droits des r\u00e9fugi\u00e9s et des migrants\u00a0\u00bb, et bien d&rsquo;autres choses encore, ont permis de mettre un terme \u00e0 cette pratique inhumaine.<\/p>\n\n<p>Des m\u00e9thodes \u00e9prouv\u00e9es sont d\u00e9sormais utilis\u00e9es. P\u00e9titions, lettres incendiaires, manifestations et actions en justice. Et ce qui \u00e9tait autrefois des achats antiracistes est aujourd&rsquo;hui des actions d&rsquo;\u00e9change ou de dons. Trouvons d&rsquo;autres actions en nous inspirant des id\u00e9es des luttes pass\u00e9es.   <\/p>\n\n<p><br\/>Dans le Brandebourg, le syst\u00e8me des bons n&rsquo;a \u00e9t\u00e9 d\u00e9finitivement aboli qu&rsquo;en 2014, apr\u00e8s \u00eatre rest\u00e9 en vigueur jusqu&rsquo;en 2014 dans certains districts, comme Oberhavel-Mittelmark. <a href=\"https:\/\/www.berliner-zeitung.de\/archiv\/streit-gibt-es-aber-um-bargeldzahlung-und-unterbringung-auch-in-spandau-bekommen-fluechtlinge-keine-chipkarte-mehr-li.1334575\" target=\"_blank\" rel=\"noreferrer noopener\">A Berlin, le syst\u00e8me des bons a pris fin \u00ab\u00a0d\u00e8s\u00a0\u00bb 2007<\/a>, et l&rsquo;on esp\u00e9rait que le temps de l&rsquo;exclusion et de la d\u00e9responsabilisation \u00e9tait r\u00e9volu.<\/p>\n\n<p>Le<a href=\"https:\/\/nein-zur-bezahlkarte.de\/wp-content\/uploads\/2025\/01\/Reader-Chipkarten-Ini.pdf\"> lecteur de la Chipcard Ini<\/a> et la documentation sur le <a href=\"https:\/\/nein-zur-bezahlkarte.de\/wp-content\/uploads\/2025\/01\/der-gutscheinboykott-in-Henningsdorf-juni-2011-juni2012.pdf\">boycott des bons d&rsquo;achat \u00e0 Henningsdorf<\/a> donnent un aper\u00e7u plus d\u00e9taill\u00e9 des processus et des strat\u00e9gies.<\/p>\n\n<p style=\"padding-top:0;padding-right:0;padding-bottom:0;padding-left:0\">  L&rsquo;id\u00e9e n&rsquo;est jamais vraiment morte : \u00e0 <a href=\"https:\/\/www.sueddeutsche.de\/muenchen\/erding\/erding-bezahlkarte-kommunal-pass-1.6299151\">Erding (Bavi\u00e8re)<\/a>, il existait de 2016 \u00e0 2020 un \u00ab\u00a0Kommunalpass\u00a0\u00bb, tr\u00e8s similaire \u00e0 la carte de paiement actuelle. La faillite de Wirecard y a mis un terme. <\/p>\n\n<p style=\"padding-top:0;padding-right:0;padding-bottom:0;padding-left:0\">Mais la joie fut de courte dur\u00e9e&#8230;<\/p>\n\n<h2 class=\"wp-block-heading has-text-align-center is-style-text-subtitle has-contrast-color has-accent-1-background-color has-text-color has-background has-link-color has-large-font-size wp-elements-4ec8c8a7377aa7bde8cfb332bba3e504 is-style-text-subtitle--5\" style=\"border-radius:100px\"><strong>R\u00e9p\u00e9tition de l&rsquo;histoire<\/strong><\/h2>\n\n<p>Nous assistons aujourd&rsquo;hui \u00e0 une r\u00e9p\u00e9tition choquante de cette histoire : l&rsquo;introduction des cartes de paiement en vertu de l&rsquo;AsylbLG. La premi\u00e8re r\u00e9gion du Brandebourg \u00e0 r\u00e9introduire ces cartes de paiement a \u00e9t\u00e9 le district de <a href=\"https:\/\/www.rbb24.de\/politik\/beitrag\/2024\/05\/brandenburg-maerkisch-oderland-erster-landkreis-teilt-bezahlkarte-asylbewerber-aus.html\">M\u00e4rkisch-Oderland en mai 2024<\/a>. Ce district est d\u00e9j\u00e0 connu pour son traitement r\u00e9pressif des r\u00e9fugi\u00e9s. Au lieu de donner aux gens la libert\u00e9 de d\u00e9cider eux-m\u00eames comment ils d\u00e9pensent leur argent, ils sont \u00e0 nouveau contraints d&rsquo;entrer dans un syst\u00e8me qui les prive de leurs droits et les isole. Les cartes de paiement ne sont pas seulement un moyen technique, mais un autre outil de contr\u00f4le et de restriction qui bafoue la dignit\u00e9 des personnes concern\u00e9es.    <br\/><br\/>Ces \u00e9volutions ne doivent pas \u00eatre consid\u00e9r\u00e9es isol\u00e9ment, mais dans le contexte d&rsquo;un glissement vers la droite de la soci\u00e9t\u00e9, que l&rsquo;on observe \u00e9galement en Allemagne et en Europe ces derni\u00e8res ann\u00e9es. La rh\u00e9torique de l&rsquo;exclusion et de la discrimination a pris de l&rsquo;ampleur, les politiques rivalisent d&rsquo;exigences pour une politique d&rsquo;asile encore plus restrictive et l&rsquo;introduction de cartes payantes n&rsquo;est qu&rsquo;un exemple de plus de la mani\u00e8re dont les courants populistes tentent de saper les droits des personnes en fuite. Au lieu de promouvoir une soci\u00e9t\u00e9 inclusive et \u00e9galitaire, ils alimentent un climat de peur et de m\u00e9fiance. Les cartes de paiement ne sont pas seulement un signe de contr\u00f4le, mais aussi un symbole d&rsquo;une politique qui continue de discriminer et d&rsquo;isoler les personnes dans le besoin.   <\/p>\n\n<h2 class=\"wp-block-heading has-text-align-center is-style-text-subtitle has-contrast-color has-accent-1-background-color has-text-color has-background has-link-color has-large-font-size wp-elements-dbd9e769f83de1828d788224ff40bd6d is-style-text-subtitle--6\" style=\"border-radius:100px\"><strong>Carte de paiement : un syst\u00e8me de bons sous une forme technocratique<\/strong><\/h2>\n\n<p><br\/>Il n&rsquo;y a pas que des parall\u00e8les r\u00e9voltants entre le syst\u00e8me de bons d&rsquo;achat des ann\u00e9es 90 et les cartes de paiement actuelles. La carte de paiement est le m\u00eame syst\u00e8me revu et corrig\u00e9. Nous ne devons pas permettre que les erreurs du pass\u00e9 se r\u00e9p\u00e8tent. Il est temps non seulement de conna\u00eetre l&rsquo;histoire, mais aussi d&rsquo;en tirer les le\u00e7ons et d&rsquo;agir activement !   <\/p>\n\n<h2 class=\"wp-block-heading has-text-align-center is-style-text-subtitle has-contrast-color has-accent-1-background-color has-text-color has-background has-link-color has-large-font-size wp-elements-47701cba725326f876ebc37881e2e40d is-style-text-subtitle--7\" style=\"border-radius:100px\"><strong>D\u00e9veloppement de politiques sociales autoritaires  <\/strong><\/h2>\n\n<p><br\/>Les premi\u00e8res communes et les premiers districts ont d\u00e9j\u00e0 introduit le <a href=\"https:\/\/jacobin.de\/artikel\/arbeitszwang-gefluechtete-cdu-spd-asylbewerberleistungsgesetz-80-cent\">travail obligatoire - ou plut\u00f4t forc\u00e9 - pour les r\u00e9fugi\u00e9s<\/a>, et les jeux de r\u00e9flexion vont d\u00e9j\u00e0 plus loin : la carte payante devrait \u00eatre <a href=\"https:\/\/www.suedkurier.de\/ueberregional\/wirtschaft\/geld-finanzen\/bezahlkarte-fuer-buergergeld-empfaenger-was-wuerde-das-fuer-bezieher-bedeuten-22-7-24;art1373668,11916275\">\u00e9tendue<\/a> aux prochains groupes de personnes marginalis\u00e9es et ind\u00e9sirables. \u00ab\u00a0Il n&rsquo;est donc pas n\u00e9cessaire d&rsquo;\u00eatre proph\u00e8te pour pr\u00e9dire que les milieux int\u00e9ress\u00e9s, de la moiti\u00e9 de la droite \u00e0 l&rsquo;extr\u00eame droite [du \u00ab\u00a0centre\u00a0\u00bb, ndlr], veilleront \u00e0 ce que la carte payante ne trouve pas ses limites dans la AsylbLG. T\u00f4t ou tard, elle sera transf\u00e9r\u00e9e en tant que projet autoritaire au <a href=\"https:\/\/www.lokalkompass.de\/bochum\/c-wirtschaft\/sektorbefragungen-zur-bezahlkarte-fuer-buergergeldempfaenger-in-bochum_a1943523\">SGB II<\/a> et \u00e9ventuellement \u00e0 la protection de base des enfants, afin de donner plus de poids \u00e0 l&rsquo;obligation de travailler, de mettre au pas, de contr\u00f4ler et de sanctionner les b\u00e9n\u00e9ficiaires de prestations sociales - et de minimiser les \u00ab\u00a0facteurs d&rsquo;attraction\u00a0\u00bb des prestations sociales, qui sont en grande partie invent\u00e9s\u00a0\u00bb.<a href=\"https:\/\/www.tacheles-sozialhilfe.de\/aktuelles\/archiv\/das-asylblg-als-versuchslabor-wie-rechtspopulistische-politik-praktisch-wird.htm\"><sup>[4]<\/sup><\/a>  <\/p>\n\n<h2 class=\"wp-block-heading has-text-align-center is-style-text-subtitle has-contrast-color has-accent-1-background-color has-text-color has-background has-link-color has-x-large-font-size wp-elements-f5378a6353ec02fd3c42278e75b86a1f is-style-text-subtitle--8\" style=\"border-radius:100px\">S&rsquo;y opposer :  <\/h2>\n\n<p class=\"has-text-align-center\"><strong>Unissons-nous et luttons pour la fin des cartes de paiement ! Il est temps d&rsquo;\u00e9lever la voix de la solidarit\u00e9 et de d\u00e9fendre un avenir plus juste. Car comme le montre l&rsquo;histoire : Cela s&rsquo;est d\u00e9j\u00e0 produit auparavant - et nous ne devons pas permettre qu&rsquo;elle se r\u00e9p\u00e8te.  <\/strong><\/p>\n\n<p class=\"has-text-align-center is-style-default has-accent-2-color has-base-background-color has-text-color has-background has-link-color has-x-large-font-size wp-elements-daa6ab2efe3a6ae8a4ed2e8bbead7743\"><strong><mark style=\"background-color:rgba(0, 0, 0, 0)\" class=\"has-inline-color has-accent-2-color\">Plus jamais, c&rsquo;est maintenant ! Cela ne vaut pas seulement pour l&rsquo;AfD ! <\/mark><\/strong><\/p>\n\n<figure class=\"wp-block-image\"><img loading=\"lazy\" decoding=\"async\" width=\"1024\" height=\"683\" src=\"https:\/\/nein-zur-bezahlkarte.de\/wp-content\/uploads\/2025\/01\/1887w-1024x683.jpg\" alt=\"\" class=\"wp-image-649\" srcset=\"https:\/\/nein-zur-bezahlkarte.de\/wp-content\/uploads\/2025\/01\/1887w-1024x683.jpg 1024w, https:\/\/nein-zur-bezahlkarte.de\/wp-content\/uploads\/2025\/01\/1887w-300x200.jpg 300w, https:\/\/nein-zur-bezahlkarte.de\/wp-content\/uploads\/2025\/01\/1887w-768x512.jpg 768w, https:\/\/nein-zur-bezahlkarte.de\/wp-content\/uploads\/2025\/01\/1887w-1536x1024.jpg 1536w, https:\/\/nein-zur-bezahlkarte.de\/wp-content\/uploads\/2025\/01\/1887w-2048x1365.jpg 2048w\" sizes=\"auto, (max-width: 1024px) 100vw, 1024px\" \/><figcaption class=\"wp-element-caption\">Photo : Oliver Feldhaus\/Umbruch Bildarchiv<\/figcaption><\/figure>\n","protected":false},"excerpt":{"rendered":"<p>Droit d&rsquo;asile - Syst\u00e8mes de bons - Cartes de paiement Le retour du syst\u00e8me de bons en tant que carte de paiement - Un (r\u00e9tro)regard sur l&rsquo;histoire et la continuit\u00e9 du syst\u00e8me de bons et au-del\u00e0 Abolition du droit d&rsquo;asile et introduction de la loi sur les prestations aux demandeurs d&rsquo;asile (Asylbewerberleistungsgesetz) Dans les ann\u00e9es [&hellip;]<\/p>\n","protected":false},"author":5,"featured_media":1278,"parent":0,"menu_order":0,"comment_status":"closed","ping_status":"closed","template":"","meta":{"footnotes":""},"class_list":["post-2036","page","type-page","status-publish","has-post-thumbnail","hentry"],"yoast_head":"<!-- This site is optimized with the Yoast SEO plugin v26.4 - https:\/\/yoast.com\/wordpress\/plugins\/seo\/ -->\n<title>Tendances autoritaires - Wir sagen Nein zur Bezahlkarte<\/title>\n<meta name=\"robots\" content=\"index, follow, max-snippet:-1, max-image-preview:large, max-video-preview:-1\" \/>\n<link rel=\"canonical\" href=\"https:\/\/nein-zur-bezahlkarte.de\/fr\/tendances-autoritaires\/\" \/>\n<meta property=\"og:locale\" content=\"fr_FR\" \/>\n<meta property=\"og:type\" content=\"article\" \/>\n<meta property=\"og:title\" content=\"Tendances autoritaires - Wir sagen Nein zur Bezahlkarte\" \/>\n<meta property=\"og:description\" content=\"Droit d&rsquo;asile - Syst\u00e8mes de bons - Cartes de paiement Le retour du syst\u00e8me de bons en tant que carte de paiement - Un (r\u00e9tro)regard sur l&rsquo;histoire et la continuit\u00e9 du syst\u00e8me de bons et au-del\u00e0 Abolition du droit d&rsquo;asile et introduction de la loi sur les prestations aux demandeurs d&rsquo;asile (Asylbewerberleistungsgesetz) Dans les ann\u00e9es [&hellip;]\" \/>\n<meta property=\"og:url\" content=\"https:\/\/nein-zur-bezahlkarte.de\/fr\/tendances-autoritaires\/\" \/>\n<meta property=\"og:site_name\" content=\"Wir sagen Nein zur Bezahlkarte\" \/>\n<meta property=\"article:modified_time\" content=\"2025-03-01T08:32:14+00:00\" \/>\n<meta name=\"twitter:card\" content=\"summary_large_image\" \/>\n<meta name=\"twitter:label1\" content=\"Dur\u00e9e de lecture estim\u00e9e\" \/>\n\t<meta name=\"twitter:data1\" content=\"6 minutes\" \/>\n<script type=\"application\/ld+json\" class=\"yoast-schema-graph\">{\"@context\":\"https:\/\/schema.org\",\"@graph\":[{\"@type\":\"WebPage\",\"@id\":\"https:\/\/nein-zur-bezahlkarte.de\/fr\/tendances-autoritaires\/\",\"url\":\"https:\/\/nein-zur-bezahlkarte.de\/fr\/tendances-autoritaires\/\",\"name\":\"Tendances autoritaires - Wir sagen Nein zur Bezahlkarte\",\"isPartOf\":{\"@id\":\"https:\/\/nein-zur-bezahlkarte.de\/fr\/#website\"},\"primaryImageOfPage\":{\"@id\":\"https:\/\/nein-zur-bezahlkarte.de\/fr\/tendances-autoritaires\/#primaryimage\"},\"image\":{\"@id\":\"https:\/\/nein-zur-bezahlkarte.de\/fr\/tendances-autoritaires\/#primaryimage\"},\"thumbnailUrl\":\"https:\/\/nein-zur-bezahlkarte.de\/wp-content\/uploads\/2025\/01\/p_002.bmp\",\"datePublished\":\"2024-11-22T22:45:39+00:00\",\"dateModified\":\"2025-03-01T08:32:14+00:00\",\"breadcrumb\":{\"@id\":\"https:\/\/nein-zur-bezahlkarte.de\/fr\/tendances-autoritaires\/#breadcrumb\"},\"inLanguage\":\"fr-FR\",\"potentialAction\":[{\"@type\":\"ReadAction\",\"target\":[\"https:\/\/nein-zur-bezahlkarte.de\/fr\/tendances-autoritaires\/\"]}]},{\"@type\":\"ImageObject\",\"inLanguage\":\"fr-FR\",\"@id\":\"https:\/\/nein-zur-bezahlkarte.de\/fr\/tendances-autoritaires\/#primaryimage\",\"url\":\"https:\/\/nein-zur-bezahlkarte.de\/wp-content\/uploads\/2025\/01\/p_002.bmp\",\"contentUrl\":\"https:\/\/nein-zur-bezahlkarte.de\/wp-content\/uploads\/2025\/01\/p_002.bmp\",\"width\":720,\"height\":576,\"caption\":\"Foto: Umruch Bildarchiv\"},{\"@type\":\"BreadcrumbList\",\"@id\":\"https:\/\/nein-zur-bezahlkarte.de\/fr\/tendances-autoritaires\/#breadcrumb\",\"itemListElement\":[{\"@type\":\"ListItem\",\"position\":1,\"name\":\"Startseite\",\"item\":\"https:\/\/nein-zur-bezahlkarte.de\/fr\/\"},{\"@type\":\"ListItem\",\"position\":2,\"name\":\"Tendances autoritaires\"}]},{\"@type\":\"WebSite\",\"@id\":\"https:\/\/nein-zur-bezahlkarte.de\/fr\/#website\",\"url\":\"https:\/\/nein-zur-bezahlkarte.de\/fr\/\",\"name\":\"Wir sagen Nein zur Bezahlkarte\",\"description\":\"Impressum\",\"publisher\":{\"@id\":\"https:\/\/nein-zur-bezahlkarte.de\/fr\/#organization\"},\"potentialAction\":[{\"@type\":\"SearchAction\",\"target\":{\"@type\":\"EntryPoint\",\"urlTemplate\":\"https:\/\/nein-zur-bezahlkarte.de\/fr\/?s={search_term_string}\"},\"query-input\":{\"@type\":\"PropertyValueSpecification\",\"valueRequired\":true,\"valueName\":\"search_term_string\"}}],\"inLanguage\":\"fr-FR\"},{\"@type\":\"Organization\",\"@id\":\"https:\/\/nein-zur-bezahlkarte.de\/fr\/#organization\",\"name\":\"Wir sagen Nein zur Bezahlkarte\",\"url\":\"https:\/\/nein-zur-bezahlkarte.de\/fr\/\",\"logo\":{\"@type\":\"ImageObject\",\"inLanguage\":\"fr-FR\",\"@id\":\"https:\/\/nein-zur-bezahlkarte.de\/fr\/#\/schema\/logo\/image\/\",\"url\":\"https:\/\/nein-zur-bezahlkarte.de\/wp-content\/uploads\/2024\/11\/BZHLKRT_Logo_Vektoren_BRNDNBRG_Gelb.png\",\"contentUrl\":\"https:\/\/nein-zur-bezahlkarte.de\/wp-content\/uploads\/2024\/11\/BZHLKRT_Logo_Vektoren_BRNDNBRG_Gelb.png\",\"width\":5000,\"height\":5000,\"caption\":\"Wir sagen Nein zur Bezahlkarte\"},\"image\":{\"@id\":\"https:\/\/nein-zur-bezahlkarte.de\/fr\/#\/schema\/logo\/image\/\"}}]}<\/script>\n<!-- \/ Yoast SEO plugin. -->","yoast_head_json":{"title":"Tendances autoritaires - Wir sagen Nein zur Bezahlkarte","robots":{"index":"index","follow":"follow","max-snippet":"max-snippet:-1","max-image-preview":"max-image-preview:large","max-video-preview":"max-video-preview:-1"},"canonical":"https:\/\/nein-zur-bezahlkarte.de\/fr\/tendances-autoritaires\/","og_locale":"fr_FR","og_type":"article","og_title":"Tendances autoritaires - Wir sagen Nein zur Bezahlkarte","og_description":"Droit d&rsquo;asile - Syst\u00e8mes de bons - Cartes de paiement Le retour du syst\u00e8me de bons en tant que carte de paiement - Un (r\u00e9tro)regard sur l&rsquo;histoire et la continuit\u00e9 du syst\u00e8me de bons et au-del\u00e0 Abolition du droit d&rsquo;asile et introduction de la loi sur les prestations aux demandeurs d&rsquo;asile (Asylbewerberleistungsgesetz) Dans les ann\u00e9es [&hellip;]","og_url":"https:\/\/nein-zur-bezahlkarte.de\/fr\/tendances-autoritaires\/","og_site_name":"Wir sagen Nein zur Bezahlkarte","article_modified_time":"2025-03-01T08:32:14+00:00","twitter_card":"summary_large_image","twitter_misc":{"Dur\u00e9e de lecture estim\u00e9e":"6 minutes"},"schema":{"@context":"https:\/\/schema.org","@graph":[{"@type":"WebPage","@id":"https:\/\/nein-zur-bezahlkarte.de\/fr\/tendances-autoritaires\/","url":"https:\/\/nein-zur-bezahlkarte.de\/fr\/tendances-autoritaires\/","name":"Tendances autoritaires - Wir sagen Nein zur Bezahlkarte","isPartOf":{"@id":"https:\/\/nein-zur-bezahlkarte.de\/fr\/#website"},"primaryImageOfPage":{"@id":"https:\/\/nein-zur-bezahlkarte.de\/fr\/tendances-autoritaires\/#primaryimage"},"image":{"@id":"https:\/\/nein-zur-bezahlkarte.de\/fr\/tendances-autoritaires\/#primaryimage"},"thumbnailUrl":"https:\/\/nein-zur-bezahlkarte.de\/wp-content\/uploads\/2025\/01\/p_002.bmp","datePublished":"2024-11-22T22:45:39+00:00","dateModified":"2025-03-01T08:32:14+00:00","breadcrumb":{"@id":"https:\/\/nein-zur-bezahlkarte.de\/fr\/tendances-autoritaires\/#breadcrumb"},"inLanguage":"fr-FR","potentialAction":[{"@type":"ReadAction","target":["https:\/\/nein-zur-bezahlkarte.de\/fr\/tendances-autoritaires\/"]}]},{"@type":"ImageObject","inLanguage":"fr-FR","@id":"https:\/\/nein-zur-bezahlkarte.de\/fr\/tendances-autoritaires\/#primaryimage","url":"https:\/\/nein-zur-bezahlkarte.de\/wp-content\/uploads\/2025\/01\/p_002.bmp","contentUrl":"https:\/\/nein-zur-bezahlkarte.de\/wp-content\/uploads\/2025\/01\/p_002.bmp","width":720,"height":576,"caption":"Foto: Umruch Bildarchiv"},{"@type":"BreadcrumbList","@id":"https:\/\/nein-zur-bezahlkarte.de\/fr\/tendances-autoritaires\/#breadcrumb","itemListElement":[{"@type":"ListItem","position":1,"name":"Startseite","item":"https:\/\/nein-zur-bezahlkarte.de\/fr\/"},{"@type":"ListItem","position":2,"name":"Tendances autoritaires"}]},{"@type":"WebSite","@id":"https:\/\/nein-zur-bezahlkarte.de\/fr\/#website","url":"https:\/\/nein-zur-bezahlkarte.de\/fr\/","name":"Wir sagen Nein zur Bezahlkarte","description":"Impressum","publisher":{"@id":"https:\/\/nein-zur-bezahlkarte.de\/fr\/#organization"},"potentialAction":[{"@type":"SearchAction","target":{"@type":"EntryPoint","urlTemplate":"https:\/\/nein-zur-bezahlkarte.de\/fr\/?s={search_term_string}"},"query-input":{"@type":"PropertyValueSpecification","valueRequired":true,"valueName":"search_term_string"}}],"inLanguage":"fr-FR"},{"@type":"Organization","@id":"https:\/\/nein-zur-bezahlkarte.de\/fr\/#organization","name":"Wir sagen Nein zur Bezahlkarte","url":"https:\/\/nein-zur-bezahlkarte.de\/fr\/","logo":{"@type":"ImageObject","inLanguage":"fr-FR","@id":"https:\/\/nein-zur-bezahlkarte.de\/fr\/#\/schema\/logo\/image\/","url":"https:\/\/nein-zur-bezahlkarte.de\/wp-content\/uploads\/2024\/11\/BZHLKRT_Logo_Vektoren_BRNDNBRG_Gelb.png","contentUrl":"https:\/\/nein-zur-bezahlkarte.de\/wp-content\/uploads\/2024\/11\/BZHLKRT_Logo_Vektoren_BRNDNBRG_Gelb.png","width":5000,"height":5000,"caption":"Wir sagen Nein zur Bezahlkarte"},"image":{"@id":"https:\/\/nein-zur-bezahlkarte.de\/fr\/#\/schema\/logo\/image\/"}}]}},"_links":{"self":[{"href":"https:\/\/nein-zur-bezahlkarte.de\/fr\/wp-json\/wp\/v2\/pages\/2036","targetHints":{"allow":["GET"]}}],"collection":[{"href":"https:\/\/nein-zur-bezahlkarte.de\/fr\/wp-json\/wp\/v2\/pages"}],"about":[{"href":"https:\/\/nein-zur-bezahlkarte.de\/fr\/wp-json\/wp\/v2\/types\/page"}],"author":[{"embeddable":true,"href":"https:\/\/nein-zur-bezahlkarte.de\/fr\/wp-json\/wp\/v2\/users\/5"}],"replies":[{"embeddable":true,"href":"https:\/\/nein-zur-bezahlkarte.de\/fr\/wp-json\/wp\/v2\/comments?post=2036"}],"version-history":[{"count":4,"href":"https:\/\/nein-zur-bezahlkarte.de\/fr\/wp-json\/wp\/v2\/pages\/2036\/revisions"}],"predecessor-version":[{"id":2167,"href":"https:\/\/nein-zur-bezahlkarte.de\/fr\/wp-json\/wp\/v2\/pages\/2036\/revisions\/2167"}],"wp:featuredmedia":[{"embeddable":true,"href":"https:\/\/nein-zur-bezahlkarte.de\/fr\/wp-json\/wp\/v2\/media\/1278"}],"wp:attachment":[{"href":"https:\/\/nein-zur-bezahlkarte.de\/fr\/wp-json\/wp\/v2\/media?parent=2036"}],"curies":[{"name":"wp","href":"https:\/\/api.w.org\/{rel}","templated":true}]}}