{"id":2142,"date":"2025-03-01T00:14:44","date_gmt":"2025-02-28T23:14:44","guid":{"rendered":"https:\/\/nein-zur-bezahlkarte.de\/infos\/"},"modified":"2025-03-01T00:14:51","modified_gmt":"2025-02-28T23:14:51","slug":"infos","status":"publish","type":"page","link":"https:\/\/nein-zur-bezahlkarte.de\/fr\/infos\/","title":{"rendered":"Infos"},"content":{"rendered":"\n<p class=\"is-style-text-subtitle is-style-text-subtitle--1\">Vous trouverez ici plus d&rsquo;informations sur la carte de paiement, les arguments contre, le contexte juridique ainsi qu&rsquo;une petite mise en perspective historique. Vous y trouverez \u00e9galement des liens utiles. <\/p>\n\n<hr class=\"wp-block-separator has-text-color has-accent-1-color has-alpha-channel-opacity has-accent-1-background-color has-background is-style-dots\"\/>\n\n<p><strong>Cette carte de paiement, qu&rsquo;est-ce que c&rsquo;est au juste et comment fonctionne-t-elle ?<\/strong><br\/><a href=\"https:\/\/nein-zur-bezahlkarte.de\/fr\/informations-sur-la-carte-de-paiement\/\"><mark style=\"background-color:rgba(0, 0, 0, 0)\" class=\"has-inline-color has-accent-2-color\">FAQ sur la carte de paiement<\/mark><\/a><\/p>\n\n<p><strong>Quelles sont les bases l\u00e9gales ? Existe-t-il d\u00e9j\u00e0 une jurisprudence en la mati\u00e8re ? Et que disent les parlements et les administrations ?  <\/strong><br\/><a href=\"https:\/\/nein-zur-bezahlkarte.de\/fr\/informations-juridiques\/\"><mark style=\"background-color:rgba(0, 0, 0, 0)\" class=\"has-inline-color has-accent-2-color\">Informations juridiques<\/mark><\/a><\/p>\n\n<p><strong>(R\u00e9)regard sur l&rsquo;histoire et la continuit\u00e9 du syst\u00e8me de bons et au-del\u00e0 - car cette forme de politique sociale autoritaire n&rsquo;est malheureusement pas nouvelle<\/strong>.<br\/><a href=\"https:\/\/nein-zur-bezahlkarte.de\/fr\/tendances-autoritaires\/\"><mark style=\"background-color:rgba(0, 0, 0, 0)\" class=\"has-inline-color has-accent-2-color\">Tendances autoritaires<\/mark><\/a><\/p>\n\n<p><strong>Quelles sont les affirmations des partisans de la carte de paiement qui sont vraies ? Quels sont les arguments contre ? <\/strong><br\/><a href=\"https:\/\/nein-zur-bezahlkarte.de\/fr\/verification-des-faits\/\"><mark style=\"background-color:rgba(0, 0, 0, 0)\" class=\"has-inline-color has-accent-2-color\">V\u00e9rification des faits<\/mark><\/a><\/p>\n\n<p><strong>C&rsquo;est tout ?<\/strong><\/p>\n\n<p style=\"margin-top:0;margin-bottom:0;padding-top:0;padding-right:0;padding-bottom:0;padding-left:0\">Il existe de nombreuses autres personnes qui informent sur la carte de paiement et s&rsquo;y opposent. Vous trouverez certaines d&rsquo;entre elles, ainsi que des articles de presse, des recherches de fond et des vid\u00e9os dans la section <a href=\"https:\/\/nein-zur-bezahlkarte.de\/fr\/collection-de-liens\/\"><mark style=\"background-color:rgba(0, 0, 0, 0)\" class=\"has-inline-color has-accent-2-color\">Collection de liens<\/mark><\/a> <\/p>\n\n<p><\/p>\n","protected":false},"excerpt":{"rendered":"<p>Vous trouverez ici plus d&rsquo;informations sur la carte de paiement, les arguments contre, le contexte juridique ainsi qu&rsquo;une petite mise en perspective historique. Vous y trouverez \u00e9galement des liens utiles. Cette carte de paiement, qu&rsquo;est-ce que c&rsquo;est au juste et comment fonctionne-t-elle ?FAQ sur la carte de paiement Quelles sont les bases l\u00e9gales ? Existe-t-il [&hellip;]<\/p>\n","protected":false},"author":3,"featured_media":0,"parent":0,"menu_order":0,"comment_status":"closed","ping_status":"closed","template":"","meta":{"footnotes":""},"class_list":["post-2142","page","type-page","status-publish","hentry"],"yoast_head":"<!-- This site is optimized with the Yoast SEO plugin v26.4 - https:\/\/yoast.com\/wordpress\/plugins\/seo\/ -->\n<title>Infos - Wir sagen Nein zur Bezahlkarte<\/title>\n<meta name=\"robots\" content=\"index, follow, max-snippet:-1, max-image-preview:large, max-video-preview:-1\" \/>\n<link rel=\"canonical\" href=\"https:\/\/nein-zur-bezahlkarte.de\/fr\/infos\/\" \/>\n<meta property=\"og:locale\" content=\"fr_FR\" \/>\n<meta property=\"og:type\" content=\"article\" \/>\n<meta property=\"og:title\" content=\"Infos - Wir sagen Nein zur Bezahlkarte\" \/>\n<meta property=\"og:description\" content=\"Vous trouverez ici plus d&rsquo;informations sur la carte de paiement, les arguments contre, le contexte juridique ainsi qu&rsquo;une petite mise en perspective historique. Vous y trouverez \u00e9galement des liens utiles. Cette carte de paiement, qu&rsquo;est-ce que c&rsquo;est au juste et comment fonctionne-t-elle ?FAQ sur la carte de paiement Quelles sont les bases l\u00e9gales ? Existe-t-il [&hellip;]\" \/>\n<meta property=\"og:url\" content=\"https:\/\/nein-zur-bezahlkarte.de\/fr\/infos\/\" \/>\n<meta property=\"og:site_name\" content=\"Wir sagen Nein zur Bezahlkarte\" \/>\n<meta property=\"article:modified_time\" content=\"2025-02-28T23:14:51+00:00\" \/>\n<meta name=\"twitter:card\" content=\"summary_large_image\" \/>\n<meta name=\"twitter:label1\" content=\"Dur\u00e9e de lecture estim\u00e9e\" \/>\n\t<meta name=\"twitter:data1\" content=\"1 minute\" \/>\n<script type=\"application\/ld+json\" class=\"yoast-schema-graph\">{\"@context\":\"https:\/\/schema.org\",\"@graph\":[{\"@type\":\"WebPage\",\"@id\":\"https:\/\/nein-zur-bezahlkarte.de\/fr\/infos\/\",\"url\":\"https:\/\/nein-zur-bezahlkarte.de\/fr\/infos\/\",\"name\":\"Infos - Wir sagen Nein zur Bezahlkarte\",\"isPartOf\":{\"@id\":\"https:\/\/nein-zur-bezahlkarte.de\/fr\/#website\"},\"datePublished\":\"2025-02-28T23:14:44+00:00\",\"dateModified\":\"2025-02-28T23:14:51+00:00\",\"breadcrumb\":{\"@id\":\"https:\/\/nein-zur-bezahlkarte.de\/fr\/infos\/#breadcrumb\"},\"inLanguage\":\"fr-FR\",\"potentialAction\":[{\"@type\":\"ReadAction\",\"target\":[\"https:\/\/nein-zur-bezahlkarte.de\/fr\/infos\/\"]}]},{\"@type\":\"BreadcrumbList\",\"@id\":\"https:\/\/nein-zur-bezahlkarte.de\/fr\/infos\/#breadcrumb\",\"itemListElement\":[{\"@type\":\"ListItem\",\"position\":1,\"name\":\"Startseite\",\"item\":\"https:\/\/nein-zur-bezahlkarte.de\/fr\/\"},{\"@type\":\"ListItem\",\"position\":2,\"name\":\"Infos\"}]},{\"@type\":\"WebSite\",\"@id\":\"https:\/\/nein-zur-bezahlkarte.de\/fr\/#website\",\"url\":\"https:\/\/nein-zur-bezahlkarte.de\/fr\/\",\"name\":\"Wir sagen Nein zur Bezahlkarte\",\"description\":\"Impressum\",\"publisher\":{\"@id\":\"https:\/\/nein-zur-bezahlkarte.de\/fr\/#organization\"},\"potentialAction\":[{\"@type\":\"SearchAction\",\"target\":{\"@type\":\"EntryPoint\",\"urlTemplate\":\"https:\/\/nein-zur-bezahlkarte.de\/fr\/?s={search_term_string}\"},\"query-input\":{\"@type\":\"PropertyValueSpecification\",\"valueRequired\":true,\"valueName\":\"search_term_string\"}}],\"inLanguage\":\"fr-FR\"},{\"@type\":\"Organization\",\"@id\":\"https:\/\/nein-zur-bezahlkarte.de\/fr\/#organization\",\"name\":\"Wir sagen Nein zur Bezahlkarte\",\"url\":\"https:\/\/nein-zur-bezahlkarte.de\/fr\/\",\"logo\":{\"@type\":\"ImageObject\",\"inLanguage\":\"fr-FR\",\"@id\":\"https:\/\/nein-zur-bezahlkarte.de\/fr\/#\/schema\/logo\/image\/\",\"url\":\"https:\/\/nein-zur-bezahlkarte.de\/wp-content\/uploads\/2024\/11\/BZHLKRT_Logo_Vektoren_BRNDNBRG_Gelb.png\",\"contentUrl\":\"https:\/\/nein-zur-bezahlkarte.de\/wp-content\/uploads\/2024\/11\/BZHLKRT_Logo_Vektoren_BRNDNBRG_Gelb.png\",\"width\":5000,\"height\":5000,\"caption\":\"Wir sagen Nein zur Bezahlkarte\"},\"image\":{\"@id\":\"https:\/\/nein-zur-bezahlkarte.de\/fr\/#\/schema\/logo\/image\/\"}}]}<\/script>\n<!-- \/ Yoast SEO plugin. -->","yoast_head_json":{"title":"Infos - Wir sagen Nein zur Bezahlkarte","robots":{"index":"index","follow":"follow","max-snippet":"max-snippet:-1","max-image-preview":"max-image-preview:large","max-video-preview":"max-video-preview:-1"},"canonical":"https:\/\/nein-zur-bezahlkarte.de\/fr\/infos\/","og_locale":"fr_FR","og_type":"article","og_title":"Infos - Wir sagen Nein zur Bezahlkarte","og_description":"Vous trouverez ici plus d&rsquo;informations sur la carte de paiement, les arguments contre, le contexte juridique ainsi qu&rsquo;une petite mise en perspective historique. Vous y trouverez \u00e9galement des liens utiles. Cette carte de paiement, qu&rsquo;est-ce que c&rsquo;est au juste et comment fonctionne-t-elle ?FAQ sur la carte de paiement Quelles sont les bases l\u00e9gales ? Existe-t-il [&hellip;]","og_url":"https:\/\/nein-zur-bezahlkarte.de\/fr\/infos\/","og_site_name":"Wir sagen Nein zur Bezahlkarte","article_modified_time":"2025-02-28T23:14:51+00:00","twitter_card":"summary_large_image","twitter_misc":{"Dur\u00e9e de lecture estim\u00e9e":"1 minute"},"schema":{"@context":"https:\/\/schema.org","@graph":[{"@type":"WebPage","@id":"https:\/\/nein-zur-bezahlkarte.de\/fr\/infos\/","url":"https:\/\/nein-zur-bezahlkarte.de\/fr\/infos\/","name":"Infos - Wir sagen Nein zur Bezahlkarte","isPartOf":{"@id":"https:\/\/nein-zur-bezahlkarte.de\/fr\/#website"},"datePublished":"2025-02-28T23:14:44+00:00","dateModified":"2025-02-28T23:14:51+00:00","breadcrumb":{"@id":"https:\/\/nein-zur-bezahlkarte.de\/fr\/infos\/#breadcrumb"},"inLanguage":"fr-FR","potentialAction":[{"@type":"ReadAction","target":["https:\/\/nein-zur-bezahlkarte.de\/fr\/infos\/"]}]},{"@type":"BreadcrumbList","@id":"https:\/\/nein-zur-bezahlkarte.de\/fr\/infos\/#breadcrumb","itemListElement":[{"@type":"ListItem","position":1,"name":"Startseite","item":"https:\/\/nein-zur-bezahlkarte.de\/fr\/"},{"@type":"ListItem","position":2,"name":"Infos"}]},{"@type":"WebSite","@id":"https:\/\/nein-zur-bezahlkarte.de\/fr\/#website","url":"https:\/\/nein-zur-bezahlkarte.de\/fr\/","name":"Wir sagen Nein zur Bezahlkarte","description":"Impressum","publisher":{"@id":"https:\/\/nein-zur-bezahlkarte.de\/fr\/#organization"},"potentialAction":[{"@type":"SearchAction","target":{"@type":"EntryPoint","urlTemplate":"https:\/\/nein-zur-bezahlkarte.de\/fr\/?s={search_term_string}"},"query-input":{"@type":"PropertyValueSpecification","valueRequired":true,"valueName":"search_term_string"}}],"inLanguage":"fr-FR"},{"@type":"Organization","@id":"https:\/\/nein-zur-bezahlkarte.de\/fr\/#organization","name":"Wir sagen Nein zur Bezahlkarte","url":"https:\/\/nein-zur-bezahlkarte.de\/fr\/","logo":{"@type":"ImageObject","inLanguage":"fr-FR","@id":"https:\/\/nein-zur-bezahlkarte.de\/fr\/#\/schema\/logo\/image\/","url":"https:\/\/nein-zur-bezahlkarte.de\/wp-content\/uploads\/2024\/11\/BZHLKRT_Logo_Vektoren_BRNDNBRG_Gelb.png","contentUrl":"https:\/\/nein-zur-bezahlkarte.de\/wp-content\/uploads\/2024\/11\/BZHLKRT_Logo_Vektoren_BRNDNBRG_Gelb.png","width":5000,"height":5000,"caption":"Wir sagen Nein zur Bezahlkarte"},"image":{"@id":"https:\/\/nein-zur-bezahlkarte.de\/fr\/#\/schema\/logo\/image\/"}}]}},"_links":{"self":[{"href":"https:\/\/nein-zur-bezahlkarte.de\/fr\/wp-json\/wp\/v2\/pages\/2142","targetHints":{"allow":["GET"]}}],"collection":[{"href":"https:\/\/nein-zur-bezahlkarte.de\/fr\/wp-json\/wp\/v2\/pages"}],"about":[{"href":"https:\/\/nein-zur-bezahlkarte.de\/fr\/wp-json\/wp\/v2\/types\/page"}],"author":[{"embeddable":true,"href":"https:\/\/nein-zur-bezahlkarte.de\/fr\/wp-json\/wp\/v2\/users\/3"}],"replies":[{"embeddable":true,"href":"https:\/\/nein-zur-bezahlkarte.de\/fr\/wp-json\/wp\/v2\/comments?post=2142"}],"version-history":[{"count":1,"href":"https:\/\/nein-zur-bezahlkarte.de\/fr\/wp-json\/wp\/v2\/pages\/2142\/revisions"}],"predecessor-version":[{"id":2143,"href":"https:\/\/nein-zur-bezahlkarte.de\/fr\/wp-json\/wp\/v2\/pages\/2142\/revisions\/2143"}],"wp:attachment":[{"href":"https:\/\/nein-zur-bezahlkarte.de\/fr\/wp-json\/wp\/v2\/media?parent=2142"}],"curies":[{"name":"wp","href":"https:\/\/api.w.org\/{rel}","templated":true}]}}