{"id":2248,"date":"2025-03-12T19:24:58","date_gmt":"2025-03-12T18:24:58","guid":{"rendered":"https:\/\/nein-zur-bezahlkarte.de\/mentions-legales\/"},"modified":"2025-03-12T19:25:07","modified_gmt":"2025-03-12T18:25:07","slug":"mentions-legales","status":"publish","type":"page","link":"https:\/\/nein-zur-bezahlkarte.de\/fr\/mentions-legales\/","title":{"rendered":"Mentions l\u00e9gales"},"content":{"rendered":"\n<p>Fl\u00fcchtlingsrat Berlin e.V.<br\/>Greifswalder Str. 4<br\/>10405 Berlin<\/p>\n\n<p>Fon : 030-22476311<br\/>Fax : 030-22476312<\/p>\n\n<p>Heures d&rsquo;ouverture du t\u00e9l\u00e9phone Lun-Jeu de 10h \u00e0 15h<br\/>E-mail : <a href=\"mailto:buero@fluechtlingsrat-berlin.de\">buero@fluechtlingsrat-berlin.de<\/a><\/p>\n\n<p>Forme juridique de l&rsquo;op\u00e9rateur : association enregistr\u00e9e<br\/>Vereinsregister-Nr. VR 19356 B, Amtsgericht Berlin-Charlottenburg <\/p>\n\n<p>L&rsquo;association est repr\u00e9sent\u00e9e juridiquement et extrajudiciairement par deux membres du conseil d&rsquo;administration agissant conjointement.<\/p>\n\n<p><\/p>\n\n<p><strong>Conseil d&rsquo;administration autoris\u00e9 \u00e0 repr\u00e9senter l&rsquo;association :<\/strong> Walid Chahrour, Sabine Speiser, Tahere Lindhorst, Hanns Thom\u00e4, Tareq Alaows, Daniel Jasch (adresses comme ci-dessus).<\/p>\n\n<p><\/p>\n\n<p><\/p>\n\n<p><\/p>\n","protected":false},"excerpt":{"rendered":"<p>Fl\u00fcchtlingsrat Berlin e.V.Greifswalder Str. 410405 Berlin Fon : 030-22476311Fax : 030-22476312 Heures d&rsquo;ouverture du t\u00e9l\u00e9phone Lun-Jeu de 10h \u00e0 15hE-mail : buero@fluechtlingsrat-berlin.de Forme juridique de l&rsquo;op\u00e9rateur : association enregistr\u00e9eVereinsregister-Nr. VR 19356 B, Amtsgericht Berlin-Charlottenburg L&rsquo;association est repr\u00e9sent\u00e9e juridiquement et extrajudiciairement par deux membres du conseil d&rsquo;administration agissant conjointement. Conseil d&rsquo;administration autoris\u00e9 \u00e0 repr\u00e9senter l&rsquo;association : [&hellip;]<\/p>\n","protected":false},"author":11,"featured_media":0,"parent":0,"menu_order":0,"comment_status":"closed","ping_status":"closed","template":"","meta":{"footnotes":""},"class_list":["post-2248","page","type-page","status-publish","hentry"],"yoast_head":"<!-- This site is optimized with the Yoast SEO plugin v26.4 - https:\/\/yoast.com\/wordpress\/plugins\/seo\/ -->\n<title>Mentions l\u00e9gales - Wir sagen Nein zur Bezahlkarte<\/title>\n<meta name=\"robots\" content=\"index, follow, max-snippet:-1, max-image-preview:large, max-video-preview:-1\" \/>\n<link rel=\"canonical\" href=\"https:\/\/nein-zur-bezahlkarte.de\/fr\/mentions-legales\/\" \/>\n<meta property=\"og:locale\" content=\"fr_FR\" \/>\n<meta property=\"og:type\" content=\"article\" \/>\n<meta property=\"og:title\" content=\"Mentions l\u00e9gales - Wir sagen Nein zur Bezahlkarte\" \/>\n<meta property=\"og:description\" content=\"Fl\u00fcchtlingsrat Berlin e.V.Greifswalder Str. 410405 Berlin Fon : 030-22476311Fax : 030-22476312 Heures d&rsquo;ouverture du t\u00e9l\u00e9phone Lun-Jeu de 10h \u00e0 15hE-mail : buero@fluechtlingsrat-berlin.de Forme juridique de l&rsquo;op\u00e9rateur : association enregistr\u00e9eVereinsregister-Nr. VR 19356 B, Amtsgericht Berlin-Charlottenburg L&rsquo;association est repr\u00e9sent\u00e9e juridiquement et extrajudiciairement par deux membres du conseil d&rsquo;administration agissant conjointement. Conseil d&rsquo;administration autoris\u00e9 \u00e0 repr\u00e9senter l&rsquo;association : [&hellip;]\" \/>\n<meta property=\"og:url\" content=\"https:\/\/nein-zur-bezahlkarte.de\/fr\/mentions-legales\/\" \/>\n<meta property=\"og:site_name\" content=\"Wir sagen Nein zur Bezahlkarte\" \/>\n<meta property=\"article:modified_time\" content=\"2025-03-12T18:25:07+00:00\" \/>\n<meta name=\"twitter:card\" content=\"summary_large_image\" \/>\n<script type=\"application\/ld+json\" class=\"yoast-schema-graph\">{\"@context\":\"https:\/\/schema.org\",\"@graph\":[{\"@type\":\"WebPage\",\"@id\":\"https:\/\/nein-zur-bezahlkarte.de\/fr\/mentions-legales\/\",\"url\":\"https:\/\/nein-zur-bezahlkarte.de\/fr\/mentions-legales\/\",\"name\":\"Mentions l\u00e9gales - Wir sagen Nein zur Bezahlkarte\",\"isPartOf\":{\"@id\":\"https:\/\/nein-zur-bezahlkarte.de\/fr\/#website\"},\"datePublished\":\"2025-03-12T18:24:58+00:00\",\"dateModified\":\"2025-03-12T18:25:07+00:00\",\"breadcrumb\":{\"@id\":\"https:\/\/nein-zur-bezahlkarte.de\/fr\/mentions-legales\/#breadcrumb\"},\"inLanguage\":\"fr-FR\",\"potentialAction\":[{\"@type\":\"ReadAction\",\"target\":[\"https:\/\/nein-zur-bezahlkarte.de\/fr\/mentions-legales\/\"]}]},{\"@type\":\"BreadcrumbList\",\"@id\":\"https:\/\/nein-zur-bezahlkarte.de\/fr\/mentions-legales\/#breadcrumb\",\"itemListElement\":[{\"@type\":\"ListItem\",\"position\":1,\"name\":\"Startseite\",\"item\":\"https:\/\/nein-zur-bezahlkarte.de\/fr\/\"},{\"@type\":\"ListItem\",\"position\":2,\"name\":\"Mentions l\u00e9gales\"}]},{\"@type\":\"WebSite\",\"@id\":\"https:\/\/nein-zur-bezahlkarte.de\/fr\/#website\",\"url\":\"https:\/\/nein-zur-bezahlkarte.de\/fr\/\",\"name\":\"Wir sagen Nein zur Bezahlkarte\",\"description\":\"Impressum\",\"publisher\":{\"@id\":\"https:\/\/nein-zur-bezahlkarte.de\/fr\/#organization\"},\"potentialAction\":[{\"@type\":\"SearchAction\",\"target\":{\"@type\":\"EntryPoint\",\"urlTemplate\":\"https:\/\/nein-zur-bezahlkarte.de\/fr\/?s={search_term_string}\"},\"query-input\":{\"@type\":\"PropertyValueSpecification\",\"valueRequired\":true,\"valueName\":\"search_term_string\"}}],\"inLanguage\":\"fr-FR\"},{\"@type\":\"Organization\",\"@id\":\"https:\/\/nein-zur-bezahlkarte.de\/fr\/#organization\",\"name\":\"Wir sagen Nein zur Bezahlkarte\",\"url\":\"https:\/\/nein-zur-bezahlkarte.de\/fr\/\",\"logo\":{\"@type\":\"ImageObject\",\"inLanguage\":\"fr-FR\",\"@id\":\"https:\/\/nein-zur-bezahlkarte.de\/fr\/#\/schema\/logo\/image\/\",\"url\":\"https:\/\/nein-zur-bezahlkarte.de\/wp-content\/uploads\/2024\/11\/BZHLKRT_Logo_Vektoren_BRNDNBRG_Gelb.png\",\"contentUrl\":\"https:\/\/nein-zur-bezahlkarte.de\/wp-content\/uploads\/2024\/11\/BZHLKRT_Logo_Vektoren_BRNDNBRG_Gelb.png\",\"width\":5000,\"height\":5000,\"caption\":\"Wir sagen Nein zur Bezahlkarte\"},\"image\":{\"@id\":\"https:\/\/nein-zur-bezahlkarte.de\/fr\/#\/schema\/logo\/image\/\"}}]}<\/script>\n<!-- \/ Yoast SEO plugin. -->","yoast_head_json":{"title":"Mentions l\u00e9gales - Wir sagen Nein zur Bezahlkarte","robots":{"index":"index","follow":"follow","max-snippet":"max-snippet:-1","max-image-preview":"max-image-preview:large","max-video-preview":"max-video-preview:-1"},"canonical":"https:\/\/nein-zur-bezahlkarte.de\/fr\/mentions-legales\/","og_locale":"fr_FR","og_type":"article","og_title":"Mentions l\u00e9gales - Wir sagen Nein zur Bezahlkarte","og_description":"Fl\u00fcchtlingsrat Berlin e.V.Greifswalder Str. 410405 Berlin Fon : 030-22476311Fax : 030-22476312 Heures d&rsquo;ouverture du t\u00e9l\u00e9phone Lun-Jeu de 10h \u00e0 15hE-mail : buero@fluechtlingsrat-berlin.de Forme juridique de l&rsquo;op\u00e9rateur : association enregistr\u00e9eVereinsregister-Nr. VR 19356 B, Amtsgericht Berlin-Charlottenburg L&rsquo;association est repr\u00e9sent\u00e9e juridiquement et extrajudiciairement par deux membres du conseil d&rsquo;administration agissant conjointement. Conseil d&rsquo;administration autoris\u00e9 \u00e0 repr\u00e9senter l&rsquo;association : [&hellip;]","og_url":"https:\/\/nein-zur-bezahlkarte.de\/fr\/mentions-legales\/","og_site_name":"Wir sagen Nein zur Bezahlkarte","article_modified_time":"2025-03-12T18:25:07+00:00","twitter_card":"summary_large_image","schema":{"@context":"https:\/\/schema.org","@graph":[{"@type":"WebPage","@id":"https:\/\/nein-zur-bezahlkarte.de\/fr\/mentions-legales\/","url":"https:\/\/nein-zur-bezahlkarte.de\/fr\/mentions-legales\/","name":"Mentions l\u00e9gales - Wir sagen Nein zur Bezahlkarte","isPartOf":{"@id":"https:\/\/nein-zur-bezahlkarte.de\/fr\/#website"},"datePublished":"2025-03-12T18:24:58+00:00","dateModified":"2025-03-12T18:25:07+00:00","breadcrumb":{"@id":"https:\/\/nein-zur-bezahlkarte.de\/fr\/mentions-legales\/#breadcrumb"},"inLanguage":"fr-FR","potentialAction":[{"@type":"ReadAction","target":["https:\/\/nein-zur-bezahlkarte.de\/fr\/mentions-legales\/"]}]},{"@type":"BreadcrumbList","@id":"https:\/\/nein-zur-bezahlkarte.de\/fr\/mentions-legales\/#breadcrumb","itemListElement":[{"@type":"ListItem","position":1,"name":"Startseite","item":"https:\/\/nein-zur-bezahlkarte.de\/fr\/"},{"@type":"ListItem","position":2,"name":"Mentions l\u00e9gales"}]},{"@type":"WebSite","@id":"https:\/\/nein-zur-bezahlkarte.de\/fr\/#website","url":"https:\/\/nein-zur-bezahlkarte.de\/fr\/","name":"Wir sagen Nein zur Bezahlkarte","description":"Impressum","publisher":{"@id":"https:\/\/nein-zur-bezahlkarte.de\/fr\/#organization"},"potentialAction":[{"@type":"SearchAction","target":{"@type":"EntryPoint","urlTemplate":"https:\/\/nein-zur-bezahlkarte.de\/fr\/?s={search_term_string}"},"query-input":{"@type":"PropertyValueSpecification","valueRequired":true,"valueName":"search_term_string"}}],"inLanguage":"fr-FR"},{"@type":"Organization","@id":"https:\/\/nein-zur-bezahlkarte.de\/fr\/#organization","name":"Wir sagen Nein zur Bezahlkarte","url":"https:\/\/nein-zur-bezahlkarte.de\/fr\/","logo":{"@type":"ImageObject","inLanguage":"fr-FR","@id":"https:\/\/nein-zur-bezahlkarte.de\/fr\/#\/schema\/logo\/image\/","url":"https:\/\/nein-zur-bezahlkarte.de\/wp-content\/uploads\/2024\/11\/BZHLKRT_Logo_Vektoren_BRNDNBRG_Gelb.png","contentUrl":"https:\/\/nein-zur-bezahlkarte.de\/wp-content\/uploads\/2024\/11\/BZHLKRT_Logo_Vektoren_BRNDNBRG_Gelb.png","width":5000,"height":5000,"caption":"Wir sagen Nein zur Bezahlkarte"},"image":{"@id":"https:\/\/nein-zur-bezahlkarte.de\/fr\/#\/schema\/logo\/image\/"}}]}},"_links":{"self":[{"href":"https:\/\/nein-zur-bezahlkarte.de\/fr\/wp-json\/wp\/v2\/pages\/2248","targetHints":{"allow":["GET"]}}],"collection":[{"href":"https:\/\/nein-zur-bezahlkarte.de\/fr\/wp-json\/wp\/v2\/pages"}],"about":[{"href":"https:\/\/nein-zur-bezahlkarte.de\/fr\/wp-json\/wp\/v2\/types\/page"}],"author":[{"embeddable":true,"href":"https:\/\/nein-zur-bezahlkarte.de\/fr\/wp-json\/wp\/v2\/users\/11"}],"replies":[{"embeddable":true,"href":"https:\/\/nein-zur-bezahlkarte.de\/fr\/wp-json\/wp\/v2\/comments?post=2248"}],"version-history":[{"count":1,"href":"https:\/\/nein-zur-bezahlkarte.de\/fr\/wp-json\/wp\/v2\/pages\/2248\/revisions"}],"predecessor-version":[{"id":2249,"href":"https:\/\/nein-zur-bezahlkarte.de\/fr\/wp-json\/wp\/v2\/pages\/2248\/revisions\/2249"}],"wp:attachment":[{"href":"https:\/\/nein-zur-bezahlkarte.de\/fr\/wp-json\/wp\/v2\/media?parent=2248"}],"curies":[{"name":"wp","href":"https:\/\/api.w.org\/{rel}","templated":true}]}}