{"id":2295,"date":"2025-03-12T19:43:21","date_gmt":"2025-03-12T18:43:21","guid":{"rendered":"https:\/\/nein-zur-bezahlkarte.de\/declarations-video\/"},"modified":"2025-04-23T12:34:13","modified_gmt":"2025-04-23T10:34:13","slug":"declarations-video","status":"publish","type":"page","link":"https:\/\/nein-zur-bezahlkarte.de\/fr\/declarations-video\/","title":{"rendered":"D\u00e9clarations vid\u00e9o"},"content":{"rendered":"\n<p>La carte de paiement limite les droits fondamentaux, d\u00e9responsabilise les personnes et complique consid\u00e9rablement la vie quotidienne. Pourtant, de nombreuses organisations et groupes s&rsquo;opposent \u00e0 cette pratique discriminatoire ! <\/p>\n\n<p>Dans nos d\u00e9clarations vid\u00e9o, des repr\u00e9sentants de diff\u00e9rentes initiatives expliquent pourquoi ils rejettent la carte de paiement et quelles sont ses cons\u00e9quences pour les personnes concern\u00e9es. Ils partagent leurs exp\u00e9riences, leur contexte et leurs revendications - pour une cohabitation solidaire au lieu de l&rsquo;exclusion sociale ! <\/p>\n\n<p>\u270a Regardez, partagez les vid\u00e9os et joignez-vous \u00e0 nous pour marquer votre opposition \u00e0 la carte payante ! #NeinZurBezahlkarte<\/p>\n\n<p>Ed Greve &amp; Magdalena Benavente, <strong>Conseil des migrations de Berlin<\/strong><\/p>\n\n<figure class=\"wp-block-embed is-type-rich is-provider-handler-einbetten wp-block-embed-handler-einbetten wp-embed-aspect-16-9 wp-has-aspect-ratio\"><div class=\"wp-block-embed__wrapper\">\n<iframe loading=\"lazy\" title=\"Migrationsrat Berlin\" width=\"500\" height=\"281\" src=\"https:\/\/www.youtube.com\/embed\/sPYYrjCJD-M?feature=oembed\" frameborder=\"0\" allow=\"accelerometer; autoplay; clipboard-write; encrypted-media; gyroscope; picture-in-picture; web-share\" referrerpolicy=\"strict-origin-when-cross-origin\" allowfullscreen><\/iframe>\n<\/div><\/figure>\n\n<p>Jennifer Kamau<strong>, Espace femmes* international<\/strong><\/p>\n\n<figure class=\"wp-block-embed is-type-rich is-provider-handler-einbetten wp-block-embed-handler-einbetten wp-embed-aspect-16-9 wp-has-aspect-ratio\"><div class=\"wp-block-embed__wrapper\">\n<iframe loading=\"lazy\" title=\"Jennifer Kamau\" width=\"500\" height=\"281\" src=\"https:\/\/www.youtube.com\/embed\/OF8sHCc3NQk?feature=oembed\" frameborder=\"0\" allow=\"accelerometer; autoplay; clipboard-write; encrypted-media; gyroscope; picture-in-picture; web-share\" referrerpolicy=\"strict-origin-when-cross-origin\" allowfullscreen><\/iframe>\n<\/div><\/figure>\n\n<p>Emily, <strong>Conseil aux r\u00e9fugi\u00e9s de Berlin<\/strong><\/p>\n\n<figure class=\"wp-block-embed is-type-rich is-provider-handler-einbetten wp-block-embed-handler-einbetten wp-embed-aspect-16-9 wp-has-aspect-ratio\"><div class=\"wp-block-embed__wrapper\">\n<iframe loading=\"lazy\" title=\"emily\" width=\"500\" height=\"281\" src=\"https:\/\/www.youtube.com\/embed\/NtSpj6CQSNk?feature=oembed\" frameborder=\"0\" allow=\"accelerometer; autoplay; clipboard-write; encrypted-media; gyroscope; picture-in-picture; web-share\" referrerpolicy=\"strict-origin-when-cross-origin\" allowfullscreen><\/iframe>\n<\/div><\/figure>\n\n<p>Mohammed Jouni, <strong>Jeunes sans fronti\u00e8res<\/strong><\/p>\n\n<figure class=\"wp-block-embed is-type-rich is-provider-handler-einbetten wp-block-embed-handler-einbetten wp-embed-aspect-16-9 wp-has-aspect-ratio\"><div class=\"wp-block-embed__wrapper\">\n<iframe loading=\"lazy\" title=\"Mohammed Jouni\" width=\"500\" height=\"281\" src=\"https:\/\/www.youtube.com\/embed\/RnljLKVjCKo?feature=oembed\" frameborder=\"0\" allow=\"accelerometer; autoplay; clipboard-write; encrypted-media; gyroscope; picture-in-picture; web-share\" referrerpolicy=\"strict-origin-when-cross-origin\" allowfullscreen><\/iframe>\n<\/div><\/figure>\n\n<p>Charlotte Heyer, <strong>Le r\u00e9seau anti-discrimination de Berlin du TBB <\/strong> <\/p>\n\n<figure class=\"wp-block-embed is-type-rich is-provider-handler-einbetten wp-block-embed-handler-einbetten wp-embed-aspect-16-9 wp-has-aspect-ratio\"><div class=\"wp-block-embed__wrapper\">\n<iframe loading=\"lazy\" title=\"ADNB\" width=\"500\" height=\"281\" src=\"https:\/\/www.youtube.com\/embed\/C-Nq0_zEeVc?feature=oembed\" frameborder=\"0\" allow=\"accelerometer; autoplay; clipboard-write; encrypted-media; gyroscope; picture-in-picture; web-share\" referrerpolicy=\"strict-origin-when-cross-origin\" allowfullscreen><\/iframe>\n<\/div><\/figure>\n\n<p>Munir, <strong>Non \u00e0 la carte de paiement de Hambourg<\/strong><\/p>\n\n<figure class=\"wp-block-embed is-type-rich is-provider-handler-einbetten wp-block-embed-handler-einbetten wp-embed-aspect-16-9 wp-has-aspect-ratio\"><div class=\"wp-block-embed__wrapper\">\n<iframe loading=\"lazy\" title=\"Munir\" width=\"500\" height=\"281\" src=\"https:\/\/www.youtube.com\/embed\/LL2xmqefNcU?feature=oembed\" frameborder=\"0\" allow=\"accelerometer; autoplay; clipboard-write; encrypted-media; gyroscope; picture-in-picture; web-share\" referrerpolicy=\"strict-origin-when-cross-origin\" allowfullscreen><\/iframe>\n<\/div><\/figure>\n\n<p>Lara M\u00f6ller, <strong>Justice Collective<\/strong><\/p>\n\n<figure class=\"wp-block-embed is-type-rich is-provider-handler-einbetten wp-block-embed-handler-einbetten wp-embed-aspect-16-9 wp-has-aspect-ratio\"><div class=\"wp-block-embed__wrapper\">\n<iframe loading=\"lazy\" title=\"Justice Collective\" width=\"500\" height=\"281\" src=\"https:\/\/www.youtube.com\/embed\/PxcS_KkWC_o?feature=oembed\" frameborder=\"0\" allow=\"accelerometer; autoplay; clipboard-write; encrypted-media; gyroscope; picture-in-picture; web-share\" referrerpolicy=\"strict-origin-when-cross-origin\" allowfullscreen><\/iframe>\n<\/div><\/figure>\n\n<p>Sabine Grauel &amp; Jutta Krause, <strong>Omas Gegen Rechts Seelow<\/strong><\/p>\n\n<figure class=\"wp-block-embed is-type-rich is-provider-handler-einbetten wp-block-embed-handler-einbetten wp-embed-aspect-16-9 wp-has-aspect-ratio\"><div class=\"wp-block-embed__wrapper\">\n<iframe loading=\"lazy\" title=\"Omas Gegen Rechts  \u2013 Seelow\" width=\"500\" height=\"281\" src=\"https:\/\/www.youtube.com\/embed\/5jnrYMYPDUU?feature=oembed\" frameborder=\"0\" allow=\"accelerometer; autoplay; clipboard-write; encrypted-media; gyroscope; picture-in-picture; web-share\" referrerpolicy=\"strict-origin-when-cross-origin\" allowfullscreen><\/iframe>\n<\/div><\/figure>\n","protected":false},"excerpt":{"rendered":"<p>La carte de paiement limite les droits fondamentaux, d\u00e9responsabilise les personnes et complique consid\u00e9rablement la vie quotidienne. Pourtant, de nombreuses organisations et groupes s&rsquo;opposent \u00e0 cette pratique discriminatoire ! Dans nos d\u00e9clarations vid\u00e9o, des repr\u00e9sentants de diff\u00e9rentes initiatives expliquent pourquoi ils rejettent la carte de paiement et quelles sont ses cons\u00e9quences pour les personnes concern\u00e9es. [&hellip;]<\/p>\n","protected":false},"author":8,"featured_media":0,"parent":0,"menu_order":0,"comment_status":"closed","ping_status":"closed","template":"","meta":{"footnotes":""},"class_list":["post-2295","page","type-page","status-publish","hentry"],"yoast_head":"<!-- This site is optimized with the Yoast SEO plugin v26.4 - https:\/\/yoast.com\/wordpress\/plugins\/seo\/ -->\n<title>D\u00e9clarations vid\u00e9o - Wir sagen Nein zur Bezahlkarte<\/title>\n<meta name=\"robots\" content=\"index, follow, max-snippet:-1, max-image-preview:large, max-video-preview:-1\" \/>\n<link rel=\"canonical\" href=\"https:\/\/nein-zur-bezahlkarte.de\/fr\/declarations-video\/\" \/>\n<meta property=\"og:locale\" content=\"fr_FR\" \/>\n<meta property=\"og:type\" content=\"article\" \/>\n<meta property=\"og:title\" content=\"D\u00e9clarations vid\u00e9o - Wir sagen Nein zur Bezahlkarte\" \/>\n<meta property=\"og:description\" content=\"La carte de paiement limite les droits fondamentaux, d\u00e9responsabilise les personnes et complique consid\u00e9rablement la vie quotidienne. Pourtant, de nombreuses organisations et groupes s&rsquo;opposent \u00e0 cette pratique discriminatoire ! Dans nos d\u00e9clarations vid\u00e9o, des repr\u00e9sentants de diff\u00e9rentes initiatives expliquent pourquoi ils rejettent la carte de paiement et quelles sont ses cons\u00e9quences pour les personnes concern\u00e9es. [&hellip;]\" \/>\n<meta property=\"og:url\" content=\"https:\/\/nein-zur-bezahlkarte.de\/fr\/declarations-video\/\" \/>\n<meta property=\"og:site_name\" content=\"Wir sagen Nein zur Bezahlkarte\" \/>\n<meta property=\"article:modified_time\" content=\"2025-04-23T10:34:13+00:00\" \/>\n<meta name=\"twitter:card\" content=\"summary_large_image\" \/>\n<meta name=\"twitter:label1\" content=\"Dur\u00e9e de lecture estim\u00e9e\" \/>\n\t<meta name=\"twitter:data1\" content=\"1 minute\" \/>\n<script type=\"application\/ld+json\" class=\"yoast-schema-graph\">{\"@context\":\"https:\/\/schema.org\",\"@graph\":[{\"@type\":\"WebPage\",\"@id\":\"https:\/\/nein-zur-bezahlkarte.de\/fr\/declarations-video\/\",\"url\":\"https:\/\/nein-zur-bezahlkarte.de\/fr\/declarations-video\/\",\"name\":\"D\u00e9clarations vid\u00e9o - Wir sagen Nein zur Bezahlkarte\",\"isPartOf\":{\"@id\":\"https:\/\/nein-zur-bezahlkarte.de\/fr\/#website\"},\"datePublished\":\"2025-03-12T18:43:21+00:00\",\"dateModified\":\"2025-04-23T10:34:13+00:00\",\"breadcrumb\":{\"@id\":\"https:\/\/nein-zur-bezahlkarte.de\/fr\/declarations-video\/#breadcrumb\"},\"inLanguage\":\"fr-FR\",\"potentialAction\":[{\"@type\":\"ReadAction\",\"target\":[\"https:\/\/nein-zur-bezahlkarte.de\/fr\/declarations-video\/\"]}]},{\"@type\":\"BreadcrumbList\",\"@id\":\"https:\/\/nein-zur-bezahlkarte.de\/fr\/declarations-video\/#breadcrumb\",\"itemListElement\":[{\"@type\":\"ListItem\",\"position\":1,\"name\":\"Startseite\",\"item\":\"https:\/\/nein-zur-bezahlkarte.de\/fr\/\"},{\"@type\":\"ListItem\",\"position\":2,\"name\":\"D\u00e9clarations vid\u00e9o\"}]},{\"@type\":\"WebSite\",\"@id\":\"https:\/\/nein-zur-bezahlkarte.de\/fr\/#website\",\"url\":\"https:\/\/nein-zur-bezahlkarte.de\/fr\/\",\"name\":\"Wir sagen Nein zur Bezahlkarte\",\"description\":\"Impressum\",\"publisher\":{\"@id\":\"https:\/\/nein-zur-bezahlkarte.de\/fr\/#organization\"},\"potentialAction\":[{\"@type\":\"SearchAction\",\"target\":{\"@type\":\"EntryPoint\",\"urlTemplate\":\"https:\/\/nein-zur-bezahlkarte.de\/fr\/?s={search_term_string}\"},\"query-input\":{\"@type\":\"PropertyValueSpecification\",\"valueRequired\":true,\"valueName\":\"search_term_string\"}}],\"inLanguage\":\"fr-FR\"},{\"@type\":\"Organization\",\"@id\":\"https:\/\/nein-zur-bezahlkarte.de\/fr\/#organization\",\"name\":\"Wir sagen Nein zur Bezahlkarte\",\"url\":\"https:\/\/nein-zur-bezahlkarte.de\/fr\/\",\"logo\":{\"@type\":\"ImageObject\",\"inLanguage\":\"fr-FR\",\"@id\":\"https:\/\/nein-zur-bezahlkarte.de\/fr\/#\/schema\/logo\/image\/\",\"url\":\"https:\/\/nein-zur-bezahlkarte.de\/wp-content\/uploads\/2024\/11\/BZHLKRT_Logo_Vektoren_BRNDNBRG_Gelb.png\",\"contentUrl\":\"https:\/\/nein-zur-bezahlkarte.de\/wp-content\/uploads\/2024\/11\/BZHLKRT_Logo_Vektoren_BRNDNBRG_Gelb.png\",\"width\":5000,\"height\":5000,\"caption\":\"Wir sagen Nein zur Bezahlkarte\"},\"image\":{\"@id\":\"https:\/\/nein-zur-bezahlkarte.de\/fr\/#\/schema\/logo\/image\/\"}}]}<\/script>\n<!-- \/ Yoast SEO plugin. -->","yoast_head_json":{"title":"D\u00e9clarations vid\u00e9o - Wir sagen Nein zur Bezahlkarte","robots":{"index":"index","follow":"follow","max-snippet":"max-snippet:-1","max-image-preview":"max-image-preview:large","max-video-preview":"max-video-preview:-1"},"canonical":"https:\/\/nein-zur-bezahlkarte.de\/fr\/declarations-video\/","og_locale":"fr_FR","og_type":"article","og_title":"D\u00e9clarations vid\u00e9o - Wir sagen Nein zur Bezahlkarte","og_description":"La carte de paiement limite les droits fondamentaux, d\u00e9responsabilise les personnes et complique consid\u00e9rablement la vie quotidienne. Pourtant, de nombreuses organisations et groupes s&rsquo;opposent \u00e0 cette pratique discriminatoire ! Dans nos d\u00e9clarations vid\u00e9o, des repr\u00e9sentants de diff\u00e9rentes initiatives expliquent pourquoi ils rejettent la carte de paiement et quelles sont ses cons\u00e9quences pour les personnes concern\u00e9es. [&hellip;]","og_url":"https:\/\/nein-zur-bezahlkarte.de\/fr\/declarations-video\/","og_site_name":"Wir sagen Nein zur Bezahlkarte","article_modified_time":"2025-04-23T10:34:13+00:00","twitter_card":"summary_large_image","twitter_misc":{"Dur\u00e9e de lecture estim\u00e9e":"1 minute"},"schema":{"@context":"https:\/\/schema.org","@graph":[{"@type":"WebPage","@id":"https:\/\/nein-zur-bezahlkarte.de\/fr\/declarations-video\/","url":"https:\/\/nein-zur-bezahlkarte.de\/fr\/declarations-video\/","name":"D\u00e9clarations vid\u00e9o - Wir sagen Nein zur Bezahlkarte","isPartOf":{"@id":"https:\/\/nein-zur-bezahlkarte.de\/fr\/#website"},"datePublished":"2025-03-12T18:43:21+00:00","dateModified":"2025-04-23T10:34:13+00:00","breadcrumb":{"@id":"https:\/\/nein-zur-bezahlkarte.de\/fr\/declarations-video\/#breadcrumb"},"inLanguage":"fr-FR","potentialAction":[{"@type":"ReadAction","target":["https:\/\/nein-zur-bezahlkarte.de\/fr\/declarations-video\/"]}]},{"@type":"BreadcrumbList","@id":"https:\/\/nein-zur-bezahlkarte.de\/fr\/declarations-video\/#breadcrumb","itemListElement":[{"@type":"ListItem","position":1,"name":"Startseite","item":"https:\/\/nein-zur-bezahlkarte.de\/fr\/"},{"@type":"ListItem","position":2,"name":"D\u00e9clarations vid\u00e9o"}]},{"@type":"WebSite","@id":"https:\/\/nein-zur-bezahlkarte.de\/fr\/#website","url":"https:\/\/nein-zur-bezahlkarte.de\/fr\/","name":"Wir sagen Nein zur Bezahlkarte","description":"Impressum","publisher":{"@id":"https:\/\/nein-zur-bezahlkarte.de\/fr\/#organization"},"potentialAction":[{"@type":"SearchAction","target":{"@type":"EntryPoint","urlTemplate":"https:\/\/nein-zur-bezahlkarte.de\/fr\/?s={search_term_string}"},"query-input":{"@type":"PropertyValueSpecification","valueRequired":true,"valueName":"search_term_string"}}],"inLanguage":"fr-FR"},{"@type":"Organization","@id":"https:\/\/nein-zur-bezahlkarte.de\/fr\/#organization","name":"Wir sagen Nein zur Bezahlkarte","url":"https:\/\/nein-zur-bezahlkarte.de\/fr\/","logo":{"@type":"ImageObject","inLanguage":"fr-FR","@id":"https:\/\/nein-zur-bezahlkarte.de\/fr\/#\/schema\/logo\/image\/","url":"https:\/\/nein-zur-bezahlkarte.de\/wp-content\/uploads\/2024\/11\/BZHLKRT_Logo_Vektoren_BRNDNBRG_Gelb.png","contentUrl":"https:\/\/nein-zur-bezahlkarte.de\/wp-content\/uploads\/2024\/11\/BZHLKRT_Logo_Vektoren_BRNDNBRG_Gelb.png","width":5000,"height":5000,"caption":"Wir sagen Nein zur Bezahlkarte"},"image":{"@id":"https:\/\/nein-zur-bezahlkarte.de\/fr\/#\/schema\/logo\/image\/"}}]}},"_links":{"self":[{"href":"https:\/\/nein-zur-bezahlkarte.de\/fr\/wp-json\/wp\/v2\/pages\/2295","targetHints":{"allow":["GET"]}}],"collection":[{"href":"https:\/\/nein-zur-bezahlkarte.de\/fr\/wp-json\/wp\/v2\/pages"}],"about":[{"href":"https:\/\/nein-zur-bezahlkarte.de\/fr\/wp-json\/wp\/v2\/types\/page"}],"author":[{"embeddable":true,"href":"https:\/\/nein-zur-bezahlkarte.de\/fr\/wp-json\/wp\/v2\/users\/8"}],"replies":[{"embeddable":true,"href":"https:\/\/nein-zur-bezahlkarte.de\/fr\/wp-json\/wp\/v2\/comments?post=2295"}],"version-history":[{"count":20,"href":"https:\/\/nein-zur-bezahlkarte.de\/fr\/wp-json\/wp\/v2\/pages\/2295\/revisions"}],"predecessor-version":[{"id":2874,"href":"https:\/\/nein-zur-bezahlkarte.de\/fr\/wp-json\/wp\/v2\/pages\/2295\/revisions\/2874"}],"wp:attachment":[{"href":"https:\/\/nein-zur-bezahlkarte.de\/fr\/wp-json\/wp\/v2\/media?parent=2295"}],"curies":[{"name":"wp","href":"https:\/\/api.w.org\/{rel}","templated":true}]}}