{"id":1332,"date":"2024-11-16T11:19:26","date_gmt":"2024-11-16T10:19:26","guid":{"rendered":"https:\/\/nein-zur-bezahlkarte.de\/brandenburg-ji-qerten-peredane-re-dibeje-na\/"},"modified":"2025-04-30T07:45:13","modified_gmt":"2025-04-30T05:45:13","slug":"brandenburg-ji-qerten-peredane-re-dibeje-na","status":"publish","type":"page","link":"https:\/\/nein-zur-bezahlkarte.de\/ku\/","title":{"rendered":"Brandenburg \u00fb Berl\u00een ji qert\u00ean peredan\u00ea re dib\u00eajin NA!"},"content":{"rendered":"\n<p class=\"has-large-font-size\">Di N\u00eesana 2024-an de, huk\u00fbmeta federal biryar da ku karta dravdan\u00ea li seranser\u00ea Almanyay\u00ea bide nas\u00een. Penaber li \u015f\u00fbna \u00e7eq, pere yan j\u00ee rasterast ji bo hesab\u00ea xwe, niha ne\u00e7ar in ku bi qerta peredan\u00ea bidin. Li Brandenburg\u00ea, qerta peredan\u00ea jixwe li nav\u00e7eya M\u00e4rkisch-Oderland\u00ea hatiye bicihkirin. Her\u00ee z\u00eade nav\u00e7e \u00fb \u015faredar\u00ee j\u00ee xwe amade dikin ku qerta peredan\u00ea bidin nas\u00een.   <\/p>\n\n<p><\/p>\n\n<p class=\"has-large-font-size\">Bi v\u00ea malper\u00ea em dixwazin platformek \u00e7\u00eabikin ku <strong>hev agahdar bikin, ramanan biguhez\u00eenin<\/strong> \u00fb <strong><a href=\"https:\/\/nein-zur-bezahlkarte.de\/ku\/calak-bibin\/\">\u00e7alak<\/a><\/strong> bibin.<\/p>\n\n<div style=\"height:35px\" aria-hidden=\"true\" class=\"wp-block-spacer\"><\/div>\n\n<div class=\"wp-block-columns is-layout-flex wp-container-core-columns-is-layout-87beb0d0 wp-block-columns-is-layout-flex\">\n<div class=\"wp-block-column is-style-section-1 has-accent-1-background-color has-background is-layout-flow wp-container-core-column-is-layout-a5362266 wp-block-column-is-layout-flow is-style-section-1--1\" style=\"padding-top:var(--wp--preset--spacing--30);padding-right:var(--wp--preset--spacing--30);padding-bottom:var(--wp--preset--spacing--30);padding-left:var(--wp--preset--spacing--30);flex-basis:33.33%\">\n<h2 class=\"wp-block-heading\">\u00c7alak bibin<\/h2>\n\n\n\n<p class=\"has-contrast-color has-text-color has-link-color has-large-font-size wp-elements-209dbb8a8725afa807ee579148784b7f\">Li vir h\u00fbn \u00ea away\u00ean prat\u00eek\u00ee y\u00ean ku h\u00fbn dikarin li dij\u00ee qerta dravdan\u00ea tevbigerin bib\u00eenin.<br\/><br\/> <strong>Krediya ji qerta dravdan\u00ea bi drav veguher\u00eene<\/strong> :<\/p>\n\n\n\n<div class=\"wp-block-buttons is-layout-flex wp-block-buttons-is-layout-flex\">\n<div class=\"wp-block-button is-style-fill\"><a class=\"wp-block-button__link has-base-color has-text-color has-link-color has-large-font-size has-text-align-left has-custom-font-size wp-element-button\" href=\"https:\/\/nein-zur-bezahlkarte.de\/ku\/cawa\/\" style=\"border-style:none;border-width:0px;border-radius:0px;padding-top:var(--wp--preset--spacing--20);padding-right:var(--wp--preset--spacing--30);padding-bottom:var(--wp--preset--spacing--20);padding-left:var(--wp--preset--spacing--30)\">\u00c7awa<\/a><\/div>\n<\/div>\n<\/div>\n\n\n\n<div class=\"wp-block-column is-style-section-1 has-accent-1-background-color has-background is-layout-flow wp-container-core-column-is-layout-a5362266 wp-block-column-is-layout-flow is-style-section-1--2\" style=\"padding-top:var(--wp--preset--spacing--30);padding-right:var(--wp--preset--spacing--30);padding-bottom:var(--wp--preset--spacing--30);padding-left:var(--wp--preset--spacing--30);flex-basis:33.33%\">\n<h2 class=\"wp-block-heading\">agah\u00ee<\/h2>\n\n\n\n<p class=\"has-large-font-size\">Li vir h\u00fbn \u00ea di derbar\u00ea qerta dravdan\u00ea, pa\u015fxaneya qan\u00fbn\u00ee \u00fb dabe\u015fkirina d\u00eerok\u00ee de agahdar\u00ee bib\u00eenin. Di heman dem\u00ea de gir\u00eadan\u00ean bik\u00ear bi aktor\u00ean din, nirxandin\u00ean \u00e7apameniy\u00ea \u00fb l\u00eakol\u00eena pa\u015f\u00een re j\u00ee hene. <\/p>\n\n\n\n<div class=\"wp-block-buttons is-layout-flex wp-block-buttons-is-layout-flex\">\n<div class=\"wp-block-button\"><a class=\"wp-block-button__link has-large-font-size has-custom-font-size wp-element-button\" href=\"https:\/\/nein-zur-bezahlkarte.de\/ku\/agahiyen-li-ser-karta-peredana\/\" style=\"padding-top:var(--wp--preset--spacing--20);padding-right:var(--wp--preset--spacing--30);padding-bottom:var(--wp--preset--spacing--20);padding-left:var(--wp--preset--spacing--30)\">FAQs<\/a><\/div>\n\n\n\n<div class=\"wp-block-button\"><a class=\"wp-block-button__link has-large-font-size has-text-align-left has-custom-font-size wp-element-button\" href=\"https:\/\/nein-zur-bezahlkarte.de\/ku\/mafi\/\" style=\"border-style:none;border-width:0px;padding-top:var(--wp--preset--spacing--20);padding-right:var(--wp--preset--spacing--30);padding-bottom:var(--wp--preset--spacing--20);padding-left:var(--wp--preset--spacing--30)\">Maf\u00ee<\/a><\/div>\n\n\n\n<div class=\"wp-block-button\"><a class=\"wp-block-button__link has-large-font-size has-custom-font-size wp-element-button\" href=\"https:\/\/nein-zur-bezahlkarte.de\/ku\/meylen-otoriter\/\" style=\"padding-top:var(--wp--preset--spacing--20);padding-right:var(--wp--preset--spacing--30);padding-bottom:var(--wp--preset--spacing--20);padding-left:var(--wp--preset--spacing--30)\">d\u00eerok\u00ee<\/a><\/div>\n\n\n\n<div class=\"wp-block-button\"><a class=\"wp-block-button__link has-large-font-size has-custom-font-size wp-element-button\" href=\"https:\/\/nein-zur-bezahlkarte.de\/ku\/berhevkirina-giredane\/\" style=\"padding-top:var(--wp--preset--spacing--20);padding-right:var(--wp--preset--spacing--30);padding-bottom:var(--wp--preset--spacing--20);padding-left:var(--wp--preset--spacing--30)\">berhevkirina gir\u00eadan\u00ea<\/a><\/div>\n<\/div>\n<\/div>\n\n\n\n<div class=\"wp-block-column is-style-section-3 has-accent-1-background-color has-background is-layout-flow wp-container-core-column-is-layout-a5362266 wp-block-column-is-layout-flow is-style-section-3--3\" style=\"padding-top:var(--wp--preset--spacing--30);padding-right:var(--wp--preset--spacing--30);padding-bottom:var(--wp--preset--spacing--30);padding-left:var(--wp--preset--spacing--30);flex-basis:33.33%\">\n<h2 class=\"wp-block-heading\">tora<\/h2>\n\n\n\n<p class=\"has-large-font-size\">Li vir h\u00fbn dikarin ji me re biniv\u00eesin \u00fb ezm\u00fbn\u00ean xwe y\u00ean bi qerta dravdan\u00ea ya li ser v\u00ea malper\u00ea bi kes\u00ean din re parve bikin.<\/p>\n\n\n\n<div class=\"wp-block-buttons is-layout-flex wp-block-buttons-is-layout-flex\">\n<div class=\"wp-block-button\"><a class=\"wp-block-button__link has-large-font-size has-text-align-left has-custom-font-size wp-element-button\" href=\"https:\/\/nein-zur-bezahlkarte.de\/ku\/sahidiyen\/\" style=\"padding-top:var(--wp--preset--spacing--20);padding-right:var(--wp--preset--spacing--30);padding-bottom:var(--wp--preset--spacing--20);padding-left:var(--wp--preset--spacing--30)\">\u015fahidiy\u00ean<\/a><\/div>\n<\/div>\n<\/div>\n<\/div>\n\n<div style=\"height:35px\" aria-hidden=\"true\" class=\"wp-block-spacer\"><\/div>\n\n<p class=\"has-large-font-size\">Karta peredan\u00ea mirovan di jiyana wan a rojane de s\u00eenordar dike \u00fb cih\u00eakar\u00ee ye. Ew nah\u00eale kes\u00ean ku bandor b\u00fbne bi serbest\u00ee perey\u00ean xwe bav\u00eajin \u00fb jiyana wan bi awayek\u00ee nehewce dijwar dike. Danas\u00eena v\u00ea qan\u00fbn\u00ea xwe disp\u00eare <strong>siyaseta sembol\u00eek a nijadperest<\/strong> . Ev daxwaz\u00ean popul\u00eest \u00ean rastgir di\u015fop\u00eene \u00fb r\u00fbmeta mirovan binp\u00ea dike.   <\/p>\n\n<p><\/p>\n\n<p class=\"has-large-font-size\">Li \u015f\u00fbna peydakirina \u00e7areseriyan, qerta dravdan\u00ea pergalek <strong>kontrol \u00fb \u00e7avd\u00eariy\u00ea<\/strong> diafir\u00eene. Em \u00fb gelek\u00ean din dixwazin tam r\u00ea li ber v\u00ea yek\u00ea bigirin \u00fb ji ber v\u00ea yek\u00ea pir e\u015fkere dib\u00eajin: <strong>Na ji qerta tac\u00eez\u00ea re!<\/strong> <\/p>\n\n<div class=\"wp-block-group has-global-padding is-layout-constrained wp-block-group-is-layout-constrained\">\n<p class=\"has-border-color has-accent-1-border-color has-contrast-color has-base-background-color has-text-color has-background has-link-color has-large-font-size wp-elements-f201a56a4f02ee8397aeeaa15d06583c\" style=\"border-width:15px;border-radius:0px\">Em ji bo her kes\u00ee hesab \u00fb drav dixwazin! Perey\u00ea ku t\u00eara jiyan\u00ea bike, ji bo ku tu bixwaz\u00ee \u200b\u200b\u00fb b\u00eay\u00ee ku rayedar midaxele bike, xerc bike. <br\/><br\/>Em daxwaza rakirina yasaya cudakar a Al\u00eekariya Penaberan \u00fb maf\u00ean wekhev \u00ean civak\u00ee ji bo hem\u00fbyan dikin!<br\/><br\/>Em bang li we hem\u00fbyan dikin ku bi hev re bibin yek \u00fb daw\u00ee li siyaseta sembol\u00eek a nijadperest b\u00eenin. Ji bo pevguhertina voucheran \u00fb li dij\u00ee pergala cih\u00eakar\u00ee \u00fb d\u00fbrxistin\u00ea xwe bir\u00eaxistin bikin. <\/p>\n<\/div>\n\n<p><\/p>\n","protected":false},"excerpt":{"rendered":"<p>Di N\u00eesana 2024-an de, huk\u00fbmeta federal biryar da ku karta dravdan\u00ea li seranser\u00ea Almanyay\u00ea bide nas\u00een. Penaber li \u015f\u00fbna \u00e7eq, pere yan j\u00ee rasterast ji bo hesab\u00ea xwe, niha ne\u00e7ar in ku bi qerta peredan\u00ea bidin. Li Brandenburg\u00ea, qerta peredan\u00ea jixwe li nav\u00e7eya M\u00e4rkisch-Oderland\u00ea hatiye bicihkirin. Her\u00ee z\u00eade nav\u00e7e \u00fb \u015faredar\u00ee j\u00ee xwe amade dikin [&hellip;]<\/p>\n","protected":false},"author":2,"featured_media":803,"parent":0,"menu_order":0,"comment_status":"closed","ping_status":"closed","template":"","meta":{"footnotes":""},"class_list":["post-1332","page","type-page","status-publish","has-post-thumbnail","hentry"],"yoast_head":"<!-- This site is optimized with the Yoast SEO plugin v26.4 - https:\/\/yoast.com\/wordpress\/plugins\/seo\/ -->\n<title>Brandenburg \u00fb Berl\u00een ji qert\u00ean peredan\u00ea re dib\u00eajin NA! - Wir sagen Nein zur Bezahlkarte<\/title>\n<meta name=\"description\" content=\"Li \u015f\u00fbna peydakirina \u00e7areseriyan, qerta peredan\u00ea pergalek kontrol \u00fb \u015fopandin\u00ea diafir\u00eene. Em \u00fb gelek\u00ean din dixwazin tam r\u00ea li ber v\u00ea yek\u00ea bigirin \u00fb ji ber v\u00ea yek\u00ea pir e\u015fkere dib\u00eajin: Na ji qert\u00ean peredan\u00ea y\u00ean li Brandenburg \u00fb Berl\u00een\u00ea! Li vir h\u00fbn \u00ea rastiyan, dan\u00fbstendinan \u00fb agahdariya ku h\u00fbn \u00e7awa dikarin tevl\u00ea bibin bib\u00eenin.\" \/>\n<meta name=\"robots\" content=\"index, follow, max-snippet:-1, max-image-preview:large, max-video-preview:-1\" \/>\n<link rel=\"canonical\" href=\"https:\/\/nein-zur-bezahlkarte.de\/ku\/\" \/>\n<meta property=\"og:locale\" content=\"en_US\" \/>\n<meta property=\"og:type\" content=\"article\" \/>\n<meta property=\"og:title\" content=\"Brandenburg \u00fb Berl\u00een ji qert\u00ean peredan\u00ea re dib\u00eajin NA! - Wir sagen Nein zur Bezahlkarte\" \/>\n<meta property=\"og:description\" content=\"Li \u015f\u00fbna peydakirina \u00e7areseriyan, qerta peredan\u00ea pergalek kontrol \u00fb \u015fopandin\u00ea diafir\u00eene. Em \u00fb gelek\u00ean din dixwazin tam r\u00ea li ber v\u00ea yek\u00ea bigirin \u00fb ji ber v\u00ea yek\u00ea pir e\u015fkere dib\u00eajin: Na ji qert\u00ean peredan\u00ea y\u00ean li Brandenburg \u00fb Berl\u00een\u00ea! Li vir h\u00fbn \u00ea rastiyan, dan\u00fbstendinan \u00fb agahdariya ku h\u00fbn \u00e7awa dikarin tevl\u00ea bibin bib\u00eenin.\" \/>\n<meta property=\"og:url\" content=\"https:\/\/nein-zur-bezahlkarte.de\/ku\/\" \/>\n<meta property=\"og:site_name\" content=\"Wir sagen Nein zur Bezahlkarte\" \/>\n<meta property=\"article:modified_time\" content=\"2025-04-30T05:45:13+00:00\" \/>\n<meta property=\"og:image\" content=\"https:\/\/nein-zur-bezahlkarte.de\/wp-content\/uploads\/2024\/11\/1798384_1_detaillg2x_image_132de6ea1a23e9aa.webp\" \/>\n\t<meta property=\"og:image:width\" content=\"1920\" \/>\n\t<meta property=\"og:image:height\" content=\"1280\" \/>\n\t<meta property=\"og:image:type\" content=\"image\/webp\" \/>\n<meta name=\"twitter:card\" content=\"summary_large_image\" \/>\n<meta name=\"twitter:label1\" content=\"Est. reading time\" \/>\n\t<meta name=\"twitter:data1\" content=\"2 \u062e\u0648\u0644\u06d5\u06a9\" \/>\n<script type=\"application\/ld+json\" class=\"yoast-schema-graph\">{\"@context\":\"https:\/\/schema.org\",\"@graph\":[{\"@type\":\"WebPage\",\"@id\":\"https:\/\/nein-zur-bezahlkarte.de\/ku\/\",\"url\":\"https:\/\/nein-zur-bezahlkarte.de\/ku\/\",\"name\":\"Brandenburg \u00fb Berl\u00een ji qert\u00ean peredan\u00ea re dib\u00eajin NA! - Wir sagen Nein zur Bezahlkarte\",\"isPartOf\":{\"@id\":\"https:\/\/nein-zur-bezahlkarte.de\/ku\/#website\"},\"primaryImageOfPage\":{\"@id\":\"https:\/\/nein-zur-bezahlkarte.de\/ku\/#primaryimage\"},\"image\":{\"@id\":\"https:\/\/nein-zur-bezahlkarte.de\/ku\/#primaryimage\"},\"thumbnailUrl\":\"https:\/\/nein-zur-bezahlkarte.de\/wp-content\/uploads\/2024\/11\/1798384_1_detaillg2x_image_132de6ea1a23e9aa.webp\",\"datePublished\":\"2024-11-16T10:19:26+00:00\",\"dateModified\":\"2025-04-30T05:45:13+00:00\",\"description\":\"Li \u015f\u00fbna peydakirina \u00e7areseriyan, qerta peredan\u00ea pergalek kontrol \u00fb \u015fopandin\u00ea diafir\u00eene. Em \u00fb gelek\u00ean din dixwazin tam r\u00ea li ber v\u00ea yek\u00ea bigirin \u00fb ji ber v\u00ea yek\u00ea pir e\u015fkere dib\u00eajin: Na ji qert\u00ean peredan\u00ea y\u00ean li Brandenburg \u00fb Berl\u00een\u00ea! Li vir h\u00fbn \u00ea rastiyan, dan\u00fbstendinan \u00fb agahdariya ku h\u00fbn \u00e7awa dikarin tevl\u00ea bibin bib\u00eenin.\",\"breadcrumb\":{\"@id\":\"https:\/\/nein-zur-bezahlkarte.de\/ku\/#breadcrumb\"},\"inLanguage\":\"ckb\",\"potentialAction\":[{\"@type\":\"ReadAction\",\"target\":[\"https:\/\/nein-zur-bezahlkarte.de\/ku\/\"]}]},{\"@type\":\"ImageObject\",\"inLanguage\":\"ckb\",\"@id\":\"https:\/\/nein-zur-bezahlkarte.de\/ku\/#primaryimage\",\"url\":\"https:\/\/nein-zur-bezahlkarte.de\/wp-content\/uploads\/2024\/11\/1798384_1_detaillg2x_image_132de6ea1a23e9aa.webp\",\"contentUrl\":\"https:\/\/nein-zur-bezahlkarte.de\/wp-content\/uploads\/2024\/11\/1798384_1_detaillg2x_image_132de6ea1a23e9aa.webp\",\"width\":1920,\"height\":1280},{\"@type\":\"BreadcrumbList\",\"@id\":\"https:\/\/nein-zur-bezahlkarte.de\/ku\/#breadcrumb\",\"itemListElement\":[{\"@type\":\"ListItem\",\"position\":1,\"name\":\"Startseite\",\"item\":\"https:\/\/nein-zur-bezahlkarte.de\/ku\/\"},{\"@type\":\"ListItem\",\"position\":2,\"name\":\"Brandenburg \u00fb Berl\u00een ji qert\u00ean peredan\u00ea re dib\u00eajin NA!\"}]},{\"@type\":\"WebSite\",\"@id\":\"https:\/\/nein-zur-bezahlkarte.de\/ku\/#website\",\"url\":\"https:\/\/nein-zur-bezahlkarte.de\/ku\/\",\"name\":\"Wir sagen Nein zur Bezahlkarte\",\"description\":\"Impressum\",\"publisher\":{\"@id\":\"https:\/\/nein-zur-bezahlkarte.de\/ku\/#organization\"},\"potentialAction\":[{\"@type\":\"SearchAction\",\"target\":{\"@type\":\"EntryPoint\",\"urlTemplate\":\"https:\/\/nein-zur-bezahlkarte.de\/ku\/?s={search_term_string}\"},\"query-input\":{\"@type\":\"PropertyValueSpecification\",\"valueRequired\":true,\"valueName\":\"search_term_string\"}}],\"inLanguage\":\"ckb\"},{\"@type\":\"Organization\",\"@id\":\"https:\/\/nein-zur-bezahlkarte.de\/ku\/#organization\",\"name\":\"Wir sagen Nein zur Bezahlkarte\",\"url\":\"https:\/\/nein-zur-bezahlkarte.de\/ku\/\",\"logo\":{\"@type\":\"ImageObject\",\"inLanguage\":\"ckb\",\"@id\":\"https:\/\/nein-zur-bezahlkarte.de\/ku\/#\/schema\/logo\/image\/\",\"url\":\"https:\/\/nein-zur-bezahlkarte.de\/wp-content\/uploads\/2024\/11\/BZHLKRT_Logo_Vektoren_BRNDNBRG_Gelb.png\",\"contentUrl\":\"https:\/\/nein-zur-bezahlkarte.de\/wp-content\/uploads\/2024\/11\/BZHLKRT_Logo_Vektoren_BRNDNBRG_Gelb.png\",\"width\":5000,\"height\":5000,\"caption\":\"Wir sagen Nein zur Bezahlkarte\"},\"image\":{\"@id\":\"https:\/\/nein-zur-bezahlkarte.de\/ku\/#\/schema\/logo\/image\/\"}}]}<\/script>\n<!-- \/ Yoast SEO plugin. -->","yoast_head_json":{"title":"Brandenburg \u00fb Berl\u00een ji qert\u00ean peredan\u00ea re dib\u00eajin NA! - Wir sagen Nein zur Bezahlkarte","description":"Li \u015f\u00fbna peydakirina \u00e7areseriyan, qerta peredan\u00ea pergalek kontrol \u00fb \u015fopandin\u00ea diafir\u00eene. Em \u00fb gelek\u00ean din dixwazin tam r\u00ea li ber v\u00ea yek\u00ea bigirin \u00fb ji ber v\u00ea yek\u00ea pir e\u015fkere dib\u00eajin: Na ji qert\u00ean peredan\u00ea y\u00ean li Brandenburg \u00fb Berl\u00een\u00ea! Li vir h\u00fbn \u00ea rastiyan, dan\u00fbstendinan \u00fb agahdariya ku h\u00fbn \u00e7awa dikarin tevl\u00ea bibin bib\u00eenin.","robots":{"index":"index","follow":"follow","max-snippet":"max-snippet:-1","max-image-preview":"max-image-preview:large","max-video-preview":"max-video-preview:-1"},"canonical":"https:\/\/nein-zur-bezahlkarte.de\/ku\/","og_locale":"en_US","og_type":"article","og_title":"Brandenburg \u00fb Berl\u00een ji qert\u00ean peredan\u00ea re dib\u00eajin NA! - Wir sagen Nein zur Bezahlkarte","og_description":"Li \u015f\u00fbna peydakirina \u00e7areseriyan, qerta peredan\u00ea pergalek kontrol \u00fb \u015fopandin\u00ea diafir\u00eene. Em \u00fb gelek\u00ean din dixwazin tam r\u00ea li ber v\u00ea yek\u00ea bigirin \u00fb ji ber v\u00ea yek\u00ea pir e\u015fkere dib\u00eajin: Na ji qert\u00ean peredan\u00ea y\u00ean li Brandenburg \u00fb Berl\u00een\u00ea! Li vir h\u00fbn \u00ea rastiyan, dan\u00fbstendinan \u00fb agahdariya ku h\u00fbn \u00e7awa dikarin tevl\u00ea bibin bib\u00eenin.","og_url":"https:\/\/nein-zur-bezahlkarte.de\/ku\/","og_site_name":"Wir sagen Nein zur Bezahlkarte","article_modified_time":"2025-04-30T05:45:13+00:00","og_image":[{"width":1920,"height":1280,"url":"https:\/\/nein-zur-bezahlkarte.de\/wp-content\/uploads\/2024\/11\/1798384_1_detaillg2x_image_132de6ea1a23e9aa.webp","type":"image\/webp"}],"twitter_card":"summary_large_image","twitter_misc":{"Est. reading time":"2 \u062e\u0648\u0644\u06d5\u06a9"},"schema":{"@context":"https:\/\/schema.org","@graph":[{"@type":"WebPage","@id":"https:\/\/nein-zur-bezahlkarte.de\/ku\/","url":"https:\/\/nein-zur-bezahlkarte.de\/ku\/","name":"Brandenburg \u00fb Berl\u00een ji qert\u00ean peredan\u00ea re dib\u00eajin NA! - Wir sagen Nein zur Bezahlkarte","isPartOf":{"@id":"https:\/\/nein-zur-bezahlkarte.de\/ku\/#website"},"primaryImageOfPage":{"@id":"https:\/\/nein-zur-bezahlkarte.de\/ku\/#primaryimage"},"image":{"@id":"https:\/\/nein-zur-bezahlkarte.de\/ku\/#primaryimage"},"thumbnailUrl":"https:\/\/nein-zur-bezahlkarte.de\/wp-content\/uploads\/2024\/11\/1798384_1_detaillg2x_image_132de6ea1a23e9aa.webp","datePublished":"2024-11-16T10:19:26+00:00","dateModified":"2025-04-30T05:45:13+00:00","description":"Li \u015f\u00fbna peydakirina \u00e7areseriyan, qerta peredan\u00ea pergalek kontrol \u00fb \u015fopandin\u00ea diafir\u00eene. Em \u00fb gelek\u00ean din dixwazin tam r\u00ea li ber v\u00ea yek\u00ea bigirin \u00fb ji ber v\u00ea yek\u00ea pir e\u015fkere dib\u00eajin: Na ji qert\u00ean peredan\u00ea y\u00ean li Brandenburg \u00fb Berl\u00een\u00ea! Li vir h\u00fbn \u00ea rastiyan, dan\u00fbstendinan \u00fb agahdariya ku h\u00fbn \u00e7awa dikarin tevl\u00ea bibin bib\u00eenin.","breadcrumb":{"@id":"https:\/\/nein-zur-bezahlkarte.de\/ku\/#breadcrumb"},"inLanguage":"ckb","potentialAction":[{"@type":"ReadAction","target":["https:\/\/nein-zur-bezahlkarte.de\/ku\/"]}]},{"@type":"ImageObject","inLanguage":"ckb","@id":"https:\/\/nein-zur-bezahlkarte.de\/ku\/#primaryimage","url":"https:\/\/nein-zur-bezahlkarte.de\/wp-content\/uploads\/2024\/11\/1798384_1_detaillg2x_image_132de6ea1a23e9aa.webp","contentUrl":"https:\/\/nein-zur-bezahlkarte.de\/wp-content\/uploads\/2024\/11\/1798384_1_detaillg2x_image_132de6ea1a23e9aa.webp","width":1920,"height":1280},{"@type":"BreadcrumbList","@id":"https:\/\/nein-zur-bezahlkarte.de\/ku\/#breadcrumb","itemListElement":[{"@type":"ListItem","position":1,"name":"Startseite","item":"https:\/\/nein-zur-bezahlkarte.de\/ku\/"},{"@type":"ListItem","position":2,"name":"Brandenburg \u00fb Berl\u00een ji qert\u00ean peredan\u00ea re dib\u00eajin NA!"}]},{"@type":"WebSite","@id":"https:\/\/nein-zur-bezahlkarte.de\/ku\/#website","url":"https:\/\/nein-zur-bezahlkarte.de\/ku\/","name":"Wir sagen Nein zur Bezahlkarte","description":"Impressum","publisher":{"@id":"https:\/\/nein-zur-bezahlkarte.de\/ku\/#organization"},"potentialAction":[{"@type":"SearchAction","target":{"@type":"EntryPoint","urlTemplate":"https:\/\/nein-zur-bezahlkarte.de\/ku\/?s={search_term_string}"},"query-input":{"@type":"PropertyValueSpecification","valueRequired":true,"valueName":"search_term_string"}}],"inLanguage":"ckb"},{"@type":"Organization","@id":"https:\/\/nein-zur-bezahlkarte.de\/ku\/#organization","name":"Wir sagen Nein zur Bezahlkarte","url":"https:\/\/nein-zur-bezahlkarte.de\/ku\/","logo":{"@type":"ImageObject","inLanguage":"ckb","@id":"https:\/\/nein-zur-bezahlkarte.de\/ku\/#\/schema\/logo\/image\/","url":"https:\/\/nein-zur-bezahlkarte.de\/wp-content\/uploads\/2024\/11\/BZHLKRT_Logo_Vektoren_BRNDNBRG_Gelb.png","contentUrl":"https:\/\/nein-zur-bezahlkarte.de\/wp-content\/uploads\/2024\/11\/BZHLKRT_Logo_Vektoren_BRNDNBRG_Gelb.png","width":5000,"height":5000,"caption":"Wir sagen Nein zur Bezahlkarte"},"image":{"@id":"https:\/\/nein-zur-bezahlkarte.de\/ku\/#\/schema\/logo\/image\/"}}]}},"_links":{"self":[{"href":"https:\/\/nein-zur-bezahlkarte.de\/ku\/wp-json\/wp\/v2\/pages\/1332","targetHints":{"allow":["GET"]}}],"collection":[{"href":"https:\/\/nein-zur-bezahlkarte.de\/ku\/wp-json\/wp\/v2\/pages"}],"about":[{"href":"https:\/\/nein-zur-bezahlkarte.de\/ku\/wp-json\/wp\/v2\/types\/page"}],"author":[{"embeddable":true,"href":"https:\/\/nein-zur-bezahlkarte.de\/ku\/wp-json\/wp\/v2\/users\/2"}],"replies":[{"embeddable":true,"href":"https:\/\/nein-zur-bezahlkarte.de\/ku\/wp-json\/wp\/v2\/comments?post=1332"}],"version-history":[{"count":6,"href":"https:\/\/nein-zur-bezahlkarte.de\/ku\/wp-json\/wp\/v2\/pages\/1332\/revisions"}],"predecessor-version":[{"id":2936,"href":"https:\/\/nein-zur-bezahlkarte.de\/ku\/wp-json\/wp\/v2\/pages\/1332\/revisions\/2936"}],"wp:featuredmedia":[{"embeddable":true,"href":"https:\/\/nein-zur-bezahlkarte.de\/ku\/wp-json\/wp\/v2\/media\/803"}],"wp:attachment":[{"href":"https:\/\/nein-zur-bezahlkarte.de\/ku\/wp-json\/wp\/v2\/media?parent=1332"}],"curies":[{"name":"wp","href":"https:\/\/api.w.org\/{rel}","templated":true}]}}