{"id":1586,"date":"2024-11-22T23:41:08","date_gmt":"2024-11-22T22:41:08","guid":{"rendered":"https:\/\/nein-zur-bezahlkarte.de\/doz-li-diji-karta-peredana\/"},"modified":"2025-02-04T09:39:15","modified_gmt":"2025-02-04T08:39:15","slug":"doz-li-diji-karta-peredana","status":"publish","type":"page","link":"https:\/\/nein-zur-bezahlkarte.de\/ku\/doz-li-diji-karta-peredana\/","title":{"rendered":"doz li dij\u00ee karta peredana"},"content":{"rendered":"\n<p class=\"has-large-font-size\">Pro Asyl \u00fb Cemiyeta Maf\u00ean Siv\u00eel jixwe li dij\u00ee qerta peredan\u00ea doz\u00ean \u00e7\u00eenayet\u00ee vedikin. Jixwe biryar\u00ean destp\u00eak\u00ea hene. <\/p>\n\n<p class=\"has-large-font-size\">Dibe ku di doza we de j\u00ee maq\u00fbl be ku h\u00fbn li dij\u00ee qerta dravdan\u00ea tedb\u00eer\u00ean qan\u00fbn\u00ee bav\u00eajin.<br\/><\/p>\n\n<p><\/p>\n\n<p class=\"has-accent-1-background-color has-background has-large-font-size\" style=\"border-style:none;border-width:0px;margin-top:0;margin-right:0;margin-bottom:0;margin-left:0\"><strong>\u00c7ima doza qerta dravdan\u00ea dikin?  <\/strong><\/p>\n\n<p class=\"has-large-font-size\">Ji ber ku qerta peredan\u00ea azad\u00ee \u00fb xwer\u00eaveberiy\u00ea s\u00eenordar dike, p\u00eakan\u00eena w\u00ea ya hi\u015fk <strong>maf\u00ea bingeh\u00een a jiyana bi r\u00fbmet<\/strong> binp\u00ea dike.<\/p>\n\n<p class=\"has-large-font-size\">Ev maf\u00ea bingeh\u00een ji bo hem\u00fb mirov\u00ean li Elmanyay\u00ea derbas dibe. Ne gir\u00eeng e ku ew ji ku hatine, ji k\u00eejan netewey\u00ea ne \u00fb \u00e7i statuya wan a r\u00fbni\u015ftin\u00ea heye. Maf\u00ea bingeh\u00een di Qan\u00fbna Bingeh\u00een de hatiye destn\u00ee\u015fankirin:  <\/p>\n\n<ul class=\"wp-block-list\">\n<li class=\"has-large-font-size\">R\u00fbmeta mirovan nay\u00ea binp\u00eakirin (Xala 1, paragraf 1).<\/li>\n\n\n\n<li class=\"has-large-font-size\">Almanya dewletek refah\u00ea ye \u00fb div\u00ea xema gel\u00ea xwe bike (Xala 20, paragraf 1).<\/li>\n<\/ul>\n\n<p class=\"has-large-font-size\">Karta dravdan\u00ea j\u00ee mirovan cih\u00eakariy\u00ea dike \u00fb <strong>maf\u00ea wekheviy\u00ea<\/strong> binp\u00ea dike (Xala 3, Paragraf 1 ya Qan\u00fbna Bingeh\u00een).<\/p>\n\n<p class=\"has-large-font-size\"><\/p>\n\n<p class=\"has-large-font-size\" style=\"border-style:none;border-width:0px;padding-top:var(--wp--preset--spacing--20);padding-right:var(--wp--preset--spacing--30);padding-bottom:var(--wp--preset--spacing--20);padding-left:var(--wp--preset--spacing--30)\"><strong>Li vir nih\u00ear\u00eenek prosedur\u00ean ber\u00ea ye:<\/strong><br\/> <a href=\"https:\/\/freiheitsrechte.org\/themen\/gleiche-rechte-und-soziale-teilhabe\/bezahlkarte\"><br\/>https:\/\/freiheitsrechte.org\/themen\/gleiche-rechte-und-soziale-teilhabe\/bezahlkarte<\/a><\/p>\n\n<p class=\"has-large-font-size\"><\/p>\n\n<h3 class=\"wp-block-heading has-accent-1-background-color has-background\"><strong>Keng\u00ea h\u00fbn dikarin doz bikin?<\/strong><\/h3>\n\n<p class=\"has-large-font-size\">M\u00eenak\u00ee, h\u00fbn dikarin qerta dravdan\u00ea doz bikin ger:<\/p>\n\n<ul class=\"wp-block-list\">\n<li class=\"has-large-font-size\">50 \u20ac an 25 \u20ac perey\u00ea ku h\u00fbn dist\u00eenin t\u00ear\u00ea nake ji ber ku hewcedariy\u00ean we y\u00ean taybet\u00ee hene \u00fb da\u00eereya refaha civak\u00ee perey\u00ean z\u00eade nade we;<\/li>\n\n\n\n<li class=\"has-large-font-size\">we ne\u00e7ar b\u00fb ku ji bo veguheztin\u00ea daney\u00ean taybet bidin da\u00eereya refaha civak\u00ee \u2013 ev dikare parastina daneyan binp\u00ea bike;<\/li>\n\n\n\n<li class=\"has-large-font-size\">we ne\u00e7ar b\u00fb ku ji bo veguheztinan agahdariya di derbar\u00ea par\u00eazer\u00ean xwe de derbas bikin \u2013 ev dikare nepeniya xer\u00eedar di navbera we \u00fb par\u00eazer\u00ean we de binp\u00ea bike.<\/li>\n<\/ul>\n\n<p><\/p>\n\n<h3 class=\"wp-block-heading has-accent-1-background-color has-background\"><strong>H\u00fbn \u00e7awa dikarin doz bikin?<\/strong><\/h3>\n\n<p class=\"has-large-font-size\">Ger h\u00fbn j\u00ee dixwazin li dij\u00ee qerta dravdan\u00ea tevbigerin, ji <a href=\"https:\/\/www.fluechtlingsrat-brandenburg.de\/adressen\/\">navendek \u015f\u00eawirmendiy\u00ea<\/a> ya n\u00eaz\u00ee xwe al\u00eekariy\u00ea bixwazin. Her weha h\u00fbn dikarin ji Encumena Penaberan a Brandenburg re e-nameyek biniv\u00eesin: info[at] fluechtlingsrat-brandenburg.de <\/p>\n\n<p><\/p>\n\n<p><\/p>\n","protected":false},"excerpt":{"rendered":"<p>Pro Asyl \u00fb Cemiyeta Maf\u00ean Siv\u00eel jixwe li dij\u00ee qerta peredan\u00ea doz\u00ean \u00e7\u00eenayet\u00ee vedikin. Jixwe biryar\u00ean destp\u00eak\u00ea hene. Dibe ku di doza we de j\u00ee maq\u00fbl be ku h\u00fbn li dij\u00ee qerta dravdan\u00ea tedb\u00eer\u00ean qan\u00fbn\u00ee bav\u00eajin. \u00c7ima doza qerta dravdan\u00ea dikin? Ji ber ku qerta peredan\u00ea azad\u00ee \u00fb xwer\u00eaveberiy\u00ea s\u00eenordar dike, p\u00eakan\u00eena w\u00ea ya hi\u015fk [&hellip;]<\/p>\n","protected":false},"author":3,"featured_media":0,"parent":0,"menu_order":0,"comment_status":"closed","ping_status":"closed","template":"","meta":{"footnotes":""},"class_list":["post-1586","page","type-page","status-publish","hentry"],"yoast_head":"<!-- This site is optimized with the Yoast SEO plugin v26.4 - https:\/\/yoast.com\/wordpress\/plugins\/seo\/ -->\n<title>doz li dij\u00ee karta peredana - Wir sagen Nein zur Bezahlkarte<\/title>\n<meta name=\"robots\" content=\"index, follow, max-snippet:-1, max-image-preview:large, max-video-preview:-1\" \/>\n<link rel=\"canonical\" href=\"https:\/\/nein-zur-bezahlkarte.de\/ku\/doz-li-diji-karta-peredana\/\" \/>\n<meta property=\"og:locale\" content=\"en_US\" \/>\n<meta property=\"og:type\" content=\"article\" \/>\n<meta property=\"og:title\" content=\"doz li dij\u00ee karta peredana - Wir sagen Nein zur Bezahlkarte\" \/>\n<meta property=\"og:description\" content=\"Pro Asyl \u00fb Cemiyeta Maf\u00ean Siv\u00eel jixwe li dij\u00ee qerta peredan\u00ea doz\u00ean \u00e7\u00eenayet\u00ee vedikin. Jixwe biryar\u00ean destp\u00eak\u00ea hene. Dibe ku di doza we de j\u00ee maq\u00fbl be ku h\u00fbn li dij\u00ee qerta dravdan\u00ea tedb\u00eer\u00ean qan\u00fbn\u00ee bav\u00eajin. \u00c7ima doza qerta dravdan\u00ea dikin? Ji ber ku qerta peredan\u00ea azad\u00ee \u00fb xwer\u00eaveberiy\u00ea s\u00eenordar dike, p\u00eakan\u00eena w\u00ea ya hi\u015fk [&hellip;]\" \/>\n<meta property=\"og:url\" content=\"https:\/\/nein-zur-bezahlkarte.de\/ku\/doz-li-diji-karta-peredana\/\" \/>\n<meta property=\"og:site_name\" content=\"Wir sagen Nein zur Bezahlkarte\" \/>\n<meta property=\"article:modified_time\" content=\"2025-02-04T08:39:15+00:00\" \/>\n<meta name=\"twitter:card\" content=\"summary_large_image\" \/>\n<meta name=\"twitter:label1\" content=\"Est. reading time\" \/>\n\t<meta name=\"twitter:data1\" content=\"2 \u062e\u0648\u0644\u06d5\u06a9\" \/>\n<script type=\"application\/ld+json\" class=\"yoast-schema-graph\">{\"@context\":\"https:\/\/schema.org\",\"@graph\":[{\"@type\":\"WebPage\",\"@id\":\"https:\/\/nein-zur-bezahlkarte.de\/ku\/doz-li-diji-karta-peredana\/\",\"url\":\"https:\/\/nein-zur-bezahlkarte.de\/ku\/doz-li-diji-karta-peredana\/\",\"name\":\"doz li dij\u00ee karta peredana - Wir sagen Nein zur Bezahlkarte\",\"isPartOf\":{\"@id\":\"https:\/\/nein-zur-bezahlkarte.de\/ku\/#website\"},\"datePublished\":\"2024-11-22T22:41:08+00:00\",\"dateModified\":\"2025-02-04T08:39:15+00:00\",\"breadcrumb\":{\"@id\":\"https:\/\/nein-zur-bezahlkarte.de\/ku\/doz-li-diji-karta-peredana\/#breadcrumb\"},\"inLanguage\":\"ckb\",\"potentialAction\":[{\"@type\":\"ReadAction\",\"target\":[\"https:\/\/nein-zur-bezahlkarte.de\/ku\/doz-li-diji-karta-peredana\/\"]}]},{\"@type\":\"BreadcrumbList\",\"@id\":\"https:\/\/nein-zur-bezahlkarte.de\/ku\/doz-li-diji-karta-peredana\/#breadcrumb\",\"itemListElement\":[{\"@type\":\"ListItem\",\"position\":1,\"name\":\"Startseite\",\"item\":\"https:\/\/nein-zur-bezahlkarte.de\/ku\/\"},{\"@type\":\"ListItem\",\"position\":2,\"name\":\"doz li dij\u00ee karta peredana\"}]},{\"@type\":\"WebSite\",\"@id\":\"https:\/\/nein-zur-bezahlkarte.de\/ku\/#website\",\"url\":\"https:\/\/nein-zur-bezahlkarte.de\/ku\/\",\"name\":\"Wir sagen Nein zur Bezahlkarte\",\"description\":\"Impressum\",\"publisher\":{\"@id\":\"https:\/\/nein-zur-bezahlkarte.de\/ku\/#organization\"},\"potentialAction\":[{\"@type\":\"SearchAction\",\"target\":{\"@type\":\"EntryPoint\",\"urlTemplate\":\"https:\/\/nein-zur-bezahlkarte.de\/ku\/?s={search_term_string}\"},\"query-input\":{\"@type\":\"PropertyValueSpecification\",\"valueRequired\":true,\"valueName\":\"search_term_string\"}}],\"inLanguage\":\"ckb\"},{\"@type\":\"Organization\",\"@id\":\"https:\/\/nein-zur-bezahlkarte.de\/ku\/#organization\",\"name\":\"Wir sagen Nein zur Bezahlkarte\",\"url\":\"https:\/\/nein-zur-bezahlkarte.de\/ku\/\",\"logo\":{\"@type\":\"ImageObject\",\"inLanguage\":\"ckb\",\"@id\":\"https:\/\/nein-zur-bezahlkarte.de\/ku\/#\/schema\/logo\/image\/\",\"url\":\"https:\/\/nein-zur-bezahlkarte.de\/wp-content\/uploads\/2024\/11\/BZHLKRT_Logo_Vektoren_BRNDNBRG_Gelb.png\",\"contentUrl\":\"https:\/\/nein-zur-bezahlkarte.de\/wp-content\/uploads\/2024\/11\/BZHLKRT_Logo_Vektoren_BRNDNBRG_Gelb.png\",\"width\":5000,\"height\":5000,\"caption\":\"Wir sagen Nein zur Bezahlkarte\"},\"image\":{\"@id\":\"https:\/\/nein-zur-bezahlkarte.de\/ku\/#\/schema\/logo\/image\/\"}}]}<\/script>\n<!-- \/ Yoast SEO plugin. -->","yoast_head_json":{"title":"doz li dij\u00ee karta peredana - Wir sagen Nein zur Bezahlkarte","robots":{"index":"index","follow":"follow","max-snippet":"max-snippet:-1","max-image-preview":"max-image-preview:large","max-video-preview":"max-video-preview:-1"},"canonical":"https:\/\/nein-zur-bezahlkarte.de\/ku\/doz-li-diji-karta-peredana\/","og_locale":"en_US","og_type":"article","og_title":"doz li dij\u00ee karta peredana - Wir sagen Nein zur Bezahlkarte","og_description":"Pro Asyl \u00fb Cemiyeta Maf\u00ean Siv\u00eel jixwe li dij\u00ee qerta peredan\u00ea doz\u00ean \u00e7\u00eenayet\u00ee vedikin. Jixwe biryar\u00ean destp\u00eak\u00ea hene. Dibe ku di doza we de j\u00ee maq\u00fbl be ku h\u00fbn li dij\u00ee qerta dravdan\u00ea tedb\u00eer\u00ean qan\u00fbn\u00ee bav\u00eajin. \u00c7ima doza qerta dravdan\u00ea dikin? Ji ber ku qerta peredan\u00ea azad\u00ee \u00fb xwer\u00eaveberiy\u00ea s\u00eenordar dike, p\u00eakan\u00eena w\u00ea ya hi\u015fk [&hellip;]","og_url":"https:\/\/nein-zur-bezahlkarte.de\/ku\/doz-li-diji-karta-peredana\/","og_site_name":"Wir sagen Nein zur Bezahlkarte","article_modified_time":"2025-02-04T08:39:15+00:00","twitter_card":"summary_large_image","twitter_misc":{"Est. reading time":"2 \u062e\u0648\u0644\u06d5\u06a9"},"schema":{"@context":"https:\/\/schema.org","@graph":[{"@type":"WebPage","@id":"https:\/\/nein-zur-bezahlkarte.de\/ku\/doz-li-diji-karta-peredana\/","url":"https:\/\/nein-zur-bezahlkarte.de\/ku\/doz-li-diji-karta-peredana\/","name":"doz li dij\u00ee karta peredana - Wir sagen Nein zur Bezahlkarte","isPartOf":{"@id":"https:\/\/nein-zur-bezahlkarte.de\/ku\/#website"},"datePublished":"2024-11-22T22:41:08+00:00","dateModified":"2025-02-04T08:39:15+00:00","breadcrumb":{"@id":"https:\/\/nein-zur-bezahlkarte.de\/ku\/doz-li-diji-karta-peredana\/#breadcrumb"},"inLanguage":"ckb","potentialAction":[{"@type":"ReadAction","target":["https:\/\/nein-zur-bezahlkarte.de\/ku\/doz-li-diji-karta-peredana\/"]}]},{"@type":"BreadcrumbList","@id":"https:\/\/nein-zur-bezahlkarte.de\/ku\/doz-li-diji-karta-peredana\/#breadcrumb","itemListElement":[{"@type":"ListItem","position":1,"name":"Startseite","item":"https:\/\/nein-zur-bezahlkarte.de\/ku\/"},{"@type":"ListItem","position":2,"name":"doz li dij\u00ee karta peredana"}]},{"@type":"WebSite","@id":"https:\/\/nein-zur-bezahlkarte.de\/ku\/#website","url":"https:\/\/nein-zur-bezahlkarte.de\/ku\/","name":"Wir sagen Nein zur Bezahlkarte","description":"Impressum","publisher":{"@id":"https:\/\/nein-zur-bezahlkarte.de\/ku\/#organization"},"potentialAction":[{"@type":"SearchAction","target":{"@type":"EntryPoint","urlTemplate":"https:\/\/nein-zur-bezahlkarte.de\/ku\/?s={search_term_string}"},"query-input":{"@type":"PropertyValueSpecification","valueRequired":true,"valueName":"search_term_string"}}],"inLanguage":"ckb"},{"@type":"Organization","@id":"https:\/\/nein-zur-bezahlkarte.de\/ku\/#organization","name":"Wir sagen Nein zur Bezahlkarte","url":"https:\/\/nein-zur-bezahlkarte.de\/ku\/","logo":{"@type":"ImageObject","inLanguage":"ckb","@id":"https:\/\/nein-zur-bezahlkarte.de\/ku\/#\/schema\/logo\/image\/","url":"https:\/\/nein-zur-bezahlkarte.de\/wp-content\/uploads\/2024\/11\/BZHLKRT_Logo_Vektoren_BRNDNBRG_Gelb.png","contentUrl":"https:\/\/nein-zur-bezahlkarte.de\/wp-content\/uploads\/2024\/11\/BZHLKRT_Logo_Vektoren_BRNDNBRG_Gelb.png","width":5000,"height":5000,"caption":"Wir sagen Nein zur Bezahlkarte"},"image":{"@id":"https:\/\/nein-zur-bezahlkarte.de\/ku\/#\/schema\/logo\/image\/"}}]}},"_links":{"self":[{"href":"https:\/\/nein-zur-bezahlkarte.de\/ku\/wp-json\/wp\/v2\/pages\/1586","targetHints":{"allow":["GET"]}}],"collection":[{"href":"https:\/\/nein-zur-bezahlkarte.de\/ku\/wp-json\/wp\/v2\/pages"}],"about":[{"href":"https:\/\/nein-zur-bezahlkarte.de\/ku\/wp-json\/wp\/v2\/types\/page"}],"author":[{"embeddable":true,"href":"https:\/\/nein-zur-bezahlkarte.de\/ku\/wp-json\/wp\/v2\/users\/3"}],"replies":[{"embeddable":true,"href":"https:\/\/nein-zur-bezahlkarte.de\/ku\/wp-json\/wp\/v2\/comments?post=1586"}],"version-history":[{"count":1,"href":"https:\/\/nein-zur-bezahlkarte.de\/ku\/wp-json\/wp\/v2\/pages\/1586\/revisions"}],"predecessor-version":[{"id":1587,"href":"https:\/\/nein-zur-bezahlkarte.de\/ku\/wp-json\/wp\/v2\/pages\/1586\/revisions\/1587"}],"wp:attachment":[{"href":"https:\/\/nein-zur-bezahlkarte.de\/ku\/wp-json\/wp\/v2\/media?parent=1586"}],"curies":[{"name":"wp","href":"https:\/\/api.w.org\/{rel}","templated":true}]}}