{"id":1592,"date":"2024-11-22T23:35:00","date_gmt":"2024-11-22T22:35:00","guid":{"rendered":"https:\/\/nein-zur-bezahlkarte.de\/bi-karta-peredane\/"},"modified":"2025-04-29T19:01:57","modified_gmt":"2025-04-29T17:01:57","slug":"bi-karta-peredane","status":"publish","type":"page","link":"https:\/\/nein-zur-bezahlkarte.de\/ku\/bi-karta-peredane\/","title":{"rendered":"Bi karta peredan\u00ea"},"content":{"rendered":"\n<p><strong>N\u00ee\u015fe:<\/strong> Enst\u00eetuya Weizenbaum naha li hevkar\u00ean hevpeyiv\u00een\u00ea digere ji bo l\u00eakol\u00eenek ku ezm\u00fbna wan wek\u00ee bikarh\u00eaner\u00ean qerta dravdan\u00ea heye. Aliy\u00ean eleqedar dikarin rasterast bi e-namey\u00ea bi me re t\u00eakil\u00ee daynin ser studie [\u00e4t] weizenbaum-institut.de. <\/p>\n\n<p class=\"has-x-large-font-size\"><strong>Kampanyay\u00ean dan\u00fbstendin\u00ea \u2013 li \u015f\u00fbna qerta drav\u00ea<\/strong><\/p>\n\n<p class=\"has-large-font-size\"><br\/>Ma karta we ya dravdan\u00ea heye \u00fb hewcedariya we bi drav heye? Werin em biguher\u00eenin! Gelek away\u00ean guheztina krediy\u00ea ji qerta dravdana xwe bi drav hene:  <\/p>\n\n<div class=\"wp-block-columns is-layout-flex wp-container-core-columns-is-layout-28f84493 wp-block-columns-is-layout-flex\">\n<div class=\"wp-block-column has-accent-1-background-color has-background is-layout-flow wp-block-column-is-layout-flow\" style=\"padding-top:var(--wp--preset--spacing--30);padding-right:var(--wp--preset--spacing--30);padding-bottom:var(--wp--preset--spacing--30);padding-left:var(--wp--preset--spacing--30)\">\n<p class=\"has-x-large-font-size\"><strong>kir\u00een\u00ean tandem<\/strong><\/p>\n\n\n\n<p class=\"has-large-font-size\">H\u00fbn dikarin bi kesek b\u00eay\u00ee qerta dravdan\u00ea bi\u00e7in supermarket\u00ea \u00fb heq\u00ea kir\u00eena w\u00ee bi qerta drav\u00ea xwe bidin. Kes\u00ea b\u00eay\u00ee qerta dravdan\u00ea w\u00ea hing\u00ea m\u00eeqdara kir\u00eena xwe bi drav bide we. <\/p>\n\n\n\n<figure class=\"wp-block-image size-full\"><img loading=\"lazy\" decoding=\"async\" width=\"951\" height=\"780\" src=\"https:\/\/nein-zur-bezahlkarte.de\/wp-content\/uploads\/2024\/11\/Kartentausch.png\" alt=\"Du dest. Di destek&#xEE; de qertek &#xE7;&#xEE;pek voucher, di dest&#xEA; din de noteyek 50 euroy&#xEE; heye.&#10; Destan kart &#xFB; banknotek dir&#xEA;j dikin da ku biguhez&#xEE;nin. \" class=\"wp-image-253\" srcset=\"https:\/\/nein-zur-bezahlkarte.de\/wp-content\/uploads\/2024\/11\/Kartentausch.png 951w, https:\/\/nein-zur-bezahlkarte.de\/wp-content\/uploads\/2024\/11\/Kartentausch-300x246.png 300w, https:\/\/nein-zur-bezahlkarte.de\/wp-content\/uploads\/2024\/11\/Kartentausch-768x630.png 768w\" sizes=\"auto, (max-width: 951px) 100vw, 951px\" \/><\/figure>\n<\/div>\n\n\n\n<div class=\"wp-block-column has-accent-1-background-color has-background is-layout-flow wp-block-column-is-layout-flow\" style=\"padding-top:var(--wp--preset--spacing--30);padding-right:var(--wp--preset--spacing--30);padding-bottom:var(--wp--preset--spacing--30);padding-left:var(--wp--preset--spacing--30)\">\n<p class=\"has-x-large-font-size\"><strong><strong>dan\u00fbstendina voucher<\/strong><\/strong><\/p>\n\n\n\n<p class=\"has-large-font-size\">Li supermarketan h\u00fbn dikarin bi qerta xweya dravdan\u00ea qurs\u00ean kir\u00een\u00ea bikirin. D\u00fbv re van dek \u00fb dolaban ji h\u00eala kes\u00ean b\u00ea qerta dravdan\u00ea ve dikarin bi drav\u00ea werin guheztin. <\/p>\n\n\n\n<p class=\"has-large-font-size\">Ev \u00e7awa dixebite:<\/p>\n\n\n\n<ol class=\"wp-block-list\">\n<li class=\"has-large-font-size\">Li supermarketek qursek kir\u00eena 50 \u20ac bikirin. Meqb\u00fbz\u00ea bi xwe re bibin. <\/li>\n<\/ol>\n\n\n\n<figure class=\"wp-block-gallery has-nested-images columns-6 wp-block-gallery-1 is-layout-flex wp-block-gallery-is-layout-flex\" style=\"border-style:none;border-width:0px\">\n<figure class=\"wp-block-image size-full\"><img loading=\"lazy\" decoding=\"async\" width=\"2560\" height=\"1695\" data-id=\"236\" src=\"https:\/\/nein-zur-bezahlkarte.de\/wp-content\/uploads\/2024\/11\/2560px-Dm_Logo.svg_.png\" alt=\"dm logo\" class=\"wp-image-236\" srcset=\"https:\/\/nein-zur-bezahlkarte.de\/wp-content\/uploads\/2024\/11\/2560px-Dm_Logo.svg_.png 2560w, https:\/\/nein-zur-bezahlkarte.de\/wp-content\/uploads\/2024\/11\/2560px-Dm_Logo.svg_-300x199.png 300w, https:\/\/nein-zur-bezahlkarte.de\/wp-content\/uploads\/2024\/11\/2560px-Dm_Logo.svg_-1024x678.png 1024w, https:\/\/nein-zur-bezahlkarte.de\/wp-content\/uploads\/2024\/11\/2560px-Dm_Logo.svg_-768x509.png 768w, https:\/\/nein-zur-bezahlkarte.de\/wp-content\/uploads\/2024\/11\/2560px-Dm_Logo.svg_-1536x1017.png 1536w, https:\/\/nein-zur-bezahlkarte.de\/wp-content\/uploads\/2024\/11\/2560px-Dm_Logo.svg_-2048x1356.png 2048w\" sizes=\"auto, (max-width: 2560px) 100vw, 2560px\" \/><\/figure>\n\n\n\n<figure class=\"wp-block-image size-full\"><img loading=\"lazy\" decoding=\"async\" width=\"1696\" height=\"2048\" data-id=\"235\" src=\"https:\/\/nein-zur-bezahlkarte.de\/wp-content\/uploads\/2024\/11\/Aldi_Sued_2017_logo.svg_.png\" alt=\"ALDI&#10; ba&#x15F;&#xFB;r\" class=\"wp-image-235\" srcset=\"https:\/\/nein-zur-bezahlkarte.de\/wp-content\/uploads\/2024\/11\/Aldi_Sued_2017_logo.svg_.png 1696w, https:\/\/nein-zur-bezahlkarte.de\/wp-content\/uploads\/2024\/11\/Aldi_Sued_2017_logo.svg_-248x300.png 248w, https:\/\/nein-zur-bezahlkarte.de\/wp-content\/uploads\/2024\/11\/Aldi_Sued_2017_logo.svg_-848x1024.png 848w, https:\/\/nein-zur-bezahlkarte.de\/wp-content\/uploads\/2024\/11\/Aldi_Sued_2017_logo.svg_-768x927.png 768w, https:\/\/nein-zur-bezahlkarte.de\/wp-content\/uploads\/2024\/11\/Aldi_Sued_2017_logo.svg_-1272x1536.png 1272w\" sizes=\"auto, (max-width: 1696px) 100vw, 1696px\" \/><\/figure>\n\n\n\n<figure class=\"wp-block-image size-full\"><img loading=\"lazy\" decoding=\"async\" width=\"321\" height=\"157\" data-id=\"231\" src=\"https:\/\/nein-zur-bezahlkarte.de\/wp-content\/uploads\/2024\/11\/images.png\" alt=\"Alnatura\" class=\"wp-image-231\" srcset=\"https:\/\/nein-zur-bezahlkarte.de\/wp-content\/uploads\/2024\/11\/images.png 321w, https:\/\/nein-zur-bezahlkarte.de\/wp-content\/uploads\/2024\/11\/images-300x147.png 300w\" sizes=\"auto, (max-width: 321px) 100vw, 321px\" \/><\/figure>\n\n\n\n<figure class=\"wp-block-image size-full\"><img loading=\"lazy\" decoding=\"async\" width=\"2048\" height=\"2048\" data-id=\"234\" src=\"https:\/\/nein-zur-bezahlkarte.de\/wp-content\/uploads\/2024\/11\/Lidl-Logo.svg_.webp\" alt=\"LIDL\" class=\"wp-image-234\" srcset=\"https:\/\/nein-zur-bezahlkarte.de\/wp-content\/uploads\/2024\/11\/Lidl-Logo.svg_.webp 2048w, https:\/\/nein-zur-bezahlkarte.de\/wp-content\/uploads\/2024\/11\/Lidl-Logo.svg_-300x300.webp 300w, https:\/\/nein-zur-bezahlkarte.de\/wp-content\/uploads\/2024\/11\/Lidl-Logo.svg_-1024x1024.webp 1024w, https:\/\/nein-zur-bezahlkarte.de\/wp-content\/uploads\/2024\/11\/Lidl-Logo.svg_-150x150.webp 150w, https:\/\/nein-zur-bezahlkarte.de\/wp-content\/uploads\/2024\/11\/Lidl-Logo.svg_-768x768.webp 768w, https:\/\/nein-zur-bezahlkarte.de\/wp-content\/uploads\/2024\/11\/Lidl-Logo.svg_-1536x1536.webp 1536w\" sizes=\"auto, (max-width: 2048px) 100vw, 2048px\" \/><\/figure>\n\n\n\n<figure class=\"wp-block-image size-full\"><img loading=\"lazy\" decoding=\"async\" width=\"1693\" height=\"2047\" data-id=\"232\" src=\"https:\/\/nein-zur-bezahlkarte.de\/wp-content\/uploads\/2024\/11\/Logo_Edeka.svg_-1.png\" alt=\"EDEKA\" class=\"wp-image-232\" srcset=\"https:\/\/nein-zur-bezahlkarte.de\/wp-content\/uploads\/2024\/11\/Logo_Edeka.svg_-1.png 1693w, https:\/\/nein-zur-bezahlkarte.de\/wp-content\/uploads\/2024\/11\/Logo_Edeka.svg_-1-248x300.png 248w, https:\/\/nein-zur-bezahlkarte.de\/wp-content\/uploads\/2024\/11\/Logo_Edeka.svg_-1-847x1024.png 847w, https:\/\/nein-zur-bezahlkarte.de\/wp-content\/uploads\/2024\/11\/Logo_Edeka.svg_-1-768x929.png 768w, https:\/\/nein-zur-bezahlkarte.de\/wp-content\/uploads\/2024\/11\/Logo_Edeka.svg_-1-1270x1536.png 1270w\" sizes=\"auto, (max-width: 1693px) 100vw, 1693px\" \/><\/figure>\n\n\n\n<figure class=\"wp-block-image size-full\"><img loading=\"lazy\" decoding=\"async\" width=\"2560\" height=\"887\" data-id=\"233\" src=\"https:\/\/nein-zur-bezahlkarte.de\/wp-content\/uploads\/2024\/11\/Logo_REWE.svg_-1.png\" alt=\"REWE\" class=\"wp-image-233\" srcset=\"https:\/\/nein-zur-bezahlkarte.de\/wp-content\/uploads\/2024\/11\/Logo_REWE.svg_-1.png 2560w, https:\/\/nein-zur-bezahlkarte.de\/wp-content\/uploads\/2024\/11\/Logo_REWE.svg_-1-300x104.png 300w, https:\/\/nein-zur-bezahlkarte.de\/wp-content\/uploads\/2024\/11\/Logo_REWE.svg_-1-1024x355.png 1024w, https:\/\/nein-zur-bezahlkarte.de\/wp-content\/uploads\/2024\/11\/Logo_REWE.svg_-1-768x266.png 768w, https:\/\/nein-zur-bezahlkarte.de\/wp-content\/uploads\/2024\/11\/Logo_REWE.svg_-1-1536x532.png 1536w, https:\/\/nein-zur-bezahlkarte.de\/wp-content\/uploads\/2024\/11\/Logo_REWE.svg_-1-2048x710.png 2048w\" sizes=\"auto, (max-width: 2560px) 100vw, 2560px\" \/><\/figure>\n<\/figure>\n\n\n\n<ol start=\"2\" class=\"wp-block-list\">\n<li class=\"has-large-font-size\">B\u00fbyer \u00fb meqb\u00fbz\u00ea b\u00eenin c\u00eehek dan\u00fbstendin\u00ea. Li wir h\u00fbn \u00ea karibin nirx\u00ea f\u00ee\u015fek\u00ea bi drav biguher\u00eenin. <\/li>\n<\/ol>\n<\/div>\n<\/div>\n\n<div class=\"wp-block-group has-base-background-color has-background has-small-font-size has-global-padding is-layout-constrained wp-container-core-group-is-layout-2e617a40 wp-block-group-is-layout-constrained\" style=\"border-style:none;border-width:0px;min-height:100vh;margin-top:0;margin-bottom:0;padding-top:var(--wp--preset--spacing--70);padding-right:var(--wp--preset--spacing--50);padding-bottom:var(--wp--preset--spacing--70);padding-left:var(--wp--preset--spacing--50)\">\n<h2 class=\"wp-block-heading alignfull has-x-large-font-size\"><strong>Cih\u00ean dan\u00fbstandin\u00ea li Brandenburg \u00fb Berl\u00een\u00ea:<\/strong><\/h2>\n\n\n\n<div class=\"wp-block-group alignfull has-global-padding is-layout-constrained wp-block-group-is-layout-constrained\">\n<iframe loading=\"lazy\" style=\"max-width: none;\" width=\"100%\" height=\"450px\" frameborder=\"0\" allowfullscreen=\"\" allow=\"geolocation\" src=\"\/\/umap.openstreetmap.de\/en\/map\/tauschorte-bezahlkarte_84085?scaleControl=false&#038;miniMap=false&#038;scrollWheelZoom=false&#038;zoomControl=true&#038;editMode=disabled&#038;moreControl=true&#038;searchControl=null&#038;tilelayersControl=null&#038;embedControl=null&#038;datalayersControl=true&#038;onLoadPanel=none&#038;captionBar=false&#038;captionMenus=true\"><\/iframe><p><a href=\"\/\/umap.openstreetmap.de\/de\/map\/tauschorte-brandenburgberlin_76502?scaleControl=false&#038;miniMap=false&#038;scrollWheelZoom=true&#038;zoomControl=true&#038;editMode=disabled&#038;moreControl=true&#038;searchControl=null&#038;tilelayersControl=null&#038;embedControl=null&#038;datalayersControl=true&#038;onLoadPanel=none&#038;captionBar=false&#038;captionMenus=true\">display full-screen<\/a><\/p>\n<\/div>\n<\/div>\n\n<p class=\"has-large-font-size\"><strong>Navn\u00ee\u015fan \/ vebijark\u00ean p\u00eawendiy\u00ea ji bo cih\u00ean dan\u00fbstendin\u00ea:<\/strong><\/p>\n\n<figure class=\"wp-block-table is-style-stripes has-medium-font-size\" style=\"line-height:2\"><table class=\"has-fixed-layout\" style=\"border-style:none;border-width:0px\"><tbody><tr><td><strong>Ko?<\/strong><\/td><td><strong>Heke?<\/strong><\/td><td><strong>WHO?<\/strong><\/td><td><strong>Agahiy\u00ean hey\u00ee<\/strong><\/td><\/tr><tr><td><strong>BRANDENBURG<\/strong><\/td><td><\/td><td><\/td><td><\/td><\/tr><tr><td>August-Bebel-Sr. 20a, 15344 Strausberg <\/td><td>her 2&#8217;y\u00ea \u00e7ar\u015fema meh\u00ea saet 16:00-18:00<\/td><td>bezahlkarte-strausberg@gmx.de<\/td><td><\/td><\/tr><tr><td>Seelow<\/td><td>13.05. 10.06. 15.07. 12.08. 09.09. 14.10. 11.11. 09.12.<\/td><td>t\u00eakil\u00ee: tauschen@freenet.de<\/td><td><\/td><\/tr><tr><td>Schmatzkammer,<br\/> Coppistr. 3, 16227 Eberswalde <\/td><td>her 2. p\u00eanc\u015fem\u00ea meh\u00ea ji saet 17:00<\/td><td>no-to-payment-card-barnim@posteo.de<\/td><td><a href=\"https:\/\/whatsapp.com\/channel\/0029Vb4LSD54CrfnKy1cfG0r\" target=\"_blank\" rel=\"noreferrer noopener\">https:\/\/whatsapp.com\/channel\/0029Vb4LSD54CrfnKy1cfG0r<\/a><\/td><\/tr><tr><td><strong>BERL\u00ceN<\/strong><\/td><td><\/td><td><\/td><td><\/td><\/tr><tr><td>Kreuzberg: <a href=\"https:\/\/osm.org\/go\/0MbE4sG3M?m=&amp;node=2520313547\">Reichenbergerstra\u00dfe 73, 10999 Berl\u00een<\/a><\/td><td>Du\u015fem-P\u00eanc\u015fem 17:00-n\u00eev\u00ea \u015fev\u00ea, \u00cen \u2013 \u015eem\u00ee 5:00-2am  <\/td><td><a href=\"https:\/\/www.bistro-spumante.org\/\">Bistro Spumante<\/a> <\/td><td>Ten\u00ea veguhastina kupon\u00ea<\/td><\/tr><tr><td>Kreuzberg: Lausitzerstrasse 21a, 10999 Berl\u00een<\/td><td>\u00cen\u00ee 6-8 pm<\/td><td>Solicaf\u00e9 \u00fb K\u00fcfa Regenbogenfabrik<\/td><td>Guhertina kupon\u00ea:<br\/> her dem mimkun<br\/><br\/> Belavkirina kuponan:<br\/> 02.05.: gelek kupon ji bo \u015fandin\u00ea<\/td><\/tr><tr><td>Kreuzberg: Oranienstra\u00dfe 21, 10999 Berl\u00een<\/td><td>Du\u015fem-\u00ce 12-6 pm<br\/> \u015eem\u00ee 12-4 pm<\/td><td>Pirt\u00fbkfiro\u015f OH21  <br\/><\/td><td>Ten\u00ea veguhastina kupon\u00ea<\/td><\/tr><tr><td>Friedrichshain: Rigaerstrasse 94, 10247 Berl\u00een<\/td><td>\u00c7ar\u015fem ji 20:00. ber&#8230;<\/td><td>K\u00fcfa li Kadterschmiede<br\/><\/td><td><a href=\"http:\/\/rigaer94.squat.net\/bezahlkartenborse\">http:\/\/rigaer94.squat.net\/bezahlkartenborse<\/a><\/td><\/tr><tr><td><\/td><td><\/td><td><\/td><td><\/td><\/tr><\/tbody><\/table><\/figure>\n\n<p><\/p>\n","protected":false},"excerpt":{"rendered":"<p>N\u00ee\u015fe: Enst\u00eetuya Weizenbaum naha li hevkar\u00ean hevpeyiv\u00een\u00ea digere ji bo l\u00eakol\u00eenek ku ezm\u00fbna wan wek\u00ee bikarh\u00eaner\u00ean qerta dravdan\u00ea heye. Aliy\u00ean eleqedar dikarin rasterast bi e-namey\u00ea bi me re t\u00eakil\u00ee daynin ser studie [\u00e4t] weizenbaum-institut.de. Kampanyay\u00ean dan\u00fbstendin\u00ea \u2013 li \u015f\u00fbna qerta drav\u00ea Ma karta we ya dravdan\u00ea heye \u00fb hewcedariya we bi drav heye? Werin em [&hellip;]<\/p>\n","protected":false},"author":5,"featured_media":0,"parent":0,"menu_order":0,"comment_status":"closed","ping_status":"closed","template":"","meta":{"footnotes":""},"class_list":["post-1592","page","type-page","status-publish","hentry"],"yoast_head":"<!-- This site is optimized with the Yoast SEO plugin v26.4 - https:\/\/yoast.com\/wordpress\/plugins\/seo\/ -->\n<title>Bi karta peredan\u00ea - Wir sagen Nein zur Bezahlkarte<\/title>\n<meta name=\"robots\" content=\"index, follow, max-snippet:-1, max-image-preview:large, max-video-preview:-1\" \/>\n<link rel=\"canonical\" href=\"https:\/\/nein-zur-bezahlkarte.de\/ku\/bi-karta-peredane\/\" \/>\n<meta property=\"og:locale\" content=\"en_US\" \/>\n<meta property=\"og:type\" content=\"article\" \/>\n<meta property=\"og:title\" content=\"Bi karta peredan\u00ea - Wir sagen Nein zur Bezahlkarte\" \/>\n<meta property=\"og:description\" content=\"N\u00ee\u015fe: Enst\u00eetuya Weizenbaum naha li hevkar\u00ean hevpeyiv\u00een\u00ea digere ji bo l\u00eakol\u00eenek ku ezm\u00fbna wan wek\u00ee bikarh\u00eaner\u00ean qerta dravdan\u00ea heye. Aliy\u00ean eleqedar dikarin rasterast bi e-namey\u00ea bi me re t\u00eakil\u00ee daynin ser studie [\u00e4t] weizenbaum-institut.de. Kampanyay\u00ean dan\u00fbstendin\u00ea \u2013 li \u015f\u00fbna qerta drav\u00ea Ma karta we ya dravdan\u00ea heye \u00fb hewcedariya we bi drav heye? Werin em [&hellip;]\" \/>\n<meta property=\"og:url\" content=\"https:\/\/nein-zur-bezahlkarte.de\/ku\/bi-karta-peredane\/\" \/>\n<meta property=\"og:site_name\" content=\"Wir sagen Nein zur Bezahlkarte\" \/>\n<meta property=\"article:modified_time\" content=\"2025-04-29T17:01:57+00:00\" \/>\n<meta property=\"og:image\" content=\"https:\/\/nein-zur-bezahlkarte.de\/wp-content\/uploads\/2024\/11\/Kartentausch.png\" \/>\n\t<meta property=\"og:image:width\" content=\"951\" \/>\n\t<meta property=\"og:image:height\" content=\"780\" \/>\n\t<meta property=\"og:image:type\" content=\"image\/png\" \/>\n<meta name=\"twitter:card\" content=\"summary_large_image\" \/>\n<meta name=\"twitter:label1\" content=\"Est. reading time\" \/>\n\t<meta name=\"twitter:data1\" content=\"2 \u062e\u0648\u0644\u06d5\u06a9\" \/>\n<script type=\"application\/ld+json\" class=\"yoast-schema-graph\">{\"@context\":\"https:\/\/schema.org\",\"@graph\":[{\"@type\":\"WebPage\",\"@id\":\"https:\/\/nein-zur-bezahlkarte.de\/ku\/bi-karta-peredane\/\",\"url\":\"https:\/\/nein-zur-bezahlkarte.de\/ku\/bi-karta-peredane\/\",\"name\":\"Bi karta peredan\u00ea - Wir sagen Nein zur Bezahlkarte\",\"isPartOf\":{\"@id\":\"https:\/\/nein-zur-bezahlkarte.de\/ku\/#website\"},\"primaryImageOfPage\":{\"@id\":\"https:\/\/nein-zur-bezahlkarte.de\/ku\/bi-karta-peredane\/#primaryimage\"},\"image\":{\"@id\":\"https:\/\/nein-zur-bezahlkarte.de\/ku\/bi-karta-peredane\/#primaryimage\"},\"thumbnailUrl\":\"https:\/\/nein-zur-bezahlkarte.de\/wp-content\/uploads\/2024\/11\/Kartentausch.png\",\"datePublished\":\"2024-11-22T22:35:00+00:00\",\"dateModified\":\"2025-04-29T17:01:57+00:00\",\"breadcrumb\":{\"@id\":\"https:\/\/nein-zur-bezahlkarte.de\/ku\/bi-karta-peredane\/#breadcrumb\"},\"inLanguage\":\"ckb\",\"potentialAction\":[{\"@type\":\"ReadAction\",\"target\":[\"https:\/\/nein-zur-bezahlkarte.de\/ku\/bi-karta-peredane\/\"]}]},{\"@type\":\"ImageObject\",\"inLanguage\":\"ckb\",\"@id\":\"https:\/\/nein-zur-bezahlkarte.de\/ku\/bi-karta-peredane\/#primaryimage\",\"url\":\"https:\/\/nein-zur-bezahlkarte.de\/wp-content\/uploads\/2024\/11\/Kartentausch.png\",\"contentUrl\":\"https:\/\/nein-zur-bezahlkarte.de\/wp-content\/uploads\/2024\/11\/Kartentausch.png\"},{\"@type\":\"BreadcrumbList\",\"@id\":\"https:\/\/nein-zur-bezahlkarte.de\/ku\/bi-karta-peredane\/#breadcrumb\",\"itemListElement\":[{\"@type\":\"ListItem\",\"position\":1,\"name\":\"Startseite\",\"item\":\"https:\/\/nein-zur-bezahlkarte.de\/ku\/\"},{\"@type\":\"ListItem\",\"position\":2,\"name\":\"Bi karta peredan\u00ea\"}]},{\"@type\":\"WebSite\",\"@id\":\"https:\/\/nein-zur-bezahlkarte.de\/ku\/#website\",\"url\":\"https:\/\/nein-zur-bezahlkarte.de\/ku\/\",\"name\":\"Wir sagen Nein zur Bezahlkarte\",\"description\":\"Impressum\",\"publisher\":{\"@id\":\"https:\/\/nein-zur-bezahlkarte.de\/ku\/#organization\"},\"potentialAction\":[{\"@type\":\"SearchAction\",\"target\":{\"@type\":\"EntryPoint\",\"urlTemplate\":\"https:\/\/nein-zur-bezahlkarte.de\/ku\/?s={search_term_string}\"},\"query-input\":{\"@type\":\"PropertyValueSpecification\",\"valueRequired\":true,\"valueName\":\"search_term_string\"}}],\"inLanguage\":\"ckb\"},{\"@type\":\"Organization\",\"@id\":\"https:\/\/nein-zur-bezahlkarte.de\/ku\/#organization\",\"name\":\"Wir sagen Nein zur Bezahlkarte\",\"url\":\"https:\/\/nein-zur-bezahlkarte.de\/ku\/\",\"logo\":{\"@type\":\"ImageObject\",\"inLanguage\":\"ckb\",\"@id\":\"https:\/\/nein-zur-bezahlkarte.de\/ku\/#\/schema\/logo\/image\/\",\"url\":\"https:\/\/nein-zur-bezahlkarte.de\/wp-content\/uploads\/2024\/11\/BZHLKRT_Logo_Vektoren_BRNDNBRG_Gelb.png\",\"contentUrl\":\"https:\/\/nein-zur-bezahlkarte.de\/wp-content\/uploads\/2024\/11\/BZHLKRT_Logo_Vektoren_BRNDNBRG_Gelb.png\",\"width\":5000,\"height\":5000,\"caption\":\"Wir sagen Nein zur Bezahlkarte\"},\"image\":{\"@id\":\"https:\/\/nein-zur-bezahlkarte.de\/ku\/#\/schema\/logo\/image\/\"}}]}<\/script>\n<!-- \/ Yoast SEO plugin. -->","yoast_head_json":{"title":"Bi karta peredan\u00ea - Wir sagen Nein zur Bezahlkarte","robots":{"index":"index","follow":"follow","max-snippet":"max-snippet:-1","max-image-preview":"max-image-preview:large","max-video-preview":"max-video-preview:-1"},"canonical":"https:\/\/nein-zur-bezahlkarte.de\/ku\/bi-karta-peredane\/","og_locale":"en_US","og_type":"article","og_title":"Bi karta peredan\u00ea - Wir sagen Nein zur Bezahlkarte","og_description":"N\u00ee\u015fe: Enst\u00eetuya Weizenbaum naha li hevkar\u00ean hevpeyiv\u00een\u00ea digere ji bo l\u00eakol\u00eenek ku ezm\u00fbna wan wek\u00ee bikarh\u00eaner\u00ean qerta dravdan\u00ea heye. Aliy\u00ean eleqedar dikarin rasterast bi e-namey\u00ea bi me re t\u00eakil\u00ee daynin ser studie [\u00e4t] weizenbaum-institut.de. Kampanyay\u00ean dan\u00fbstendin\u00ea \u2013 li \u015f\u00fbna qerta drav\u00ea Ma karta we ya dravdan\u00ea heye \u00fb hewcedariya we bi drav heye? Werin em [&hellip;]","og_url":"https:\/\/nein-zur-bezahlkarte.de\/ku\/bi-karta-peredane\/","og_site_name":"Wir sagen Nein zur Bezahlkarte","article_modified_time":"2025-04-29T17:01:57+00:00","og_image":[{"width":951,"height":780,"url":"https:\/\/nein-zur-bezahlkarte.de\/wp-content\/uploads\/2024\/11\/Kartentausch.png","type":"image\/png"}],"twitter_card":"summary_large_image","twitter_misc":{"Est. reading time":"2 \u062e\u0648\u0644\u06d5\u06a9"},"schema":{"@context":"https:\/\/schema.org","@graph":[{"@type":"WebPage","@id":"https:\/\/nein-zur-bezahlkarte.de\/ku\/bi-karta-peredane\/","url":"https:\/\/nein-zur-bezahlkarte.de\/ku\/bi-karta-peredane\/","name":"Bi karta peredan\u00ea - Wir sagen Nein zur Bezahlkarte","isPartOf":{"@id":"https:\/\/nein-zur-bezahlkarte.de\/ku\/#website"},"primaryImageOfPage":{"@id":"https:\/\/nein-zur-bezahlkarte.de\/ku\/bi-karta-peredane\/#primaryimage"},"image":{"@id":"https:\/\/nein-zur-bezahlkarte.de\/ku\/bi-karta-peredane\/#primaryimage"},"thumbnailUrl":"https:\/\/nein-zur-bezahlkarte.de\/wp-content\/uploads\/2024\/11\/Kartentausch.png","datePublished":"2024-11-22T22:35:00+00:00","dateModified":"2025-04-29T17:01:57+00:00","breadcrumb":{"@id":"https:\/\/nein-zur-bezahlkarte.de\/ku\/bi-karta-peredane\/#breadcrumb"},"inLanguage":"ckb","potentialAction":[{"@type":"ReadAction","target":["https:\/\/nein-zur-bezahlkarte.de\/ku\/bi-karta-peredane\/"]}]},{"@type":"ImageObject","inLanguage":"ckb","@id":"https:\/\/nein-zur-bezahlkarte.de\/ku\/bi-karta-peredane\/#primaryimage","url":"https:\/\/nein-zur-bezahlkarte.de\/wp-content\/uploads\/2024\/11\/Kartentausch.png","contentUrl":"https:\/\/nein-zur-bezahlkarte.de\/wp-content\/uploads\/2024\/11\/Kartentausch.png"},{"@type":"BreadcrumbList","@id":"https:\/\/nein-zur-bezahlkarte.de\/ku\/bi-karta-peredane\/#breadcrumb","itemListElement":[{"@type":"ListItem","position":1,"name":"Startseite","item":"https:\/\/nein-zur-bezahlkarte.de\/ku\/"},{"@type":"ListItem","position":2,"name":"Bi karta peredan\u00ea"}]},{"@type":"WebSite","@id":"https:\/\/nein-zur-bezahlkarte.de\/ku\/#website","url":"https:\/\/nein-zur-bezahlkarte.de\/ku\/","name":"Wir sagen Nein zur Bezahlkarte","description":"Impressum","publisher":{"@id":"https:\/\/nein-zur-bezahlkarte.de\/ku\/#organization"},"potentialAction":[{"@type":"SearchAction","target":{"@type":"EntryPoint","urlTemplate":"https:\/\/nein-zur-bezahlkarte.de\/ku\/?s={search_term_string}"},"query-input":{"@type":"PropertyValueSpecification","valueRequired":true,"valueName":"search_term_string"}}],"inLanguage":"ckb"},{"@type":"Organization","@id":"https:\/\/nein-zur-bezahlkarte.de\/ku\/#organization","name":"Wir sagen Nein zur Bezahlkarte","url":"https:\/\/nein-zur-bezahlkarte.de\/ku\/","logo":{"@type":"ImageObject","inLanguage":"ckb","@id":"https:\/\/nein-zur-bezahlkarte.de\/ku\/#\/schema\/logo\/image\/","url":"https:\/\/nein-zur-bezahlkarte.de\/wp-content\/uploads\/2024\/11\/BZHLKRT_Logo_Vektoren_BRNDNBRG_Gelb.png","contentUrl":"https:\/\/nein-zur-bezahlkarte.de\/wp-content\/uploads\/2024\/11\/BZHLKRT_Logo_Vektoren_BRNDNBRG_Gelb.png","width":5000,"height":5000,"caption":"Wir sagen Nein zur Bezahlkarte"},"image":{"@id":"https:\/\/nein-zur-bezahlkarte.de\/ku\/#\/schema\/logo\/image\/"}}]}},"_links":{"self":[{"href":"https:\/\/nein-zur-bezahlkarte.de\/ku\/wp-json\/wp\/v2\/pages\/1592","targetHints":{"allow":["GET"]}}],"collection":[{"href":"https:\/\/nein-zur-bezahlkarte.de\/ku\/wp-json\/wp\/v2\/pages"}],"about":[{"href":"https:\/\/nein-zur-bezahlkarte.de\/ku\/wp-json\/wp\/v2\/types\/page"}],"author":[{"embeddable":true,"href":"https:\/\/nein-zur-bezahlkarte.de\/ku\/wp-json\/wp\/v2\/users\/5"}],"replies":[{"embeddable":true,"href":"https:\/\/nein-zur-bezahlkarte.de\/ku\/wp-json\/wp\/v2\/comments?post=1592"}],"version-history":[{"count":23,"href":"https:\/\/nein-zur-bezahlkarte.de\/ku\/wp-json\/wp\/v2\/pages\/1592\/revisions"}],"predecessor-version":[{"id":2894,"href":"https:\/\/nein-zur-bezahlkarte.de\/ku\/wp-json\/wp\/v2\/pages\/1592\/revisions\/2894"}],"wp:attachment":[{"href":"https:\/\/nein-zur-bezahlkarte.de\/ku\/wp-json\/wp\/v2\/media?parent=1592"}],"curies":[{"name":"wp","href":"https:\/\/api.w.org\/{rel}","templated":true}]}}