{"id":1702,"date":"2025-01-24T18:21:23","date_gmt":"2025-01-24T17:21:23","guid":{"rendered":"https:\/\/nein-zur-bezahlkarte.de\/tekeli\/"},"modified":"2026-01-05T10:56:37","modified_gmt":"2026-01-05T09:56:37","slug":"tekeli","status":"publish","type":"page","link":"https:\/\/nein-zur-bezahlkarte.de\/ku\/tekeli\/","title":{"rendered":"t\u00eakel\u00ee"},"content":{"rendered":"\n<p>Heke h\u00fbn dixwazin bi me re t\u00eakil\u00ee daynin, ji kerema xwe bi karan\u00eena forma li j\u00ear biniv\u00eesin an j\u00ee e-nameyek ji me re bi\u015f\u00eenin navn\u00ee\u015fana j\u00ear\u00een:  <\/p>\n\n<p>info.nein-zur-bezahlkarte@systemli.org<\/p>\n<style id=\"wpforms-css-vars-447-block-2068de17-1ebb-44ad-b475-68ca442e48cb\">\n\t\t\t\t#wpforms-447.wpforms-block-2068de17-1ebb-44ad-b475-68ca442e48cb {\n\t\t\t\t--wpforms-label-color: #222222;\n--wpforms-label-sublabel-color: #222222;\n--wpforms-label-error-color: #ff0000;\n--wpforms-page-break-color: #dddddd;\n--wpforms-field-border-radius: 0px;\n--wpforms-field-background-color: #FFFFFF;\n--wpforms-field-border-color: #ffb300;\n--wpforms-field-border-color-spare: #ffb300;\n--wpforms-field-text-color: #444444;\n--wpforms-button-border-style: solid;\n--wpforms-button-border-radius: 0px;\n--wpforms-button-background-color: #6e5bd9;\n--wpforms-button-text-color: #FFFFFF;\n--wpforms-button-border-color: #cccccc;\n--wpforms-field-size-input-height: 43px;\n--wpforms-field-size-input-spacing: 15px;\n--wpforms-field-size-font-size: 16px;\n--wpforms-field-size-line-height: 19px;\n--wpforms-field-size-padding-h: 14px;\n--wpforms-field-size-checkbox-size: 16px;\n--wpforms-field-size-sublabel-spacing: 5px;\n--wpforms-field-size-icon-size: 1;\n--wpforms-label-size-font-size: 14px;\n--wpforms-label-size-line-height: 17px;\n--wpforms-label-size-sublabel-font-size: 13px;\n--wpforms-label-size-sublabel-line-height: 16px;\n--wpforms-button-size-font-size: 17px;\n--wpforms-button-size-height: 41px;\n--wpforms-button-size-padding-h: 15px;\n--wpforms-button-size-margin-top: 10px;\n\t\t\t}\n\t\t\t<\/style><div class=\"wpforms-container wpforms-container-full wpforms-block wpforms-block-2068de17-1ebb-44ad-b475-68ca442e48cb wpforms-render-modern\" id=\"wpforms-447\"><form id=\"wpforms-form-447\" class=\"wpforms-validate wpforms-form wpforms-ajax-form\" data-formid=\"447\" method=\"post\" enctype=\"multipart\/form-data\" action=\"\/ku\/wp-json\/wp\/v2\/pages\/1702\" data-token=\"1489b2b33e121c93bef1e354cb4e9bac\" data-token-time=\"1776339897\"><noscript class=\"wpforms-error-noscript\">Please enable JavaScript in your browser to complete this form.<\/noscript><div id=\"wpforms-error-noscript\" style=\"display: none;\">Please enable JavaScript in your browser to complete this form.<\/div><div class=\"wpforms-field-container\"><div id=\"wpforms-447-field_1-container\" class=\"wpforms-field wpforms-field-text\" data-field-id=\"1\"><label class=\"wpforms-field-label\" for=\"wpforms-447-field_1\">Nav <span class=\"wpforms-required-label\" aria-hidden=\"true\">*<\/span><\/label><input type=\"text\" id=\"wpforms-447-field_1\" class=\"wpforms-field-medium wpforms-field-required\" name=\"wpforms[fields][1]\" aria-errormessage=\"wpforms-447-field_1-error\" required><\/div><div id=\"wpforms-447-field_3-container\" class=\"wpforms-field wpforms-field-text\" data-field-id=\"3\"><label class=\"wpforms-field-label\" for=\"wpforms-447-field_3\">Navn\u00ee\u015fana E-namey\u00ea <span class=\"wpforms-required-label\" aria-hidden=\"true\">*<\/span><\/label><input type=\"text\" id=\"wpforms-447-field_3\" class=\"wpforms-field-medium wpforms-field-required\" name=\"wpforms[fields][3]\" aria-errormessage=\"wpforms-447-field_3-error\" required><\/div>\t\t<div id=\"wpforms-447-field_4-container\"\n\t\t\tclass=\"wpforms-field wpforms-field-text\"\n\t\t\tdata-field-type=\"text\"\n\t\t\tdata-field-id=\"4\"\n\t\t\t>\n\t\t\t<label class=\"wpforms-field-label\" for=\"wpforms-447-field_4\" >Nav Datenschutz E-namey\u00ea<\/label>\n\t\t\t<input type=\"text\" id=\"wpforms-447-field_4\" class=\"wpforms-field-medium\" name=\"wpforms[fields][4]\" >\n\t\t<\/div>\n\t\t<div id=\"wpforms-447-field_7-container\" class=\"wpforms-field wpforms-field-text\" data-field-id=\"7\"><label class=\"wpforms-field-label\" for=\"wpforms-447-field_7\">Betreff<\/label><input type=\"text\" id=\"wpforms-447-field_7\" class=\"wpforms-field-medium\" name=\"wpforms[fields][7]\" aria-errormessage=\"wpforms-447-field_7-error\" ><\/div><div id=\"wpforms-447-field_2-container\" class=\"wpforms-field wpforms-field-textarea\" data-field-id=\"2\"><label class=\"wpforms-field-label\" for=\"wpforms-447-field_2\">Nachricht <span class=\"wpforms-required-label\" aria-hidden=\"true\">*<\/span><\/label><textarea id=\"wpforms-447-field_2\" class=\"wpforms-field-medium wpforms-field-required\" name=\"wpforms[fields][2]\" aria-errormessage=\"wpforms-447-field_2-error\" required><\/textarea><\/div><div id=\"wpforms-447-field_6-container\" class=\"wpforms-field wpforms-field-checkbox\" data-field-id=\"6\"><fieldset><legend class=\"wpforms-field-label\">Datenschutz <span class=\"wpforms-required-label\" aria-hidden=\"true\">*<\/span><\/legend><ul id=\"wpforms-447-field_6\" class=\"wpforms-field-required\"><li class=\"choice-1 depth-1\"><input type=\"checkbox\" id=\"wpforms-447-field_6_1\" name=\"wpforms[fields][6][]\" value=\"Hiermit stimmst du zu, dass du mit der Verarbeitung deiner Daten einverstanden bist (mehr in unserer Datenschutzerkl\u00e4rung).\" aria-errormessage=\"wpforms-447-field_6_1-error\" required ><label class=\"wpforms-field-label-inline\" for=\"wpforms-447-field_6_1\">Hiermit stimmst du zu, dass du mit der Verarbeitung deiner Daten einverstanden bist (mehr in unserer Datenschutzerkl\u00e4rung).<\/label><\/li><\/ul><\/fieldset><\/div><script>\n\t\t\t\t( function() {\n\t\t\t\t\tconst style = document.createElement( 'style' );\n\t\t\t\t\tstyle.appendChild( document.createTextNode( '#wpforms-447-field_4-container { position: absolute !important; overflow: hidden !important; display: inline !important; height: 1px !important; width: 1px !important; z-index: -1000 !important; padding: 0 !important; } #wpforms-447-field_4-container input { visibility: hidden; } #wpforms-conversational-form-page #wpforms-447-field_4-container label { counter-increment: none; }' ) );\n\t\t\t\t\tdocument.head.appendChild( style );\n\t\t\t\t\tdocument.currentScript?.remove();\n\t\t\t\t} )();\n\t\t\t<\/script><\/div><!-- .wpforms-field-container --><div class=\"wpforms-submit-container\" ><input type=\"hidden\" name=\"wpforms[id]\" value=\"447\"><input type=\"hidden\" name=\"page_title\" value=\"\"><input type=\"hidden\" name=\"page_url\" value=\"https:\/\/nein-zur-bezahlkarte.de\/ku\/wp-json\/wp\/v2\/pages\/1702\"><input type=\"hidden\" name=\"url_referer\" value=\"\"><button type=\"submit\" name=\"wpforms[submit]\" id=\"wpforms-submit-447\" class=\"wpforms-submit\" data-alt-text=\"Wird stoked \u2026\" data-submit-text=\"Neb\u00fbna\" aria-live=\"assertive\" value=\"wpforms-submit\">Neb\u00fbna<\/button><img loading=\"lazy\" decoding=\"async\" src=\"https:\/\/nein-zur-bezahlkarte.de\/wp-content\/plugins\/wpforms-lite\/assets\/images\/submit-spin.svg\" class=\"wpforms-submit-spinner\" style=\"display: none;\" width=\"26\" height=\"26\" alt=\"Loading\"><\/div><\/form><\/div>  <!-- .wpforms-container -->\n<p><\/p>\n\n<hr class=\"wp-block-separator has-alpha-channel-opacity\"\/>\n\n<p><\/p>\n\n<p><strong>Kil\u00eeta PGP ya Gi\u015ft\u00ee:<\/strong><\/p>\n\n<p><a href=\"https:\/\/keys.openpgp.org\/search?q=98E7+8FF2+8522+F8FF+40E2+FEDA+B727+0E06+8133+B7FB\">https:\/\/keys.openpgp.org\/search?q=98E7+8FF2+8522+F8FF+40E2+FEDA+B727+0E06+8133+B7FB<\/a><\/p>\n\n<pre class=\"wp-block-code has-accent-3-background-color has-background\"><code>-----BEGIN PGP PUBLIC KEY BLOCK-----mQENBGkopjUBCAC39KHCS5wd6GUAPxfnx30G\/Dpdlrn1e5yRYZv56uVSwlIDsP\/b\nK3IqGhAr1Nq2XW7Vkxy1OtRGz6xQZy\/3FzAmTRFDSNdWNPcnPzgtTN+xtyxfHeTg\nWL+usBu3acCGpGepvaUaxoyBoFKKk+8na9Y5ru41h\/QOKlWQ4hS4N5HmC0Tdg8kP\nA\/Pq\/d9c4KmLFQ3\/Fro1Stzcj4h\/mLaar2fagip6PMFV23V4nFPAjiq1BplRSAEZ\nf5Wi9QwA\/s91FqLtAVwzohtbeipMWiItSozaJLyZdZ769471B+ziJhCOAYDAUMRU\nl5\/Toqk7YwRDm9XZGwC0I9s\/BmD4HriX1OETABEBAAG0UE5laW4genVyIEJlemFo\nbGthcnRlIEJlcmxpbiBCcmFuZGVuYnVyZyA8aW5mby5uZWluLXp1ci1iZXphaGxr\nYXJ0ZUBzeXN0ZW1saS5vcmc+iQFKBBABCAAdBQJpKKY1BAsJBwgDFQgKBBYAAgEC\nGQECGwMCHgEAIQkQtycOBoEzt\/sWIQSY54\/yhSL4\/0Di\/tq3Jw4GgTO3+5kpB\/9H\n98lMXi4EZwHGMTwkEsU1XWgKMovr4wEttcSKBQMihkdmhOeEudUkcQUDaB5++Esi\n76Zu6tNo+BxF4Ifmk+noFdZ+JPTsWs9jOQDNUaIMQNt7SbI3yX8su1L7MmUzL10\/\nr\/2pi+\/2A\/NU4BtcV9+G5fhjlZ3yYhtF2yySGm3sx1Xaz0hsXnHesiuUU+6p1WQ2\nriSu5BSxBmPg9jAIUOFaIhkbbCeCs8z9Q9P53jhIXkj3SF60M6GyMwqQM4K3kjAy\njdWKiDSZz16J28Bn2zJ7LKU7btvJAtxWwuKzMD+YRlL3fu9n6f7cZrQ+WY8REvxE\nfGnuik7h3rI3PuNLI8kbtCY8YmIubmVpbi16dXItYmV6YWhsa2FydGVAc3lzdGVt\nbGkub3JnPokBRwQQAQgAGgUCaSimNQQLCQcIAxUICgQWAAIBAhsDAh4BACEJELcn\nDgaBM7f7FiEEmOeP8oUi+P9A4v7atycOBoEzt\/uNXAgAqhxY+SwXEpeENmqxfiBQ\n+KvfSKXODGVyyRLcl1ZW4ITNRqeX+w45OXSl\/dzwWig8dmtgpFnpZFplKvqC7VG2\nXEjr2pExFJwQXmvXfOZflqtbz4WOEUHvBZU8dFy2q3mSEQ7D9cQ125fPiPthfpjC\niLvZmC+SAxor05R9sRDEhH0jKrFVjysDrXKpYdsIKpYbqlWaKoK1DHobsFnArra3\nGaRwwyZaufPB7IoxXPEtZlROFvoMHOZrD7MuHN9KJ1V\/D1oHzZxT\/sGIeozUKEtp\niDm7esnCMMgHae44q0HoKHM9MBgqCKwFcycu8iYuOly7I4Cu46BRKypVE47qlsek\nCbQnPGJlci5uZWluLXp1ci1iZXphaGxrYXJ0ZUBzeXN0ZW1saS5vcmc+iQFHBBAB\nCAAaBQJpKKY1BAsJBwgDFQgKBBYAAgECGwMCHgEAIQkQtycOBoEzt\/sWIQSY54\/y\nhSL4\/0Di\/tq3Jw4GgTO3+4a7B\/9pMhXa5ibGHj2ZikagRzUPDtyvx1mclghe4HKZ\n\/dRpaNR4rhECfXYqhLLJ+o17slBYWpn72nfDgtgltSPmfQZu0d1ncwMKW3rkasgA\ncXpmApIJ81mlLm\/U8W\/VV8caYKJN9UXA5jNNlyn9UnW8kFczls8HpNhzwV\/HO8lE\njvDlDMl5v8+mhzXDRBjfHkSjgTxeK6THiy1kggGPsh5qPUt7UYT8YKm5zRh4zzpJ\n07l4hbKTjI\/r3NcHsufGqpP5LVTJJ4i8G45b2wNSaW8xeLTH+tkiVURaZ5zTVYTa\nPATptz7f+1yz3RdSXyYLrZ3hUC49MVuTledt9EZpZ5UCxeMyuQENBGkopjUBCACr\niXOsIyHWMxichAzgBtGZ5pVPbV40F0oUoJwQoZaguj7bYQKsuEQndkPeVx0bdo2u\nwVeMdavmvT11Olrw8BWbRaj1+5kDNX\/JqNAbPnCatCkPFvlV+wCa5++Qw08Nj40T\n1QQV\/g7X5Wgy+usYGYOuhJpj\/DU1m3Ts2g6GQo828w6JIaBw5\/m7bDVJg3UA9oDj\n3h3GakRKjVloMrFq6RCLX9MtjpfmMNfDhozHR6\/zEW0dfJ98lRCaVinbZurpdvGO\nIVX\/n0Ji+PTGCo3wK0Ju7slO58hkV\/WCVKbYm0LW\/uZ+MJPmjGjGRfl3vyBiX8a7\n4Sw9CYWvFoQiOlG5NHE\/ABEBAAGJATYEGAEIAAkFAmkopjUCGwwAIQkQtycOBoEz\nt\/sWIQSY54\/yhSL4\/0Di\/tq3Jw4GgTO3++h7CAC1bAFzPNS3TGcDxYpA4ZLwv+tE\nu1Hi1uCwnglRZo40gtz8fAwBVpyyRvtrKanabWpGllRaVc2c2sYg5X+MWOlHQEim\nTDcjf8vAdn5RGf+Y17pNlZur9ywMGlqHL0+2KXRjnMNd+Apno+LsntTq0PSpuJEd\nlOoPFkFokhyfC5Ie3k6t+js76huWLOfJYGaEbIsDB3YEufoRcSg6f3Gmcjcy4pQ7\nX29IMPI1ZfKEUt9wr1bqlzttk14U7shhB745SJPguVnhDG76uqB7jg2L\/I8tg1su\n2oDujhFdvOx3jeFYLDSLFqsBNN3x+dQ0aYVDR0bq1W\/B+6jiT321b77ZykWq\n=Blth\n-----END PGP PUBLIC KEY BLOCK-----<\/code><\/pre>\n\n<p><\/p>\n","protected":false},"excerpt":{"rendered":"<p>Heke h\u00fbn dixwazin bi me re t\u00eakil\u00ee daynin, ji kerema xwe bi karan\u00eena forma li j\u00ear biniv\u00eesin an j\u00ee e-nameyek ji me re bi\u015f\u00eenin navn\u00ee\u015fana j\u00ear\u00een: info.nein-zur-bezahlkarte@systemli.org Kil\u00eeta PGP ya Gi\u015ft\u00ee: https:\/\/keys.openpgp.org\/search?q=98E7+8FF2+8522+F8FF+40E2+FEDA+B727+0E06+8133+B7FB<\/p>\n","protected":false},"author":5,"featured_media":0,"parent":0,"menu_order":0,"comment_status":"closed","ping_status":"closed","template":"","meta":{"footnotes":""},"class_list":["post-1702","page","type-page","status-publish","hentry"],"yoast_head":"<!-- This site is optimized with the Yoast SEO plugin v26.4 - https:\/\/yoast.com\/wordpress\/plugins\/seo\/ -->\n<title>t\u00eakel\u00ee - Wir sagen Nein zur Bezahlkarte<\/title>\n<meta name=\"robots\" content=\"index, follow, max-snippet:-1, max-image-preview:large, max-video-preview:-1\" \/>\n<link rel=\"canonical\" href=\"https:\/\/nein-zur-bezahlkarte.de\/ku\/tekeli\/\" \/>\n<meta property=\"og:locale\" content=\"en_US\" \/>\n<meta property=\"og:type\" content=\"article\" \/>\n<meta property=\"og:title\" content=\"t\u00eakel\u00ee - Wir sagen Nein zur Bezahlkarte\" \/>\n<meta property=\"og:description\" content=\"Heke h\u00fbn dixwazin bi me re t\u00eakil\u00ee daynin, ji kerema xwe bi karan\u00eena forma li j\u00ear biniv\u00eesin an j\u00ee e-nameyek ji me re bi\u015f\u00eenin navn\u00ee\u015fana j\u00ear\u00een: info.nein-zur-bezahlkarte@systemli.org Kil\u00eeta PGP ya Gi\u015ft\u00ee: https:\/\/keys.openpgp.org\/search?q=98E7+8FF2+8522+F8FF+40E2+FEDA+B727+0E06+8133+B7FB\" \/>\n<meta property=\"og:url\" content=\"https:\/\/nein-zur-bezahlkarte.de\/ku\/tekeli\/\" \/>\n<meta property=\"og:site_name\" content=\"Wir sagen Nein zur Bezahlkarte\" \/>\n<meta property=\"article:modified_time\" content=\"2026-01-05T09:56:37+00:00\" \/>\n<meta name=\"twitter:card\" content=\"summary_large_image\" \/>\n<meta name=\"twitter:label1\" content=\"Est. reading time\" \/>\n\t<meta name=\"twitter:data1\" content=\"2 \u062e\u0648\u0644\u06d5\u06a9\" \/>\n<script type=\"application\/ld+json\" class=\"yoast-schema-graph\">{\"@context\":\"https:\/\/schema.org\",\"@graph\":[{\"@type\":\"WebPage\",\"@id\":\"https:\/\/nein-zur-bezahlkarte.de\/ku\/tekeli\/\",\"url\":\"https:\/\/nein-zur-bezahlkarte.de\/ku\/tekeli\/\",\"name\":\"t\u00eakel\u00ee - Wir sagen Nein zur Bezahlkarte\",\"isPartOf\":{\"@id\":\"https:\/\/nein-zur-bezahlkarte.de\/ku\/#website\"},\"datePublished\":\"2025-01-24T17:21:23+00:00\",\"dateModified\":\"2026-01-05T09:56:37+00:00\",\"breadcrumb\":{\"@id\":\"https:\/\/nein-zur-bezahlkarte.de\/ku\/tekeli\/#breadcrumb\"},\"inLanguage\":\"ckb\",\"potentialAction\":[{\"@type\":\"ReadAction\",\"target\":[\"https:\/\/nein-zur-bezahlkarte.de\/ku\/tekeli\/\"]}]},{\"@type\":\"BreadcrumbList\",\"@id\":\"https:\/\/nein-zur-bezahlkarte.de\/ku\/tekeli\/#breadcrumb\",\"itemListElement\":[{\"@type\":\"ListItem\",\"position\":1,\"name\":\"Startseite\",\"item\":\"https:\/\/nein-zur-bezahlkarte.de\/ku\/\"},{\"@type\":\"ListItem\",\"position\":2,\"name\":\"t\u00eakel\u00ee\"}]},{\"@type\":\"WebSite\",\"@id\":\"https:\/\/nein-zur-bezahlkarte.de\/ku\/#website\",\"url\":\"https:\/\/nein-zur-bezahlkarte.de\/ku\/\",\"name\":\"Wir sagen Nein zur Bezahlkarte\",\"description\":\"Impressum\",\"publisher\":{\"@id\":\"https:\/\/nein-zur-bezahlkarte.de\/ku\/#organization\"},\"potentialAction\":[{\"@type\":\"SearchAction\",\"target\":{\"@type\":\"EntryPoint\",\"urlTemplate\":\"https:\/\/nein-zur-bezahlkarte.de\/ku\/?s={search_term_string}\"},\"query-input\":{\"@type\":\"PropertyValueSpecification\",\"valueRequired\":true,\"valueName\":\"search_term_string\"}}],\"inLanguage\":\"ckb\"},{\"@type\":\"Organization\",\"@id\":\"https:\/\/nein-zur-bezahlkarte.de\/ku\/#organization\",\"name\":\"Wir sagen Nein zur Bezahlkarte\",\"url\":\"https:\/\/nein-zur-bezahlkarte.de\/ku\/\",\"logo\":{\"@type\":\"ImageObject\",\"inLanguage\":\"ckb\",\"@id\":\"https:\/\/nein-zur-bezahlkarte.de\/ku\/#\/schema\/logo\/image\/\",\"url\":\"https:\/\/nein-zur-bezahlkarte.de\/wp-content\/uploads\/2024\/11\/BZHLKRT_Logo_Vektoren_BRNDNBRG_Gelb.png\",\"contentUrl\":\"https:\/\/nein-zur-bezahlkarte.de\/wp-content\/uploads\/2024\/11\/BZHLKRT_Logo_Vektoren_BRNDNBRG_Gelb.png\",\"width\":5000,\"height\":5000,\"caption\":\"Wir sagen Nein zur Bezahlkarte\"},\"image\":{\"@id\":\"https:\/\/nein-zur-bezahlkarte.de\/ku\/#\/schema\/logo\/image\/\"}}]}<\/script>\n<!-- \/ Yoast SEO plugin. -->","yoast_head_json":{"title":"t\u00eakel\u00ee - Wir sagen Nein zur Bezahlkarte","robots":{"index":"index","follow":"follow","max-snippet":"max-snippet:-1","max-image-preview":"max-image-preview:large","max-video-preview":"max-video-preview:-1"},"canonical":"https:\/\/nein-zur-bezahlkarte.de\/ku\/tekeli\/","og_locale":"en_US","og_type":"article","og_title":"t\u00eakel\u00ee - Wir sagen Nein zur Bezahlkarte","og_description":"Heke h\u00fbn dixwazin bi me re t\u00eakil\u00ee daynin, ji kerema xwe bi karan\u00eena forma li j\u00ear biniv\u00eesin an j\u00ee e-nameyek ji me re bi\u015f\u00eenin navn\u00ee\u015fana j\u00ear\u00een: info.nein-zur-bezahlkarte@systemli.org Kil\u00eeta PGP ya Gi\u015ft\u00ee: https:\/\/keys.openpgp.org\/search?q=98E7+8FF2+8522+F8FF+40E2+FEDA+B727+0E06+8133+B7FB","og_url":"https:\/\/nein-zur-bezahlkarte.de\/ku\/tekeli\/","og_site_name":"Wir sagen Nein zur Bezahlkarte","article_modified_time":"2026-01-05T09:56:37+00:00","twitter_card":"summary_large_image","twitter_misc":{"Est. reading time":"2 \u062e\u0648\u0644\u06d5\u06a9"},"schema":{"@context":"https:\/\/schema.org","@graph":[{"@type":"WebPage","@id":"https:\/\/nein-zur-bezahlkarte.de\/ku\/tekeli\/","url":"https:\/\/nein-zur-bezahlkarte.de\/ku\/tekeli\/","name":"t\u00eakel\u00ee - Wir sagen Nein zur Bezahlkarte","isPartOf":{"@id":"https:\/\/nein-zur-bezahlkarte.de\/ku\/#website"},"datePublished":"2025-01-24T17:21:23+00:00","dateModified":"2026-01-05T09:56:37+00:00","breadcrumb":{"@id":"https:\/\/nein-zur-bezahlkarte.de\/ku\/tekeli\/#breadcrumb"},"inLanguage":"ckb","potentialAction":[{"@type":"ReadAction","target":["https:\/\/nein-zur-bezahlkarte.de\/ku\/tekeli\/"]}]},{"@type":"BreadcrumbList","@id":"https:\/\/nein-zur-bezahlkarte.de\/ku\/tekeli\/#breadcrumb","itemListElement":[{"@type":"ListItem","position":1,"name":"Startseite","item":"https:\/\/nein-zur-bezahlkarte.de\/ku\/"},{"@type":"ListItem","position":2,"name":"t\u00eakel\u00ee"}]},{"@type":"WebSite","@id":"https:\/\/nein-zur-bezahlkarte.de\/ku\/#website","url":"https:\/\/nein-zur-bezahlkarte.de\/ku\/","name":"Wir sagen Nein zur Bezahlkarte","description":"Impressum","publisher":{"@id":"https:\/\/nein-zur-bezahlkarte.de\/ku\/#organization"},"potentialAction":[{"@type":"SearchAction","target":{"@type":"EntryPoint","urlTemplate":"https:\/\/nein-zur-bezahlkarte.de\/ku\/?s={search_term_string}"},"query-input":{"@type":"PropertyValueSpecification","valueRequired":true,"valueName":"search_term_string"}}],"inLanguage":"ckb"},{"@type":"Organization","@id":"https:\/\/nein-zur-bezahlkarte.de\/ku\/#organization","name":"Wir sagen Nein zur Bezahlkarte","url":"https:\/\/nein-zur-bezahlkarte.de\/ku\/","logo":{"@type":"ImageObject","inLanguage":"ckb","@id":"https:\/\/nein-zur-bezahlkarte.de\/ku\/#\/schema\/logo\/image\/","url":"https:\/\/nein-zur-bezahlkarte.de\/wp-content\/uploads\/2024\/11\/BZHLKRT_Logo_Vektoren_BRNDNBRG_Gelb.png","contentUrl":"https:\/\/nein-zur-bezahlkarte.de\/wp-content\/uploads\/2024\/11\/BZHLKRT_Logo_Vektoren_BRNDNBRG_Gelb.png","width":5000,"height":5000,"caption":"Wir sagen Nein zur Bezahlkarte"},"image":{"@id":"https:\/\/nein-zur-bezahlkarte.de\/ku\/#\/schema\/logo\/image\/"}}]}},"_links":{"self":[{"href":"https:\/\/nein-zur-bezahlkarte.de\/ku\/wp-json\/wp\/v2\/pages\/1702","targetHints":{"allow":["GET"]}}],"collection":[{"href":"https:\/\/nein-zur-bezahlkarte.de\/ku\/wp-json\/wp\/v2\/pages"}],"about":[{"href":"https:\/\/nein-zur-bezahlkarte.de\/ku\/wp-json\/wp\/v2\/types\/page"}],"author":[{"embeddable":true,"href":"https:\/\/nein-zur-bezahlkarte.de\/ku\/wp-json\/wp\/v2\/users\/5"}],"replies":[{"embeddable":true,"href":"https:\/\/nein-zur-bezahlkarte.de\/ku\/wp-json\/wp\/v2\/comments?post=1702"}],"version-history":[{"count":12,"href":"https:\/\/nein-zur-bezahlkarte.de\/ku\/wp-json\/wp\/v2\/pages\/1702\/revisions"}],"predecessor-version":[{"id":3622,"href":"https:\/\/nein-zur-bezahlkarte.de\/ku\/wp-json\/wp\/v2\/pages\/1702\/revisions\/3622"}],"wp:attachment":[{"href":"https:\/\/nein-zur-bezahlkarte.de\/ku\/wp-json\/wp\/v2\/media?parent=1702"}],"curies":[{"name":"wp","href":"https:\/\/api.w.org\/{rel}","templated":true}]}}