{"id":1712,"date":"2024-12-09T09:07:59","date_gmt":"2024-12-09T08:07:59","guid":{"rendered":"https:\/\/nein-zur-bezahlkarte.de\/siyaseta-nepenitiye\/"},"modified":"2025-02-04T09:39:51","modified_gmt":"2025-02-04T08:39:51","slug":"siyaseta-nepenitiye","status":"publish","type":"page","link":"https:\/\/nein-zur-bezahlkarte.de\/ku\/siyaseta-nepenitiye\/","title":{"rendered":"siyaseta nepen\u00eetiy\u00ea"},"content":{"rendered":"\n<p>Bi v\u00ea agahiy\u00ea re em we agahdar dikin ku h\u00fbn daney\u00ean we y\u00ean kesane ji h\u00eala malpera nein-zur-Bezahlkarte.de ve t\u00eane hilberandin \u00fb maf\u00ean ku h\u00fbn li gor\u00ee qan\u00fbna n\u00fb ya parastina daney\u00ea mafdar in. Daney\u00ean kesane agahdariya ku dih\u00eale ku di derheq\u00ea nasnameya we de encam b\u00eane derxistin.   <\/p>\n\n<h3 class=\"wp-block-heading\"><strong>armanc \u00fb bingeh\u00ean qan\u00fbn\u00ee y\u00ean p\u00eavajoyek daney\u00ea<\/strong> <\/h3>\n\n<p>Em daney\u00ean weya kesane li gor\u00ee R\u00eaziknameya Parastina Daney\u00ean Gi\u015ft\u00ee ya Yek\u00eetiya Ewrop\u00ee (GDPR), Qan\u00fbna n\u00fb ya Parastina Daney\u00ean Federal (BDSG) \u00fb hem\u00ee qan\u00fbn\u00ean din \u00ean t\u00eakildar p\u00eavajoy\u00ea dikin.<\/p>\n\n<p>Wek\u00ee din, em hewcey\u00ea daney\u00ean weya kesane ne ku em stat\u00eest\u00eek\u00ean nenaskir\u00ee biafir\u00eenin.<\/p>\n\n<p>Dest\u00fbra ku ji bo v\u00ea armanc\u00ea hat\u00ee day\u00een her dem dikare were betal kirin. Ev di heman dem\u00ea de ji bo betalkirina daxuyaniy\u00ean raz\u00eeb\u00fbn\u00ea y\u00ean ku dibe ku beriya ku GDPR bikeve meriyet\u00ea, ango beriya 25\u00ea Gulana 2018an, ji me re hatine day\u00een j\u00ee derbas dibe. <\/p>\n\n<p>Em her weha daney\u00ean we p\u00eavajoy\u00ea dikin da ku berjewend\u00eey\u00ean xwe y\u00ean rewa an y\u00ean aliy\u00ean s\u00eayem\u00een bipar\u00eazin (Benda 6 para. 1 f GDPR). Ev dibe ku bi taybet\u00ee hewce be: <\/p>\n\n<ul class=\"wp-block-list\">\n<li>  ji bo ewlehiya IT-\u00ea,<\/li>\n\n\n\n<li>  ji bo agahdariya we di derbar\u00ea kar\u00fbbar\u00ean me y\u00ean \u015f\u00eawirmendiy\u00ea de<\/li>\n<\/ul>\n\n<p>Wek\u00ee din, em daney\u00ean weya kesane p\u00eavajoy\u00ea dikin da ku berpirsiyariy\u00ean qan\u00fbn\u00ee y\u00ean wek\u00ee. B. erk\u00ean ragirtina bazirgan\u00ee \u00fb bac\u00ea. Di v\u00ea rew\u015f\u00ea de, bingeha qan\u00fbn\u00ee ji bo p\u00eavajoy\u00ea qan\u00fbn\u00ean qan\u00fbn\u00ee y\u00ean t\u00eakildar in. di gir\u00eadanek\u00ea de bi Art 6 para 1 c) GDPR.    <\/p>\n\n<p>Ger em bixwazin daney\u00ean weya kesane ji bo armancek ku li jor nehatiye behs kirin p\u00eavajoy\u00ea bikin, em \u00ea ber\u00ea we agahdar bikin \u00fb li gor\u00ee bend\u00ean qan\u00fbn\u00ee raz\u00eeb\u00fbna we bist\u00eenin.<\/p>\n\n<h3 class=\"wp-block-heading\"><strong>kategoriy\u00ean wergir\u00ean daney\u00ean kesane<\/strong> <\/h3>\n\n<h4 class=\"wp-block-heading\"><em>P\u00eavajoya daney\u00ea \/ p\u00ea\u015fk\u00ea\u015fker\u00ean kar\u00fbbar\u00ea derve:<\/em><\/h4>\n\n<p>Em carinan parg\u00eedaniy\u00ean dervey\u00ee y\u00ean pispor bikar t\u00eenin da ku berpirsiyariy\u00ean komele, peyman \u00fb qan\u00fbn\u00ee bic\u00eeh b\u00eenin.  <\/p>\n\n<h4 class=\"wp-block-heading\"><em>Werg\u00ear\u00ean din:<\/em><\/h4>\n\n<p>Wek\u00ee din, dibe ku em daney\u00ean weya kesane ji wergir\u00ean din re veguhez\u00eenin, wek\u00ee rayedar ku erk\u00ean ragihandina qan\u00fbn\u00ee bic\u00eeh b\u00eenin.<\/p>\n\n<h3 class=\"wp-block-heading\"><strong>dema hilan\u00eena daneyan<\/strong>  <\/h3>\n\n<p>Ji ber ku ew \u00ead\u00ee ji bo mebest\u00ean ku li jor hatine diyarkirin ne hewce ne, em daney\u00ean weya kesane j\u00eabirin\/anon\u00eem dikin. Dibe ku daney\u00ean kesane ji bo heyama ku di derheq\u00ea komeley\u00ea de \u00eedd\u00eea t\u00eane kirin (serdema s\u00eenorkirina zagon\u00ee ya s\u00ea an heya s\u00ee sal\u00ee) were parastin. Ger em bi qan\u00fbn\u00ee mecb\u00fbr in ku bikin, em daney\u00ean weya kesane j\u00ee hil\u00eenin. Del\u00eel\u00ean t\u00eakildar \u00fb peywir\u00ean ragirtin\u00ea, di nav ti\u015ft\u00ean din de, ji Qan\u00fbna Bac\u00ea \u00fb Qan\u00fbna Paqijiya Pereyan derdikevin. Dem\u00ean hilan\u00een\u00ea w\u00ea dem\u00ea heta deh salan in.    <\/p>\n\n<h3 class=\"wp-block-heading\"><strong>maf\u00ean kes\u00ean ku bandor b\u00fbne<\/strong><\/h3>\n\n<p>H\u00fbn dikarin agahdariya li ser daney\u00ean ku li ser we hatine tomar kirin bixwazin. Wek\u00ee din, di bin hin mercan de h\u00fbn dikarin rastkirin an j\u00eabirina daney\u00ean xwe bixwazin. Her weha dibe ku maf\u00ea we hebe ku h\u00fbn p\u00eavajokirina daney\u00ean xwe s\u00eenordar bikin \u00fb maf\u00ea we hebe ku h\u00fbn daney\u00ean ku we bi rengek \u00e7\u00eakir\u00ee, hevpar \u00fb ku ji h\u00eala mak\u00eeney\u00ea ve t\u00ea xwendin, bist\u00eenin.  <\/p>\n\n<h3 class=\"wp-block-heading\"><strong>maf\u00ea \u00eet\u00eeraz\u00ea<\/strong><\/h3>\n\n<p>Ger em daney\u00ean we ji bo parastina berjewend\u00eey\u00ean rewa p\u00eavajo bikin, h\u00fbn dikarin li hember v\u00ea p\u00eavajoy\u00ea neraz\u00ee bin heke sedem\u00ean ku ji rew\u015fa weya taybet\u00ee derdikevin hene ku li dij\u00ee hilberandina daney\u00ea diaxivin.<\/p>\n\n<h3 class=\"wp-block-heading\"><strong>malpera nepen\u00eetiy\u00ea<\/strong><\/h3>\n\n<p>Em daney\u00ean weya kesane bi taybet\u00ee di \u00e7ar\u00e7oveya hukm\u00ean qan\u00fbna parastina daney\u00ea ya Komara Federal a Elmanyay\u00ea de berhev dikin \u00fb bikar t\u00eenin. Di p\u00eavek\u00ea de em \u00ea we di derbar\u00ea celeb, \u00e7ar\u00e7ove \u00fb armanca berhevkirin \u00fb karan\u00eena daney\u00ean kesane de agahdar bikin. H\u00fbn dikarin her dem li ser malpera me bigih\u00eejin van agahiyan.    <\/p>\n\n<p>Veguheztina daneyan \u00fb t\u00eaketin ji bo armanc\u00ean pergal\u00ea-hundir\u00een \u00fb stat\u00eest\u00eek\u00ee  <\/p>\n\n<p>Ji ber sedem\u00ean tekn\u00eek\u00ee, geroka weya \u00centernet\u00ea dema ku h\u00fbn digih\u00eejin malpera me bixweber daneyan di\u015f\u00eene servera me. Di nav de tar\u00eex \u00fb dema gih\u00ee\u015ftin\u00ea, URL-ya malpera referans\u00ea, pel\u00ea hat\u00ee gih\u00ee\u015ftin, h\u00eajeya daneya \u015fandin, celeb \u00fb guhertoya gerok\u00ea, pergala xebitandin\u00ea \u00fb navn\u00ee\u015fana IP-ya we vedihew\u00eene. Ev dane ji daney\u00ean din \u00ean ku h\u00fbn di dema karan\u00eena kar\u00fbbar\u00ea me de diniv\u00eesin cuda t\u00eane hilan\u00een. Ne mimk\u00fbn e ku em van daneyan bidin kesek taybet\u00ee. Ev dane ji bo armanc\u00ean \u00eestat\u00eest\u00eek\u00ee t\u00eane nirxandin \u00fb pa\u015f\u00ea j\u00eabirin.    <\/p>\n\n<h3 class=\"wp-block-heading\"><strong>Gir\u00eadan\u00ean malper\u00ean din<\/strong>   <\/h3>\n\n<p>P\u00ea\u015fniyara meya serh\u00eal l\u00eenk\u00ean malper\u00ean din vedihew\u00eene. Tu bandorek me li ser van tune \u00fb nekarin garant\u00ee bikin ku operator\u00ean wan bi tevah\u00ee r\u00eazik\u00ean parastina daney\u00ea y\u00ean bi qan\u00fbn\u00ee y\u00ean p\u00eaw\u00eest tevdigerin. Ji kerema xwe malper\u00ean operatoran ji bo agahdariya li ser r\u00eazik\u00ean parastina daney\u00ean wan \u00ean t\u00eakildar binih\u00earin.    <\/p>\n\n<h4 class=\"wp-block-heading\">daney\u00ean envanter\u00ea<\/h4>\n\n<p>Ger t\u00eakiliyek peyman\u00ea di navbera we \u00fb me de were damezrandin, s\u00eawirandin an guheztin, em \u00ea daney\u00ean weya kesane bi qas\u00ee ku ji bo van mebestan hewce bike berhev bikin \u00fb bikar b\u00eenin. Li ser daxwaza rayedar\u00ean berpirsiyar, div\u00ea em di doz\u00ean takekes\u00ee de li ser van daneyan (daney\u00ean sereke) agahdar\u00ee bidin ta radeya ku ev yek ji bo mebest\u00ean darizandina tawanan, ji hol\u00ea rakirina xeterey\u00ea, ji bo bicihan\u00eena erk\u00ean qan\u00fbn\u00ee y\u00ean Of\u00ees\u00ea ji bo Parastina Dest\u00fbra Bingeh\u00een an Dezgeha Dij-\u00eest\u00eexbarata Le\u015fker\u00ee an j\u00ee bic\u00eekirina maf\u00ean milkiyeta rew\u015fenb\u00eer\u00ee. <\/p>\n\n<h4 class=\"wp-block-heading\">daney\u00ean bikaran\u00eena  <\/h4>\n\n<p>Em daney\u00ean kesane ji we berhev dikin \u00fb bikar t\u00eenin heya radeya ku hewce dike ku ji bo karan\u00eena malpera me (daney\u00ean karan\u00eena) \u00e7alak bike an j\u00ee hesab bide. Di v\u00ea yek\u00ea de, bi taybet\u00ee, taybetmendiy\u00ean ji bo nasnameya we \u00fb agahdariya li ser destp\u00eak \u00fb dawiy\u00ea \u00fb her weha asta karan\u00eena p\u00ea\u015fniyara me vedihew\u00eene. Maf\u00ea we heye ku h\u00fbn li dij\u00ee v\u00ea karan\u00eena daney\u00ean xwe neraz\u00ee bin.  <\/p>\n\n<h4 class=\"wp-block-heading\">\u015fopandin<\/h4>\n\n<p>Em ji \u015fopandin\u00ea hez nakin. \u00db em bawer nakin ku cookies an \u015fopandina rast bi tu away\u00ee al\u00eekariya me dike ku malper\u00ean xwe ba\u015ftir bikin. Ten\u00ea agahdariya ku em hildigirin t\u00eaketin\u00ean gih\u00ee\u015ftina servera me ne ji bo mebest\u00ean \u00e7areserkirin\u00ea \u00fb jimarey\u00ean serdan\u00ean nenas. Ev dane par\u00e7ey\u00ean navn\u00ee\u015fana IP-ya we dihew\u00eene.   <\/p>\n\n<h4 class=\"wp-block-heading\">Parastina daney\u00ea dema t\u00eaketina forman<\/h4>\n\n<p>Dema ku h\u00fbn daney\u00ean xwe di nav form\u00ean li ser malper\u00ea de diniv\u00eesin, ew ji h\u00eala xwer\u00fb ve bi gir\u00eadanek SSL-\u015f\u00eefrekir\u00ee ve t\u00ea veguheztin da ku neh\u00eale aliy\u00ean s\u00eayem\u00een bigih\u00eejin daney\u00ean we. Digel v\u00ea yek\u00ea, em dixwazin destn\u00ee\u015fan bikin ku veguheztina daney\u00ea li ser \u00centernet\u00ea dikare k\u00eamasiy\u00ean ewlehiy\u00ea hebe \u2013 parastina b\u00eak\u00eamas\u00ee ya daneyan li hember gih\u00ee\u015ftina aliy\u00ean s\u00eayem\u00een ne gengaz e.   <\/p>\n\n<p>Ger em ji p\u00ea\u015fk\u00ea\u015fker\u00ean kar\u00fbbar\u00ea re spartin temamkirina xebat\u00ea, ew bi peyman\u00ea mecb\u00fbr in ku standard\u00ean me y\u00ean parastina daneyan tevbigerin. Bi taybet\u00ee, p\u00eadiv\u00ee ye ku hewcedariy\u00ean Be\u015fa 11-\u00ea ya Qan\u00fbna Parastina Daney\u00ean Federal (komkirin, hilgirtin an karan\u00eena daney\u00ean kesane li ser nav\u00ea aliy\u00ean s\u00eayem\u00een) b\u00eane d\u00eetin \u00fb bic\u00eeh kirin. Daney\u00ean we d\u00ea ji aliy\u00ean s\u00eayem\u00een re ney\u00ea derbas kirin. Daney\u00ean kesane y\u00ean hilan\u00een d\u00ea ten\u00ea ji bo armanca diyarkir\u00ee were bikar an\u00een.     <\/p>\n\n<p>Em bi berhevkirina daney\u00ean kesane \u00fb karan\u00eena prof\u00eel\u00ean bikarh\u00eaner naafir\u00eenin.<\/p>\n\n<p>Em \u00ea k\u00eafxwe\u015f bibin ku di her k\u00ealiy\u00ea de agahdariya li ser daney\u00ean kesane y\u00ean ku me li ser we tomar kirine p\u00ea\u015fk\u00ea\u015f\u00ee we bikin. Ji kerema xwe daxwaza xwe bi e-namey\u00ea ji me re bi\u015f\u00eenin: nein-zur-bezahlkarte@mailbox.org. <\/p>\n\n<p><\/p>\n","protected":false},"excerpt":{"rendered":"<p>Bi v\u00ea agahiy\u00ea re em we agahdar dikin ku h\u00fbn daney\u00ean we y\u00ean kesane ji h\u00eala malpera nein-zur-Bezahlkarte.de ve t\u00eane hilberandin \u00fb maf\u00ean ku h\u00fbn li gor\u00ee qan\u00fbna n\u00fb ya parastina daney\u00ea mafdar in. Daney\u00ean kesane agahdariya ku dih\u00eale ku di derheq\u00ea nasnameya we de encam b\u00eane derxistin. armanc \u00fb bingeh\u00ean qan\u00fbn\u00ee y\u00ean p\u00eavajoyek daney\u00ea [&hellip;]<\/p>\n","protected":false},"author":5,"featured_media":0,"parent":0,"menu_order":0,"comment_status":"closed","ping_status":"closed","template":"","meta":{"footnotes":""},"class_list":["post-1712","page","type-page","status-publish","hentry"],"yoast_head":"<!-- This site is optimized with the Yoast SEO plugin v26.4 - https:\/\/yoast.com\/wordpress\/plugins\/seo\/ -->\n<title>siyaseta nepen\u00eetiy\u00ea - Wir sagen Nein zur Bezahlkarte<\/title>\n<meta name=\"robots\" content=\"index, follow, max-snippet:-1, max-image-preview:large, max-video-preview:-1\" \/>\n<link rel=\"canonical\" href=\"https:\/\/nein-zur-bezahlkarte.de\/ku\/siyaseta-nepenitiye\/\" \/>\n<meta property=\"og:locale\" content=\"en_US\" \/>\n<meta property=\"og:type\" content=\"article\" \/>\n<meta property=\"og:title\" content=\"siyaseta nepen\u00eetiy\u00ea - Wir sagen Nein zur Bezahlkarte\" \/>\n<meta property=\"og:description\" content=\"Bi v\u00ea agahiy\u00ea re em we agahdar dikin ku h\u00fbn daney\u00ean we y\u00ean kesane ji h\u00eala malpera nein-zur-Bezahlkarte.de ve t\u00eane hilberandin \u00fb maf\u00ean ku h\u00fbn li gor\u00ee qan\u00fbna n\u00fb ya parastina daney\u00ea mafdar in. Daney\u00ean kesane agahdariya ku dih\u00eale ku di derheq\u00ea nasnameya we de encam b\u00eane derxistin. armanc \u00fb bingeh\u00ean qan\u00fbn\u00ee y\u00ean p\u00eavajoyek daney\u00ea [&hellip;]\" \/>\n<meta property=\"og:url\" content=\"https:\/\/nein-zur-bezahlkarte.de\/ku\/siyaseta-nepenitiye\/\" \/>\n<meta property=\"og:site_name\" content=\"Wir sagen Nein zur Bezahlkarte\" \/>\n<meta property=\"article:modified_time\" content=\"2025-02-04T08:39:51+00:00\" \/>\n<meta name=\"twitter:card\" content=\"summary_large_image\" \/>\n<meta name=\"twitter:label1\" content=\"Est. reading time\" \/>\n\t<meta name=\"twitter:data1\" content=\"7 \u062e\u0648\u0644\u06d5\u06a9\" \/>\n<script type=\"application\/ld+json\" class=\"yoast-schema-graph\">{\"@context\":\"https:\/\/schema.org\",\"@graph\":[{\"@type\":\"WebPage\",\"@id\":\"https:\/\/nein-zur-bezahlkarte.de\/ku\/siyaseta-nepenitiye\/\",\"url\":\"https:\/\/nein-zur-bezahlkarte.de\/ku\/siyaseta-nepenitiye\/\",\"name\":\"siyaseta nepen\u00eetiy\u00ea - Wir sagen Nein zur Bezahlkarte\",\"isPartOf\":{\"@id\":\"https:\/\/nein-zur-bezahlkarte.de\/ku\/#website\"},\"datePublished\":\"2024-12-09T08:07:59+00:00\",\"dateModified\":\"2025-02-04T08:39:51+00:00\",\"breadcrumb\":{\"@id\":\"https:\/\/nein-zur-bezahlkarte.de\/ku\/siyaseta-nepenitiye\/#breadcrumb\"},\"inLanguage\":\"ckb\",\"potentialAction\":[{\"@type\":\"ReadAction\",\"target\":[\"https:\/\/nein-zur-bezahlkarte.de\/ku\/siyaseta-nepenitiye\/\"]}]},{\"@type\":\"BreadcrumbList\",\"@id\":\"https:\/\/nein-zur-bezahlkarte.de\/ku\/siyaseta-nepenitiye\/#breadcrumb\",\"itemListElement\":[{\"@type\":\"ListItem\",\"position\":1,\"name\":\"Startseite\",\"item\":\"https:\/\/nein-zur-bezahlkarte.de\/ku\/\"},{\"@type\":\"ListItem\",\"position\":2,\"name\":\"siyaseta nepen\u00eetiy\u00ea\"}]},{\"@type\":\"WebSite\",\"@id\":\"https:\/\/nein-zur-bezahlkarte.de\/ku\/#website\",\"url\":\"https:\/\/nein-zur-bezahlkarte.de\/ku\/\",\"name\":\"Wir sagen Nein zur Bezahlkarte\",\"description\":\"Impressum\",\"publisher\":{\"@id\":\"https:\/\/nein-zur-bezahlkarte.de\/ku\/#organization\"},\"potentialAction\":[{\"@type\":\"SearchAction\",\"target\":{\"@type\":\"EntryPoint\",\"urlTemplate\":\"https:\/\/nein-zur-bezahlkarte.de\/ku\/?s={search_term_string}\"},\"query-input\":{\"@type\":\"PropertyValueSpecification\",\"valueRequired\":true,\"valueName\":\"search_term_string\"}}],\"inLanguage\":\"ckb\"},{\"@type\":\"Organization\",\"@id\":\"https:\/\/nein-zur-bezahlkarte.de\/ku\/#organization\",\"name\":\"Wir sagen Nein zur Bezahlkarte\",\"url\":\"https:\/\/nein-zur-bezahlkarte.de\/ku\/\",\"logo\":{\"@type\":\"ImageObject\",\"inLanguage\":\"ckb\",\"@id\":\"https:\/\/nein-zur-bezahlkarte.de\/ku\/#\/schema\/logo\/image\/\",\"url\":\"https:\/\/nein-zur-bezahlkarte.de\/wp-content\/uploads\/2024\/11\/BZHLKRT_Logo_Vektoren_BRNDNBRG_Gelb.png\",\"contentUrl\":\"https:\/\/nein-zur-bezahlkarte.de\/wp-content\/uploads\/2024\/11\/BZHLKRT_Logo_Vektoren_BRNDNBRG_Gelb.png\",\"width\":5000,\"height\":5000,\"caption\":\"Wir sagen Nein zur Bezahlkarte\"},\"image\":{\"@id\":\"https:\/\/nein-zur-bezahlkarte.de\/ku\/#\/schema\/logo\/image\/\"}}]}<\/script>\n<!-- \/ Yoast SEO plugin. -->","yoast_head_json":{"title":"siyaseta nepen\u00eetiy\u00ea - Wir sagen Nein zur Bezahlkarte","robots":{"index":"index","follow":"follow","max-snippet":"max-snippet:-1","max-image-preview":"max-image-preview:large","max-video-preview":"max-video-preview:-1"},"canonical":"https:\/\/nein-zur-bezahlkarte.de\/ku\/siyaseta-nepenitiye\/","og_locale":"en_US","og_type":"article","og_title":"siyaseta nepen\u00eetiy\u00ea - Wir sagen Nein zur Bezahlkarte","og_description":"Bi v\u00ea agahiy\u00ea re em we agahdar dikin ku h\u00fbn daney\u00ean we y\u00ean kesane ji h\u00eala malpera nein-zur-Bezahlkarte.de ve t\u00eane hilberandin \u00fb maf\u00ean ku h\u00fbn li gor\u00ee qan\u00fbna n\u00fb ya parastina daney\u00ea mafdar in. Daney\u00ean kesane agahdariya ku dih\u00eale ku di derheq\u00ea nasnameya we de encam b\u00eane derxistin. armanc \u00fb bingeh\u00ean qan\u00fbn\u00ee y\u00ean p\u00eavajoyek daney\u00ea [&hellip;]","og_url":"https:\/\/nein-zur-bezahlkarte.de\/ku\/siyaseta-nepenitiye\/","og_site_name":"Wir sagen Nein zur Bezahlkarte","article_modified_time":"2025-02-04T08:39:51+00:00","twitter_card":"summary_large_image","twitter_misc":{"Est. reading time":"7 \u062e\u0648\u0644\u06d5\u06a9"},"schema":{"@context":"https:\/\/schema.org","@graph":[{"@type":"WebPage","@id":"https:\/\/nein-zur-bezahlkarte.de\/ku\/siyaseta-nepenitiye\/","url":"https:\/\/nein-zur-bezahlkarte.de\/ku\/siyaseta-nepenitiye\/","name":"siyaseta nepen\u00eetiy\u00ea - Wir sagen Nein zur Bezahlkarte","isPartOf":{"@id":"https:\/\/nein-zur-bezahlkarte.de\/ku\/#website"},"datePublished":"2024-12-09T08:07:59+00:00","dateModified":"2025-02-04T08:39:51+00:00","breadcrumb":{"@id":"https:\/\/nein-zur-bezahlkarte.de\/ku\/siyaseta-nepenitiye\/#breadcrumb"},"inLanguage":"ckb","potentialAction":[{"@type":"ReadAction","target":["https:\/\/nein-zur-bezahlkarte.de\/ku\/siyaseta-nepenitiye\/"]}]},{"@type":"BreadcrumbList","@id":"https:\/\/nein-zur-bezahlkarte.de\/ku\/siyaseta-nepenitiye\/#breadcrumb","itemListElement":[{"@type":"ListItem","position":1,"name":"Startseite","item":"https:\/\/nein-zur-bezahlkarte.de\/ku\/"},{"@type":"ListItem","position":2,"name":"siyaseta nepen\u00eetiy\u00ea"}]},{"@type":"WebSite","@id":"https:\/\/nein-zur-bezahlkarte.de\/ku\/#website","url":"https:\/\/nein-zur-bezahlkarte.de\/ku\/","name":"Wir sagen Nein zur Bezahlkarte","description":"Impressum","publisher":{"@id":"https:\/\/nein-zur-bezahlkarte.de\/ku\/#organization"},"potentialAction":[{"@type":"SearchAction","target":{"@type":"EntryPoint","urlTemplate":"https:\/\/nein-zur-bezahlkarte.de\/ku\/?s={search_term_string}"},"query-input":{"@type":"PropertyValueSpecification","valueRequired":true,"valueName":"search_term_string"}}],"inLanguage":"ckb"},{"@type":"Organization","@id":"https:\/\/nein-zur-bezahlkarte.de\/ku\/#organization","name":"Wir sagen Nein zur Bezahlkarte","url":"https:\/\/nein-zur-bezahlkarte.de\/ku\/","logo":{"@type":"ImageObject","inLanguage":"ckb","@id":"https:\/\/nein-zur-bezahlkarte.de\/ku\/#\/schema\/logo\/image\/","url":"https:\/\/nein-zur-bezahlkarte.de\/wp-content\/uploads\/2024\/11\/BZHLKRT_Logo_Vektoren_BRNDNBRG_Gelb.png","contentUrl":"https:\/\/nein-zur-bezahlkarte.de\/wp-content\/uploads\/2024\/11\/BZHLKRT_Logo_Vektoren_BRNDNBRG_Gelb.png","width":5000,"height":5000,"caption":"Wir sagen Nein zur Bezahlkarte"},"image":{"@id":"https:\/\/nein-zur-bezahlkarte.de\/ku\/#\/schema\/logo\/image\/"}}]}},"_links":{"self":[{"href":"https:\/\/nein-zur-bezahlkarte.de\/ku\/wp-json\/wp\/v2\/pages\/1712","targetHints":{"allow":["GET"]}}],"collection":[{"href":"https:\/\/nein-zur-bezahlkarte.de\/ku\/wp-json\/wp\/v2\/pages"}],"about":[{"href":"https:\/\/nein-zur-bezahlkarte.de\/ku\/wp-json\/wp\/v2\/types\/page"}],"author":[{"embeddable":true,"href":"https:\/\/nein-zur-bezahlkarte.de\/ku\/wp-json\/wp\/v2\/users\/5"}],"replies":[{"embeddable":true,"href":"https:\/\/nein-zur-bezahlkarte.de\/ku\/wp-json\/wp\/v2\/comments?post=1712"}],"version-history":[{"count":1,"href":"https:\/\/nein-zur-bezahlkarte.de\/ku\/wp-json\/wp\/v2\/pages\/1712\/revisions"}],"predecessor-version":[{"id":1713,"href":"https:\/\/nein-zur-bezahlkarte.de\/ku\/wp-json\/wp\/v2\/pages\/1712\/revisions\/1713"}],"wp:attachment":[{"href":"https:\/\/nein-zur-bezahlkarte.de\/ku\/wp-json\/wp\/v2\/media?parent=1712"}],"curies":[{"name":"wp","href":"https:\/\/api.w.org\/{rel}","templated":true}]}}