{"id":1716,"date":"2024-11-22T23:53:12","date_gmt":"2024-11-22T22:53:12","guid":{"rendered":"https:\/\/nein-zur-bezahlkarte.de\/sahidiyen\/parvekirina-serpehatiyen\/"},"modified":"2025-03-11T12:05:10","modified_gmt":"2025-03-11T11:05:10","slug":"parvekirina-serpehatiyen","status":"publish","type":"page","link":"https:\/\/nein-zur-bezahlkarte.de\/ku\/sahidiyen\/parvekirina-serpehatiyen\/","title":{"rendered":"parvekirina serp\u00eahatiy\u00ean"},"content":{"rendered":"\n<p>Li vir h\u00fbn dikarin serp\u00eahatiy\u00ean xwe y\u00ean bi qerta peredan\u00ea, kampanyay\u00ean pevguhertin\u00ea \u00fb t\u00eako\u015f\u00een\u00ean din \u00ean li dij\u00ee v\u00ea siyaseta sembol\u00eek a nijadperest parve bikin. Ten\u00ea forma j\u00ear\u00een dagirin an j\u00ee <a href=\"nein-zur-bezahlkarte@mailbox.org\">e-nameyek<\/a> ji me re bi\u015f\u00eenin. D\u00fbv re em \u00ea niv\u00ees, v\u00eedyo an deng\u00ea we li vir biwe\u015f\u00eenin.  <br\/><strong>N\u00ee\u015fe:<\/strong> Enst\u00eetuya Weizenbaum naha li hevkar\u00ean hevpeyiv\u00een\u00ea digere ji bo l\u00eakol\u00eenek ku ezm\u00fbna wan wek\u00ee bikarh\u00eaner\u00ean qerta dravdan\u00ea heye. Aliy\u00ean eleqedar dikarin rasterast bi e-namey\u00ea bi me re t\u00eakil\u00ee daynin ser studie [\u00e4t] weizenbaum-institut.de. <\/p>\n<style id=\"wpforms-css-vars-524-block-79bb4bea-80ee-4144-8563-a4bb7e7f3b15\">\n\t\t\t\t#wpforms-524.wpforms-block-79bb4bea-80ee-4144-8563-a4bb7e7f3b15 {\n\t\t\t\t--wpforms-label-color: #222222;\n--wpforms-label-sublabel-color: #222222;\n--wpforms-label-error-color: #ff0000;\n--wpforms-page-break-color: #dddddd;\n--wpforms-field-border-radius: 0px;\n--wpforms-field-background-color: #FFFFFF;\n--wpforms-field-border-color: #ffb300;\n--wpforms-field-border-color-spare: #ffb300;\n--wpforms-field-text-color: #444444;\n--wpforms-button-border-style: solid;\n--wpforms-button-border-radius: 0px;\n--wpforms-button-background-color: #6e5bd9;\n--wpforms-button-text-color: #FFFFFF;\n--wpforms-button-border-color: #cccccc;\n--wpforms-field-size-input-height: 43px;\n--wpforms-field-size-input-spacing: 15px;\n--wpforms-field-size-font-size: 16px;\n--wpforms-field-size-line-height: 19px;\n--wpforms-field-size-padding-h: 14px;\n--wpforms-field-size-checkbox-size: 16px;\n--wpforms-field-size-sublabel-spacing: 5px;\n--wpforms-field-size-icon-size: 1;\n--wpforms-label-size-font-size: 14px;\n--wpforms-label-size-line-height: 17px;\n--wpforms-label-size-sublabel-font-size: 13px;\n--wpforms-label-size-sublabel-line-height: 16px;\n--wpforms-button-size-font-size: 17px;\n--wpforms-button-size-height: 41px;\n--wpforms-button-size-padding-h: 15px;\n--wpforms-button-size-margin-top: 10px;\n\t\t\t}\n\t\t\t<\/style><div class=\"wpforms-container wpforms-container-full wpforms-block wpforms-block-79bb4bea-80ee-4144-8563-a4bb7e7f3b15 wpforms-render-modern\" id=\"wpforms-524\"><form id=\"wpforms-form-524\" class=\"wpforms-validate wpforms-form wpforms-ajax-form\" data-formid=\"524\" method=\"post\" enctype=\"multipart\/form-data\" action=\"\/ku\/wp-json\/wp\/v2\/pages\/1716\" data-token=\"f45d8271310a4281b88adc055dc58e3c\" data-token-time=\"1776886119\"><noscript class=\"wpforms-error-noscript\">Please enable JavaScript in your browser to complete this form.<\/noscript><div id=\"wpforms-error-noscript\" style=\"display: none;\">Please enable JavaScript in your browser to complete this form.<\/div><div class=\"wpforms-field-container\"><div id=\"wpforms-524-field_1-container\" class=\"wpforms-field wpforms-field-name\" data-field-id=\"1\"><label class=\"wpforms-field-label\" for=\"wpforms-524-field_1\">Nav\/nav<\/label><input type=\"text\" id=\"wpforms-524-field_1\" class=\"wpforms-field-medium\" name=\"wpforms[fields][1]\" aria-errormessage=\"wpforms-524-field_1-error\" ><\/div><div id=\"wpforms-524-field_2-container\" class=\"wpforms-field wpforms-field-email\" data-field-id=\"2\"><label class=\"wpforms-field-label\" for=\"wpforms-524-field_2\">Navn\u00ee\u015fana email\u00ea <span class=\"wpforms-required-label\" aria-hidden=\"true\">*<\/span><\/label><input type=\"email\" id=\"wpforms-524-field_2\" class=\"wpforms-field-medium wpforms-field-required\" name=\"wpforms[fields][2]\" spellcheck=\"false\" aria-errormessage=\"wpforms-524-field_2-error\" required><\/div>\t\t<div id=\"wpforms-524-field_4-container\"\n\t\t\tclass=\"wpforms-field wpforms-field-text\"\n\t\t\tdata-field-type=\"text\"\n\t\t\tdata-field-id=\"4\"\n\t\t\t>\n\t\t\t<label class=\"wpforms-field-label\" for=\"wpforms-524-field_4\" >rapora Nav\/nav nenas\u00ee<\/label>\n\t\t\t<input type=\"text\" id=\"wpforms-524-field_4\" class=\"wpforms-field-medium\" name=\"wpforms[fields][4]\" >\n\t\t<\/div>\n\t\t<div id=\"wpforms-524-field_3-container\" class=\"wpforms-field wpforms-field-textarea\" data-field-id=\"3\"><label class=\"wpforms-field-label\" for=\"wpforms-524-field_3\">rapora ezm\u00fbn\u00ea <span class=\"wpforms-required-label\" aria-hidden=\"true\">*<\/span><\/label><textarea id=\"wpforms-524-field_3\" class=\"wpforms-field-medium wpforms-field-required\" name=\"wpforms[fields][3]\" aria-errormessage=\"wpforms-524-field_3-error\" required><\/textarea><\/div><div id=\"wpforms-524-field_7-container\" class=\"wpforms-field wpforms-field-checkbox\" data-field-id=\"7\"><fieldset><legend class=\"wpforms-field-label\">nenas\u00ee<\/legend><ul id=\"wpforms-524-field_7\"><li class=\"choice-1 depth-1\"><input type=\"checkbox\" id=\"wpforms-524-field_7_1\" name=\"wpforms[fields][7][]\" value=\"Ez dixwazim rapora ezm\u00fbna min b\u00eanav b\u00ea we\u015fandin.\" aria-errormessage=\"wpforms-524-field_7_1-error\"  ><label class=\"wpforms-field-label-inline\" for=\"wpforms-524-field_7_1\">Ez dixwazim rapora ezm\u00fbna min b\u00eanav b\u00ea we\u015fandin.<\/label><\/li><\/ul><\/fieldset><\/div><div id=\"wpforms-524-field_6-container\" class=\"wpforms-field wpforms-field-gdpr-checkbox\" data-field-id=\"6\"><label class=\"wpforms-field-label\">raz\u00eeb\u00fbna GDPR <span class=\"wpforms-required-label\" aria-hidden=\"true\">*<\/span><\/label><ul id=\"wpforms-524-field_6\" class=\"wpforms-field-required\"><li class=\"choice-1\"><input type=\"checkbox\" id=\"wpforms-524-field_6_1\" name=\"wpforms[fields][6][]\" value=\"Ez dipejir\u00eenim ku ev malper dikare agahdariya ku ez radest dikim hil\u00eene \u00fb di bin be\u015fa &quot;Behdey\u00ee&quot; de biwe\u015f\u00eene.\" aria-errormessage=\"wpforms-524-field_6_1-error\" required ><label class=\"wpforms-field-label-inline\" for=\"wpforms-524-field_6_1\">Ez dipejir\u00eenim ku ev malper dikare agahdariya ku ez radest dikim hil\u00eene \u00fb di bin be\u015fa &#8220;Behdey\u00ee&#8221; de biwe\u015f\u00eene.<\/label><\/li><\/ul><\/div><script>\n\t\t\t\t( function() {\n\t\t\t\t\tconst style = document.createElement( 'style' );\n\t\t\t\t\tstyle.appendChild( document.createTextNode( '#wpforms-524-field_4-container { position: absolute !important; overflow: hidden !important; display: inline !important; height: 1px !important; width: 1px !important; z-index: -1000 !important; padding: 0 !important; } #wpforms-524-field_4-container input { visibility: hidden; } #wpforms-conversational-form-page #wpforms-524-field_4-container label { counter-increment: none; }' ) );\n\t\t\t\t\tdocument.head.appendChild( style );\n\t\t\t\t\tdocument.currentScript?.remove();\n\t\t\t\t} )();\n\t\t\t<\/script><\/div><!-- .wpforms-field-container --><div class=\"wpforms-submit-container\" ><input type=\"hidden\" name=\"wpforms[id]\" value=\"524\"><input type=\"hidden\" name=\"page_title\" value=\"\"><input type=\"hidden\" name=\"page_url\" value=\"https:\/\/nein-zur-bezahlkarte.de\/ku\/wp-json\/wp\/v2\/pages\/1716\"><input type=\"hidden\" name=\"url_referer\" value=\"\"><button type=\"submit\" name=\"wpforms[submit]\" id=\"wpforms-submit-524\" class=\"wpforms-submit\" data-alt-text=\"D\u00ea b\u00ea \u015fandin...\" data-submit-text=\"Nermij\u00een\" aria-live=\"assertive\" value=\"wpforms-submit\">Nermij\u00een<\/button><img loading=\"lazy\" decoding=\"async\" src=\"https:\/\/nein-zur-bezahlkarte.de\/wp-content\/plugins\/wpforms-lite\/assets\/images\/submit-spin.svg\" class=\"wpforms-submit-spinner\" style=\"display: none;\" width=\"26\" height=\"26\" alt=\"Loading\"><\/div><\/form><\/div>  <!-- .wpforms-container -->","protected":false},"excerpt":{"rendered":"<p>Li vir h\u00fbn dikarin serp\u00eahatiy\u00ean xwe y\u00ean bi qerta peredan\u00ea, kampanyay\u00ean pevguhertin\u00ea \u00fb t\u00eako\u015f\u00een\u00ean din \u00ean li dij\u00ee v\u00ea siyaseta sembol\u00eek a nijadperest parve bikin. Ten\u00ea forma j\u00ear\u00een dagirin an j\u00ee e-nameyek ji me re bi\u015f\u00eenin. D\u00fbv re em \u00ea niv\u00ees, v\u00eedyo an deng\u00ea we li vir biwe\u015f\u00eenin. N\u00ee\u015fe: Enst\u00eetuya Weizenbaum naha li hevkar\u00ean hevpeyiv\u00een\u00ea [&hellip;]<\/p>\n","protected":false},"author":5,"featured_media":0,"parent":1524,"menu_order":0,"comment_status":"closed","ping_status":"closed","template":"","meta":{"footnotes":""},"class_list":["post-1716","page","type-page","status-publish","hentry"],"yoast_head":"<!-- This site is optimized with the Yoast SEO plugin v26.4 - https:\/\/yoast.com\/wordpress\/plugins\/seo\/ -->\n<title>parvekirina serp\u00eahatiy\u00ean - Wir sagen Nein zur Bezahlkarte<\/title>\n<meta name=\"robots\" content=\"index, follow, max-snippet:-1, max-image-preview:large, max-video-preview:-1\" \/>\n<link rel=\"canonical\" href=\"https:\/\/nein-zur-bezahlkarte.de\/ku\/sahidiyen\/parvekirina-serpehatiyen\/\" \/>\n<meta property=\"og:locale\" content=\"en_US\" \/>\n<meta property=\"og:type\" content=\"article\" \/>\n<meta property=\"og:title\" content=\"parvekirina serp\u00eahatiy\u00ean - Wir sagen Nein zur Bezahlkarte\" \/>\n<meta property=\"og:description\" content=\"Li vir h\u00fbn dikarin serp\u00eahatiy\u00ean xwe y\u00ean bi qerta peredan\u00ea, kampanyay\u00ean pevguhertin\u00ea \u00fb t\u00eako\u015f\u00een\u00ean din \u00ean li dij\u00ee v\u00ea siyaseta sembol\u00eek a nijadperest parve bikin. Ten\u00ea forma j\u00ear\u00een dagirin an j\u00ee e-nameyek ji me re bi\u015f\u00eenin. D\u00fbv re em \u00ea niv\u00ees, v\u00eedyo an deng\u00ea we li vir biwe\u015f\u00eenin. N\u00ee\u015fe: Enst\u00eetuya Weizenbaum naha li hevkar\u00ean hevpeyiv\u00een\u00ea [&hellip;]\" \/>\n<meta property=\"og:url\" content=\"https:\/\/nein-zur-bezahlkarte.de\/ku\/sahidiyen\/parvekirina-serpehatiyen\/\" \/>\n<meta property=\"og:site_name\" content=\"Wir sagen Nein zur Bezahlkarte\" \/>\n<meta property=\"article:modified_time\" content=\"2025-03-11T11:05:10+00:00\" \/>\n<meta name=\"twitter:card\" content=\"summary_large_image\" \/>\n<meta name=\"twitter:label1\" content=\"Est. reading time\" \/>\n\t<meta name=\"twitter:data1\" content=\"1 \u062e\u0648\u0644\u06d5\u06a9\" \/>\n<script type=\"application\/ld+json\" class=\"yoast-schema-graph\">{\"@context\":\"https:\/\/schema.org\",\"@graph\":[{\"@type\":\"WebPage\",\"@id\":\"https:\/\/nein-zur-bezahlkarte.de\/ku\/sahidiyen\/parvekirina-serpehatiyen\/\",\"url\":\"https:\/\/nein-zur-bezahlkarte.de\/ku\/sahidiyen\/parvekirina-serpehatiyen\/\",\"name\":\"parvekirina serp\u00eahatiy\u00ean - Wir sagen Nein zur Bezahlkarte\",\"isPartOf\":{\"@id\":\"https:\/\/nein-zur-bezahlkarte.de\/ku\/#website\"},\"datePublished\":\"2024-11-22T22:53:12+00:00\",\"dateModified\":\"2025-03-11T11:05:10+00:00\",\"breadcrumb\":{\"@id\":\"https:\/\/nein-zur-bezahlkarte.de\/ku\/sahidiyen\/parvekirina-serpehatiyen\/#breadcrumb\"},\"inLanguage\":\"ckb\",\"potentialAction\":[{\"@type\":\"ReadAction\",\"target\":[\"https:\/\/nein-zur-bezahlkarte.de\/ku\/sahidiyen\/parvekirina-serpehatiyen\/\"]}]},{\"@type\":\"BreadcrumbList\",\"@id\":\"https:\/\/nein-zur-bezahlkarte.de\/ku\/sahidiyen\/parvekirina-serpehatiyen\/#breadcrumb\",\"itemListElement\":[{\"@type\":\"ListItem\",\"position\":1,\"name\":\"Startseite\",\"item\":\"https:\/\/nein-zur-bezahlkarte.de\/ku\/\"},{\"@type\":\"ListItem\",\"position\":2,\"name\":\"\u015fahidiy\u00ean\",\"item\":\"https:\/\/nein-zur-bezahlkarte.de\/ku\/sahidiyen\/\"},{\"@type\":\"ListItem\",\"position\":3,\"name\":\"parvekirina serp\u00eahatiy\u00ean\"}]},{\"@type\":\"WebSite\",\"@id\":\"https:\/\/nein-zur-bezahlkarte.de\/ku\/#website\",\"url\":\"https:\/\/nein-zur-bezahlkarte.de\/ku\/\",\"name\":\"Wir sagen Nein zur Bezahlkarte\",\"description\":\"Impressum\",\"publisher\":{\"@id\":\"https:\/\/nein-zur-bezahlkarte.de\/ku\/#organization\"},\"potentialAction\":[{\"@type\":\"SearchAction\",\"target\":{\"@type\":\"EntryPoint\",\"urlTemplate\":\"https:\/\/nein-zur-bezahlkarte.de\/ku\/?s={search_term_string}\"},\"query-input\":{\"@type\":\"PropertyValueSpecification\",\"valueRequired\":true,\"valueName\":\"search_term_string\"}}],\"inLanguage\":\"ckb\"},{\"@type\":\"Organization\",\"@id\":\"https:\/\/nein-zur-bezahlkarte.de\/ku\/#organization\",\"name\":\"Wir sagen Nein zur Bezahlkarte\",\"url\":\"https:\/\/nein-zur-bezahlkarte.de\/ku\/\",\"logo\":{\"@type\":\"ImageObject\",\"inLanguage\":\"ckb\",\"@id\":\"https:\/\/nein-zur-bezahlkarte.de\/ku\/#\/schema\/logo\/image\/\",\"url\":\"https:\/\/nein-zur-bezahlkarte.de\/wp-content\/uploads\/2024\/11\/BZHLKRT_Logo_Vektoren_BRNDNBRG_Gelb.png\",\"contentUrl\":\"https:\/\/nein-zur-bezahlkarte.de\/wp-content\/uploads\/2024\/11\/BZHLKRT_Logo_Vektoren_BRNDNBRG_Gelb.png\",\"width\":5000,\"height\":5000,\"caption\":\"Wir sagen Nein zur Bezahlkarte\"},\"image\":{\"@id\":\"https:\/\/nein-zur-bezahlkarte.de\/ku\/#\/schema\/logo\/image\/\"}}]}<\/script>\n<!-- \/ Yoast SEO plugin. -->","yoast_head_json":{"title":"parvekirina serp\u00eahatiy\u00ean - Wir sagen Nein zur Bezahlkarte","robots":{"index":"index","follow":"follow","max-snippet":"max-snippet:-1","max-image-preview":"max-image-preview:large","max-video-preview":"max-video-preview:-1"},"canonical":"https:\/\/nein-zur-bezahlkarte.de\/ku\/sahidiyen\/parvekirina-serpehatiyen\/","og_locale":"en_US","og_type":"article","og_title":"parvekirina serp\u00eahatiy\u00ean - Wir sagen Nein zur Bezahlkarte","og_description":"Li vir h\u00fbn dikarin serp\u00eahatiy\u00ean xwe y\u00ean bi qerta peredan\u00ea, kampanyay\u00ean pevguhertin\u00ea \u00fb t\u00eako\u015f\u00een\u00ean din \u00ean li dij\u00ee v\u00ea siyaseta sembol\u00eek a nijadperest parve bikin. Ten\u00ea forma j\u00ear\u00een dagirin an j\u00ee e-nameyek ji me re bi\u015f\u00eenin. D\u00fbv re em \u00ea niv\u00ees, v\u00eedyo an deng\u00ea we li vir biwe\u015f\u00eenin. N\u00ee\u015fe: Enst\u00eetuya Weizenbaum naha li hevkar\u00ean hevpeyiv\u00een\u00ea [&hellip;]","og_url":"https:\/\/nein-zur-bezahlkarte.de\/ku\/sahidiyen\/parvekirina-serpehatiyen\/","og_site_name":"Wir sagen Nein zur Bezahlkarte","article_modified_time":"2025-03-11T11:05:10+00:00","twitter_card":"summary_large_image","twitter_misc":{"Est. reading time":"1 \u062e\u0648\u0644\u06d5\u06a9"},"schema":{"@context":"https:\/\/schema.org","@graph":[{"@type":"WebPage","@id":"https:\/\/nein-zur-bezahlkarte.de\/ku\/sahidiyen\/parvekirina-serpehatiyen\/","url":"https:\/\/nein-zur-bezahlkarte.de\/ku\/sahidiyen\/parvekirina-serpehatiyen\/","name":"parvekirina serp\u00eahatiy\u00ean - Wir sagen Nein zur Bezahlkarte","isPartOf":{"@id":"https:\/\/nein-zur-bezahlkarte.de\/ku\/#website"},"datePublished":"2024-11-22T22:53:12+00:00","dateModified":"2025-03-11T11:05:10+00:00","breadcrumb":{"@id":"https:\/\/nein-zur-bezahlkarte.de\/ku\/sahidiyen\/parvekirina-serpehatiyen\/#breadcrumb"},"inLanguage":"ckb","potentialAction":[{"@type":"ReadAction","target":["https:\/\/nein-zur-bezahlkarte.de\/ku\/sahidiyen\/parvekirina-serpehatiyen\/"]}]},{"@type":"BreadcrumbList","@id":"https:\/\/nein-zur-bezahlkarte.de\/ku\/sahidiyen\/parvekirina-serpehatiyen\/#breadcrumb","itemListElement":[{"@type":"ListItem","position":1,"name":"Startseite","item":"https:\/\/nein-zur-bezahlkarte.de\/ku\/"},{"@type":"ListItem","position":2,"name":"\u015fahidiy\u00ean","item":"https:\/\/nein-zur-bezahlkarte.de\/ku\/sahidiyen\/"},{"@type":"ListItem","position":3,"name":"parvekirina serp\u00eahatiy\u00ean"}]},{"@type":"WebSite","@id":"https:\/\/nein-zur-bezahlkarte.de\/ku\/#website","url":"https:\/\/nein-zur-bezahlkarte.de\/ku\/","name":"Wir sagen Nein zur Bezahlkarte","description":"Impressum","publisher":{"@id":"https:\/\/nein-zur-bezahlkarte.de\/ku\/#organization"},"potentialAction":[{"@type":"SearchAction","target":{"@type":"EntryPoint","urlTemplate":"https:\/\/nein-zur-bezahlkarte.de\/ku\/?s={search_term_string}"},"query-input":{"@type":"PropertyValueSpecification","valueRequired":true,"valueName":"search_term_string"}}],"inLanguage":"ckb"},{"@type":"Organization","@id":"https:\/\/nein-zur-bezahlkarte.de\/ku\/#organization","name":"Wir sagen Nein zur Bezahlkarte","url":"https:\/\/nein-zur-bezahlkarte.de\/ku\/","logo":{"@type":"ImageObject","inLanguage":"ckb","@id":"https:\/\/nein-zur-bezahlkarte.de\/ku\/#\/schema\/logo\/image\/","url":"https:\/\/nein-zur-bezahlkarte.de\/wp-content\/uploads\/2024\/11\/BZHLKRT_Logo_Vektoren_BRNDNBRG_Gelb.png","contentUrl":"https:\/\/nein-zur-bezahlkarte.de\/wp-content\/uploads\/2024\/11\/BZHLKRT_Logo_Vektoren_BRNDNBRG_Gelb.png","width":5000,"height":5000,"caption":"Wir sagen Nein zur Bezahlkarte"},"image":{"@id":"https:\/\/nein-zur-bezahlkarte.de\/ku\/#\/schema\/logo\/image\/"}}]}},"_links":{"self":[{"href":"https:\/\/nein-zur-bezahlkarte.de\/ku\/wp-json\/wp\/v2\/pages\/1716","targetHints":{"allow":["GET"]}}],"collection":[{"href":"https:\/\/nein-zur-bezahlkarte.de\/ku\/wp-json\/wp\/v2\/pages"}],"about":[{"href":"https:\/\/nein-zur-bezahlkarte.de\/ku\/wp-json\/wp\/v2\/types\/page"}],"author":[{"embeddable":true,"href":"https:\/\/nein-zur-bezahlkarte.de\/ku\/wp-json\/wp\/v2\/users\/5"}],"replies":[{"embeddable":true,"href":"https:\/\/nein-zur-bezahlkarte.de\/ku\/wp-json\/wp\/v2\/comments?post=1716"}],"version-history":[{"count":2,"href":"https:\/\/nein-zur-bezahlkarte.de\/ku\/wp-json\/wp\/v2\/pages\/1716\/revisions"}],"predecessor-version":[{"id":2204,"href":"https:\/\/nein-zur-bezahlkarte.de\/ku\/wp-json\/wp\/v2\/pages\/1716\/revisions\/2204"}],"up":[{"embeddable":true,"href":"https:\/\/nein-zur-bezahlkarte.de\/ku\/wp-json\/wp\/v2\/pages\/1524"}],"wp:attachment":[{"href":"https:\/\/nein-zur-bezahlkarte.de\/ku\/wp-json\/wp\/v2\/media?parent=1716"}],"curies":[{"name":"wp","href":"https:\/\/api.w.org\/{rel}","templated":true}]}}