{"id":1900,"date":"2024-11-22T23:48:08","date_gmt":"2024-11-22T22:48:08","guid":{"rendered":"https:\/\/nein-zur-bezahlkarte.de\/mafi\/"},"modified":"2025-02-10T12:24:34","modified_gmt":"2025-02-10T11:24:34","slug":"mafi","status":"publish","type":"page","link":"https:\/\/nein-zur-bezahlkarte.de\/ku\/mafi\/","title":{"rendered":"Maf\u00ee"},"content":{"rendered":"\n<p>Li vir h\u00fbn \u00ea bingeh\u00ean qan\u00fbn\u00ee bib\u00eenin, wek qan\u00fbn, biryarname \u00fb r\u00eaziknamey\u00ea, her weha biryar \u00fb l\u00eapirs\u00een\u00ean parlamentoy\u00ea \u00fb her weha biryar\u00ean dadgeh\u00ea \u00fb deng\u00ean destp\u00eak\u00ea y\u00ean r\u00eaveberiyan.<\/p>\n\n<p class=\"has-large-font-size\"><strong>Bingeha qan\u00fbn\u00ee:<\/strong><\/p>\n\n<p><strong>Bund:<\/strong><br\/> \u2013 <a href=\"https:\/\/www.bundestag.de\/dokumente\/textarchiv\/2024\/kw15-de-duev-anpassunggesetz-997400\">Guhertin\u00ean qan\u00fbn\u00ee<\/a> y\u00ean di AsylbLG \u00fb DEUV de, tekst\u00ean qan\u00fbn\u00ee y\u00ean di bin <a href=\"https:\/\/www.gesetze-im-internet.de\/\">Qan\u00fbn\u00ean li ser \u00centernet\u00ea de<\/a> temam bikin.<br\/> \u2013 N\u00ear\u00eenek li ser <a href=\"https:\/\/www.ggua.de\/fileadmin\/downloads\/Bezahlkarte\/Tabelle_Bezahlkarte.pdf\">p\u00eakan\u00een\u00ean li dewlet\u00ean federal \u00ean takekes\u00ee<\/a> y\u00ean Civaka Ne-Qazan a Pi\u015ftgiriya Penaberan (GGUA)<br\/><strong>Berl\u00een:<\/strong><br\/> \u2013 Heta niha ten\u00ea <a href=\"https:\/\/www.berlin.de\/rbmskzl\/aktuelles\/pressemitteilungen\/2024\/pressemitteilung.1514371.php\">biryarek li ser danas\u00eena karta peredan\u00ea<\/a> heye, heta niha ti biryarnameyek yasay\u00ee ya dewlet\u00ea n\u00eene. Xal\u00ean sereke: Ten\u00ea penaxwaz li navend\u00ean p\u00ea\u015fwaziya destp\u00eak\u00ea (asta dewlet\u00ea), s\u00eenor\u00ea dirav\u00ee 50 euro ji bo her kes\u00ea \u015fe\u015f \u200b\u200bmehan, pi\u015ft\u00ee ku s\u00eenor\u00ea dirav\u00ee t\u00ea rakirin. <br\/><strong>Brandenburg:<\/strong><br\/> \u2013 <a href=\"https:\/\/brandenburg.de\/cms\/detail.php\/brandenburg_06.c.841088.de\">Daxuyaniya niyeta li ser asta dewlet\u00ea ji bo destn\u00ee\u015fankirina karta peredan\u00ea<\/a> . Xal\u00ean sereke: Her penaxwazek mezin qertek dravdan\u00ea, s\u00eenor\u00ea dirav\u00ee 50 Euro ji bo mezinan \u00fb 25 Euro ji bo pi\u00e7\u00fbkan werdigire. Nav\u00e7eya M\u00e4rkisch Oderland ber\u00ee niha <a href=\"https:\/\/www.nd-aktuell.de\/artikel\/1180712.bezahlkarten-fuer-gefluechtete-bezahlkarten-fuer-asylbewerber-ein-landkreis-prescht-vor.html\">qerta xwe ya dravdan\u00ea destn\u00ee\u015fan kirib\u00fb<\/a> , l\u00ea bajar\u00ea serbixwe y\u00ea Potsdam danas\u00een\u00ea red kir.  <\/p>\n\n<p class=\"has-large-font-size\"><strong>Biryar \u00fb pirs\u00ean parlementoy\u00ea:<\/strong><\/p>\n\n<p><strong>Berl\u00een:<\/strong><br\/> \u2013 <a href=\"https:\/\/elif-eralp.de\/schriftliche-anfragen\/\">L\u00eapirs\u00een\u00ean niv\u00eesk\u00ee ji Elif Eralp<\/a> , DIE LINKE, Endama Meclisa N\u00fbneran, di nav y\u00ean din de li ser karta dravdan\u00ea (binih\u00eare 03.01.2025, 23.10.2024, 09.07.2024, 26.03.2024).<br\/> <strong>Brandenburg:<\/strong><br\/> \u2013 <a href=\"https:\/\/egov.potsdam.de\/public\/vo020?VOLFDNR=2002352&amp;refresh=false\">Biryara Meclisa<\/a> \u015earedariya <strong>Potsdam\u00ea<\/strong> ya li dij\u00ee dan\u00eena karta peredan\u00ea \u00fb <a href=\"https:\/\/egov.potsdam.de\/public\/wicket\/resource\/org.apache.wicket.Application\/doc2678387.pdf\">redkirina p\u00ea\u015fniyara \u015faredariy\u00ea<\/a> ya ji bo danas\u00eena qerta peredan\u00ea.<\/p>\n\n<p class=\"has-large-font-size\"><strong>Biryar\u00ean dadgeh\u00ea:<\/strong><\/p>\n\n<p><strong>Nurnberg:<\/strong><br\/> \u2013 Di T\u00eermeha 2024 de, Da\u00eereya 11em\u00een a Dadgeha Civak\u00ee ya Nurnberg\u00ea di du doz\u00ean bilez de biryar da ( <a href=\"https:\/\/freiheitsrechte.org\/uploads\/documents\/Soziale-Teilhabe\/Bezahlkarte\/Beschluss_SG-Nuernberg-1.pdf\">S 11 AY 15\/24 ER<\/a> \u00fb <a href=\"https:\/\/freiheitsrechte.org\/uploads\/documents\/Soziale-Teilhabe\/Bezahlkarte\/30.-Juli-2024-Beschluss-vom-Sozialgericht-Nuernberg-S-11-AY-1824-ER.pdf\"><br\/>S 11 AY 18\/24 ER<\/a> ), ku azadiya \u00e7alakiy\u00ea ya serl\u00eaderan ji h\u00eala qerta dravdan\u00ea ve bi gir\u00eeng\u00ee t\u00eate s\u00eenorkirin \u00fb ku debara wan ya her\u00ee k\u00eam t\u00ea tehd\u00eed kirin.<br\/><br\/><strong>Hamburg:<\/strong><br\/> \u2013 Di T\u00eermeha 2024-an de, Dadgeha Civak\u00ee ya Hamburg\u00ea ( <a href=\"https:\/\/freiheitsrechte.org\/uploads\/documents\/Soziale-Teilhabe\/Bezahlkarte\/18.-Juli-2024-Beschluss-vom-Sozialgericht-Hamburg-S-7-AY-41024-ER.pdf\">SG Hamburg, S 7 AY 410\/24 ER<\/a> ) di destp\u00eak\u00ea de di doz\u00ean bilez de li \u015f\u00fbna 110 euro, hema hema 270 euro drav da malbatek dozger. Dadgeha Civak\u00ee ya Eyaleta Hamburg\u00ea ( <a href=\"https:\/\/freiheitsrechte.org\/uploads\/files\/Import\/Bezahlkarte-LSG-Hamburg-L-4-AY-1124-B-ER-Beschwerdebeschluss-vom-21.9.2024.pdf\">LSG Hamburg, L 4 AY 11\/24 B ER<\/a> ) pi\u015ft\u00ee \u00eetiraza rayedar biryar\u00ea betal dike. Doz\u00ean sereke h\u00ea j\u00ee li bend\u00ea ne.  <br\/>\u2013 Di dozeke din a der bar\u00ea qan\u00fbn\u00eeb\u00fbna karta peredan\u00ea de, di p\u00eavajoya lezg\u00een a li Dadgeha Civak\u00ee ya Hamburg\u00ea de h\u00ea ti encam bi dest neketiye. Dadgeha Civak\u00ee ya Her\u00eam\u00ee ya Hamburg\u00ea ( <a href=\"https:\/\/freiheitsrechte.org\/uploads\/documents\/Soziale-Teilhabe\/Bezahlkarte\/24.-Juli-2024-Beschluss-vom-LSG-Hamburg-L-4-AY-824-B-ER.pdf\">LSG Hamburg, L 4 AY 8\/24 ER<\/a> ) j\u00ee ac\u00eel ned\u00eet. Ev t\u00ea w\u00ea watey\u00ea ku ji bo gihe\u015ftina biryarek\u00ea dozek sereke ya dir\u00eaj hewce ye.<br\/> \u2013 Di Kan\u00fbna 2024-an de, malbatek bi Komeleya Maf\u00ean Siv\u00eel re ji bo rawestandina s\u00eawirana neqan\u00fbn\u00ee ya qerta dravdan\u00ea <a href=\"https:\/\/freiheitsrechte.org\/uploads\/documents\/Soziale-Teilhabe\/Bezahlkarte\/Bezahlkartenverfahren-Hamburg-Klageschrift.pdf\">doz vekir<\/a> . P\u00eavajo berdewam e.   <br\/><br\/><strong>Chemnitz:<\/strong><br\/> \u2013 Dadgeha Civak\u00ee ya Chemnitz li ser m\u00earek\u00ee ten\u00ea y\u00ea ku heft sal in li Almanyay\u00ea dij\u00ee, bi prosedureke bilez biryar da ( <a href=\"https:\/\/freiheitsrechte.org\/uploads\/documents\/Soziale-Teilhabe\/Bezahlkarte\/5.-September-2024-Eilantrag-an-das-Sozialgericht-Chemnitz.pdf\">S 20 AY 35\/24 ER<\/a> ). Desthilatdariy\u00ea berjewendiya w\u00ee ya civak\u00ee veguhezand qerta dravdan\u00ea b\u00eay\u00ee vebijarka veguheztin\u00ea.<br\/> \u2013 Di prosed\u00fbra bilez de ( <a href=\"https:\/\/freiheitsrechte.org\/uploads\/documents\/Soziale-Teilhabe\/Bezahlkarte\/19.-August-2024-Eilantrag-an-das-Sozialgerichts-Chemnitz-S-19-AY-3024-ER.pdf\">S 19 AY 30\/24 ER<\/a> ), malbateke ku ev p\u00eanc sal in li Almanyay\u00ea dij\u00ee, ji bo zarokan m\u00eeqdarek dirav\u00ee mezintir dist\u00eene \u00fb ji bil\u00ee qerta peredan\u00ea z\u00eadetir pere werdigire, l\u00ea drav\u00ea ku t\u00ea day\u00een h\u00een j\u00ee t\u00ear\u00ea nake. Ji ber v\u00ea yek\u00ea, dozek li Dadgeha Civak\u00ee ya Chemnitz di Kan\u00fbna 2024 de hate vekirin.  <\/p>\n\n<p><strong>N\u00ee\u015fe:<\/strong> Li Berl\u00een \u00fb Brandenb\u00fbrg\u00ea biryar\u00ean doz\u00ean lezg\u00een \u00fb biryar\u00ean dadgeh\u00ea y\u00ean dewlet\u00ean federal \u00ean din xwed\u00ee bandorek qan\u00fbn\u00ee ne. L\u00eabel\u00ea, ew t\u00eagih\u00ee\u015ftinek peyda dikin ka prosedur\u00ean din \u00e7awa p\u00ea\u015f ketine \u00fb dadgeh\u00ean civak\u00ee y\u00ean takekes\u00ee k\u00eejan arguman qeb\u00fbl kirine an xwe bikar an\u00eene.<br\/> Li ser asta federal (Dadgeha Civak\u00ee ya Federal, Dadgeha Dest\u00fbra Bingeh\u00een a Federal) h\u00eaj qan\u00fbnek li ser qert\u00ean dravdan\u00ea tune ye.<br\/> H\u00fbn dikarin <a href=\"https:\/\/nein-zur-bezahlkarte.de\/ku\/doz-li-diji-karta-peredana\/\">li vir<\/a> f\u00ear bibin ka h\u00fbn \u00e7awa dikarin gil\u00ee bi xwe bikin. <\/p>\n\n<p class=\"has-large-font-size\"><strong>Deng\u00ean r\u00eaveberiyan:<\/strong><\/p>\n\n<ul class=\"wp-block-list\">\n<li><a href=\"https:\/\/www.nds-fluerat.org\/wp-content\/uploads\/2024\/12\/Antwort_Verwaltung_BS_27-11-2024.pdf\">L\u00eapirs\u00eena ji Hevbendiya 90\/Gr\u00fbba Mecl\u00ees\u00ea ya Keskan li <strong>Braunschweig<\/strong><\/a> : &#8220;R\u00eaveber\u00ee li bend\u00ea ye ku l\u00ea\u00e7\u00fbn\u00ean z\u00eade y\u00ean gir\u00eeng \u00ean ku ji gav\u00ean p\u00eavajoy\u00ea y\u00ean li j\u00ear t\u00eane vegotin.&#8221;  <\/li>\n\n\n\n<li><a href=\"https:\/\/egov.potsdam.de\/public\/vo020?VOLFDNR=2004407&amp;refresh=false\">L\u00eapirs\u00eenek kurt li ser bar\u00ea \u00eedar\u00ee y\u00ea \u00e7aver\u00ea<\/a> ji koma parlementoya DIE aNDERE ya li <strong>Potsdam\u00ea<\/strong> : &#8220;Bi taybet\u00ee, danas\u00eena qerta dravdan\u00ea d\u00ea bibe sedema barek z\u00eade ya yekcar. Wek\u00ee din, ji ber navbeynkariya hey\u00ee ya ku ji prosed\u00fbra pispor\u00ea t\u00ea bikar an\u00een, \u00fb her weha di war\u00ea p\u00eakan\u00eena hi\u015fmendiy\u00ea \u00fb vekol\u00eena \u015fert \u00fb merc\u00ean jiyan\u00ea y\u00ean kesane de, barek z\u00eade t\u00ea pay\u00een.&#8221; <\/li>\n\n\n\n<li><a href=\"https:\/\/ris.leverkusen.de\/getfile.asp?id=175891&amp;type=do\">Daxuyaniya r\u00eaveberiya bajar\u00ea <strong>Leverkusen<\/strong><\/a> : &#8220;Destp\u00eak dibe sedema bargiraniyek \u00eedar\u00ee ya berbi\u00e7av, [&#8230;]. Ji bil\u00ee v\u00ea, ji ber guhertin\u00ean di wergirtina berjewendiy\u00ea de hewcedariy\u00ean n\u00fb \u00e7\u00eadibin. [&#8230;] dibe sedema barek daray\u00ee ya z\u00eade ku ji h\u00eala dewlet\u00ea an j\u00ee yarmetiy\u00ean din ve nay\u00ea derxistin.<br\/> Bi danas\u00eena qerta dravdan\u00ea d\u00ea pergalek p\u00ea\u015fk\u00ea\u015fkirina kar\u00fbbar\u00ea ku jixwe hey\u00ee \u00fb bik\u00earhat\u00ee betal bike. Niha li Leverkusen\u00ea ji sed\u00ee 97\u00ea penaxwazan xwed\u00ee hesab\u00ean kontrol\u00ea ne.&#8221;   <\/li>\n<\/ul>\n\n<p><\/p>\n","protected":false},"excerpt":{"rendered":"<p>Li vir h\u00fbn \u00ea bingeh\u00ean qan\u00fbn\u00ee bib\u00eenin, wek qan\u00fbn, biryarname \u00fb r\u00eaziknamey\u00ea, her weha biryar \u00fb l\u00eapirs\u00een\u00ean parlamentoy\u00ea \u00fb her weha biryar\u00ean dadgeh\u00ea \u00fb deng\u00ean destp\u00eak\u00ea y\u00ean r\u00eaveberiyan. Bingeha qan\u00fbn\u00ee: Bund: \u2013 Guhertin\u00ean qan\u00fbn\u00ee y\u00ean di AsylbLG \u00fb DEUV de, tekst\u00ean qan\u00fbn\u00ee y\u00ean di bin Qan\u00fbn\u00ean li ser \u00centernet\u00ea de temam bikin. \u2013 N\u00ear\u00eenek li [&hellip;]<\/p>\n","protected":false},"author":5,"featured_media":0,"parent":0,"menu_order":0,"comment_status":"closed","ping_status":"closed","template":"","meta":{"footnotes":""},"class_list":["post-1900","page","type-page","status-publish","hentry"],"yoast_head":"<!-- This site is optimized with the Yoast SEO plugin v26.4 - https:\/\/yoast.com\/wordpress\/plugins\/seo\/ -->\n<title>Maf\u00ee - Wir sagen Nein zur Bezahlkarte<\/title>\n<meta name=\"robots\" content=\"index, follow, max-snippet:-1, max-image-preview:large, max-video-preview:-1\" \/>\n<link rel=\"canonical\" href=\"https:\/\/nein-zur-bezahlkarte.de\/ku\/mafi\/\" \/>\n<meta property=\"og:locale\" content=\"en_US\" \/>\n<meta property=\"og:type\" content=\"article\" \/>\n<meta property=\"og:title\" content=\"Maf\u00ee - Wir sagen Nein zur Bezahlkarte\" \/>\n<meta property=\"og:description\" content=\"Li vir h\u00fbn \u00ea bingeh\u00ean qan\u00fbn\u00ee bib\u00eenin, wek qan\u00fbn, biryarname \u00fb r\u00eaziknamey\u00ea, her weha biryar \u00fb l\u00eapirs\u00een\u00ean parlamentoy\u00ea \u00fb her weha biryar\u00ean dadgeh\u00ea \u00fb deng\u00ean destp\u00eak\u00ea y\u00ean r\u00eaveberiyan. Bingeha qan\u00fbn\u00ee: Bund: \u2013 Guhertin\u00ean qan\u00fbn\u00ee y\u00ean di AsylbLG \u00fb DEUV de, tekst\u00ean qan\u00fbn\u00ee y\u00ean di bin Qan\u00fbn\u00ean li ser \u00centernet\u00ea de temam bikin. \u2013 N\u00ear\u00eenek li [&hellip;]\" \/>\n<meta property=\"og:url\" content=\"https:\/\/nein-zur-bezahlkarte.de\/ku\/mafi\/\" \/>\n<meta property=\"og:site_name\" content=\"Wir sagen Nein zur Bezahlkarte\" \/>\n<meta property=\"article:modified_time\" content=\"2025-02-10T11:24:34+00:00\" \/>\n<meta name=\"twitter:card\" content=\"summary_large_image\" \/>\n<meta name=\"twitter:label1\" content=\"Est. reading time\" \/>\n\t<meta name=\"twitter:data1\" content=\"4 \u062e\u0648\u0644\u06d5\u06a9\" \/>\n<script type=\"application\/ld+json\" class=\"yoast-schema-graph\">{\"@context\":\"https:\/\/schema.org\",\"@graph\":[{\"@type\":\"WebPage\",\"@id\":\"https:\/\/nein-zur-bezahlkarte.de\/ku\/mafi\/\",\"url\":\"https:\/\/nein-zur-bezahlkarte.de\/ku\/mafi\/\",\"name\":\"Maf\u00ee - Wir sagen Nein zur Bezahlkarte\",\"isPartOf\":{\"@id\":\"https:\/\/nein-zur-bezahlkarte.de\/ku\/#website\"},\"datePublished\":\"2024-11-22T22:48:08+00:00\",\"dateModified\":\"2025-02-10T11:24:34+00:00\",\"breadcrumb\":{\"@id\":\"https:\/\/nein-zur-bezahlkarte.de\/ku\/mafi\/#breadcrumb\"},\"inLanguage\":\"ckb\",\"potentialAction\":[{\"@type\":\"ReadAction\",\"target\":[\"https:\/\/nein-zur-bezahlkarte.de\/ku\/mafi\/\"]}]},{\"@type\":\"BreadcrumbList\",\"@id\":\"https:\/\/nein-zur-bezahlkarte.de\/ku\/mafi\/#breadcrumb\",\"itemListElement\":[{\"@type\":\"ListItem\",\"position\":1,\"name\":\"Startseite\",\"item\":\"https:\/\/nein-zur-bezahlkarte.de\/ku\/\"},{\"@type\":\"ListItem\",\"position\":2,\"name\":\"Maf\u00ee\"}]},{\"@type\":\"WebSite\",\"@id\":\"https:\/\/nein-zur-bezahlkarte.de\/ku\/#website\",\"url\":\"https:\/\/nein-zur-bezahlkarte.de\/ku\/\",\"name\":\"Wir sagen Nein zur Bezahlkarte\",\"description\":\"Impressum\",\"publisher\":{\"@id\":\"https:\/\/nein-zur-bezahlkarte.de\/ku\/#organization\"},\"potentialAction\":[{\"@type\":\"SearchAction\",\"target\":{\"@type\":\"EntryPoint\",\"urlTemplate\":\"https:\/\/nein-zur-bezahlkarte.de\/ku\/?s={search_term_string}\"},\"query-input\":{\"@type\":\"PropertyValueSpecification\",\"valueRequired\":true,\"valueName\":\"search_term_string\"}}],\"inLanguage\":\"ckb\"},{\"@type\":\"Organization\",\"@id\":\"https:\/\/nein-zur-bezahlkarte.de\/ku\/#organization\",\"name\":\"Wir sagen Nein zur Bezahlkarte\",\"url\":\"https:\/\/nein-zur-bezahlkarte.de\/ku\/\",\"logo\":{\"@type\":\"ImageObject\",\"inLanguage\":\"ckb\",\"@id\":\"https:\/\/nein-zur-bezahlkarte.de\/ku\/#\/schema\/logo\/image\/\",\"url\":\"https:\/\/nein-zur-bezahlkarte.de\/wp-content\/uploads\/2024\/11\/BZHLKRT_Logo_Vektoren_BRNDNBRG_Gelb.png\",\"contentUrl\":\"https:\/\/nein-zur-bezahlkarte.de\/wp-content\/uploads\/2024\/11\/BZHLKRT_Logo_Vektoren_BRNDNBRG_Gelb.png\",\"width\":5000,\"height\":5000,\"caption\":\"Wir sagen Nein zur Bezahlkarte\"},\"image\":{\"@id\":\"https:\/\/nein-zur-bezahlkarte.de\/ku\/#\/schema\/logo\/image\/\"}}]}<\/script>\n<!-- \/ Yoast SEO plugin. -->","yoast_head_json":{"title":"Maf\u00ee - Wir sagen Nein zur Bezahlkarte","robots":{"index":"index","follow":"follow","max-snippet":"max-snippet:-1","max-image-preview":"max-image-preview:large","max-video-preview":"max-video-preview:-1"},"canonical":"https:\/\/nein-zur-bezahlkarte.de\/ku\/mafi\/","og_locale":"en_US","og_type":"article","og_title":"Maf\u00ee - Wir sagen Nein zur Bezahlkarte","og_description":"Li vir h\u00fbn \u00ea bingeh\u00ean qan\u00fbn\u00ee bib\u00eenin, wek qan\u00fbn, biryarname \u00fb r\u00eaziknamey\u00ea, her weha biryar \u00fb l\u00eapirs\u00een\u00ean parlamentoy\u00ea \u00fb her weha biryar\u00ean dadgeh\u00ea \u00fb deng\u00ean destp\u00eak\u00ea y\u00ean r\u00eaveberiyan. Bingeha qan\u00fbn\u00ee: Bund: \u2013 Guhertin\u00ean qan\u00fbn\u00ee y\u00ean di AsylbLG \u00fb DEUV de, tekst\u00ean qan\u00fbn\u00ee y\u00ean di bin Qan\u00fbn\u00ean li ser \u00centernet\u00ea de temam bikin. \u2013 N\u00ear\u00eenek li [&hellip;]","og_url":"https:\/\/nein-zur-bezahlkarte.de\/ku\/mafi\/","og_site_name":"Wir sagen Nein zur Bezahlkarte","article_modified_time":"2025-02-10T11:24:34+00:00","twitter_card":"summary_large_image","twitter_misc":{"Est. reading time":"4 \u062e\u0648\u0644\u06d5\u06a9"},"schema":{"@context":"https:\/\/schema.org","@graph":[{"@type":"WebPage","@id":"https:\/\/nein-zur-bezahlkarte.de\/ku\/mafi\/","url":"https:\/\/nein-zur-bezahlkarte.de\/ku\/mafi\/","name":"Maf\u00ee - Wir sagen Nein zur Bezahlkarte","isPartOf":{"@id":"https:\/\/nein-zur-bezahlkarte.de\/ku\/#website"},"datePublished":"2024-11-22T22:48:08+00:00","dateModified":"2025-02-10T11:24:34+00:00","breadcrumb":{"@id":"https:\/\/nein-zur-bezahlkarte.de\/ku\/mafi\/#breadcrumb"},"inLanguage":"ckb","potentialAction":[{"@type":"ReadAction","target":["https:\/\/nein-zur-bezahlkarte.de\/ku\/mafi\/"]}]},{"@type":"BreadcrumbList","@id":"https:\/\/nein-zur-bezahlkarte.de\/ku\/mafi\/#breadcrumb","itemListElement":[{"@type":"ListItem","position":1,"name":"Startseite","item":"https:\/\/nein-zur-bezahlkarte.de\/ku\/"},{"@type":"ListItem","position":2,"name":"Maf\u00ee"}]},{"@type":"WebSite","@id":"https:\/\/nein-zur-bezahlkarte.de\/ku\/#website","url":"https:\/\/nein-zur-bezahlkarte.de\/ku\/","name":"Wir sagen Nein zur Bezahlkarte","description":"Impressum","publisher":{"@id":"https:\/\/nein-zur-bezahlkarte.de\/ku\/#organization"},"potentialAction":[{"@type":"SearchAction","target":{"@type":"EntryPoint","urlTemplate":"https:\/\/nein-zur-bezahlkarte.de\/ku\/?s={search_term_string}"},"query-input":{"@type":"PropertyValueSpecification","valueRequired":true,"valueName":"search_term_string"}}],"inLanguage":"ckb"},{"@type":"Organization","@id":"https:\/\/nein-zur-bezahlkarte.de\/ku\/#organization","name":"Wir sagen Nein zur Bezahlkarte","url":"https:\/\/nein-zur-bezahlkarte.de\/ku\/","logo":{"@type":"ImageObject","inLanguage":"ckb","@id":"https:\/\/nein-zur-bezahlkarte.de\/ku\/#\/schema\/logo\/image\/","url":"https:\/\/nein-zur-bezahlkarte.de\/wp-content\/uploads\/2024\/11\/BZHLKRT_Logo_Vektoren_BRNDNBRG_Gelb.png","contentUrl":"https:\/\/nein-zur-bezahlkarte.de\/wp-content\/uploads\/2024\/11\/BZHLKRT_Logo_Vektoren_BRNDNBRG_Gelb.png","width":5000,"height":5000,"caption":"Wir sagen Nein zur Bezahlkarte"},"image":{"@id":"https:\/\/nein-zur-bezahlkarte.de\/ku\/#\/schema\/logo\/image\/"}}]}},"_links":{"self":[{"href":"https:\/\/nein-zur-bezahlkarte.de\/ku\/wp-json\/wp\/v2\/pages\/1900","targetHints":{"allow":["GET"]}}],"collection":[{"href":"https:\/\/nein-zur-bezahlkarte.de\/ku\/wp-json\/wp\/v2\/pages"}],"about":[{"href":"https:\/\/nein-zur-bezahlkarte.de\/ku\/wp-json\/wp\/v2\/types\/page"}],"author":[{"embeddable":true,"href":"https:\/\/nein-zur-bezahlkarte.de\/ku\/wp-json\/wp\/v2\/users\/5"}],"replies":[{"embeddable":true,"href":"https:\/\/nein-zur-bezahlkarte.de\/ku\/wp-json\/wp\/v2\/comments?post=1900"}],"version-history":[{"count":2,"href":"https:\/\/nein-zur-bezahlkarte.de\/ku\/wp-json\/wp\/v2\/pages\/1900\/revisions"}],"predecessor-version":[{"id":1917,"href":"https:\/\/nein-zur-bezahlkarte.de\/ku\/wp-json\/wp\/v2\/pages\/1900\/revisions\/1917"}],"wp:attachment":[{"href":"https:\/\/nein-zur-bezahlkarte.de\/ku\/wp-json\/wp\/v2\/media?parent=1900"}],"curies":[{"name":"wp","href":"https:\/\/api.w.org\/{rel}","templated":true}]}}