{"id":2040,"date":"2024-11-22T23:45:39","date_gmt":"2024-11-22T22:45:39","guid":{"rendered":"https:\/\/nein-zur-bezahlkarte.de\/meylen-otoriter\/"},"modified":"2025-03-01T09:32:14","modified_gmt":"2025-03-01T08:32:14","slug":"meylen-otoriter","status":"publish","type":"page","link":"https:\/\/nein-zur-bezahlkarte.de\/ku\/meylen-otoriter\/","title":{"rendered":"Meyl\u00ean otor\u00eeter"},"content":{"rendered":"\n<h2 class=\"wp-block-heading is-style-text-subtitle is-style-text-subtitle--1\">Qan\u00fbna penaberiy\u00ea \u2013 pergal\u00ean voucher \u2013 kart\u00ean peredan\u00ea  <\/h2>\n\n<p class=\"is-style-text-subtitle is-style-text-subtitle--2\"><br\/>Vegera pergala voucher wek\u00ee qerta dravdan\u00ea \u2013 N\u00ear\u00eenek (pa\u015f) li d\u00eerok \u00fb berdewamiya pergala voucher \u00fb li dervey\u00ee  <\/p>\n\n<hr class=\"wp-block-separator has-text-color has-accent-1-color has-alpha-channel-opacity has-accent-1-background-color has-background is-style-dots\"\/>\n\n<h2 class=\"wp-block-heading has-text-align-center is-style-text-subtitle has-contrast-color has-accent-1-background-color has-text-color has-background has-link-color has-large-font-size wp-elements-9a6cf01350a27934a060ddbad7ba669f is-style-text-subtitle--3\" style=\"border-radius:100px\"><strong>rakirina maf\u00ea penaberiy\u00ea \u00fb danas\u00eena yasaya al\u00eekariy\u00ean penaxwazan<\/strong><\/h2>\n\n<p><br\/>Di sal\u00ean 1990\u00ee de p\u00ealeke tundiya nijadperest\u00ee li Almanyay\u00ea belav b\u00fb. Bi te\u015fw\u00eeqkirina Bild &amp; Co, \u00ear\u00ee\u015f\u00ean nijadperest\u00ee \u00fb pogrom z\u00eade b\u00fbn, y\u00ean her\u00ee navdar li M\u00f6lln \u00fb Rostock Lichtenhagen b\u00fbn. Di v\u00ea heway\u00ea de CDU\/CSU, SPD \u00fb FDP li ser rakirina defakto ya maf\u00ea penaberiy\u00ea li hev kirin \u00fb di v\u00ea p\u00eavajoy\u00ea de Qan\u00fbna Al\u00eekariya Penaberan (AsylbLG) di sala 1993\u2019an de derxistin. <sup>[ <a href=\"https:\/\/www.deutschlandfunk.de\/die-de-facto-abschaffung-des-asylrechts-100.html\">1]<\/a> [ <a href=\"https:\/\/www.bpb.de\/kurz-knapp\/hintergrund-aktuell\/160780\/vor-zwanzig-jahren-einschraenkung-des-asylrechts-1993\/\">2]<\/a> [ <a href=\"https:\/\/www.proasyl.de\/news\/30-jahre-asylkompromiss-ein-grundrecht-wird-ausgehoehlt\/)\">3<\/a> ]<\/sup>  <\/p>\n\n<p><br\/>Di sala 1997-an de, Qan\u00fbna Al\u00eekariy\u00ean Penaberan bi danas\u00eena prens\u00eeba berjewend\u00eey\u00ean bi c\u00fbrey\u00ee gihandina \u00e7avkaniy\u00ean daray\u00ee ji bo penaxwazan b\u00eatir s\u00eenordar kir. Li \u015f\u00fbna drav, gelek kesan ten\u00ea qurs an kart\u00ean \u00e7\u00eep werdigirin ku ten\u00ea li hin firotgehan \u00fb ji bo hin ti\u015ftan dikarin werin vegerandin. Ev r\u00eazikname ne ten\u00ea s\u00eenordarkirineke mezin a xwer\u00eaveberiy\u00ea b\u00fb, di heman dem\u00ea de n\u00ee\u015fana d\u00fbrxistina civak\u00ee j\u00ee b\u00fb. Stigmat\u00eezasyon ne\u00e7ar b\u00fb \u2013 her kes\u00ea ku bi dek \u00fb dolaban drav dikir, yekser wek\u00ee &#8220;xer\u00eeb&#8221; dihat nas\u00een.   <\/p>\n\n<p>Kart\u00ean \u00e7\u00eep ji bo r\u00eavebirin, betalkirin \u00fb mohrkirina mirovan hatin bikar an\u00een \u2013 \u00fb ev ji <a href=\"https:\/\/userpage.fu-berlin.de\/~wolfseif\/verwaltet-entrechtet-abgestempelt\/texte\/chipini_chipkarten.pdf\">ber\u00ee 20 salan ber\u00ea<\/a> b\u00fb.  <\/p>\n\n<p>Li ser v\u00ea yek\u00ea, <a href=\"https:\/\/akj.rewi.hu-berlin.de\/zeitung\/03-1\/residenz.html\">p\u00eadiv\u00eeyek r\u00fbni\u015ftin\u00ea ya<\/a> pir bis\u00eenortir heye. Weke ku \u00eero bi p\u00eadiviy\u00ean r\u00fbni\u015ftin\u00ea t\u00ea p\u00eakan\u00een.   <\/p>\n\n<h2 class=\"wp-block-heading has-text-align-center is-style-text-subtitle has-contrast-color has-accent-1-background-color has-text-color has-background has-link-color has-large-font-size wp-elements-6e1833ef5a1e82b78c045bd3f0e64a7f is-style-text-subtitle--4\" style=\"border-radius:100px\"><strong>Kir\u00eena dij\u00ee-n\u00eejadperest<\/strong><\/h2>\n\n<div class=\"wp-block-columns is-layout-flex wp-container-core-columns-is-layout-28f84493 wp-block-columns-is-layout-flex\">\n<div class=\"wp-block-column is-layout-flow wp-block-column-is-layout-flow\" style=\"flex-basis:100%\">\n<div class=\"wp-block-group has-global-padding is-layout-constrained wp-block-group-is-layout-constrained\">\n<figure class=\"wp-block-image aligncenter size-full is-resized\"><img loading=\"lazy\" decoding=\"async\" width=\"720\" height=\"576\" src=\"https:\/\/nein-zur-bezahlkarte.de\/wp-content\/uploads\/2025\/01\/p_002.bmp\" alt=\"\" class=\"wp-image-644\" style=\"aspect-ratio:1.3333333333333333;object-fit:contain;width:458px;height:auto\" srcset=\"https:\/\/nein-zur-bezahlkarte.de\/wp-content\/uploads\/2025\/01\/p_002.bmp 720w, https:\/\/nein-zur-bezahlkarte.de\/wp-content\/uploads\/2025\/01\/p_002-300x240.jpg 300w\" sizes=\"auto, (max-width: 720px) 100vw, 720px\" \/><figcaption class=\"wp-element-caption\">W\u00eane: Umbruch Bildarchiv  <\/figcaption><\/figure>\n<\/div>\n<\/div>\n<\/div>\n\n<p>Tevgereke berfireh a \u201cbazirganiya li dij\u00ee n\u00eejadperestiy\u00ea\u201d p\u00eak an\u00ee Di dem\u00ean lihevkir\u00ee de, kes\u00ean bi hevre \u00fb penaber li ber dikanan li hev civiyan \u00fb bi hev re kir\u00een dikirin. Em h\u00een j\u00ee tr\u00ean\u00ean qelebalix \u00ean S-Bahn \u00fb her\u00eam\u00ee y\u00ean ji Berl\u00een berbi Brandenburg\u00ea \u00fb \u00e7entey\u00ean pi\u015ft\u00ea y\u00ean giran \u00ean bi kir\u00een\u00ean ji bo apartmanek hevpar an projeya xaniyek\u00ea hatine berhev kirin bi b\u00eer t\u00eenin. <\/p>\n\n<p>Bi tevl\u00eab\u00fbna siyas\u00ee ya kes\u00ean ku mexd\u00fbr b\u00fbne, akt\u00eev\u00eest\u00ean saziy\u00ean pi\u015ftgir\u00ee \u00fb civak\u00ee, bi xwep\u00ea\u015fandan\u00ean li kolanan, di organ\u00ean siyas\u00ee de, bi doz\u00ean dadgehan, bi \u201cLehiya Azad\u201d a RZ, \u201cKarwana Maf\u00ean Penaber \u00fb Ko\u00e7beran\u201d \u00fb gelek ti\u015ft\u00ean din, kar\u00eeb\u00fb p\u00ea\u015f\u00ee li v\u00ea kiryara dijmirov\u00ee b\u00ea girtin.<\/p>\n\n<p>Niha r\u00eabaz\u00ean ceribandin \u00fb ceribandin t\u00eane bikaran\u00een. Daxwazname, namey\u00ean vekir\u00ee, xwep\u00ea\u015fandan \u00fb doz. \u00db ya ku ber\u00ea kir\u00eena dij\u00ee-n\u00eejadperest b\u00fb, nuha kampanyay\u00ean dan\u00fbstendin\u00ea an bex\u015fandin\u00ea ye. Werin em \u00e7alakiy\u00ean din \u00eecad bikin \u00fb ji raman\u00ean ji t\u00eako\u015f\u00een\u00ean ber\u00ea \u00eelham bigirin.   <\/p>\n\n<p><br\/>Li Brandenburg\u00ea, pi\u015ft\u00ee ku li hin nav\u00e7eyan, wek Oberhavel-Mittelmark, heta sala 2014-an di meriyet\u00ea de ma, heya sala 2014-an, pergala voucher di dawiy\u00ea de nehat rakirin. <a href=\"https:\/\/www.berliner-zeitung.de\/archiv\/streit-gibt-es-aber-um-bargeldzahlung-und-unterbringung-auch-in-spandau-bekommen-fluechtlinge-keine-chipkarte-mehr-li.1334575\" target=\"_blank\" rel=\"noreferrer noopener\">Li Berl\u00een\u00ea, di sala 2007-an de &#8220;jixwe&#8221; pergala voucher bi daw\u00ee b\u00fb<\/a> , \u00fb dihat h\u00eav\u00ee kirin ku dema d\u00fbrxistin \u00fb b\u00eakarb\u00fbn\u00ea bi daw\u00ee bibe.<\/p>\n\n<p><a href=\"https:\/\/nein-zur-bezahlkarte.de\/wp-content\/uploads\/2025\/01\/Reader-Chipkarten-Ini.pdf\">Xwendevan\u00ea \u00een\u00eesiyat\u00eefa qerta \u00e7\u00eep\u00ea<\/a> \u00fb belgekirina <a href=\"https:\/\/nein-zur-bezahlkarte.de\/wp-content\/uploads\/2025\/01\/der-gutscheinboykott-in-Henningsdorf-juni-2011-juni2012.pdf\">boykota voucher\u00ea li Henningsdorf<\/a> di p\u00eavajo \u00fb stratejiyan de t\u00eagihi\u015ftinek k\u00fbrtir peyda dike.<\/p>\n\n<p style=\"padding-top:0;padding-right:0;padding-bottom:0;padding-left:0\">  Fikir qet bi tevah\u00ee nemiriye li <a href=\"https:\/\/www.sueddeutsche.de\/muenchen\/erding\/erding-bezahlkarte-kommunal-pass-1.6299151\">Erding\u00ea (Bavyera)<\/a> ji sala 2016-an heya 2020-an bi nav\u00ea dest\u00fbrnameya \u015faredariy\u00ea, pir di\u015fibihe qerta dravdan\u00ea ya hey\u00ee. Bi \u00eeflasa Wirecard\u00ea daw\u00ee li v\u00ea yek\u00ea an\u00ee. <\/p>\n\n<p style=\"padding-top:0;padding-right:0;padding-bottom:0;padding-left:0\">L\u00ea \u015fah\u00ee kurt b\u00fb&#8230;<\/p>\n\n<h2 class=\"wp-block-heading has-text-align-center is-style-text-subtitle has-contrast-color has-accent-1-background-color has-text-color has-background has-link-color has-large-font-size wp-elements-b5b5de8cbccef76dde7977b4817686d8 is-style-text-subtitle--5\" style=\"border-radius:100px\"><strong>dubarekirina d\u00eerok\u00ea<\/strong><\/h2>\n\n<p>Naha em rast\u00ee dubareb\u00fbnek \u015fokdar a v\u00ea \u00e7\u00eerok\u00ea ne: danas\u00eena qert\u00ean dravdan\u00ea li gor\u00ee Qan\u00fbna Al\u00eekariy\u00ean Penaberan. Her\u00eama yekem li Brandenburg\u00ea ku van qert\u00ean dravdan\u00ea ji n\u00fb ve dat\u00eene <a href=\"https:\/\/www.rbb24.de\/politik\/beitrag\/2024\/05\/brandenburg-maerkisch-oderland-erster-landkreis-teilt-bezahlkarte-asylbewerber-aus.html\">nav\u00e7eya M\u00e4rkisch-Oderland di Gulana 2024 de<\/a> b\u00fb. Ev nav\u00e7e jixwe bi zext\u00ean xwe y\u00ean li dij\u00ee penaberan t\u00ea naskirin. Li \u015f\u00fbna ku mirov bi xwe biryara xerckirina perey\u00ean xwe bidin, careke din ne\u00e7ar\u00ee s\u00eestemek ku wan b\u00eah\u00eaz dike \u00fb \u00eezole dike. Kart\u00ean dravdan\u00ea ne ten\u00ea navg\u00eenek tekn\u00eek\u00ee ne, l\u00ea am\u00fbrek din a kontrol \u00fb s\u00eenordarkirin\u00ea ye ku r\u00fbmeta kes\u00ean mexd\u00fbr binp\u00ea dike.    <br\/><br\/>Div\u00ea ev ge\u015fedan ne bi tecr\u00eet b\u00ean d\u00eetin, l\u00ea bel\u00ea div\u00ea di \u00e7ar\u00e7oveya guher\u00eeneke civak\u00ee ya ber bi rast\u00ea de ku di van sal\u00ean daw\u00ee de li Almanya \u00fb Ewropay\u00ea j\u00ee t\u00ea d\u00eetin. Retor\u00eeka d\u00fbrxistin \u00fb cudakariy\u00ea bi h\u00eaz b\u00fbye, siyasetmedaran di bang\u00ean ji bo pol\u00eet\u00eekay\u00ean penaberiy\u00ea y\u00ean h\u00een s\u00eenordartir de ji hev derdixin, \u00fb danas\u00eena qert\u00ean peredan\u00ea ten\u00ea m\u00eenakek din e ku tevger\u00ean popul\u00eest \u00e7awa hewl didin ku maf\u00ean penaberan t\u00eak bibin. Li \u015f\u00fbna ku civakek tevhev \u00fb wekhev were p\u00ea\u015fxistin, hewaya tirs \u00fb b\u00eabaweriy\u00ea t\u00ea p\u00ea\u015fxistin. Kart\u00ean dravdan\u00ea ne ten\u00ea n\u00ee\u015fana kontrol\u00ea ne, l\u00ea di heman dem\u00ea de sembola siyasetek e ku c\u00fbdakar\u00ee \u00fb \u00eezolekirina mirov\u00ean hewcedar berdewam dike.   <\/p>\n\n<h2 class=\"wp-block-heading has-text-align-center is-style-text-subtitle has-contrast-color has-accent-1-background-color has-text-color has-background has-link-color has-large-font-size wp-elements-0442b2a8839e224e543874b455449457 is-style-text-subtitle--6\" style=\"border-radius:100px\"><strong>Qerta dravdan\u00ea: Pergala voucher di cil\u00ea teknokrat de<\/strong><\/h2>\n\n<p><br\/>Di navbera pergala voucher a sal\u00ean 1990-an \u00fb qert\u00ean dravdan\u00ea y\u00ean \u00eeroy\u00een de ne ten\u00ea hevahengiy\u00ean xer\u00eeb hene. Karta dravdan\u00ea heman pergal e bi rengek n\u00fb. Div\u00ea em r\u00ea nedin ku xeletiy\u00ean ber\u00ea dubare bibin. Dem dema naskirina d\u00eerok\u00ea ne ten\u00ea ye, l\u00ea dem e ku meriv j\u00ea ders bigire \u00fb gav bav\u00eaje!   <\/p>\n\n<h2 class=\"wp-block-heading has-text-align-center is-style-text-subtitle has-contrast-color has-accent-1-background-color has-text-color has-background has-link-color has-large-font-size wp-elements-9b080b13f3ea00da87a14170ecd05694 is-style-text-subtitle--7\" style=\"border-radius:100px\"><strong>berfirehkirina siyaseta civak\u00ee ya otor\u00eeter  <\/strong><\/h2>\n\n<p><br\/>\u015earedar\u00ee \u00fb nav\u00e7ey\u00ean yekem jixwe <a href=\"https:\/\/jacobin.de\/artikel\/arbeitszwang-gefluechtete-cdu-spd-asylbewerberleistungsgesetz-80-cent\">ji bo penaberan bi nav\u00ea erka kar \u2013 b\u00eatir m\u00eena keda bi dar\u00ea zor\u00ea \u2013<\/a> destn\u00ee\u015fan dikin \u00fb ceribandin\u00ean raman\u00ea jixwe ber bi p\u00ea\u015f ve di\u00e7in: karta dravdan\u00ea bi \u00eedeal div\u00ea di demek n\u00eaz\u00eek de ji bo kom\u00ean din \u00ean marj\u00eenal \u00fb nexwest\u00ee were <a href=\"https:\/\/www.suedkurier.de\/ueberregional\/wirtschaft\/geld-finanzen\/bezahlkarte-fuer-buergergeld-empfaenger-was-wuerde-das-fuer-bezieher-bedeuten-22-7-24;art1373668,11916275\">dir\u00eaj kirin<\/a> . &#8220;Ji ber v\u00ea yek\u00ea h\u00fbn ne hewce ne ku bibin p\u00eaxember ku p\u00ea\u015fb\u00eeniy\u00ea bikin: Derdor\u00ean eleqedar \u00ean [&#8220;nav\u00een&#8221;, t\u00eab\u00eeniya ed\u00eetor] Niv\u00eeskar] n\u00eev-rast berbi rast\u00ea d\u00fbr d\u00ea pi\u015ftrast bike ku qerta dravdan\u00ea d\u00ea s\u00eenor\u00ean xwe di Qan\u00fbna Al\u00eekariy\u00ean Penaberan de neb\u00eene. Z\u00fb an dereng, ew \u00ea wek\u00ee projeyek otor\u00eeter ji <a href=\"https:\/\/www.lokalkompass.de\/bochum\/c-wirtschaft\/sektorbefragungen-zur-bezahlkarte-fuer-buergergeldempfaenger-in-bochum_a1943523\">SGB II<\/a> re \u00fb dibe ku ji tezm\u00eenata bingeh\u00een a zarokan re were veguheztin da ku berpirsiyariya xebat\u00ea, tac\u00eezkirin, kontrolkirin \u00fb cezakirina kes\u00ean ku al\u00eekariy\u00ean civak\u00ee werdigirin \u2013 \u00fb ji bo k\u00eamkirina &#8220;faktor\u00ean ki\u015fandin\u00ea&#8221; y\u00ean berjewend\u00eey\u00ean civak\u00ee y\u00ean bi piran\u00ee xeyal\u00ee.&#8221; <a href=\"https:\/\/www.tacheles-sozialhilfe.de\/aktuelles\/archiv\/das-asylblg-als-versuchslabor-wie-rechtspopulistische-politik-praktisch-wird.htm\"><sup>[4]<\/sup><\/a>  <\/p>\n\n<h2 class=\"wp-block-heading has-text-align-center is-style-text-subtitle has-contrast-color has-accent-1-background-color has-text-color has-background has-link-color has-x-large-font-size wp-elements-f5099af99f762de761f96a90e07c5340 is-style-text-subtitle--8\" style=\"border-radius:100px\">Berhevkirin:  <\/h2>\n\n<p class=\"has-text-align-center\"><strong>Werin em bi hev re bisekinin \u00fb ji bo bidaw\u00eeb\u00fbna qert\u00ean dravdan\u00ea \u015fer bikin! Dem hatiye ku em deng\u00ean hevgirtin\u00ea bilind bikin \u00fb ji bo p\u00ea\u015ferojeke adiltir t\u00eabiko\u015fin. Ji ber ku wek\u00ee d\u00eerok n\u00ee\u015fan dide, ev yek ber\u00ea j\u00ee b\u00fbye \u2013 \u00fb div\u00ea em neh\u00ealin ku careke din dubare bibe.  <\/strong><\/p>\n\n<p class=\"has-text-align-center is-style-default has-accent-2-color has-base-background-color has-text-color has-background has-link-color has-x-large-font-size wp-elements-24faf1a67eed681c7e26dc2591acdeab\"><strong><mark style=\"background-color:rgba(0, 0, 0, 0)\" class=\"has-inline-color has-accent-2-color\">\u00cad\u00ee qet nabe! Ev ne ten\u00ea ji bo AfD\u2019\u00ea derbas dibe! <\/mark><\/strong><\/p>\n\n<figure class=\"wp-block-image\"><img loading=\"lazy\" decoding=\"async\" width=\"1024\" height=\"683\" src=\"https:\/\/nein-zur-bezahlkarte.de\/wp-content\/uploads\/2025\/01\/1887w-1024x683.jpg\" alt=\"\" class=\"wp-image-649\" srcset=\"https:\/\/nein-zur-bezahlkarte.de\/wp-content\/uploads\/2025\/01\/1887w-1024x683.jpg 1024w, https:\/\/nein-zur-bezahlkarte.de\/wp-content\/uploads\/2025\/01\/1887w-300x200.jpg 300w, https:\/\/nein-zur-bezahlkarte.de\/wp-content\/uploads\/2025\/01\/1887w-768x512.jpg 768w, https:\/\/nein-zur-bezahlkarte.de\/wp-content\/uploads\/2025\/01\/1887w-1536x1024.jpg 1536w, https:\/\/nein-zur-bezahlkarte.de\/wp-content\/uploads\/2025\/01\/1887w-2048x1365.jpg 2048w\" sizes=\"auto, (max-width: 1024px) 100vw, 1024px\" \/><figcaption class=\"wp-element-caption\">W\u00eane: Oliver Feldhaus\/Umbruch Bildarchiv<\/figcaption><\/figure>\n","protected":false},"excerpt":{"rendered":"<p>Qan\u00fbna penaberiy\u00ea \u2013 pergal\u00ean voucher \u2013 kart\u00ean peredan\u00ea Vegera pergala voucher wek\u00ee qerta dravdan\u00ea \u2013 N\u00ear\u00eenek (pa\u015f) li d\u00eerok \u00fb berdewamiya pergala voucher \u00fb li dervey\u00ee rakirina maf\u00ea penaberiy\u00ea \u00fb danas\u00eena yasaya al\u00eekariy\u00ean penaxwazan Di sal\u00ean 1990\u00ee de p\u00ealeke tundiya nijadperest\u00ee li Almanyay\u00ea belav b\u00fb. Bi te\u015fw\u00eeqkirina Bild &amp; Co, \u00ear\u00ee\u015f\u00ean nijadperest\u00ee \u00fb pogrom z\u00eade [&hellip;]<\/p>\n","protected":false},"author":5,"featured_media":1279,"parent":0,"menu_order":0,"comment_status":"closed","ping_status":"closed","template":"","meta":{"footnotes":""},"class_list":["post-2040","page","type-page","status-publish","has-post-thumbnail","hentry"],"yoast_head":"<!-- This site is optimized with the Yoast SEO plugin v26.4 - https:\/\/yoast.com\/wordpress\/plugins\/seo\/ -->\n<title>Meyl\u00ean otor\u00eeter - Wir sagen Nein zur Bezahlkarte<\/title>\n<meta name=\"robots\" content=\"index, follow, max-snippet:-1, max-image-preview:large, max-video-preview:-1\" \/>\n<link rel=\"canonical\" href=\"https:\/\/nein-zur-bezahlkarte.de\/ku\/meylen-otoriter\/\" \/>\n<meta property=\"og:locale\" content=\"en_US\" \/>\n<meta property=\"og:type\" content=\"article\" \/>\n<meta property=\"og:title\" content=\"Meyl\u00ean otor\u00eeter - Wir sagen Nein zur Bezahlkarte\" \/>\n<meta property=\"og:description\" content=\"Qan\u00fbna penaberiy\u00ea \u2013 pergal\u00ean voucher \u2013 kart\u00ean peredan\u00ea Vegera pergala voucher wek\u00ee qerta dravdan\u00ea \u2013 N\u00ear\u00eenek (pa\u015f) li d\u00eerok \u00fb berdewamiya pergala voucher \u00fb li dervey\u00ee rakirina maf\u00ea penaberiy\u00ea \u00fb danas\u00eena yasaya al\u00eekariy\u00ean penaxwazan Di sal\u00ean 1990\u00ee de p\u00ealeke tundiya nijadperest\u00ee li Almanyay\u00ea belav b\u00fb. Bi te\u015fw\u00eeqkirina Bild &amp; Co, \u00ear\u00ee\u015f\u00ean nijadperest\u00ee \u00fb pogrom z\u00eade [&hellip;]\" \/>\n<meta property=\"og:url\" content=\"https:\/\/nein-zur-bezahlkarte.de\/ku\/meylen-otoriter\/\" \/>\n<meta property=\"og:site_name\" content=\"Wir sagen Nein zur Bezahlkarte\" \/>\n<meta property=\"article:modified_time\" content=\"2025-03-01T08:32:14+00:00\" \/>\n<meta name=\"twitter:card\" content=\"summary_large_image\" \/>\n<meta name=\"twitter:label1\" content=\"Est. reading time\" \/>\n\t<meta name=\"twitter:data1\" content=\"6 \u062e\u0648\u0644\u06d5\u06a9\" \/>\n<script type=\"application\/ld+json\" class=\"yoast-schema-graph\">{\"@context\":\"https:\/\/schema.org\",\"@graph\":[{\"@type\":\"WebPage\",\"@id\":\"https:\/\/nein-zur-bezahlkarte.de\/ku\/meylen-otoriter\/\",\"url\":\"https:\/\/nein-zur-bezahlkarte.de\/ku\/meylen-otoriter\/\",\"name\":\"Meyl\u00ean otor\u00eeter - Wir sagen Nein zur Bezahlkarte\",\"isPartOf\":{\"@id\":\"https:\/\/nein-zur-bezahlkarte.de\/ku\/#website\"},\"primaryImageOfPage\":{\"@id\":\"https:\/\/nein-zur-bezahlkarte.de\/ku\/meylen-otoriter\/#primaryimage\"},\"image\":{\"@id\":\"https:\/\/nein-zur-bezahlkarte.de\/ku\/meylen-otoriter\/#primaryimage\"},\"thumbnailUrl\":\"https:\/\/nein-zur-bezahlkarte.de\/wp-content\/uploads\/2025\/01\/p_002.bmp\",\"datePublished\":\"2024-11-22T22:45:39+00:00\",\"dateModified\":\"2025-03-01T08:32:14+00:00\",\"breadcrumb\":{\"@id\":\"https:\/\/nein-zur-bezahlkarte.de\/ku\/meylen-otoriter\/#breadcrumb\"},\"inLanguage\":\"ckb\",\"potentialAction\":[{\"@type\":\"ReadAction\",\"target\":[\"https:\/\/nein-zur-bezahlkarte.de\/ku\/meylen-otoriter\/\"]}]},{\"@type\":\"ImageObject\",\"inLanguage\":\"ckb\",\"@id\":\"https:\/\/nein-zur-bezahlkarte.de\/ku\/meylen-otoriter\/#primaryimage\",\"url\":\"https:\/\/nein-zur-bezahlkarte.de\/wp-content\/uploads\/2025\/01\/p_002.bmp\",\"contentUrl\":\"https:\/\/nein-zur-bezahlkarte.de\/wp-content\/uploads\/2025\/01\/p_002.bmp\",\"width\":720,\"height\":576,\"caption\":\"Foto: Umruch Bildarchiv\"},{\"@type\":\"BreadcrumbList\",\"@id\":\"https:\/\/nein-zur-bezahlkarte.de\/ku\/meylen-otoriter\/#breadcrumb\",\"itemListElement\":[{\"@type\":\"ListItem\",\"position\":1,\"name\":\"Startseite\",\"item\":\"https:\/\/nein-zur-bezahlkarte.de\/ku\/\"},{\"@type\":\"ListItem\",\"position\":2,\"name\":\"Meyl\u00ean otor\u00eeter\"}]},{\"@type\":\"WebSite\",\"@id\":\"https:\/\/nein-zur-bezahlkarte.de\/ku\/#website\",\"url\":\"https:\/\/nein-zur-bezahlkarte.de\/ku\/\",\"name\":\"Wir sagen Nein zur Bezahlkarte\",\"description\":\"Impressum\",\"publisher\":{\"@id\":\"https:\/\/nein-zur-bezahlkarte.de\/ku\/#organization\"},\"potentialAction\":[{\"@type\":\"SearchAction\",\"target\":{\"@type\":\"EntryPoint\",\"urlTemplate\":\"https:\/\/nein-zur-bezahlkarte.de\/ku\/?s={search_term_string}\"},\"query-input\":{\"@type\":\"PropertyValueSpecification\",\"valueRequired\":true,\"valueName\":\"search_term_string\"}}],\"inLanguage\":\"ckb\"},{\"@type\":\"Organization\",\"@id\":\"https:\/\/nein-zur-bezahlkarte.de\/ku\/#organization\",\"name\":\"Wir sagen Nein zur Bezahlkarte\",\"url\":\"https:\/\/nein-zur-bezahlkarte.de\/ku\/\",\"logo\":{\"@type\":\"ImageObject\",\"inLanguage\":\"ckb\",\"@id\":\"https:\/\/nein-zur-bezahlkarte.de\/ku\/#\/schema\/logo\/image\/\",\"url\":\"https:\/\/nein-zur-bezahlkarte.de\/wp-content\/uploads\/2024\/11\/BZHLKRT_Logo_Vektoren_BRNDNBRG_Gelb.png\",\"contentUrl\":\"https:\/\/nein-zur-bezahlkarte.de\/wp-content\/uploads\/2024\/11\/BZHLKRT_Logo_Vektoren_BRNDNBRG_Gelb.png\",\"width\":5000,\"height\":5000,\"caption\":\"Wir sagen Nein zur Bezahlkarte\"},\"image\":{\"@id\":\"https:\/\/nein-zur-bezahlkarte.de\/ku\/#\/schema\/logo\/image\/\"}}]}<\/script>\n<!-- \/ Yoast SEO plugin. -->","yoast_head_json":{"title":"Meyl\u00ean otor\u00eeter - Wir sagen Nein zur Bezahlkarte","robots":{"index":"index","follow":"follow","max-snippet":"max-snippet:-1","max-image-preview":"max-image-preview:large","max-video-preview":"max-video-preview:-1"},"canonical":"https:\/\/nein-zur-bezahlkarte.de\/ku\/meylen-otoriter\/","og_locale":"en_US","og_type":"article","og_title":"Meyl\u00ean otor\u00eeter - Wir sagen Nein zur Bezahlkarte","og_description":"Qan\u00fbna penaberiy\u00ea \u2013 pergal\u00ean voucher \u2013 kart\u00ean peredan\u00ea Vegera pergala voucher wek\u00ee qerta dravdan\u00ea \u2013 N\u00ear\u00eenek (pa\u015f) li d\u00eerok \u00fb berdewamiya pergala voucher \u00fb li dervey\u00ee rakirina maf\u00ea penaberiy\u00ea \u00fb danas\u00eena yasaya al\u00eekariy\u00ean penaxwazan Di sal\u00ean 1990\u00ee de p\u00ealeke tundiya nijadperest\u00ee li Almanyay\u00ea belav b\u00fb. Bi te\u015fw\u00eeqkirina Bild &amp; Co, \u00ear\u00ee\u015f\u00ean nijadperest\u00ee \u00fb pogrom z\u00eade [&hellip;]","og_url":"https:\/\/nein-zur-bezahlkarte.de\/ku\/meylen-otoriter\/","og_site_name":"Wir sagen Nein zur Bezahlkarte","article_modified_time":"2025-03-01T08:32:14+00:00","twitter_card":"summary_large_image","twitter_misc":{"Est. reading time":"6 \u062e\u0648\u0644\u06d5\u06a9"},"schema":{"@context":"https:\/\/schema.org","@graph":[{"@type":"WebPage","@id":"https:\/\/nein-zur-bezahlkarte.de\/ku\/meylen-otoriter\/","url":"https:\/\/nein-zur-bezahlkarte.de\/ku\/meylen-otoriter\/","name":"Meyl\u00ean otor\u00eeter - Wir sagen Nein zur Bezahlkarte","isPartOf":{"@id":"https:\/\/nein-zur-bezahlkarte.de\/ku\/#website"},"primaryImageOfPage":{"@id":"https:\/\/nein-zur-bezahlkarte.de\/ku\/meylen-otoriter\/#primaryimage"},"image":{"@id":"https:\/\/nein-zur-bezahlkarte.de\/ku\/meylen-otoriter\/#primaryimage"},"thumbnailUrl":"https:\/\/nein-zur-bezahlkarte.de\/wp-content\/uploads\/2025\/01\/p_002.bmp","datePublished":"2024-11-22T22:45:39+00:00","dateModified":"2025-03-01T08:32:14+00:00","breadcrumb":{"@id":"https:\/\/nein-zur-bezahlkarte.de\/ku\/meylen-otoriter\/#breadcrumb"},"inLanguage":"ckb","potentialAction":[{"@type":"ReadAction","target":["https:\/\/nein-zur-bezahlkarte.de\/ku\/meylen-otoriter\/"]}]},{"@type":"ImageObject","inLanguage":"ckb","@id":"https:\/\/nein-zur-bezahlkarte.de\/ku\/meylen-otoriter\/#primaryimage","url":"https:\/\/nein-zur-bezahlkarte.de\/wp-content\/uploads\/2025\/01\/p_002.bmp","contentUrl":"https:\/\/nein-zur-bezahlkarte.de\/wp-content\/uploads\/2025\/01\/p_002.bmp","width":720,"height":576,"caption":"Foto: Umruch Bildarchiv"},{"@type":"BreadcrumbList","@id":"https:\/\/nein-zur-bezahlkarte.de\/ku\/meylen-otoriter\/#breadcrumb","itemListElement":[{"@type":"ListItem","position":1,"name":"Startseite","item":"https:\/\/nein-zur-bezahlkarte.de\/ku\/"},{"@type":"ListItem","position":2,"name":"Meyl\u00ean otor\u00eeter"}]},{"@type":"WebSite","@id":"https:\/\/nein-zur-bezahlkarte.de\/ku\/#website","url":"https:\/\/nein-zur-bezahlkarte.de\/ku\/","name":"Wir sagen Nein zur Bezahlkarte","description":"Impressum","publisher":{"@id":"https:\/\/nein-zur-bezahlkarte.de\/ku\/#organization"},"potentialAction":[{"@type":"SearchAction","target":{"@type":"EntryPoint","urlTemplate":"https:\/\/nein-zur-bezahlkarte.de\/ku\/?s={search_term_string}"},"query-input":{"@type":"PropertyValueSpecification","valueRequired":true,"valueName":"search_term_string"}}],"inLanguage":"ckb"},{"@type":"Organization","@id":"https:\/\/nein-zur-bezahlkarte.de\/ku\/#organization","name":"Wir sagen Nein zur Bezahlkarte","url":"https:\/\/nein-zur-bezahlkarte.de\/ku\/","logo":{"@type":"ImageObject","inLanguage":"ckb","@id":"https:\/\/nein-zur-bezahlkarte.de\/ku\/#\/schema\/logo\/image\/","url":"https:\/\/nein-zur-bezahlkarte.de\/wp-content\/uploads\/2024\/11\/BZHLKRT_Logo_Vektoren_BRNDNBRG_Gelb.png","contentUrl":"https:\/\/nein-zur-bezahlkarte.de\/wp-content\/uploads\/2024\/11\/BZHLKRT_Logo_Vektoren_BRNDNBRG_Gelb.png","width":5000,"height":5000,"caption":"Wir sagen Nein zur Bezahlkarte"},"image":{"@id":"https:\/\/nein-zur-bezahlkarte.de\/ku\/#\/schema\/logo\/image\/"}}]}},"_links":{"self":[{"href":"https:\/\/nein-zur-bezahlkarte.de\/ku\/wp-json\/wp\/v2\/pages\/2040","targetHints":{"allow":["GET"]}}],"collection":[{"href":"https:\/\/nein-zur-bezahlkarte.de\/ku\/wp-json\/wp\/v2\/pages"}],"about":[{"href":"https:\/\/nein-zur-bezahlkarte.de\/ku\/wp-json\/wp\/v2\/types\/page"}],"author":[{"embeddable":true,"href":"https:\/\/nein-zur-bezahlkarte.de\/ku\/wp-json\/wp\/v2\/users\/5"}],"replies":[{"embeddable":true,"href":"https:\/\/nein-zur-bezahlkarte.de\/ku\/wp-json\/wp\/v2\/comments?post=2040"}],"version-history":[{"count":4,"href":"https:\/\/nein-zur-bezahlkarte.de\/ku\/wp-json\/wp\/v2\/pages\/2040\/revisions"}],"predecessor-version":[{"id":2166,"href":"https:\/\/nein-zur-bezahlkarte.de\/ku\/wp-json\/wp\/v2\/pages\/2040\/revisions\/2166"}],"wp:featuredmedia":[{"embeddable":true,"href":"https:\/\/nein-zur-bezahlkarte.de\/ku\/wp-json\/wp\/v2\/media\/1279"}],"wp:attachment":[{"href":"https:\/\/nein-zur-bezahlkarte.de\/ku\/wp-json\/wp\/v2\/media?parent=2040"}],"curies":[{"name":"wp","href":"https:\/\/api.w.org\/{rel}","templated":true}]}}