{"id":2150,"date":"2025-03-01T00:14:44","date_gmt":"2025-02-28T23:14:44","guid":{"rendered":"https:\/\/nein-zur-bezahlkarte.de\/agahi\/"},"modified":"2025-03-01T00:14:56","modified_gmt":"2025-02-28T23:14:56","slug":"agahi","status":"publish","type":"page","link":"https:\/\/nein-zur-bezahlkarte.de\/ku\/agahi\/","title":{"rendered":"agah\u00ee"},"content":{"rendered":"\n<p class=\"is-style-text-subtitle is-style-text-subtitle--1\">Li vir h\u00fbn dikarin di derheq\u00ea qerta dravdan\u00ea, arguman\u00ean li dij\u00ee w\u00ea, pa\u015fxaneya qan\u00fbn\u00ee \u00fb \u00e7ar\u00e7oveyek kurt a d\u00eerok\u00ee de b\u00eatir agahdar\u00ee bib\u00eenin. Her weha gir\u00eadan\u00ean k\u00earhat\u00ee. <\/p>\n\n<hr class=\"wp-block-separator has-text-color has-accent-1-color has-alpha-channel-opacity has-accent-1-background-color has-background is-style-dots\"\/>\n\n<p><strong>Ev karta dravdan\u00ea, ew \u00e7i ye \u00fb \u00e7awa dixebite?<\/strong><br\/><a href=\"https:\/\/nein-zur-bezahlkarte.de\/ku\/agahiyen-li-ser-karta-peredana\/\"><mark style=\"background-color:rgba(0, 0, 0, 0)\" class=\"has-inline-color has-accent-2-color\">Pirs \u00fb Pirs di derbar\u00ea qerta dravdan\u00ea de<\/mark><\/a><\/p>\n\n<p><strong>Bingeh\u00ean qan\u00fbn\u00ee \u00e7i ne? Li ser v\u00ea yek\u00ea jixwe qan\u00fbn heye? \u00db parlamento \u00fb r\u00eaveber\u00ee \u00e7i dib\u00eajin?  <\/strong><br\/><a href=\"https:\/\/nein-zur-bezahlkarte.de\/ku\/mafi\/\"><mark style=\"background-color:rgba(0, 0, 0, 0)\" class=\"has-inline-color has-accent-2-color\">Maf\u00ee<\/mark><\/a><\/p>\n\n<p><strong>(Ji n\u00fb ve nih\u00ear\u00eena d\u00eerok \u00fb berdewamiya pergala voucher \u00fb p\u00ea ve \u2013 ji ber ku ev \u015f\u00eawaza siyaseta civak\u00ee ya otor\u00eeter mixabin ne ti\u015ftek n\u00fb ye<\/strong> .<br\/> <a href=\"https:\/\/nein-zur-bezahlkarte.de\/ku\/meylen-otoriter\/\"><mark style=\"background-color:rgba(0, 0, 0, 0)\" class=\"has-inline-color has-accent-2-color\">Meyl\u00ean otor\u00eeter<\/mark><\/a><\/p>\n\n<p><strong>K\u00eejan \u00eediay\u00ean ku ji h\u00eala par\u00eazvan\u00ean qerta dravdan\u00ea ve t\u00eane kirin rast in? \u00c7i arguman li dij\u00ee w\u00ea diaxivin? <\/strong><br\/><a href=\"https:\/\/nein-zur-bezahlkarte.de\/ku\/kontrolkirina-rastiye\/\"><mark style=\"background-color:rgba(0, 0, 0, 0)\" class=\"has-inline-color has-accent-2-color\">kontrolkirina rastiy\u00ea<\/mark><\/a><\/p>\n\n<p><strong>Ma ew hem\u00ee b\u00fb?<\/strong><\/p>\n\n<p style=\"margin-top:0;margin-bottom:0;padding-top:0;padding-right:0;padding-bottom:0;padding-left:0\">Gelek kes\u00ean din j\u00ee hene ku li ser karta peredan\u00ea agahdar dikin \u00fb li dij\u00ee w\u00ea kampanyay\u00ea dikin. Hin ji van, l\u00ea di heman dem\u00ea de gotar\u00ean rojnamey\u00ea, l\u00eakol\u00eena pa\u015f\u00een \u00fb v\u00eedyoy\u00ea j\u00ee dikarin di <a href=\"https:\/\/nein-zur-bezahlkarte.de\/ku\/berhevkirina-giredane\/\"><mark style=\"background-color:rgba(0, 0, 0, 0)\" class=\"has-inline-color has-accent-2-color\">berhevoka gir\u00eadan\u00ea<\/mark><\/a> de werin d\u00eetin <\/p>\n\n<p><\/p>\n","protected":false},"excerpt":{"rendered":"<p>Li vir h\u00fbn dikarin di derheq\u00ea qerta dravdan\u00ea, arguman\u00ean li dij\u00ee w\u00ea, pa\u015fxaneya qan\u00fbn\u00ee \u00fb \u00e7ar\u00e7oveyek kurt a d\u00eerok\u00ee de b\u00eatir agahdar\u00ee bib\u00eenin. Her weha gir\u00eadan\u00ean k\u00earhat\u00ee. Ev karta dravdan\u00ea, ew \u00e7i ye \u00fb \u00e7awa dixebite?Pirs \u00fb Pirs di derbar\u00ea qerta dravdan\u00ea de Bingeh\u00ean qan\u00fbn\u00ee \u00e7i ne? Li ser v\u00ea yek\u00ea jixwe qan\u00fbn heye? \u00db [&hellip;]<\/p>\n","protected":false},"author":3,"featured_media":0,"parent":0,"menu_order":0,"comment_status":"closed","ping_status":"closed","template":"","meta":{"footnotes":""},"class_list":["post-2150","page","type-page","status-publish","hentry"],"yoast_head":"<!-- This site is optimized with the Yoast SEO plugin v26.4 - https:\/\/yoast.com\/wordpress\/plugins\/seo\/ -->\n<title>agah\u00ee - Wir sagen Nein zur Bezahlkarte<\/title>\n<meta name=\"robots\" content=\"index, follow, max-snippet:-1, max-image-preview:large, max-video-preview:-1\" \/>\n<link rel=\"canonical\" href=\"https:\/\/nein-zur-bezahlkarte.de\/ku\/agahi\/\" \/>\n<meta property=\"og:locale\" content=\"en_US\" \/>\n<meta property=\"og:type\" content=\"article\" \/>\n<meta property=\"og:title\" content=\"agah\u00ee - Wir sagen Nein zur Bezahlkarte\" \/>\n<meta property=\"og:description\" content=\"Li vir h\u00fbn dikarin di derheq\u00ea qerta dravdan\u00ea, arguman\u00ean li dij\u00ee w\u00ea, pa\u015fxaneya qan\u00fbn\u00ee \u00fb \u00e7ar\u00e7oveyek kurt a d\u00eerok\u00ee de b\u00eatir agahdar\u00ee bib\u00eenin. Her weha gir\u00eadan\u00ean k\u00earhat\u00ee. Ev karta dravdan\u00ea, ew \u00e7i ye \u00fb \u00e7awa dixebite?Pirs \u00fb Pirs di derbar\u00ea qerta dravdan\u00ea de Bingeh\u00ean qan\u00fbn\u00ee \u00e7i ne? Li ser v\u00ea yek\u00ea jixwe qan\u00fbn heye? \u00db [&hellip;]\" \/>\n<meta property=\"og:url\" content=\"https:\/\/nein-zur-bezahlkarte.de\/ku\/agahi\/\" \/>\n<meta property=\"og:site_name\" content=\"Wir sagen Nein zur Bezahlkarte\" \/>\n<meta property=\"article:modified_time\" content=\"2025-02-28T23:14:56+00:00\" \/>\n<meta name=\"twitter:card\" content=\"summary_large_image\" \/>\n<meta name=\"twitter:label1\" content=\"Est. reading time\" \/>\n\t<meta name=\"twitter:data1\" content=\"1 \u062e\u0648\u0644\u06d5\u06a9\" \/>\n<script type=\"application\/ld+json\" class=\"yoast-schema-graph\">{\"@context\":\"https:\/\/schema.org\",\"@graph\":[{\"@type\":\"WebPage\",\"@id\":\"https:\/\/nein-zur-bezahlkarte.de\/ku\/agahi\/\",\"url\":\"https:\/\/nein-zur-bezahlkarte.de\/ku\/agahi\/\",\"name\":\"agah\u00ee - Wir sagen Nein zur Bezahlkarte\",\"isPartOf\":{\"@id\":\"https:\/\/nein-zur-bezahlkarte.de\/ku\/#website\"},\"datePublished\":\"2025-02-28T23:14:44+00:00\",\"dateModified\":\"2025-02-28T23:14:56+00:00\",\"breadcrumb\":{\"@id\":\"https:\/\/nein-zur-bezahlkarte.de\/ku\/agahi\/#breadcrumb\"},\"inLanguage\":\"ckb\",\"potentialAction\":[{\"@type\":\"ReadAction\",\"target\":[\"https:\/\/nein-zur-bezahlkarte.de\/ku\/agahi\/\"]}]},{\"@type\":\"BreadcrumbList\",\"@id\":\"https:\/\/nein-zur-bezahlkarte.de\/ku\/agahi\/#breadcrumb\",\"itemListElement\":[{\"@type\":\"ListItem\",\"position\":1,\"name\":\"Startseite\",\"item\":\"https:\/\/nein-zur-bezahlkarte.de\/ku\/\"},{\"@type\":\"ListItem\",\"position\":2,\"name\":\"agah\u00ee\"}]},{\"@type\":\"WebSite\",\"@id\":\"https:\/\/nein-zur-bezahlkarte.de\/ku\/#website\",\"url\":\"https:\/\/nein-zur-bezahlkarte.de\/ku\/\",\"name\":\"Wir sagen Nein zur Bezahlkarte\",\"description\":\"Impressum\",\"publisher\":{\"@id\":\"https:\/\/nein-zur-bezahlkarte.de\/ku\/#organization\"},\"potentialAction\":[{\"@type\":\"SearchAction\",\"target\":{\"@type\":\"EntryPoint\",\"urlTemplate\":\"https:\/\/nein-zur-bezahlkarte.de\/ku\/?s={search_term_string}\"},\"query-input\":{\"@type\":\"PropertyValueSpecification\",\"valueRequired\":true,\"valueName\":\"search_term_string\"}}],\"inLanguage\":\"ckb\"},{\"@type\":\"Organization\",\"@id\":\"https:\/\/nein-zur-bezahlkarte.de\/ku\/#organization\",\"name\":\"Wir sagen Nein zur Bezahlkarte\",\"url\":\"https:\/\/nein-zur-bezahlkarte.de\/ku\/\",\"logo\":{\"@type\":\"ImageObject\",\"inLanguage\":\"ckb\",\"@id\":\"https:\/\/nein-zur-bezahlkarte.de\/ku\/#\/schema\/logo\/image\/\",\"url\":\"https:\/\/nein-zur-bezahlkarte.de\/wp-content\/uploads\/2024\/11\/BZHLKRT_Logo_Vektoren_BRNDNBRG_Gelb.png\",\"contentUrl\":\"https:\/\/nein-zur-bezahlkarte.de\/wp-content\/uploads\/2024\/11\/BZHLKRT_Logo_Vektoren_BRNDNBRG_Gelb.png\",\"width\":5000,\"height\":5000,\"caption\":\"Wir sagen Nein zur Bezahlkarte\"},\"image\":{\"@id\":\"https:\/\/nein-zur-bezahlkarte.de\/ku\/#\/schema\/logo\/image\/\"}}]}<\/script>\n<!-- \/ Yoast SEO plugin. -->","yoast_head_json":{"title":"agah\u00ee - Wir sagen Nein zur Bezahlkarte","robots":{"index":"index","follow":"follow","max-snippet":"max-snippet:-1","max-image-preview":"max-image-preview:large","max-video-preview":"max-video-preview:-1"},"canonical":"https:\/\/nein-zur-bezahlkarte.de\/ku\/agahi\/","og_locale":"en_US","og_type":"article","og_title":"agah\u00ee - Wir sagen Nein zur Bezahlkarte","og_description":"Li vir h\u00fbn dikarin di derheq\u00ea qerta dravdan\u00ea, arguman\u00ean li dij\u00ee w\u00ea, pa\u015fxaneya qan\u00fbn\u00ee \u00fb \u00e7ar\u00e7oveyek kurt a d\u00eerok\u00ee de b\u00eatir agahdar\u00ee bib\u00eenin. Her weha gir\u00eadan\u00ean k\u00earhat\u00ee. Ev karta dravdan\u00ea, ew \u00e7i ye \u00fb \u00e7awa dixebite?Pirs \u00fb Pirs di derbar\u00ea qerta dravdan\u00ea de Bingeh\u00ean qan\u00fbn\u00ee \u00e7i ne? Li ser v\u00ea yek\u00ea jixwe qan\u00fbn heye? \u00db [&hellip;]","og_url":"https:\/\/nein-zur-bezahlkarte.de\/ku\/agahi\/","og_site_name":"Wir sagen Nein zur Bezahlkarte","article_modified_time":"2025-02-28T23:14:56+00:00","twitter_card":"summary_large_image","twitter_misc":{"Est. reading time":"1 \u062e\u0648\u0644\u06d5\u06a9"},"schema":{"@context":"https:\/\/schema.org","@graph":[{"@type":"WebPage","@id":"https:\/\/nein-zur-bezahlkarte.de\/ku\/agahi\/","url":"https:\/\/nein-zur-bezahlkarte.de\/ku\/agahi\/","name":"agah\u00ee - Wir sagen Nein zur Bezahlkarte","isPartOf":{"@id":"https:\/\/nein-zur-bezahlkarte.de\/ku\/#website"},"datePublished":"2025-02-28T23:14:44+00:00","dateModified":"2025-02-28T23:14:56+00:00","breadcrumb":{"@id":"https:\/\/nein-zur-bezahlkarte.de\/ku\/agahi\/#breadcrumb"},"inLanguage":"ckb","potentialAction":[{"@type":"ReadAction","target":["https:\/\/nein-zur-bezahlkarte.de\/ku\/agahi\/"]}]},{"@type":"BreadcrumbList","@id":"https:\/\/nein-zur-bezahlkarte.de\/ku\/agahi\/#breadcrumb","itemListElement":[{"@type":"ListItem","position":1,"name":"Startseite","item":"https:\/\/nein-zur-bezahlkarte.de\/ku\/"},{"@type":"ListItem","position":2,"name":"agah\u00ee"}]},{"@type":"WebSite","@id":"https:\/\/nein-zur-bezahlkarte.de\/ku\/#website","url":"https:\/\/nein-zur-bezahlkarte.de\/ku\/","name":"Wir sagen Nein zur Bezahlkarte","description":"Impressum","publisher":{"@id":"https:\/\/nein-zur-bezahlkarte.de\/ku\/#organization"},"potentialAction":[{"@type":"SearchAction","target":{"@type":"EntryPoint","urlTemplate":"https:\/\/nein-zur-bezahlkarte.de\/ku\/?s={search_term_string}"},"query-input":{"@type":"PropertyValueSpecification","valueRequired":true,"valueName":"search_term_string"}}],"inLanguage":"ckb"},{"@type":"Organization","@id":"https:\/\/nein-zur-bezahlkarte.de\/ku\/#organization","name":"Wir sagen Nein zur Bezahlkarte","url":"https:\/\/nein-zur-bezahlkarte.de\/ku\/","logo":{"@type":"ImageObject","inLanguage":"ckb","@id":"https:\/\/nein-zur-bezahlkarte.de\/ku\/#\/schema\/logo\/image\/","url":"https:\/\/nein-zur-bezahlkarte.de\/wp-content\/uploads\/2024\/11\/BZHLKRT_Logo_Vektoren_BRNDNBRG_Gelb.png","contentUrl":"https:\/\/nein-zur-bezahlkarte.de\/wp-content\/uploads\/2024\/11\/BZHLKRT_Logo_Vektoren_BRNDNBRG_Gelb.png","width":5000,"height":5000,"caption":"Wir sagen Nein zur Bezahlkarte"},"image":{"@id":"https:\/\/nein-zur-bezahlkarte.de\/ku\/#\/schema\/logo\/image\/"}}]}},"_links":{"self":[{"href":"https:\/\/nein-zur-bezahlkarte.de\/ku\/wp-json\/wp\/v2\/pages\/2150","targetHints":{"allow":["GET"]}}],"collection":[{"href":"https:\/\/nein-zur-bezahlkarte.de\/ku\/wp-json\/wp\/v2\/pages"}],"about":[{"href":"https:\/\/nein-zur-bezahlkarte.de\/ku\/wp-json\/wp\/v2\/types\/page"}],"author":[{"embeddable":true,"href":"https:\/\/nein-zur-bezahlkarte.de\/ku\/wp-json\/wp\/v2\/users\/3"}],"replies":[{"embeddable":true,"href":"https:\/\/nein-zur-bezahlkarte.de\/ku\/wp-json\/wp\/v2\/comments?post=2150"}],"version-history":[{"count":1,"href":"https:\/\/nein-zur-bezahlkarte.de\/ku\/wp-json\/wp\/v2\/pages\/2150\/revisions"}],"predecessor-version":[{"id":2151,"href":"https:\/\/nein-zur-bezahlkarte.de\/ku\/wp-json\/wp\/v2\/pages\/2150\/revisions\/2151"}],"wp:attachment":[{"href":"https:\/\/nein-zur-bezahlkarte.de\/ku\/wp-json\/wp\/v2\/media?parent=2150"}],"curies":[{"name":"wp","href":"https:\/\/api.w.org\/{rel}","templated":true}]}}