{"id":2250,"date":"2025-03-12T19:24:58","date_gmt":"2025-03-12T18:24:58","guid":{"rendered":"https:\/\/nein-zur-bezahlkarte.de\/sop\/"},"modified":"2025-03-12T19:25:07","modified_gmt":"2025-03-12T18:25:07","slug":"sop","status":"publish","type":"page","link":"https:\/\/nein-zur-bezahlkarte.de\/ku\/sop\/","title":{"rendered":"\u015fop"},"content":{"rendered":"\n<p>Encumena Penaberan a Berl\u00een\u00ea eV<br\/> Greifswalder Str<br\/> 10405 Berl\u00een<\/p>\n\n<p>Telefon: 030-22476311<br\/> Faks: 030-22476312<\/p>\n\n<p>Saet\u00ean t\u00ealefon\u00ea Du\u015fem-P\u00ean\u015fem\u00ea ji 10.00 heta 15.00<br\/> Email: <a href=\"mailto:buero@fluechtlingsrat-berlin.de\">buero@fluechtlingsrat-berlin.de<\/a><\/p>\n\n<p>Forma qan\u00fbn\u00ee ya operator: Komeleya qeydkir\u00ee<br\/> Hejmara qeyda komeley\u00ea. VR 19356 B, Dadgeha Nav\u00e7eya Berl\u00een-Charlottenburg <\/p>\n\n<p>Komele li dadgeh\u00ea \u00fb li dervey\u00ee dadgeh\u00ea bi du endam\u00ean lijney\u00ea bi hev re t\u00ea tems\u00eelkirin.<\/p>\n\n<p><\/p>\n\n<p><strong>Lijneya n\u00fbnertiya rayedar:<\/strong> Walid Chahrour, Sabine Speiser, Tahere Lindhorst, Hanns Thom\u00e4, Tareq Alaows, Daniel Jasch (navn\u00ee\u015fan\u00ean li jor).<\/p>\n\n<p><\/p>\n\n<p><\/p>\n\n<p><\/p>\n","protected":false},"excerpt":{"rendered":"<p>Encumena Penaberan a Berl\u00een\u00ea eV Greifswalder Str 10405 Berl\u00een Telefon: 030-22476311 Faks: 030-22476312 Saet\u00ean t\u00ealefon\u00ea Du\u015fem-P\u00ean\u015fem\u00ea ji 10.00 heta 15.00 Email: buero@fluechtlingsrat-berlin.de Forma qan\u00fbn\u00ee ya operator: Komeleya qeydkir\u00ee Hejmara qeyda komeley\u00ea. VR 19356 B, Dadgeha Nav\u00e7eya Berl\u00een-Charlottenburg Komele li dadgeh\u00ea \u00fb li dervey\u00ee dadgeh\u00ea bi du endam\u00ean lijney\u00ea bi hev re t\u00ea tems\u00eelkirin. Lijneya n\u00fbnertiya [&hellip;]<\/p>\n","protected":false},"author":11,"featured_media":0,"parent":0,"menu_order":0,"comment_status":"closed","ping_status":"closed","template":"","meta":{"footnotes":""},"class_list":["post-2250","page","type-page","status-publish","hentry"],"yoast_head":"<!-- This site is optimized with the Yoast SEO plugin v26.4 - https:\/\/yoast.com\/wordpress\/plugins\/seo\/ -->\n<title>\u015fop - Wir sagen Nein zur Bezahlkarte<\/title>\n<meta name=\"robots\" content=\"index, follow, max-snippet:-1, max-image-preview:large, max-video-preview:-1\" \/>\n<link rel=\"canonical\" href=\"https:\/\/nein-zur-bezahlkarte.de\/ku\/sop\/\" \/>\n<meta property=\"og:locale\" content=\"en_US\" \/>\n<meta property=\"og:type\" content=\"article\" \/>\n<meta property=\"og:title\" content=\"\u015fop - Wir sagen Nein zur Bezahlkarte\" \/>\n<meta property=\"og:description\" content=\"Encumena Penaberan a Berl\u00een\u00ea eV Greifswalder Str 10405 Berl\u00een Telefon: 030-22476311 Faks: 030-22476312 Saet\u00ean t\u00ealefon\u00ea Du\u015fem-P\u00ean\u015fem\u00ea ji 10.00 heta 15.00 Email: buero@fluechtlingsrat-berlin.de Forma qan\u00fbn\u00ee ya operator: Komeleya qeydkir\u00ee Hejmara qeyda komeley\u00ea. VR 19356 B, Dadgeha Nav\u00e7eya Berl\u00een-Charlottenburg Komele li dadgeh\u00ea \u00fb li dervey\u00ee dadgeh\u00ea bi du endam\u00ean lijney\u00ea bi hev re t\u00ea tems\u00eelkirin. Lijneya n\u00fbnertiya [&hellip;]\" \/>\n<meta property=\"og:url\" content=\"https:\/\/nein-zur-bezahlkarte.de\/ku\/sop\/\" \/>\n<meta property=\"og:site_name\" content=\"Wir sagen Nein zur Bezahlkarte\" \/>\n<meta property=\"article:modified_time\" content=\"2025-03-12T18:25:07+00:00\" \/>\n<meta name=\"twitter:card\" content=\"summary_large_image\" \/>\n<script type=\"application\/ld+json\" class=\"yoast-schema-graph\">{\"@context\":\"https:\/\/schema.org\",\"@graph\":[{\"@type\":\"WebPage\",\"@id\":\"https:\/\/nein-zur-bezahlkarte.de\/ku\/sop\/\",\"url\":\"https:\/\/nein-zur-bezahlkarte.de\/ku\/sop\/\",\"name\":\"\u015fop - Wir sagen Nein zur Bezahlkarte\",\"isPartOf\":{\"@id\":\"https:\/\/nein-zur-bezahlkarte.de\/ku\/#website\"},\"datePublished\":\"2025-03-12T18:24:58+00:00\",\"dateModified\":\"2025-03-12T18:25:07+00:00\",\"breadcrumb\":{\"@id\":\"https:\/\/nein-zur-bezahlkarte.de\/ku\/sop\/#breadcrumb\"},\"inLanguage\":\"ckb\",\"potentialAction\":[{\"@type\":\"ReadAction\",\"target\":[\"https:\/\/nein-zur-bezahlkarte.de\/ku\/sop\/\"]}]},{\"@type\":\"BreadcrumbList\",\"@id\":\"https:\/\/nein-zur-bezahlkarte.de\/ku\/sop\/#breadcrumb\",\"itemListElement\":[{\"@type\":\"ListItem\",\"position\":1,\"name\":\"Startseite\",\"item\":\"https:\/\/nein-zur-bezahlkarte.de\/ku\/\"},{\"@type\":\"ListItem\",\"position\":2,\"name\":\"\u015fop\"}]},{\"@type\":\"WebSite\",\"@id\":\"https:\/\/nein-zur-bezahlkarte.de\/ku\/#website\",\"url\":\"https:\/\/nein-zur-bezahlkarte.de\/ku\/\",\"name\":\"Wir sagen Nein zur Bezahlkarte\",\"description\":\"Impressum\",\"publisher\":{\"@id\":\"https:\/\/nein-zur-bezahlkarte.de\/ku\/#organization\"},\"potentialAction\":[{\"@type\":\"SearchAction\",\"target\":{\"@type\":\"EntryPoint\",\"urlTemplate\":\"https:\/\/nein-zur-bezahlkarte.de\/ku\/?s={search_term_string}\"},\"query-input\":{\"@type\":\"PropertyValueSpecification\",\"valueRequired\":true,\"valueName\":\"search_term_string\"}}],\"inLanguage\":\"ckb\"},{\"@type\":\"Organization\",\"@id\":\"https:\/\/nein-zur-bezahlkarte.de\/ku\/#organization\",\"name\":\"Wir sagen Nein zur Bezahlkarte\",\"url\":\"https:\/\/nein-zur-bezahlkarte.de\/ku\/\",\"logo\":{\"@type\":\"ImageObject\",\"inLanguage\":\"ckb\",\"@id\":\"https:\/\/nein-zur-bezahlkarte.de\/ku\/#\/schema\/logo\/image\/\",\"url\":\"https:\/\/nein-zur-bezahlkarte.de\/wp-content\/uploads\/2024\/11\/BZHLKRT_Logo_Vektoren_BRNDNBRG_Gelb.png\",\"contentUrl\":\"https:\/\/nein-zur-bezahlkarte.de\/wp-content\/uploads\/2024\/11\/BZHLKRT_Logo_Vektoren_BRNDNBRG_Gelb.png\",\"width\":5000,\"height\":5000,\"caption\":\"Wir sagen Nein zur Bezahlkarte\"},\"image\":{\"@id\":\"https:\/\/nein-zur-bezahlkarte.de\/ku\/#\/schema\/logo\/image\/\"}}]}<\/script>\n<!-- \/ Yoast SEO plugin. -->","yoast_head_json":{"title":"\u015fop - Wir sagen Nein zur Bezahlkarte","robots":{"index":"index","follow":"follow","max-snippet":"max-snippet:-1","max-image-preview":"max-image-preview:large","max-video-preview":"max-video-preview:-1"},"canonical":"https:\/\/nein-zur-bezahlkarte.de\/ku\/sop\/","og_locale":"en_US","og_type":"article","og_title":"\u015fop - Wir sagen Nein zur Bezahlkarte","og_description":"Encumena Penaberan a Berl\u00een\u00ea eV Greifswalder Str 10405 Berl\u00een Telefon: 030-22476311 Faks: 030-22476312 Saet\u00ean t\u00ealefon\u00ea Du\u015fem-P\u00ean\u015fem\u00ea ji 10.00 heta 15.00 Email: buero@fluechtlingsrat-berlin.de Forma qan\u00fbn\u00ee ya operator: Komeleya qeydkir\u00ee Hejmara qeyda komeley\u00ea. VR 19356 B, Dadgeha Nav\u00e7eya Berl\u00een-Charlottenburg Komele li dadgeh\u00ea \u00fb li dervey\u00ee dadgeh\u00ea bi du endam\u00ean lijney\u00ea bi hev re t\u00ea tems\u00eelkirin. Lijneya n\u00fbnertiya [&hellip;]","og_url":"https:\/\/nein-zur-bezahlkarte.de\/ku\/sop\/","og_site_name":"Wir sagen Nein zur Bezahlkarte","article_modified_time":"2025-03-12T18:25:07+00:00","twitter_card":"summary_large_image","schema":{"@context":"https:\/\/schema.org","@graph":[{"@type":"WebPage","@id":"https:\/\/nein-zur-bezahlkarte.de\/ku\/sop\/","url":"https:\/\/nein-zur-bezahlkarte.de\/ku\/sop\/","name":"\u015fop - Wir sagen Nein zur Bezahlkarte","isPartOf":{"@id":"https:\/\/nein-zur-bezahlkarte.de\/ku\/#website"},"datePublished":"2025-03-12T18:24:58+00:00","dateModified":"2025-03-12T18:25:07+00:00","breadcrumb":{"@id":"https:\/\/nein-zur-bezahlkarte.de\/ku\/sop\/#breadcrumb"},"inLanguage":"ckb","potentialAction":[{"@type":"ReadAction","target":["https:\/\/nein-zur-bezahlkarte.de\/ku\/sop\/"]}]},{"@type":"BreadcrumbList","@id":"https:\/\/nein-zur-bezahlkarte.de\/ku\/sop\/#breadcrumb","itemListElement":[{"@type":"ListItem","position":1,"name":"Startseite","item":"https:\/\/nein-zur-bezahlkarte.de\/ku\/"},{"@type":"ListItem","position":2,"name":"\u015fop"}]},{"@type":"WebSite","@id":"https:\/\/nein-zur-bezahlkarte.de\/ku\/#website","url":"https:\/\/nein-zur-bezahlkarte.de\/ku\/","name":"Wir sagen Nein zur Bezahlkarte","description":"Impressum","publisher":{"@id":"https:\/\/nein-zur-bezahlkarte.de\/ku\/#organization"},"potentialAction":[{"@type":"SearchAction","target":{"@type":"EntryPoint","urlTemplate":"https:\/\/nein-zur-bezahlkarte.de\/ku\/?s={search_term_string}"},"query-input":{"@type":"PropertyValueSpecification","valueRequired":true,"valueName":"search_term_string"}}],"inLanguage":"ckb"},{"@type":"Organization","@id":"https:\/\/nein-zur-bezahlkarte.de\/ku\/#organization","name":"Wir sagen Nein zur Bezahlkarte","url":"https:\/\/nein-zur-bezahlkarte.de\/ku\/","logo":{"@type":"ImageObject","inLanguage":"ckb","@id":"https:\/\/nein-zur-bezahlkarte.de\/ku\/#\/schema\/logo\/image\/","url":"https:\/\/nein-zur-bezahlkarte.de\/wp-content\/uploads\/2024\/11\/BZHLKRT_Logo_Vektoren_BRNDNBRG_Gelb.png","contentUrl":"https:\/\/nein-zur-bezahlkarte.de\/wp-content\/uploads\/2024\/11\/BZHLKRT_Logo_Vektoren_BRNDNBRG_Gelb.png","width":5000,"height":5000,"caption":"Wir sagen Nein zur Bezahlkarte"},"image":{"@id":"https:\/\/nein-zur-bezahlkarte.de\/ku\/#\/schema\/logo\/image\/"}}]}},"_links":{"self":[{"href":"https:\/\/nein-zur-bezahlkarte.de\/ku\/wp-json\/wp\/v2\/pages\/2250","targetHints":{"allow":["GET"]}}],"collection":[{"href":"https:\/\/nein-zur-bezahlkarte.de\/ku\/wp-json\/wp\/v2\/pages"}],"about":[{"href":"https:\/\/nein-zur-bezahlkarte.de\/ku\/wp-json\/wp\/v2\/types\/page"}],"author":[{"embeddable":true,"href":"https:\/\/nein-zur-bezahlkarte.de\/ku\/wp-json\/wp\/v2\/users\/11"}],"replies":[{"embeddable":true,"href":"https:\/\/nein-zur-bezahlkarte.de\/ku\/wp-json\/wp\/v2\/comments?post=2250"}],"version-history":[{"count":1,"href":"https:\/\/nein-zur-bezahlkarte.de\/ku\/wp-json\/wp\/v2\/pages\/2250\/revisions"}],"predecessor-version":[{"id":2251,"href":"https:\/\/nein-zur-bezahlkarte.de\/ku\/wp-json\/wp\/v2\/pages\/2250\/revisions\/2251"}],"wp:attachment":[{"href":"https:\/\/nein-zur-bezahlkarte.de\/ku\/wp-json\/wp\/v2\/media?parent=2250"}],"curies":[{"name":"wp","href":"https:\/\/api.w.org\/{rel}","templated":true}]}}