{"id":2293,"date":"2025-03-12T19:43:21","date_gmt":"2025-03-12T18:43:21","guid":{"rendered":"https:\/\/nein-zur-bezahlkarte.de\/daxuyaniyen-vidyoye\/"},"modified":"2025-04-23T12:34:13","modified_gmt":"2025-04-23T10:34:13","slug":"daxuyaniyen-vidyoye","status":"publish","type":"page","link":"https:\/\/nein-zur-bezahlkarte.de\/ku\/daxuyaniyen-vidyoye\/","title":{"rendered":"Daxuyaniy\u00ean v\u00eedyoy\u00ea"},"content":{"rendered":"\n<p>Karta peredan\u00ea maf\u00ean bingeh\u00een s\u00eenordar dike, mirovan b\u00eah\u00eaz dike \u00fb jiyana rojane pir dijwartir dike. L\u00ea gelek r\u00eaxistin \u00fb kom li dij\u00ee v\u00ea kiryara cudaxwaz t\u00eadiko\u015fin! <\/p>\n\n<p>Di daxuyaniy\u00ean me y\u00ean v\u00eedyoy\u00ea de, n\u00fbner\u00ean destp\u00ea\u015fxeriy\u00ean cih\u00eareng diaxivin ka \u00e7ima ew qerta dravdan\u00ea red dikin \u00fb \u00e7i encam\u00ean w\u00ea ji bo kes\u00ean bandordar hene. Ew serp\u00eahat\u00ee, pa\u015feroj \u00fb daxwaz\u00ean xwe parve dikin \u2013 li \u015f\u00fbna d\u00fbrxistina civak\u00ee ji bo hevgirtin\u00ea! <\/p>\n\n<p>\u270a V\u00ea kontrol bikin, v\u00eedyoyan parve bikin \u00fb bi me re bibin yek ku li dij\u00ee qert\u00ean dravdan\u00ea bisekinin! #NeinZurBezahlkarte<\/p>\n\n<p>Ed Greve &amp; Magdalena Benavente, <strong>Enc\u00fbmena Ko\u00e7beriy\u00ea ya Berl\u00een\u00ea<\/strong><\/p>\n\n<figure class=\"wp-block-embed is-type-rich is-provider-handler-einbetten wp-block-embed-handler-einbetten wp-embed-aspect-16-9 wp-has-aspect-ratio\"><div class=\"wp-block-embed__wrapper\">\n<iframe loading=\"lazy\" title=\"Migrationsrat Berlin\" width=\"500\" height=\"281\" src=\"https:\/\/www.youtube.com\/embed\/sPYYrjCJD-M?feature=oembed\" frameborder=\"0\" allow=\"accelerometer; autoplay; clipboard-write; encrypted-media; gyroscope; picture-in-picture; web-share\" referrerpolicy=\"strict-origin-when-cross-origin\" allowfullscreen><\/iframe>\n<\/div><\/figure>\n\n<p>Jennifer Kamau <strong>, Cih\u00ea Jinan * Navnetewey\u00ee<\/strong><\/p>\n\n<figure class=\"wp-block-embed is-type-rich is-provider-handler-einbetten wp-block-embed-handler-einbetten wp-embed-aspect-16-9 wp-has-aspect-ratio\"><div class=\"wp-block-embed__wrapper\">\n<iframe loading=\"lazy\" title=\"Jennifer Kamau\" width=\"500\" height=\"281\" src=\"https:\/\/www.youtube.com\/embed\/OF8sHCc3NQk?feature=oembed\" frameborder=\"0\" allow=\"accelerometer; autoplay; clipboard-write; encrypted-media; gyroscope; picture-in-picture; web-share\" referrerpolicy=\"strict-origin-when-cross-origin\" allowfullscreen><\/iframe>\n<\/div><\/figure>\n\n<p>Emily, <strong>Encumena Penaberan a Berl\u00een\u00ea<\/strong><\/p>\n\n<figure class=\"wp-block-embed is-type-rich is-provider-handler-einbetten wp-block-embed-handler-einbetten wp-embed-aspect-16-9 wp-has-aspect-ratio\"><div class=\"wp-block-embed__wrapper\">\n<iframe loading=\"lazy\" title=\"emily\" width=\"500\" height=\"281\" src=\"https:\/\/www.youtube.com\/embed\/NtSpj6CQSNk?feature=oembed\" frameborder=\"0\" allow=\"accelerometer; autoplay; clipboard-write; encrypted-media; gyroscope; picture-in-picture; web-share\" referrerpolicy=\"strict-origin-when-cross-origin\" allowfullscreen><\/iframe>\n<\/div><\/figure>\n\n<p>Mohammed Jouni, <strong>Ciwan\u00ean B\u00ea S\u00eenor<\/strong><\/p>\n\n<figure class=\"wp-block-embed is-type-rich is-provider-handler-einbetten wp-block-embed-handler-einbetten wp-embed-aspect-16-9 wp-has-aspect-ratio\"><div class=\"wp-block-embed__wrapper\">\n<iframe loading=\"lazy\" title=\"Mohammed Jouni\" width=\"500\" height=\"281\" src=\"https:\/\/www.youtube.com\/embed\/RnljLKVjCKo?feature=oembed\" frameborder=\"0\" allow=\"accelerometer; autoplay; clipboard-write; encrypted-media; gyroscope; picture-in-picture; web-share\" referrerpolicy=\"strict-origin-when-cross-origin\" allowfullscreen><\/iframe>\n<\/div><\/figure>\n\n<p>Charlotte Heyer, <strong>Tora Dij-Cawaziy\u00ea ya Berl\u00een a TBB<\/strong> <\/p>\n\n<figure class=\"wp-block-embed is-type-rich is-provider-handler-einbetten wp-block-embed-handler-einbetten wp-embed-aspect-16-9 wp-has-aspect-ratio\"><div class=\"wp-block-embed__wrapper\">\n<iframe loading=\"lazy\" title=\"ADNB\" width=\"500\" height=\"281\" src=\"https:\/\/www.youtube.com\/embed\/C-Nq0_zEeVc?feature=oembed\" frameborder=\"0\" allow=\"accelerometer; autoplay; clipboard-write; encrypted-media; gyroscope; picture-in-picture; web-share\" referrerpolicy=\"strict-origin-when-cross-origin\" allowfullscreen><\/iframe>\n<\/div><\/figure>\n\n<p>Munir, <strong>Na ji bo karta peredana Hamburg<\/strong><\/p>\n\n<figure class=\"wp-block-embed is-type-rich is-provider-handler-einbetten wp-block-embed-handler-einbetten wp-embed-aspect-16-9 wp-has-aspect-ratio\"><div class=\"wp-block-embed__wrapper\">\n<iframe loading=\"lazy\" title=\"Munir\" width=\"500\" height=\"281\" src=\"https:\/\/www.youtube.com\/embed\/LL2xmqefNcU?feature=oembed\" frameborder=\"0\" allow=\"accelerometer; autoplay; clipboard-write; encrypted-media; gyroscope; picture-in-picture; web-share\" referrerpolicy=\"strict-origin-when-cross-origin\" allowfullscreen><\/iframe>\n<\/div><\/figure>\n\n<p>Lara M\u00f6ller, <strong>Kolekt\u00eefa Dad\u00ea<\/strong><\/p>\n\n<figure class=\"wp-block-embed is-type-rich is-provider-handler-einbetten wp-block-embed-handler-einbetten wp-embed-aspect-16-9 wp-has-aspect-ratio\"><div class=\"wp-block-embed__wrapper\">\n<iframe loading=\"lazy\" title=\"Justice Collective\" width=\"500\" height=\"281\" src=\"https:\/\/www.youtube.com\/embed\/PxcS_KkWC_o?feature=oembed\" frameborder=\"0\" allow=\"accelerometer; autoplay; clipboard-write; encrypted-media; gyroscope; picture-in-picture; web-share\" referrerpolicy=\"strict-origin-when-cross-origin\" allowfullscreen><\/iframe>\n<\/div><\/figure>\n\n<p>Sabine Grauel &amp; Jutta Krause, <strong>Grandmas Against the Right Seelow<\/strong><\/p>\n\n<figure class=\"wp-block-embed is-type-rich is-provider-handler-einbetten wp-block-embed-handler-einbetten wp-embed-aspect-16-9 wp-has-aspect-ratio\"><div class=\"wp-block-embed__wrapper\">\n<iframe loading=\"lazy\" title=\"Omas Gegen Rechts  \u2013 Seelow\" width=\"500\" height=\"281\" src=\"https:\/\/www.youtube.com\/embed\/5jnrYMYPDUU?feature=oembed\" frameborder=\"0\" allow=\"accelerometer; autoplay; clipboard-write; encrypted-media; gyroscope; picture-in-picture; web-share\" referrerpolicy=\"strict-origin-when-cross-origin\" allowfullscreen><\/iframe>\n<\/div><\/figure>\n","protected":false},"excerpt":{"rendered":"<p>Karta peredan\u00ea maf\u00ean bingeh\u00een s\u00eenordar dike, mirovan b\u00eah\u00eaz dike \u00fb jiyana rojane pir dijwartir dike. L\u00ea gelek r\u00eaxistin \u00fb kom li dij\u00ee v\u00ea kiryara cudaxwaz t\u00eadiko\u015fin! Di daxuyaniy\u00ean me y\u00ean v\u00eedyoy\u00ea de, n\u00fbner\u00ean destp\u00ea\u015fxeriy\u00ean cih\u00eareng diaxivin ka \u00e7ima ew qerta dravdan\u00ea red dikin \u00fb \u00e7i encam\u00ean w\u00ea ji bo kes\u00ean bandordar hene. Ew serp\u00eahat\u00ee, pa\u015feroj [&hellip;]<\/p>\n","protected":false},"author":8,"featured_media":0,"parent":0,"menu_order":0,"comment_status":"closed","ping_status":"closed","template":"","meta":{"footnotes":""},"class_list":["post-2293","page","type-page","status-publish","hentry"],"yoast_head":"<!-- This site is optimized with the Yoast SEO plugin v26.4 - https:\/\/yoast.com\/wordpress\/plugins\/seo\/ -->\n<title>Daxuyaniy\u00ean v\u00eedyoy\u00ea - Wir sagen Nein zur Bezahlkarte<\/title>\n<meta name=\"robots\" content=\"index, follow, max-snippet:-1, max-image-preview:large, max-video-preview:-1\" \/>\n<link rel=\"canonical\" href=\"https:\/\/nein-zur-bezahlkarte.de\/ku\/daxuyaniyen-vidyoye\/\" \/>\n<meta property=\"og:locale\" content=\"en_US\" \/>\n<meta property=\"og:type\" content=\"article\" \/>\n<meta property=\"og:title\" content=\"Daxuyaniy\u00ean v\u00eedyoy\u00ea - Wir sagen Nein zur Bezahlkarte\" \/>\n<meta property=\"og:description\" content=\"Karta peredan\u00ea maf\u00ean bingeh\u00een s\u00eenordar dike, mirovan b\u00eah\u00eaz dike \u00fb jiyana rojane pir dijwartir dike. L\u00ea gelek r\u00eaxistin \u00fb kom li dij\u00ee v\u00ea kiryara cudaxwaz t\u00eadiko\u015fin! Di daxuyaniy\u00ean me y\u00ean v\u00eedyoy\u00ea de, n\u00fbner\u00ean destp\u00ea\u015fxeriy\u00ean cih\u00eareng diaxivin ka \u00e7ima ew qerta dravdan\u00ea red dikin \u00fb \u00e7i encam\u00ean w\u00ea ji bo kes\u00ean bandordar hene. Ew serp\u00eahat\u00ee, pa\u015feroj [&hellip;]\" \/>\n<meta property=\"og:url\" content=\"https:\/\/nein-zur-bezahlkarte.de\/ku\/daxuyaniyen-vidyoye\/\" \/>\n<meta property=\"og:site_name\" content=\"Wir sagen Nein zur Bezahlkarte\" \/>\n<meta property=\"article:modified_time\" content=\"2025-04-23T10:34:13+00:00\" \/>\n<meta name=\"twitter:card\" content=\"summary_large_image\" \/>\n<meta name=\"twitter:label1\" content=\"Est. reading time\" \/>\n\t<meta name=\"twitter:data1\" content=\"1 \u062e\u0648\u0644\u06d5\u06a9\" \/>\n<script type=\"application\/ld+json\" class=\"yoast-schema-graph\">{\"@context\":\"https:\/\/schema.org\",\"@graph\":[{\"@type\":\"WebPage\",\"@id\":\"https:\/\/nein-zur-bezahlkarte.de\/ku\/daxuyaniyen-vidyoye\/\",\"url\":\"https:\/\/nein-zur-bezahlkarte.de\/ku\/daxuyaniyen-vidyoye\/\",\"name\":\"Daxuyaniy\u00ean v\u00eedyoy\u00ea - Wir sagen Nein zur Bezahlkarte\",\"isPartOf\":{\"@id\":\"https:\/\/nein-zur-bezahlkarte.de\/ku\/#website\"},\"datePublished\":\"2025-03-12T18:43:21+00:00\",\"dateModified\":\"2025-04-23T10:34:13+00:00\",\"breadcrumb\":{\"@id\":\"https:\/\/nein-zur-bezahlkarte.de\/ku\/daxuyaniyen-vidyoye\/#breadcrumb\"},\"inLanguage\":\"ckb\",\"potentialAction\":[{\"@type\":\"ReadAction\",\"target\":[\"https:\/\/nein-zur-bezahlkarte.de\/ku\/daxuyaniyen-vidyoye\/\"]}]},{\"@type\":\"BreadcrumbList\",\"@id\":\"https:\/\/nein-zur-bezahlkarte.de\/ku\/daxuyaniyen-vidyoye\/#breadcrumb\",\"itemListElement\":[{\"@type\":\"ListItem\",\"position\":1,\"name\":\"Startseite\",\"item\":\"https:\/\/nein-zur-bezahlkarte.de\/ku\/\"},{\"@type\":\"ListItem\",\"position\":2,\"name\":\"Daxuyaniy\u00ean v\u00eedyoy\u00ea\"}]},{\"@type\":\"WebSite\",\"@id\":\"https:\/\/nein-zur-bezahlkarte.de\/ku\/#website\",\"url\":\"https:\/\/nein-zur-bezahlkarte.de\/ku\/\",\"name\":\"Wir sagen Nein zur Bezahlkarte\",\"description\":\"Impressum\",\"publisher\":{\"@id\":\"https:\/\/nein-zur-bezahlkarte.de\/ku\/#organization\"},\"potentialAction\":[{\"@type\":\"SearchAction\",\"target\":{\"@type\":\"EntryPoint\",\"urlTemplate\":\"https:\/\/nein-zur-bezahlkarte.de\/ku\/?s={search_term_string}\"},\"query-input\":{\"@type\":\"PropertyValueSpecification\",\"valueRequired\":true,\"valueName\":\"search_term_string\"}}],\"inLanguage\":\"ckb\"},{\"@type\":\"Organization\",\"@id\":\"https:\/\/nein-zur-bezahlkarte.de\/ku\/#organization\",\"name\":\"Wir sagen Nein zur Bezahlkarte\",\"url\":\"https:\/\/nein-zur-bezahlkarte.de\/ku\/\",\"logo\":{\"@type\":\"ImageObject\",\"inLanguage\":\"ckb\",\"@id\":\"https:\/\/nein-zur-bezahlkarte.de\/ku\/#\/schema\/logo\/image\/\",\"url\":\"https:\/\/nein-zur-bezahlkarte.de\/wp-content\/uploads\/2024\/11\/BZHLKRT_Logo_Vektoren_BRNDNBRG_Gelb.png\",\"contentUrl\":\"https:\/\/nein-zur-bezahlkarte.de\/wp-content\/uploads\/2024\/11\/BZHLKRT_Logo_Vektoren_BRNDNBRG_Gelb.png\",\"width\":5000,\"height\":5000,\"caption\":\"Wir sagen Nein zur Bezahlkarte\"},\"image\":{\"@id\":\"https:\/\/nein-zur-bezahlkarte.de\/ku\/#\/schema\/logo\/image\/\"}}]}<\/script>\n<!-- \/ Yoast SEO plugin. -->","yoast_head_json":{"title":"Daxuyaniy\u00ean v\u00eedyoy\u00ea - Wir sagen Nein zur Bezahlkarte","robots":{"index":"index","follow":"follow","max-snippet":"max-snippet:-1","max-image-preview":"max-image-preview:large","max-video-preview":"max-video-preview:-1"},"canonical":"https:\/\/nein-zur-bezahlkarte.de\/ku\/daxuyaniyen-vidyoye\/","og_locale":"en_US","og_type":"article","og_title":"Daxuyaniy\u00ean v\u00eedyoy\u00ea - Wir sagen Nein zur Bezahlkarte","og_description":"Karta peredan\u00ea maf\u00ean bingeh\u00een s\u00eenordar dike, mirovan b\u00eah\u00eaz dike \u00fb jiyana rojane pir dijwartir dike. L\u00ea gelek r\u00eaxistin \u00fb kom li dij\u00ee v\u00ea kiryara cudaxwaz t\u00eadiko\u015fin! Di daxuyaniy\u00ean me y\u00ean v\u00eedyoy\u00ea de, n\u00fbner\u00ean destp\u00ea\u015fxeriy\u00ean cih\u00eareng diaxivin ka \u00e7ima ew qerta dravdan\u00ea red dikin \u00fb \u00e7i encam\u00ean w\u00ea ji bo kes\u00ean bandordar hene. Ew serp\u00eahat\u00ee, pa\u015feroj [&hellip;]","og_url":"https:\/\/nein-zur-bezahlkarte.de\/ku\/daxuyaniyen-vidyoye\/","og_site_name":"Wir sagen Nein zur Bezahlkarte","article_modified_time":"2025-04-23T10:34:13+00:00","twitter_card":"summary_large_image","twitter_misc":{"Est. reading time":"1 \u062e\u0648\u0644\u06d5\u06a9"},"schema":{"@context":"https:\/\/schema.org","@graph":[{"@type":"WebPage","@id":"https:\/\/nein-zur-bezahlkarte.de\/ku\/daxuyaniyen-vidyoye\/","url":"https:\/\/nein-zur-bezahlkarte.de\/ku\/daxuyaniyen-vidyoye\/","name":"Daxuyaniy\u00ean v\u00eedyoy\u00ea - Wir sagen Nein zur Bezahlkarte","isPartOf":{"@id":"https:\/\/nein-zur-bezahlkarte.de\/ku\/#website"},"datePublished":"2025-03-12T18:43:21+00:00","dateModified":"2025-04-23T10:34:13+00:00","breadcrumb":{"@id":"https:\/\/nein-zur-bezahlkarte.de\/ku\/daxuyaniyen-vidyoye\/#breadcrumb"},"inLanguage":"ckb","potentialAction":[{"@type":"ReadAction","target":["https:\/\/nein-zur-bezahlkarte.de\/ku\/daxuyaniyen-vidyoye\/"]}]},{"@type":"BreadcrumbList","@id":"https:\/\/nein-zur-bezahlkarte.de\/ku\/daxuyaniyen-vidyoye\/#breadcrumb","itemListElement":[{"@type":"ListItem","position":1,"name":"Startseite","item":"https:\/\/nein-zur-bezahlkarte.de\/ku\/"},{"@type":"ListItem","position":2,"name":"Daxuyaniy\u00ean v\u00eedyoy\u00ea"}]},{"@type":"WebSite","@id":"https:\/\/nein-zur-bezahlkarte.de\/ku\/#website","url":"https:\/\/nein-zur-bezahlkarte.de\/ku\/","name":"Wir sagen Nein zur Bezahlkarte","description":"Impressum","publisher":{"@id":"https:\/\/nein-zur-bezahlkarte.de\/ku\/#organization"},"potentialAction":[{"@type":"SearchAction","target":{"@type":"EntryPoint","urlTemplate":"https:\/\/nein-zur-bezahlkarte.de\/ku\/?s={search_term_string}"},"query-input":{"@type":"PropertyValueSpecification","valueRequired":true,"valueName":"search_term_string"}}],"inLanguage":"ckb"},{"@type":"Organization","@id":"https:\/\/nein-zur-bezahlkarte.de\/ku\/#organization","name":"Wir sagen Nein zur Bezahlkarte","url":"https:\/\/nein-zur-bezahlkarte.de\/ku\/","logo":{"@type":"ImageObject","inLanguage":"ckb","@id":"https:\/\/nein-zur-bezahlkarte.de\/ku\/#\/schema\/logo\/image\/","url":"https:\/\/nein-zur-bezahlkarte.de\/wp-content\/uploads\/2024\/11\/BZHLKRT_Logo_Vektoren_BRNDNBRG_Gelb.png","contentUrl":"https:\/\/nein-zur-bezahlkarte.de\/wp-content\/uploads\/2024\/11\/BZHLKRT_Logo_Vektoren_BRNDNBRG_Gelb.png","width":5000,"height":5000,"caption":"Wir sagen Nein zur Bezahlkarte"},"image":{"@id":"https:\/\/nein-zur-bezahlkarte.de\/ku\/#\/schema\/logo\/image\/"}}]}},"_links":{"self":[{"href":"https:\/\/nein-zur-bezahlkarte.de\/ku\/wp-json\/wp\/v2\/pages\/2293","targetHints":{"allow":["GET"]}}],"collection":[{"href":"https:\/\/nein-zur-bezahlkarte.de\/ku\/wp-json\/wp\/v2\/pages"}],"about":[{"href":"https:\/\/nein-zur-bezahlkarte.de\/ku\/wp-json\/wp\/v2\/types\/page"}],"author":[{"embeddable":true,"href":"https:\/\/nein-zur-bezahlkarte.de\/ku\/wp-json\/wp\/v2\/users\/8"}],"replies":[{"embeddable":true,"href":"https:\/\/nein-zur-bezahlkarte.de\/ku\/wp-json\/wp\/v2\/comments?post=2293"}],"version-history":[{"count":20,"href":"https:\/\/nein-zur-bezahlkarte.de\/ku\/wp-json\/wp\/v2\/pages\/2293\/revisions"}],"predecessor-version":[{"id":2873,"href":"https:\/\/nein-zur-bezahlkarte.de\/ku\/wp-json\/wp\/v2\/pages\/2293\/revisions\/2873"}],"wp:attachment":[{"href":"https:\/\/nein-zur-bezahlkarte.de\/ku\/wp-json\/wp\/v2\/media?parent=2293"}],"curies":[{"name":"wp","href":"https:\/\/api.w.org\/{rel}","templated":true}]}}