{"id":3108,"date":"2025-05-17T10:26:01","date_gmt":"2025-05-17T08:26:01","guid":{"rendered":"https:\/\/nein-zur-bezahlkarte.de\/nameya-vekiri\/"},"modified":"2025-07-06T14:45:24","modified_gmt":"2025-07-06T12:45:24","slug":"nameya-vekiri","status":"publish","type":"page","link":"https:\/\/nein-zur-bezahlkarte.de\/ku\/nameya-vekiri\/","title":{"rendered":"Nameya vekir\u00ee"},"content":{"rendered":"\n<p><br\/>Bir\u00eaz Kai Wegner,<br\/> Xanima h\u00eaja Iris Spranger,<br\/> Xanima h\u00eaja Cansel Kiziltepe,<br\/> Bir\u00eaz Dietmar Woidke y\u00ea bir\u00eaz,<br\/> Xanima h\u00eaja Katrin Lange,<br\/> Endam\u00ean h\u00eaja y\u00ean Mecl\u00eesa N\u00fbneran a Berl\u00een\u00ea,<br\/> Endam\u00ean h\u00eaja y\u00ean Parlamentoya Eyaleta Brandenburg\u00ea,<br\/> Endam\u00ean Meclisa Nav\u00e7ey\u00ea y\u00ean Bir\u00eaz,<br\/> Bir\u00eaz R\u00eaveber\u00ean Nav\u00e7ey\u00ea <em>,<\/em> <\/p>\n\n<p>Em, \u00een\u00eesiyat\u00eefa Na ji bo Karta Peredan\u00ea ya Berl\u00een\/Brandenburg, bi tund\u00ee li dij\u00ee karta peredan\u00ea ne. Em bang li hik\u00fbmeta eyaleta Berl\u00een\u00ea \u00fb her weha nav\u00e7e \u00fb bajar\u00ean serbixwe y\u00ean Brandenburg\u00ea dikin ku sepandina v\u00ea s\u00eestem\u00ea rawest\u00eenin an j\u00ee d\u00eesa betal bikin. Tev\u00ee gelek daxwaz\u00ean r\u00eaxistin\u00ean civaka siv\u00eel \u00fb \u00e7alakvan\u00ean maf\u00ean mirovan, dewlet\u00ean federal biryar dane ku v\u00ea cudakar\u00eeya neqan\u00fbn\u00ee ji hol\u00ea rakin.<br\/> her \u00e7i be s\u00eestem. Di demek\u00ea de ku gotin\u00ean dij\u00ee ko\u00e7beriy\u00ea z\u00eade dibin \u00fb<br\/> tund\u00fbt\u00fbjiya nijadperest\u00ee, em dixwazin deng\u00ea kes\u00ean ku her\u00ee z\u00eade bandor dibin bilind bikin<br\/> ji encam\u00ean v\u00ea siyaset\u00ea bandor dibin.   <\/p>\n\n<p><br\/><strong>Karta dravdan\u00ea wek\u00ee am\u00fbrek kontrol \u00fb derxistin\u00ea<\/strong><br\/> Wek\u00ee ku h\u00fbn b\u00ea guman dizanin, karta dravdan\u00ea bi giran\u00ee ji bo &#8230; hate destn\u00ee\u015fan kirin.<br\/> Ji bo kontrolkirina dravdan\u00ean ku ji h\u00eala penaberan ve wek\u00ee be\u015fek ji prosed\u00fbra penaberiya wan t\u00eane kirin. He ye<br\/> S\u00eenor\u00ea mehane y\u00ea 50 \u20ac drav\u00ea ku dikare ji kart\u00ea were ki\u015fandin. Digel<br\/> H\u00fbn ten\u00ea dikarin bi kart\u00ea li firotgeh\u00ean ku kart\u00ean deb\u00eet\u00ea qeb\u00fbl dikin bidin, ku gelek ji wan kart\u00ean pi\u00e7\u00fbktir in.<br\/> dikan, kafe, nanp\u00eajxane an bazar\u00ean (pir caran erzantir) t\u00ea de n\u00eenin. Ne gengaz e ku<br\/> kart ji bo \u00e7\u00eakirina peymanan an kirina dravdan\u00ean serh\u00eal an j\u00ee ji bo p\u00eakan\u00eena kar\u00fbbar\u00ean qan\u00fbn\u00ee an<br\/> fat\u00fbrey\u00ean bij\u00ee\u015fk\u00ee b\u00eay\u00ee pejirandina p\u00ea\u015fwext ji rayedar\u00ean t\u00eakildar<br\/> diravdan.    <\/p>\n\n<p><br\/><strong>Vegere ser s\u00eestema kupon\u00ean xerabkar bi navek\u00ee n\u00fb<\/strong><br\/> \u00censiyat\u00eef\u00ean penaberan bi dehan salan e li dij\u00ee am\u00fbra rez\u00eel a &#8230; \u015fer dikin.<br\/> Li dij\u00ee s\u00eestema kupon\u00ea t\u00eako\u015f\u00een kir. Heta sala 2015an, penaberan kupon\u00ean ku ten\u00ea dikarib\u00fbn li &#8230; de werin bikar an\u00een werdigirtin.<br\/> dikare li hin firotgeh \u00fb her\u00eam\u00ean Elmanyay\u00ea were bikar an\u00een. Sipas ji bo<br\/> Pi\u015ft\u00ee xwep\u00ea\u015fandan\u00ean serket\u00ee, s\u00eestema kupon\u00ea bi piran\u00ee hate rawestandin. Bi e\u015fkerey\u00ee<br\/> B\u00eay\u00ee ku li ber \u00e7avan bigire, Hik\u00fbmeta Federal biryar da ku v\u00ea yek\u00ea bide destp\u00eakirin.<br\/> Karta dravdan\u00ea ku navek\u00ee w\u00ea y\u00ea cuda heye l\u00ea li ser heman s\u00eestema nijadperest hatiye avakirin<br\/> \u00fb li ser heman argumana pergala kupon\u00ea ye. Em daxwaz dikin ku<br\/> rayedar\u00ean berpirsiyar li Berl\u00een \u00fb Brandenburg\u00ea ji bo bic\u00eehan\u00eena karta dravdan\u00ea li \u015faredariy\u00ean xwe<br\/> asteng kirin. Ew amrazek cudakariy\u00ea, kontrol \u00fb tepeserkirin\u00ea ye \u2013 ji bil\u00ee v\u00ea<br\/> ew bi l\u00ea\u00e7\u00fbn\u00ean bi awayek\u00ee nehevseng bilind ve gir\u00eaday\u00ee ye.     <\/p>\n\n<p><br\/><strong>Ko\u00e7ber\u00ee bi s\u00eenordarkirin\u00ean daray\u00ee nay\u00ea astengkirin<\/strong><br\/> E\u015fkere ye ku karta dravdan\u00ea ji ber sedem\u00ean pir gumanbar hatiye destn\u00ee\u015fan kirin.<br\/> b\u00fb. T\u00ea gotin ku ev kart r\u00ea li ber ko\u00e7beriya z\u00eadetir ber bi &#8230; ve digire.<br\/> Almanya. L\u00eakol\u00eena Ko\u00e7beriy\u00ea \u00fb Xizmeta Zanist\u00ee ya Alman\u00ee<br\/> L\u00eabel\u00ea, Bundestag demek dir\u00eaj e n\u00ee\u015fan daye ku faktor\u00ean daray\u00ee t\u00ear\u00ea nakin.<br\/> ji bo ravekirina \u00e7ima mirov r\u00eaw\u00eetiy\u00ean xeternak \u00fb pir caran jiyan\u00ea tehd\u00eet dikin, dikin<br\/> ajotin. Karta dravdan\u00ea r\u00ea li ber mirovan nagire ku li Almanya penaberiy\u00ea bigerin.<br\/> bigerin \u2013 ew \u00ea ten\u00ea b\u00eatir maf, r\u00fbmet \u00fb azadiya hilbijartin\u00ea ji wan bist\u00eene \u00fb<br\/> bi v\u00ee away\u00ee \u00e7\u00eerok\u00ean rastgir b\u00eatir gur dike.   <\/p>\n\n<p><br\/><strong>Binp\u00eakirina Ajenda 2030 \/ Armanc\u00ean P\u00ea\u015fkeftina Domdar \u00ean NY<\/strong><br\/> Nasandina karta dravdan\u00ea \u00fb s\u00eenordarkirina karan\u00eena pereyan ji bo debara malbat\u00ea<br\/> bo welat\u00ean din j\u00ee li dij\u00ee Ajenda 2030 \u00fb<br\/> Armanc\u00ean P\u00ea\u015fkeftina Berdewam \u00ean Netewey\u00ean Yekb\u00fby\u00ee, ku gir\u00eengiya \u015fandina pereyan di nav<br\/> welat\u00ean j\u00eaderk\u00ea bi awayek\u00ee zelal ji bo k\u00eamkirina newekhev\u00ee \u00fb xizaniy\u00ea nas bikin. Ew<br\/> Ji ber v\u00ea yek\u00ea, Ajenda 2030, ku Almanya j\u00ee p\u00ea ve gir\u00eaday\u00ee ye, daxwaza rakirina astengiyan dike.<br\/> \u00fb k\u00eamkirina xerc\u00ean veguhastin\u00ean navnetewey\u00ee. Ji bil\u00ee v\u00ea, ew bi awayek\u00ee zanist\u00ee ye<br\/> n\u00ee\u015fan dide ku penaber \u00fb penaxwaz k\u00eam caran pereyan vediguhez\u00eenin \u00fb heke ew bikin, w\u00ea hing\u00ea ten\u00ea<br\/> m\u00eeqdar\u00ean pir pi\u00e7\u00fbk \u00ean 20 heta 30 euro, ji ber ku \u00eemkan\u00ean wan \u00ean daray\u00ee pir s\u00eenordar in<br\/> in. Ji ber v\u00ea yek\u00ea pirs derdikeve hol\u00ea \u00e7ima, berevaj\u00ee del\u00eel\u00ean emp\u00eer\u00eek \u00fb<br\/> P\u00ea\u015fniyar\u00ean r\u00eaxistin\u00ean navnetewey\u00ee li ser azadiya daray\u00ee ya penaxwazan<br\/> bi v\u00ee reng\u00ee hatiye s\u00eenordarkirin.   <\/p>\n\n<p><br\/><strong>Mesref\u00ean z\u00eade \u00fb barek\u00ee burokrasiy\u00ea y\u00ea z\u00eade ji bo \u015faredariyan<\/strong><br\/> Karta dravdan\u00ea di heman dem\u00ea de t\u00ea wateya hewldanek gir\u00eeng a daray\u00ee \u00fb \u00eedar\u00ee.<br\/> ji bo nav\u00e7eyan. Ev \u00ea bibe sedema kar\u00ea z\u00eadetir ji bo saziy\u00ean berpirsiyar.<br\/> ku karmend\u00ean wan ji ber\u00ea de z\u00eade dixebitin. Bihay\u00ea pir z\u00eade y\u00ea kart\u00ea j\u00ee bi taybet\u00ee ne maq\u00fbl e ji ber ku k\u00eamkirin\u00ean budcey\u00ea y\u00ean mezin hene. Brandenburg\u00ea ber\u00ea 1.9 milyon euro ji bo danas\u00eena karta dravdan\u00ea xerc kiriye, her \u00e7end ev m\u00eeqdar l\u00ea\u00e7\u00fbn\u00ean l\u00ean\u00ear\u00een\u00ea y\u00ean berdewam nagire nav xwe. Mesref\u00ean ji bo Berl\u00een\u00ea salane 5 m\u00eelyon euro t\u00eane texm\u00een kirin. Ev pir b\u00easer\u00fbber e, ji ber ku demek dir\u00eaj e alternat\u00eefek h\u00easan, l\u00ea\u00e7\u00fbn-bandor \u00fb prat\u00eek\u00ee heye: veguheztina feydeyan bo hesab\u00ea bingeh\u00een. Ev \u00e7areser\u00ee d\u00ea hewldana p\u00eaw\u00eest li gor\u00ee dravdan\u00ean bi perey\u00ea naqd bi gir\u00eeng\u00ee k\u00eam bike \u00fb di heman dem\u00ea de serxweb\u00fbna daray\u00ee ya kes\u00ean bandordar misoger bike \u2013 b\u00eay\u00ee ku welat \u00fb \u015faredar\u00ee bi dab\u00eenker\u00ean kar\u00fbbar\u00ean daray\u00ee y\u00ean navnetewey\u00ee y\u00ean wek\u00ee Visa \u00fb Mastercard ve gir\u00eaday\u00ee bin.        <\/p>\n\n<p><strong>Binp\u00eakirina maf\u00ean bingeh\u00een \u00fb parastina daneyan<\/strong><br\/> Karta dravdan\u00ea ji h\u00eala qan\u00fbn\u00ee ve pir gumanbar e \u00fb maf\u00ean mirovan \u00ean bingeh\u00een \u00fb r\u00fbmeta penaberan binp\u00ea dike. Ew li ser bingeha Qan\u00fbna Feydey\u00ean Penaxwazan a cudaker \u00fb nedest\u00fbr\u00ee (AsylbLG) ye, ku<br\/> bi bandor wan ji s\u00eestem\u00ean civak\u00ee y\u00ean asay\u00ee d\u00fbr dixe. Her \u00e7end feydey\u00ean ku di bin<br\/> AsylbLG jixwe pir di bin\u00ea asta debara jiyan\u00ea de ne,<br\/> Karta dravdan\u00ea bi p\u00ea\u015fk\u00ea\u015fkirina wergir, xala 1-\u00ea ya Qan\u00fbna Bingeh\u00een binp\u00ea dike.<br\/> xerckirina v\u00ee m\u00eeqdara hindik a perey\u00ea azad qedexe dike. Dadgeha Dest\u00fbr\u00ee ya Federal (BVerfG) &#8230;<br\/> 2012 biryar da ku r\u00fbmeta mirovan div\u00ea ji bo armanc\u00ean siyas\u00ee ney\u00ea ber\u00e7avgirtin.<br\/> Gulan. Bikaran\u00eena al\u00eekariy\u00ean civak\u00ee ji bo astengkirin\u00ea bi awayek\u00ee xelet<br\/> Ji ber v\u00ea yek\u00ea ko\u00e7ber\u00ee nay\u00ea qeb\u00fblkirin.    <\/p>\n\n<p><br\/>Karta dravdan\u00ea d\u00ea cudakariya ji h\u00eala Qan\u00fbna Al\u00eekariy\u00ean Penaxwazan ve z\u00eade bike \u00fb bi v\u00ee reng\u00ee<br\/> Qan\u00fbna Dij-C\u00fbdakariy\u00ea ya Dewlet\u00ea (LADG) \u2013 wek\u00ee ku ji h\u00eala Ombudsmaniya Senatoya Berl\u00een\u00ea ve hat\u00ee ragihandin<br\/> ji bo LADG-\u00ea di derbar\u00ea s\u00eenor\u00ea drav\u00ea s\u00eenordar de. Ne ten\u00ea e<br\/> s\u00eenor\u00ea drav\u00ea s\u00eenordar astengiyeke neheq e, karta dravdan\u00ea s\u00eenordar dike<br\/> jiyana rojane ya wergiran bi qedexekirina kir\u00eena azad li dikanan<br\/> ji bo dayin an veguheztinan. Karta dravdan\u00ea am\u00fbrek kontrol\u00ea ye<br\/> \u00fb tepeserkirin \u00fb maf\u00ea \u00e7aren\u00fbs\u00ee y\u00ea wergiran destwerdan\u00ea dike. Eve heye<br\/> Be\u015fek ji kr\u00eeza k\u00fbrtir a rej\u00eema s\u00eenor a YE \u00fb siyaseta w\u00ea ya penaberiy\u00ea ya dijminane<br\/> \u00fb berdewamiya tund\u00ee \u00fb d\u00fbrketina ji \u00eedam\u00ea ji aliy\u00ea dewlet\u00ea ve.   <\/p>\n\n<p><br\/>Di dawiy\u00ea de, mem\u00fbr\u00ean parastina daneyan, wek\u00ee Kom\u00eeser\u00ea Dewlet\u00ea y\u00ea Parastina Daneyan<br\/> Brandenburg Dagmar Hartge, fikar\u00ean xwe y\u00ean cid\u00ee li ser karta dravdan\u00ea an\u00ee ziman,<br\/> bi taybet\u00ee di derbar\u00ea prosed\u00fbra bi nav\u00ea &#8220;l\u00eesteya sp\u00ee&#8221; de, ku dest\u00fbr\u00ea dide berhevkirina<br\/> agahiy\u00ean hesas \u00ean ku bi taybet\u00ee t\u00eane parastin dihew\u00eene. Konferansa<br\/> Rayedar\u00ean \u00e7avd\u00eariya parastina daney\u00ean federal \u00fb eyalet\u00ee diyar kirin ku e\u015fkerekirin<br\/> ya Qeyda Navend\u00ee ya Biyaniyan (AZR), ku dest\u00fbr\u00ea dide gih\u00ee\u015ftina daney\u00ean pir hesas,<br\/> Dest\u00fbr nay\u00ea day\u00een ku r\u00eaxistin\u00ean siv\u00eel hebin. <\/p>\n\n<p><br\/><strong>Niha ji kart\u00ean dayin\u00ea xilas bibin!<\/strong><br\/> Gelek bajar \u00fb \u015faredariyan li dij\u00ee danas\u00eena karta dravdan\u00ea derketine.<br\/> biryar da, tev\u00ee Potsdam \u00fb \u015faredariy\u00ean li North Rhine-Westphalia y\u00ean wek\u00ee D\u00fcsseldorf,<br\/> Aachen, Dortmund, Krefeld, M\u00fcnster \u00fb Wiesbaden. Ev \u015faredar\u00ee \u00eespat dikin ku<br\/> mimkun e ku alternat\u00eefek mirov\u00ee were afirandin \u00fb bi nijadperestan re r\u00fbbir\u00fb bibe<br\/> ji bo dijberiya siyaseta astengkirin\u00ea ya hik\u00fbmeta federal.<br\/> Ji ber van sedeman, em ji we dixwazin ku h\u00fbn karta dravdan\u00ea li qada berpirsiyariya xwe bikar b\u00eenin.<br\/> astengkirin an j\u00ee ji hol\u00ea rakirin! <\/p>\n\n<p><strong>Yekem \u00eemzeker:<\/strong><\/p>\n\n<p>Azadiya \u00c7alakiy\u00ea li \u015f\u00fbna Tirs\u00ea eV<br\/>Amaro Drom eV<br\/>Amaro Foro eV<br\/>Tora Dij-C\u00fbdakariy\u00ea ya Berl\u00een\u00ea ya TBB<br\/> Penaber\u00ee li D\u00eara Berl\u00een-Brandenburg eV<br\/>Hevpeymaniya BARE<br\/> Fir\u00ee\u015fteyek be eV<br\/>Tora Berl\u00een\u00ea ji bo Penaber\u00ean ku P\u00eadiviya wan bi Parastina Taybet heye (BNS)<br\/> Bloka Berl\u00een\u00ea ya Amer\u00eekaya Lat\u00een\u00ee<br\/> s\u00eenor-ewropa \u2013 Maf\u00ean Mirovan b\u00ea S\u00eenor<br\/>Br\u00fcckenwind eV<br\/>Casa Ku\u00e0<br\/> Navenda \u015f\u00eawirmendiya penaberan a nav\u00e7eya d\u00eara Protestan a Upper Havelland<br\/> Konseya Penaberan a Berl\u00een\u00ea eV<br\/>Enc\u00fbmena Penaberan a Brandenburg eV<br\/>\u00cen\u00eesiyat\u00eefa Hevgirtina Barnim<br\/> Of\u00eesa Navxwey\u00ee<br\/> Jin\u00ean Navnetewey\u00ee* Space eV<br\/>JOLIBA \u2013 Tora Nav\u00e7and\u00ee li Berl\u00een\u00ea eV<br\/>Kolekt\u00eefa Dad\u00ea eV<br\/>Navenda t\u00eakil\u00ee \u00fb \u015f\u00eawirmendiy\u00ea ji bo penaber \u00fb ko\u00e7beran<br\/>Konseya Ko\u00e7beriy\u00ea ya Berl\u00een\u00ea eV<br\/>Moabit al\u00eekariya eV dike<br\/>MV Louise Michel<br\/>MOL-\u00ea vekir\u00ee<br\/> Solid*base (ber\u00ea &#8216;Bi hev re jiy\u00een bi x\u00ear hat\u00ee&#8217;)<br\/> Space2groW<br\/> Navenda Stop Deportation BER<br\/> Komeleya Xebat\u00ean \u00c7and\u00ee y\u00ean Navnetewey\u00ee Berl\u00een Brandenburg eV<br\/>Berl\u00een VVN-BdA eV<br\/>Jin\u00ean li Sirg\u00fbn\u00ea eV<br\/>Wir packen&#8217;s an eV \u2013 Al\u00eekariya lezg\u00een ji bo penaberan<br\/> Navenda ZINDANB\u00dbN\u00ca gGmBH<br\/> JIYANA QUEER A AK<br\/> BIG eV<br\/>Kafe Cralle GbR<br\/> Stargeha Jinan Cocon eV<br\/>\u00c7ember\u00ean Jinan \u00ean Berl\u00een\u00ea eV<br\/>ODEYA JINAN \u2013 Navenda \u015f\u00eawirmendiy\u00ea \u00fb destwerdana pispor ji bo \u015f\u00eedeta navmal\u00ee<br\/>Odeya Jinan eV<br\/>GLADT eV<br\/>Stargeha Jinan a Hestia eV<br\/>Hydra eV<br\/>LARA eV<br\/>Tora Dadweriya Zayend\u00ee<br\/>:\/\/about valahiya, kl\u00fbba teknoy\u00ea<br\/> Qan\u00fbna Veguher\u00een\u00ea geG<br\/> \u00c7and \u00fb Bar\u00ea BAIZ<br\/> Kolekt\u00eefa Dikana Vegan a Dr.Pogo<br\/> Kolekt\u00eefa Bis\u00eekletan a FKK 3000 eV<br\/>GANGWAY \u2013 Xebata Civak\u00ee ya Kolanan li Berl\u00een\u00ea eV<br\/>Dest\u00ean xwe ji dawet\u00ea d\u00fbr bigirin<br\/> Tu ewleh\u00ee tune ye! (Tu di nav ewlehiy\u00ea de n\u00een\u00ee!)<br\/>Projeya Xan\u00eekirina Ciwanan \u201cMittenDrin\u201c eV<br\/>Linienstra\u00dfe 206<br\/> Komara N\u00fb Reger GmbH<br\/> Dap\u00eer\u00ean li dij\u00ee Rast Teltow Kleinmachnow Stahnsdorf<br\/> firo\u015fgeha robinhood<br\/> Rainbow Factory eV<br\/>Wrangelkiez United!<br\/>SO36 eV<br\/>Piera Berl\u00een\u00ea<br\/> Pier\u00ea Brandenburg\u00ea<br\/> Nav\u00e7eya LUNTE \u00fb dikana agahdariy\u00ea<br\/> Dikana nav\u00e7ey\u00ea Zielona G\u00f3ra eV<\/p>\n\n<p><\/p>\n\n<p><\/p>\n","protected":false},"excerpt":{"rendered":"<p>Bir\u00eaz Kai Wegner, Xanima h\u00eaja Iris Spranger, Xanima h\u00eaja Cansel Kiziltepe, Bir\u00eaz Dietmar Woidke y\u00ea bir\u00eaz, Xanima h\u00eaja Katrin Lange, Endam\u00ean h\u00eaja y\u00ean Mecl\u00eesa N\u00fbneran a Berl\u00een\u00ea, Endam\u00ean h\u00eaja y\u00ean Parlamentoya Eyaleta Brandenburg\u00ea, Endam\u00ean Meclisa Nav\u00e7ey\u00ea y\u00ean Bir\u00eaz, Bir\u00eaz R\u00eaveber\u00ean Nav\u00e7ey\u00ea , Em, \u00een\u00eesiyat\u00eefa Na ji bo Karta Peredan\u00ea ya Berl\u00een\/Brandenburg, bi tund\u00ee li dij\u00ee [&hellip;]<\/p>\n","protected":false},"author":12,"featured_media":0,"parent":0,"menu_order":0,"comment_status":"closed","ping_status":"closed","template":"","meta":{"footnotes":""},"class_list":["post-3108","page","type-page","status-publish","hentry"],"yoast_head":"<!-- This site is optimized with the Yoast SEO plugin v26.4 - https:\/\/yoast.com\/wordpress\/plugins\/seo\/ -->\n<title>Nameya vekir\u00ee - Wir sagen Nein zur Bezahlkarte<\/title>\n<meta name=\"robots\" content=\"index, follow, max-snippet:-1, max-image-preview:large, max-video-preview:-1\" \/>\n<link rel=\"canonical\" href=\"https:\/\/nein-zur-bezahlkarte.de\/ku\/nameya-vekiri\/\" \/>\n<meta property=\"og:locale\" content=\"en_US\" \/>\n<meta property=\"og:type\" content=\"article\" \/>\n<meta property=\"og:title\" content=\"Nameya vekir\u00ee - Wir sagen Nein zur Bezahlkarte\" \/>\n<meta property=\"og:description\" content=\"Bir\u00eaz Kai Wegner, Xanima h\u00eaja Iris Spranger, Xanima h\u00eaja Cansel Kiziltepe, Bir\u00eaz Dietmar Woidke y\u00ea bir\u00eaz, Xanima h\u00eaja Katrin Lange, Endam\u00ean h\u00eaja y\u00ean Mecl\u00eesa N\u00fbneran a Berl\u00een\u00ea, Endam\u00ean h\u00eaja y\u00ean Parlamentoya Eyaleta Brandenburg\u00ea, Endam\u00ean Meclisa Nav\u00e7ey\u00ea y\u00ean Bir\u00eaz, Bir\u00eaz R\u00eaveber\u00ean Nav\u00e7ey\u00ea , Em, \u00een\u00eesiyat\u00eefa Na ji bo Karta Peredan\u00ea ya Berl\u00een\/Brandenburg, bi tund\u00ee li dij\u00ee [&hellip;]\" \/>\n<meta property=\"og:url\" content=\"https:\/\/nein-zur-bezahlkarte.de\/ku\/nameya-vekiri\/\" \/>\n<meta property=\"og:site_name\" content=\"Wir sagen Nein zur Bezahlkarte\" \/>\n<meta property=\"article:modified_time\" content=\"2025-07-06T12:45:24+00:00\" \/>\n<meta name=\"twitter:card\" content=\"summary_large_image\" \/>\n<meta name=\"twitter:label1\" content=\"Est. reading time\" \/>\n\t<meta name=\"twitter:data1\" content=\"9 \u062e\u0648\u0644\u06d5\u06a9\" \/>\n<script type=\"application\/ld+json\" class=\"yoast-schema-graph\">{\"@context\":\"https:\/\/schema.org\",\"@graph\":[{\"@type\":\"WebPage\",\"@id\":\"https:\/\/nein-zur-bezahlkarte.de\/ku\/nameya-vekiri\/\",\"url\":\"https:\/\/nein-zur-bezahlkarte.de\/ku\/nameya-vekiri\/\",\"name\":\"Nameya vekir\u00ee - Wir sagen Nein zur Bezahlkarte\",\"isPartOf\":{\"@id\":\"https:\/\/nein-zur-bezahlkarte.de\/ku\/#website\"},\"datePublished\":\"2025-05-17T08:26:01+00:00\",\"dateModified\":\"2025-07-06T12:45:24+00:00\",\"breadcrumb\":{\"@id\":\"https:\/\/nein-zur-bezahlkarte.de\/ku\/nameya-vekiri\/#breadcrumb\"},\"inLanguage\":\"ckb\",\"potentialAction\":[{\"@type\":\"ReadAction\",\"target\":[\"https:\/\/nein-zur-bezahlkarte.de\/ku\/nameya-vekiri\/\"]}]},{\"@type\":\"BreadcrumbList\",\"@id\":\"https:\/\/nein-zur-bezahlkarte.de\/ku\/nameya-vekiri\/#breadcrumb\",\"itemListElement\":[{\"@type\":\"ListItem\",\"position\":1,\"name\":\"Startseite\",\"item\":\"https:\/\/nein-zur-bezahlkarte.de\/ku\/\"},{\"@type\":\"ListItem\",\"position\":2,\"name\":\"Nameya vekir\u00ee\"}]},{\"@type\":\"WebSite\",\"@id\":\"https:\/\/nein-zur-bezahlkarte.de\/ku\/#website\",\"url\":\"https:\/\/nein-zur-bezahlkarte.de\/ku\/\",\"name\":\"Wir sagen Nein zur Bezahlkarte\",\"description\":\"Impressum\",\"publisher\":{\"@id\":\"https:\/\/nein-zur-bezahlkarte.de\/ku\/#organization\"},\"potentialAction\":[{\"@type\":\"SearchAction\",\"target\":{\"@type\":\"EntryPoint\",\"urlTemplate\":\"https:\/\/nein-zur-bezahlkarte.de\/ku\/?s={search_term_string}\"},\"query-input\":{\"@type\":\"PropertyValueSpecification\",\"valueRequired\":true,\"valueName\":\"search_term_string\"}}],\"inLanguage\":\"ckb\"},{\"@type\":\"Organization\",\"@id\":\"https:\/\/nein-zur-bezahlkarte.de\/ku\/#organization\",\"name\":\"Wir sagen Nein zur Bezahlkarte\",\"url\":\"https:\/\/nein-zur-bezahlkarte.de\/ku\/\",\"logo\":{\"@type\":\"ImageObject\",\"inLanguage\":\"ckb\",\"@id\":\"https:\/\/nein-zur-bezahlkarte.de\/ku\/#\/schema\/logo\/image\/\",\"url\":\"https:\/\/nein-zur-bezahlkarte.de\/wp-content\/uploads\/2024\/11\/BZHLKRT_Logo_Vektoren_BRNDNBRG_Gelb.png\",\"contentUrl\":\"https:\/\/nein-zur-bezahlkarte.de\/wp-content\/uploads\/2024\/11\/BZHLKRT_Logo_Vektoren_BRNDNBRG_Gelb.png\",\"width\":5000,\"height\":5000,\"caption\":\"Wir sagen Nein zur Bezahlkarte\"},\"image\":{\"@id\":\"https:\/\/nein-zur-bezahlkarte.de\/ku\/#\/schema\/logo\/image\/\"}}]}<\/script>\n<!-- \/ Yoast SEO plugin. -->","yoast_head_json":{"title":"Nameya vekir\u00ee - Wir sagen Nein zur Bezahlkarte","robots":{"index":"index","follow":"follow","max-snippet":"max-snippet:-1","max-image-preview":"max-image-preview:large","max-video-preview":"max-video-preview:-1"},"canonical":"https:\/\/nein-zur-bezahlkarte.de\/ku\/nameya-vekiri\/","og_locale":"en_US","og_type":"article","og_title":"Nameya vekir\u00ee - Wir sagen Nein zur Bezahlkarte","og_description":"Bir\u00eaz Kai Wegner, Xanima h\u00eaja Iris Spranger, Xanima h\u00eaja Cansel Kiziltepe, Bir\u00eaz Dietmar Woidke y\u00ea bir\u00eaz, Xanima h\u00eaja Katrin Lange, Endam\u00ean h\u00eaja y\u00ean Mecl\u00eesa N\u00fbneran a Berl\u00een\u00ea, Endam\u00ean h\u00eaja y\u00ean Parlamentoya Eyaleta Brandenburg\u00ea, Endam\u00ean Meclisa Nav\u00e7ey\u00ea y\u00ean Bir\u00eaz, Bir\u00eaz R\u00eaveber\u00ean Nav\u00e7ey\u00ea , Em, \u00een\u00eesiyat\u00eefa Na ji bo Karta Peredan\u00ea ya Berl\u00een\/Brandenburg, bi tund\u00ee li dij\u00ee [&hellip;]","og_url":"https:\/\/nein-zur-bezahlkarte.de\/ku\/nameya-vekiri\/","og_site_name":"Wir sagen Nein zur Bezahlkarte","article_modified_time":"2025-07-06T12:45:24+00:00","twitter_card":"summary_large_image","twitter_misc":{"Est. reading time":"9 \u062e\u0648\u0644\u06d5\u06a9"},"schema":{"@context":"https:\/\/schema.org","@graph":[{"@type":"WebPage","@id":"https:\/\/nein-zur-bezahlkarte.de\/ku\/nameya-vekiri\/","url":"https:\/\/nein-zur-bezahlkarte.de\/ku\/nameya-vekiri\/","name":"Nameya vekir\u00ee - Wir sagen Nein zur Bezahlkarte","isPartOf":{"@id":"https:\/\/nein-zur-bezahlkarte.de\/ku\/#website"},"datePublished":"2025-05-17T08:26:01+00:00","dateModified":"2025-07-06T12:45:24+00:00","breadcrumb":{"@id":"https:\/\/nein-zur-bezahlkarte.de\/ku\/nameya-vekiri\/#breadcrumb"},"inLanguage":"ckb","potentialAction":[{"@type":"ReadAction","target":["https:\/\/nein-zur-bezahlkarte.de\/ku\/nameya-vekiri\/"]}]},{"@type":"BreadcrumbList","@id":"https:\/\/nein-zur-bezahlkarte.de\/ku\/nameya-vekiri\/#breadcrumb","itemListElement":[{"@type":"ListItem","position":1,"name":"Startseite","item":"https:\/\/nein-zur-bezahlkarte.de\/ku\/"},{"@type":"ListItem","position":2,"name":"Nameya vekir\u00ee"}]},{"@type":"WebSite","@id":"https:\/\/nein-zur-bezahlkarte.de\/ku\/#website","url":"https:\/\/nein-zur-bezahlkarte.de\/ku\/","name":"Wir sagen Nein zur Bezahlkarte","description":"Impressum","publisher":{"@id":"https:\/\/nein-zur-bezahlkarte.de\/ku\/#organization"},"potentialAction":[{"@type":"SearchAction","target":{"@type":"EntryPoint","urlTemplate":"https:\/\/nein-zur-bezahlkarte.de\/ku\/?s={search_term_string}"},"query-input":{"@type":"PropertyValueSpecification","valueRequired":true,"valueName":"search_term_string"}}],"inLanguage":"ckb"},{"@type":"Organization","@id":"https:\/\/nein-zur-bezahlkarte.de\/ku\/#organization","name":"Wir sagen Nein zur Bezahlkarte","url":"https:\/\/nein-zur-bezahlkarte.de\/ku\/","logo":{"@type":"ImageObject","inLanguage":"ckb","@id":"https:\/\/nein-zur-bezahlkarte.de\/ku\/#\/schema\/logo\/image\/","url":"https:\/\/nein-zur-bezahlkarte.de\/wp-content\/uploads\/2024\/11\/BZHLKRT_Logo_Vektoren_BRNDNBRG_Gelb.png","contentUrl":"https:\/\/nein-zur-bezahlkarte.de\/wp-content\/uploads\/2024\/11\/BZHLKRT_Logo_Vektoren_BRNDNBRG_Gelb.png","width":5000,"height":5000,"caption":"Wir sagen Nein zur Bezahlkarte"},"image":{"@id":"https:\/\/nein-zur-bezahlkarte.de\/ku\/#\/schema\/logo\/image\/"}}]}},"_links":{"self":[{"href":"https:\/\/nein-zur-bezahlkarte.de\/ku\/wp-json\/wp\/v2\/pages\/3108","targetHints":{"allow":["GET"]}}],"collection":[{"href":"https:\/\/nein-zur-bezahlkarte.de\/ku\/wp-json\/wp\/v2\/pages"}],"about":[{"href":"https:\/\/nein-zur-bezahlkarte.de\/ku\/wp-json\/wp\/v2\/types\/page"}],"author":[{"embeddable":true,"href":"https:\/\/nein-zur-bezahlkarte.de\/ku\/wp-json\/wp\/v2\/users\/12"}],"replies":[{"embeddable":true,"href":"https:\/\/nein-zur-bezahlkarte.de\/ku\/wp-json\/wp\/v2\/comments?post=3108"}],"version-history":[{"count":5,"href":"https:\/\/nein-zur-bezahlkarte.de\/ku\/wp-json\/wp\/v2\/pages\/3108\/revisions"}],"predecessor-version":[{"id":3375,"href":"https:\/\/nein-zur-bezahlkarte.de\/ku\/wp-json\/wp\/v2\/pages\/3108\/revisions\/3375"}],"wp:attachment":[{"href":"https:\/\/nein-zur-bezahlkarte.de\/ku\/wp-json\/wp\/v2\/media?parent=3108"}],"curies":[{"name":"wp","href":"https:\/\/api.w.org\/{rel}","templated":true}]}}